{"id":34670,"date":"2023-06-08T12:26:49","date_gmt":"2023-06-08T17:59:36","guid":{"rendered":"https:\/\/cendrex.p3f.dev\/?post_type=product&#038;p=34670"},"modified":"2026-01-29T12:24:04","modified_gmt":"2026-01-29T17:24:04","slug":"gfrg-por","status":"publish","type":"product","link":"https:\/\/cendrex.com\/fr\/produit\/gfrg-por\/","title":{"rendered":"GFRG-POR"},"content":{"rendered":"","protected":false},"excerpt":{"rendered":"","protected":false},"featured_media":34668,"template":"","meta":{"_acf_changed":false,"inline_featured_image":false},"product_brand":[],"product_cat":[581,200],"product_tag":[],"class_list":{"0":"post-34670","1":"product","2":"type-product","3":"status-publish","4":"has-post-thumbnail","6":"product_cat-collection_elegance","7":"product_cat-panneaux-dacces","8":"product_shipping_class-1-fr","9":"pa_flange-aucun","10":"pa_hinge-dissimule","11":"pa_installation-plafonds","12":"pa_material-gypse-renforce-de-fibre-de-verre","14":"first","15":"instock","16":"shipping-taxable","17":"purchasable","18":"product-type-variable"},"acf":[],"yoast_head":"<!-- This site is optimized with the Yoast SEO plugin v27.3 - https:\/\/yoast.com\/product\/yoast-seo-wordpress\/ -->\n<title>GFRG-POR-00 - Panneau d&#039;acc\u00e8s \u00e0 usage multiple - Cendrex<\/title>\n<meta name=\"description\" content=\"GFRG-POR. Panneau d&#039;acc\u00e8s fait en gypse renforc\u00e9 de fibre de verre. Fermeture par gravit\u00e9. Porte amovible ronde pour plafonds. Finition esth\u00e9tique.\" \/>\n<meta name=\"robots\" content=\"index, follow, max-snippet:-1, max-image-preview:large, max-video-preview:-1\" \/>\n<link rel=\"canonical\" href=\"https:\/\/cendrex.com\/fr\/produit\/gfrg-por\/\" \/>\n<meta property=\"og:locale\" content=\"fr_CA\" \/>\n<meta property=\"og:type\" content=\"article\" \/>\n<meta property=\"og:title\" content=\"GFRG-POR-00 - Panneau d&#039;acc\u00e8s \u00e0 usage multiple - Cendrex\" \/>\n<meta property=\"og:description\" content=\"GFRG-POR. Panneau d&#039;acc\u00e8s fait en gypse renforc\u00e9 de fibre de verre. Fermeture par gravit\u00e9. Porte amovible ronde pour plafonds. Finition esth\u00e9tique.\" \/>\n<meta property=\"og:url\" content=\"https:\/\/cendrex.com\/fr\/produit\/gfrg-por\/\" \/>\n<meta property=\"og:site_name\" content=\"Cendrex\" \/>\n<meta property=\"article:modified_time\" content=\"2026-01-29T17:24:04+00:00\" \/>\n<meta property=\"og:image\" content=\"https:\/\/cendrex.com\/wp-content\/uploads\/2023\/06\/GFRG-pop-out-round-scaled.jpg\" \/>\n\t<meta property=\"og:image:width\" content=\"1200\" \/>\n\t<meta property=\"og:image:height\" content=\"932\" \/>\n\t<meta property=\"og:image:type\" content=\"image\/jpeg\" \/>\n<meta name=\"twitter:card\" content=\"summary_large_image\" \/>\n<meta name=\"twitter:label1\" content=\"Estimation du temps de lecture\" \/>\n\t<meta name=\"twitter:data1\" content=\"1 minute\" \/>\n<script type=\"application\/ld+json\" class=\"yoast-schema-graph\">{\"@context\":\"https:\\\/\\\/schema.org\",\"@graph\":[{\"@type\":\"WebPage\",\"@id\":\"https:\\\/\\\/cendrex.com\\\/fr\\\/produit\\\/gfrg-por\\\/\",\"url\":\"https:\\\/\\\/cendrex.com\\\/fr\\\/produit\\\/gfrg-por\\\/\",\"name\":\"GFRG-POR-00 - Panneau d'acc\u00e8s \u00e0 usage multiple - Cendrex\",\"isPartOf\":{\"@id\":\"https:\\\/\\\/cendrex.com\\\/en\\\/#website\"},\"primaryImageOfPage\":{\"@id\":\"https:\\\/\\\/cendrex.com\\\/fr\\\/produit\\\/gfrg-por\\\/#primaryimage\"},\"image\":{\"@id\":\"https:\\\/\\\/cendrex.com\\\/fr\\\/produit\\\/gfrg-por\\\/#primaryimage\"},\"thumbnailUrl\":\"https:\\\/\\\/cendrex.com\\\/wp-content\\\/uploads\\\/2023\\\/06\\\/GFRG-pop-out-round-scaled.jpg\",\"datePublished\":\"2023-06-08T17:59:36+00:00\",\"dateModified\":\"2026-01-29T17:24:04+00:00\",\"description\":\"GFRG-POR. Panneau d'acc\u00e8s fait en gypse renforc\u00e9 de fibre de verre. Fermeture par gravit\u00e9. Porte amovible ronde pour plafonds. Finition esth\u00e9tique.\",\"breadcrumb\":{\"@id\":\"https:\\\/\\\/cendrex.com\\\/fr\\\/produit\\\/gfrg-por\\\/#breadcrumb\"},\"inLanguage\":\"fr-CA\",\"potentialAction\":[{\"@type\":\"ReadAction\",\"target\":[\"https:\\\/\\\/cendrex.com\\\/fr\\\/produit\\\/gfrg-por\\\/\"]}]},{\"@type\":\"ImageObject\",\"inLanguage\":\"fr-CA\",\"@id\":\"https:\\\/\\\/cendrex.com\\\/fr\\\/produit\\\/gfrg-por\\\/#primaryimage\",\"url\":\"https:\\\/\\\/cendrex.com\\\/wp-content\\\/uploads\\\/2023\\\/06\\\/GFRG-pop-out-round-scaled.jpg\",\"contentUrl\":\"https:\\\/\\\/cendrex.com\\\/wp-content\\\/uploads\\\/2023\\\/06\\\/GFRG-pop-out-round-scaled.jpg\",\"width\":1200,\"height\":932},{\"@type\":\"BreadcrumbList\",\"@id\":\"https:\\\/\\\/cendrex.com\\\/fr\\\/produit\\\/gfrg-por\\\/#breadcrumb\",\"itemListElement\":[{\"@type\":\"ListItem\",\"position\":1,\"name\":\"Products\",\"item\":\"https:\\\/\\\/cendrex.com\\\/en\\\/products\\\/\"},{\"@type\":\"ListItem\",\"position\":2,\"name\":\"GFRG-POR\"}]},{\"@type\":\"WebSite\",\"@id\":\"https:\\\/\\\/cendrex.com\\\/en\\\/#website\",\"url\":\"https:\\\/\\\/cendrex.com\\\/en\\\/\",\"name\":\"Cendrex\",\"description\":\"Fabricant de portes d&#039;acc\u00e8s\",\"publisher\":{\"@id\":\"https:\\\/\\\/cendrex.com\\\/en\\\/#organization\"},\"potentialAction\":[{\"@type\":\"SearchAction\",\"target\":{\"@type\":\"EntryPoint\",\"urlTemplate\":\"https:\\\/\\\/cendrex.com\\\/en\\\/?s={search_term_string}\"},\"query-input\":{\"@type\":\"PropertyValueSpecification\",\"valueRequired\":true,\"valueName\":\"search_term_string\"}}],\"inLanguage\":\"fr-CA\"},{\"@type\":\"Organization\",\"@id\":\"https:\\\/\\\/cendrex.com\\\/en\\\/#organization\",\"name\":\"Cendrex\",\"url\":\"https:\\\/\\\/cendrex.com\\\/en\\\/\",\"logo\":{\"@type\":\"ImageObject\",\"inLanguage\":\"fr-CA\",\"@id\":\"https:\\\/\\\/cendrex.com\\\/en\\\/#\\\/schema\\\/logo\\\/image\\\/\",\"url\":\"https:\\\/\\\/cendrex.com\\\/wp-content\\\/uploads\\\/2021\\\/09\\\/Cendrex-logo-2018-PMS-scaled.jpg\",\"contentUrl\":\"https:\\\/\\\/cendrex.com\\\/wp-content\\\/uploads\\\/2021\\\/09\\\/Cendrex-logo-2018-PMS-scaled.jpg\",\"width\":1200,\"height\":267,\"caption\":\"Cendrex\"},\"image\":{\"@id\":\"https:\\\/\\\/cendrex.com\\\/en\\\/#\\\/schema\\\/logo\\\/image\\\/\"}}]}<\/script>\n<!-- \/ Yoast SEO plugin. -->","yoast_head_json":{"title":"GFRG-POR-00 - Panneau d'acc\u00e8s \u00e0 usage multiple - Cendrex","description":"GFRG-POR. Panneau d'acc\u00e8s fait en gypse renforc\u00e9 de fibre de verre. Fermeture par gravit\u00e9. Porte amovible ronde pour plafonds. Finition esth\u00e9tique.","robots":{"index":"index","follow":"follow","max-snippet":"max-snippet:-1","max-image-preview":"max-image-preview:large","max-video-preview":"max-video-preview:-1"},"canonical":"https:\/\/cendrex.com\/fr\/produit\/gfrg-por\/","og_locale":"fr_CA","og_type":"article","og_title":"GFRG-POR-00 - Panneau d'acc\u00e8s \u00e0 usage multiple - Cendrex","og_description":"GFRG-POR. Panneau d'acc\u00e8s fait en gypse renforc\u00e9 de fibre de verre. Fermeture par gravit\u00e9. Porte amovible ronde pour plafonds. Finition esth\u00e9tique.","og_url":"https:\/\/cendrex.com\/fr\/produit\/gfrg-por\/","og_site_name":"Cendrex","article_modified_time":"2026-01-29T17:24:04+00:00","og_image":[{"width":1200,"height":932,"url":"https:\/\/cendrex.com\/wp-content\/uploads\/2023\/06\/GFRG-pop-out-round-scaled.jpg","type":"image\/jpeg"}],"twitter_card":"summary_large_image","twitter_misc":{"Estimation du temps de lecture":"1 minute"},"schema":{"@context":"https:\/\/schema.org","@graph":[{"@type":"WebPage","@id":"https:\/\/cendrex.com\/fr\/produit\/gfrg-por\/","url":"https:\/\/cendrex.com\/fr\/produit\/gfrg-por\/","name":"GFRG-POR-00 - Panneau d'acc\u00e8s \u00e0 usage multiple - Cendrex","isPartOf":{"@id":"https:\/\/cendrex.com\/en\/#website"},"primaryImageOfPage":{"@id":"https:\/\/cendrex.com\/fr\/produit\/gfrg-por\/#primaryimage"},"image":{"@id":"https:\/\/cendrex.com\/fr\/produit\/gfrg-por\/#primaryimage"},"thumbnailUrl":"https:\/\/cendrex.com\/wp-content\/uploads\/2023\/06\/GFRG-pop-out-round-scaled.jpg","datePublished":"2023-06-08T17:59:36+00:00","dateModified":"2026-01-29T17:24:04+00:00","description":"GFRG-POR. Panneau d'acc\u00e8s fait en gypse renforc\u00e9 de fibre de verre. Fermeture par gravit\u00e9. Porte amovible ronde pour plafonds. Finition esth\u00e9tique.","breadcrumb":{"@id":"https:\/\/cendrex.com\/fr\/produit\/gfrg-por\/#breadcrumb"},"inLanguage":"fr-CA","potentialAction":[{"@type":"ReadAction","target":["https:\/\/cendrex.com\/fr\/produit\/gfrg-por\/"]}]},{"@type":"ImageObject","inLanguage":"fr-CA","@id":"https:\/\/cendrex.com\/fr\/produit\/gfrg-por\/#primaryimage","url":"https:\/\/cendrex.com\/wp-content\/uploads\/2023\/06\/GFRG-pop-out-round-scaled.jpg","contentUrl":"https:\/\/cendrex.com\/wp-content\/uploads\/2023\/06\/GFRG-pop-out-round-scaled.jpg","width":1200,"height":932},{"@type":"BreadcrumbList","@id":"https:\/\/cendrex.com\/fr\/produit\/gfrg-por\/#breadcrumb","itemListElement":[{"@type":"ListItem","position":1,"name":"Products","item":"https:\/\/cendrex.com\/en\/products\/"},{"@type":"ListItem","position":2,"name":"GFRG-POR"}]},{"@type":"WebSite","@id":"https:\/\/cendrex.com\/en\/#website","url":"https:\/\/cendrex.com\/en\/","name":"Cendrex","description":"Fabricant de portes d&#039;acc\u00e8s","publisher":{"@id":"https:\/\/cendrex.com\/en\/#organization"},"potentialAction":[{"@type":"SearchAction","target":{"@type":"EntryPoint","urlTemplate":"https:\/\/cendrex.com\/en\/?s={search_term_string}"},"query-input":{"@type":"PropertyValueSpecification","valueRequired":true,"valueName":"search_term_string"}}],"inLanguage":"fr-CA"},{"@type":"Organization","@id":"https:\/\/cendrex.com\/en\/#organization","name":"Cendrex","url":"https:\/\/cendrex.com\/en\/","logo":{"@type":"ImageObject","inLanguage":"fr-CA","@id":"https:\/\/cendrex.com\/en\/#\/schema\/logo\/image\/","url":"https:\/\/cendrex.com\/wp-content\/uploads\/2021\/09\/Cendrex-logo-2018-PMS-scaled.jpg","contentUrl":"https:\/\/cendrex.com\/wp-content\/uploads\/2021\/09\/Cendrex-logo-2018-PMS-scaled.jpg","width":1200,"height":267,"caption":"Cendrex"},"image":{"@id":"https:\/\/cendrex.com\/en\/#\/schema\/logo\/image\/"}}]}},"_links":{"self":[{"href":"https:\/\/cendrex.com\/fr\/wp-json\/wp\/v2\/product\/34670","targetHints":{"allow":["GET"]}}],"collection":[{"href":"https:\/\/cendrex.com\/fr\/wp-json\/wp\/v2\/product"}],"about":[{"href":"https:\/\/cendrex.com\/fr\/wp-json\/wp\/v2\/types\/product"}],"version-history":[{"count":1,"href":"https:\/\/cendrex.com\/fr\/wp-json\/wp\/v2\/product\/34670\/revisions"}],"predecessor-version":[{"id":45595,"href":"https:\/\/cendrex.com\/fr\/wp-json\/wp\/v2\/product\/34670\/revisions\/45595"}],"wp:featuredmedia":[{"embeddable":true,"href":"https:\/\/cendrex.com\/fr\/wp-json\/wp\/v2\/media\/34668"}],"wp:attachment":[{"href":"https:\/\/cendrex.com\/fr\/wp-json\/wp\/v2\/media?parent=34670"}],"wp:term":[{"taxonomy":"product_brand","embeddable":true,"href":"https:\/\/cendrex.com\/fr\/wp-json\/wp\/v2\/product_brand?post=34670"},{"taxonomy":"product_cat","embeddable":true,"href":"https:\/\/cendrex.com\/fr\/wp-json\/wp\/v2\/product_cat?post=34670"},{"taxonomy":"product_tag","embeddable":true,"href":"https:\/\/cendrex.com\/fr\/wp-json\/wp\/v2\/product_tag?post=34670"}],"curies":[{"name":"wp","href":"https:\/\/api.w.org\/{rel}","templated":true}]}}