{"id":33653,"date":"2023-03-09T14:11:07","date_gmt":"2023-03-09T19:10:49","guid":{"rendered":"https:\/\/cendrex.p3f.dev\/?post_type=product&#038;p=33653"},"modified":"2024-07-02T12:44:35","modified_gmt":"2024-07-02T16:44:35","slug":"edg-gyp-180","status":"publish","type":"product","link":"https:\/\/cendrex.com\/fr\/produit\/edg-gyp-180\/","title":{"rendered":"EDG-GYP-180"},"content":{"rendered":"","protected":false},"excerpt":{"rendered":"<p>Solution \u00e9l\u00e9gante et \u00e9conomique, cette porte d&#8217;acc\u00e8s est munie de charni\u00e8res amovibles et de loquets de fermeture dissimul\u00e9s.<\/p>\n","protected":false},"featured_media":33986,"template":"","meta":{"_acf_changed":false,"inline_featured_image":false},"product_brand":[],"product_cat":[201,200],"product_tag":[],"class_list":{"0":"post-33653","1":"product","2":"type-product","3":"status-publish","4":"has-post-thumbnail","6":"product_cat-a-usage-multiple","7":"product_cat-panneaux-dacces","8":"product_shipping_class-1-fr","9":"pa_flange-cadre-perfore-pour-gypse","10":"pa_hinge-amovible","11":"pa_installation-murs-et-plafonds","12":"pa_locking-mechanism-dissimule","13":"pa_material-acier-lamine-a-froid","15":"first","16":"instock","17":"purchasable","18":"product-type-variable"},"acf":[],"yoast_head":"<!-- This site is optimized with the Yoast SEO plugin v27.3 - https:\/\/yoast.com\/product\/yoast-seo-wordpress\/ -->\n<title>EDG-GYP-180- Panneau d&#039;acc\u00e8s \u00e0 usage multiple- Cendrex<\/title>\n<meta name=\"description\" content=\"EDG-GYP-180. Panneau d&#039;acc\u00e8s amovible \u00e0 doubles battants cadre perfor\u00e9 pour gypse. Loquet \u00e0 bouton-poussoir. Goupille \u00e0 ressort. Conformit\u00e9 LEED v4.\" \/>\n<meta name=\"robots\" content=\"index, follow, max-snippet:-1, max-image-preview:large, max-video-preview:-1\" \/>\n<link rel=\"canonical\" href=\"https:\/\/cendrex.com\/fr\/produit\/edg-gyp-180\/\" \/>\n<meta property=\"og:locale\" content=\"fr_CA\" \/>\n<meta property=\"og:type\" content=\"article\" \/>\n<meta property=\"og:title\" content=\"EDG-GYP-180- Panneau d&#039;acc\u00e8s \u00e0 usage multiple- Cendrex\" \/>\n<meta property=\"og:description\" content=\"EDG-GYP-180. Panneau d&#039;acc\u00e8s amovible \u00e0 doubles battants cadre perfor\u00e9 pour gypse. Loquet \u00e0 bouton-poussoir. Goupille \u00e0 ressort. Conformit\u00e9 LEED v4.\" \/>\n<meta property=\"og:url\" content=\"https:\/\/cendrex.com\/fr\/produit\/edg-gyp-180\/\" \/>\n<meta property=\"og:site_name\" content=\"Cendrex\" \/>\n<meta property=\"article:modified_time\" content=\"2024-07-02T16:44:35+00:00\" \/>\n<meta property=\"og:image\" content=\"https:\/\/cendrex.com\/wp-content\/uploads\/2023\/03\/EDG-GYP-180.png\" \/>\n\t<meta property=\"og:image:width\" content=\"535\" \/>\n\t<meta property=\"og:image:height\" content=\"558\" \/>\n\t<meta property=\"og:image:type\" content=\"image\/png\" \/>\n<meta name=\"twitter:card\" content=\"summary_large_image\" \/>\n<meta name=\"twitter:label1\" content=\"Estimation du temps de lecture\" \/>\n\t<meta name=\"twitter:data1\" content=\"1 minute\" \/>\n<script type=\"application\/ld+json\" class=\"yoast-schema-graph\">{\"@context\":\"https:\\\/\\\/schema.org\",\"@graph\":[{\"@type\":\"WebPage\",\"@id\":\"https:\\\/\\\/cendrex.com\\\/fr\\\/produit\\\/edg-gyp-180\\\/\",\"url\":\"https:\\\/\\\/cendrex.com\\\/fr\\\/produit\\\/edg-gyp-180\\\/\",\"name\":\"EDG-GYP-180- Panneau d'acc\u00e8s \u00e0 usage multiple- Cendrex\",\"isPartOf\":{\"@id\":\"https:\\\/\\\/cendrex.com\\\/en\\\/#website\"},\"primaryImageOfPage\":{\"@id\":\"https:\\\/\\\/cendrex.com\\\/fr\\\/produit\\\/edg-gyp-180\\\/#primaryimage\"},\"image\":{\"@id\":\"https:\\\/\\\/cendrex.com\\\/fr\\\/produit\\\/edg-gyp-180\\\/#primaryimage\"},\"thumbnailUrl\":\"https:\\\/\\\/cendrex.com\\\/wp-content\\\/uploads\\\/2023\\\/03\\\/EDG-GYP-180.png\",\"datePublished\":\"2023-03-09T19:10:49+00:00\",\"dateModified\":\"2024-07-02T16:44:35+00:00\",\"description\":\"EDG-GYP-180. Panneau d'acc\u00e8s amovible \u00e0 doubles battants cadre perfor\u00e9 pour gypse. Loquet \u00e0 bouton-poussoir. Goupille \u00e0 ressort. Conformit\u00e9 LEED v4.\",\"breadcrumb\":{\"@id\":\"https:\\\/\\\/cendrex.com\\\/fr\\\/produit\\\/edg-gyp-180\\\/#breadcrumb\"},\"inLanguage\":\"fr-CA\",\"potentialAction\":[{\"@type\":\"ReadAction\",\"target\":[\"https:\\\/\\\/cendrex.com\\\/fr\\\/produit\\\/edg-gyp-180\\\/\"]}]},{\"@type\":\"ImageObject\",\"inLanguage\":\"fr-CA\",\"@id\":\"https:\\\/\\\/cendrex.com\\\/fr\\\/produit\\\/edg-gyp-180\\\/#primaryimage\",\"url\":\"https:\\\/\\\/cendrex.com\\\/wp-content\\\/uploads\\\/2023\\\/03\\\/EDG-GYP-180.png\",\"contentUrl\":\"https:\\\/\\\/cendrex.com\\\/wp-content\\\/uploads\\\/2023\\\/03\\\/EDG-GYP-180.png\",\"width\":535,\"height\":558},{\"@type\":\"BreadcrumbList\",\"@id\":\"https:\\\/\\\/cendrex.com\\\/fr\\\/produit\\\/edg-gyp-180\\\/#breadcrumb\",\"itemListElement\":[{\"@type\":\"ListItem\",\"position\":1,\"name\":\"Products\",\"item\":\"https:\\\/\\\/cendrex.com\\\/en\\\/products\\\/\"},{\"@type\":\"ListItem\",\"position\":2,\"name\":\"EDG-GYP-180\"}]},{\"@type\":\"WebSite\",\"@id\":\"https:\\\/\\\/cendrex.com\\\/en\\\/#website\",\"url\":\"https:\\\/\\\/cendrex.com\\\/en\\\/\",\"name\":\"Cendrex\",\"description\":\"Fabricant de portes d&#039;acc\u00e8s\",\"publisher\":{\"@id\":\"https:\\\/\\\/cendrex.com\\\/en\\\/#organization\"},\"potentialAction\":[{\"@type\":\"SearchAction\",\"target\":{\"@type\":\"EntryPoint\",\"urlTemplate\":\"https:\\\/\\\/cendrex.com\\\/en\\\/?s={search_term_string}\"},\"query-input\":{\"@type\":\"PropertyValueSpecification\",\"valueRequired\":true,\"valueName\":\"search_term_string\"}}],\"inLanguage\":\"fr-CA\"},{\"@type\":\"Organization\",\"@id\":\"https:\\\/\\\/cendrex.com\\\/en\\\/#organization\",\"name\":\"Cendrex\",\"url\":\"https:\\\/\\\/cendrex.com\\\/en\\\/\",\"logo\":{\"@type\":\"ImageObject\",\"inLanguage\":\"fr-CA\",\"@id\":\"https:\\\/\\\/cendrex.com\\\/en\\\/#\\\/schema\\\/logo\\\/image\\\/\",\"url\":\"https:\\\/\\\/cendrex.com\\\/wp-content\\\/uploads\\\/2021\\\/09\\\/Cendrex-logo-2018-PMS-scaled.jpg\",\"contentUrl\":\"https:\\\/\\\/cendrex.com\\\/wp-content\\\/uploads\\\/2021\\\/09\\\/Cendrex-logo-2018-PMS-scaled.jpg\",\"width\":1200,\"height\":267,\"caption\":\"Cendrex\"},\"image\":{\"@id\":\"https:\\\/\\\/cendrex.com\\\/en\\\/#\\\/schema\\\/logo\\\/image\\\/\"}}]}<\/script>\n<!-- \/ Yoast SEO plugin. -->","yoast_head_json":{"title":"EDG-GYP-180- Panneau d'acc\u00e8s \u00e0 usage multiple- Cendrex","description":"EDG-GYP-180. Panneau d'acc\u00e8s amovible \u00e0 doubles battants cadre perfor\u00e9 pour gypse. Loquet \u00e0 bouton-poussoir. Goupille \u00e0 ressort. Conformit\u00e9 LEED v4.","robots":{"index":"index","follow":"follow","max-snippet":"max-snippet:-1","max-image-preview":"max-image-preview:large","max-video-preview":"max-video-preview:-1"},"canonical":"https:\/\/cendrex.com\/fr\/produit\/edg-gyp-180\/","og_locale":"fr_CA","og_type":"article","og_title":"EDG-GYP-180- Panneau d'acc\u00e8s \u00e0 usage multiple- Cendrex","og_description":"EDG-GYP-180. Panneau d'acc\u00e8s amovible \u00e0 doubles battants cadre perfor\u00e9 pour gypse. Loquet \u00e0 bouton-poussoir. Goupille \u00e0 ressort. Conformit\u00e9 LEED v4.","og_url":"https:\/\/cendrex.com\/fr\/produit\/edg-gyp-180\/","og_site_name":"Cendrex","article_modified_time":"2024-07-02T16:44:35+00:00","og_image":[{"width":535,"height":558,"url":"https:\/\/cendrex.com\/wp-content\/uploads\/2023\/03\/EDG-GYP-180.png","type":"image\/png"}],"twitter_card":"summary_large_image","twitter_misc":{"Estimation du temps de lecture":"1 minute"},"schema":{"@context":"https:\/\/schema.org","@graph":[{"@type":"WebPage","@id":"https:\/\/cendrex.com\/fr\/produit\/edg-gyp-180\/","url":"https:\/\/cendrex.com\/fr\/produit\/edg-gyp-180\/","name":"EDG-GYP-180- Panneau d'acc\u00e8s \u00e0 usage multiple- Cendrex","isPartOf":{"@id":"https:\/\/cendrex.com\/en\/#website"},"primaryImageOfPage":{"@id":"https:\/\/cendrex.com\/fr\/produit\/edg-gyp-180\/#primaryimage"},"image":{"@id":"https:\/\/cendrex.com\/fr\/produit\/edg-gyp-180\/#primaryimage"},"thumbnailUrl":"https:\/\/cendrex.com\/wp-content\/uploads\/2023\/03\/EDG-GYP-180.png","datePublished":"2023-03-09T19:10:49+00:00","dateModified":"2024-07-02T16:44:35+00:00","description":"EDG-GYP-180. Panneau d'acc\u00e8s amovible \u00e0 doubles battants cadre perfor\u00e9 pour gypse. Loquet \u00e0 bouton-poussoir. Goupille \u00e0 ressort. Conformit\u00e9 LEED v4.","breadcrumb":{"@id":"https:\/\/cendrex.com\/fr\/produit\/edg-gyp-180\/#breadcrumb"},"inLanguage":"fr-CA","potentialAction":[{"@type":"ReadAction","target":["https:\/\/cendrex.com\/fr\/produit\/edg-gyp-180\/"]}]},{"@type":"ImageObject","inLanguage":"fr-CA","@id":"https:\/\/cendrex.com\/fr\/produit\/edg-gyp-180\/#primaryimage","url":"https:\/\/cendrex.com\/wp-content\/uploads\/2023\/03\/EDG-GYP-180.png","contentUrl":"https:\/\/cendrex.com\/wp-content\/uploads\/2023\/03\/EDG-GYP-180.png","width":535,"height":558},{"@type":"BreadcrumbList","@id":"https:\/\/cendrex.com\/fr\/produit\/edg-gyp-180\/#breadcrumb","itemListElement":[{"@type":"ListItem","position":1,"name":"Products","item":"https:\/\/cendrex.com\/en\/products\/"},{"@type":"ListItem","position":2,"name":"EDG-GYP-180"}]},{"@type":"WebSite","@id":"https:\/\/cendrex.com\/en\/#website","url":"https:\/\/cendrex.com\/en\/","name":"Cendrex","description":"Fabricant de portes d&#039;acc\u00e8s","publisher":{"@id":"https:\/\/cendrex.com\/en\/#organization"},"potentialAction":[{"@type":"SearchAction","target":{"@type":"EntryPoint","urlTemplate":"https:\/\/cendrex.com\/en\/?s={search_term_string}"},"query-input":{"@type":"PropertyValueSpecification","valueRequired":true,"valueName":"search_term_string"}}],"inLanguage":"fr-CA"},{"@type":"Organization","@id":"https:\/\/cendrex.com\/en\/#organization","name":"Cendrex","url":"https:\/\/cendrex.com\/en\/","logo":{"@type":"ImageObject","inLanguage":"fr-CA","@id":"https:\/\/cendrex.com\/en\/#\/schema\/logo\/image\/","url":"https:\/\/cendrex.com\/wp-content\/uploads\/2021\/09\/Cendrex-logo-2018-PMS-scaled.jpg","contentUrl":"https:\/\/cendrex.com\/wp-content\/uploads\/2021\/09\/Cendrex-logo-2018-PMS-scaled.jpg","width":1200,"height":267,"caption":"Cendrex"},"image":{"@id":"https:\/\/cendrex.com\/en\/#\/schema\/logo\/image\/"}}]}},"_links":{"self":[{"href":"https:\/\/cendrex.com\/fr\/wp-json\/wp\/v2\/product\/33653","targetHints":{"allow":["GET"]}}],"collection":[{"href":"https:\/\/cendrex.com\/fr\/wp-json\/wp\/v2\/product"}],"about":[{"href":"https:\/\/cendrex.com\/fr\/wp-json\/wp\/v2\/types\/product"}],"version-history":[{"count":1,"href":"https:\/\/cendrex.com\/fr\/wp-json\/wp\/v2\/product\/33653\/revisions"}],"predecessor-version":[{"id":45511,"href":"https:\/\/cendrex.com\/fr\/wp-json\/wp\/v2\/product\/33653\/revisions\/45511"}],"wp:featuredmedia":[{"embeddable":true,"href":"https:\/\/cendrex.com\/fr\/wp-json\/wp\/v2\/media\/33986"}],"wp:attachment":[{"href":"https:\/\/cendrex.com\/fr\/wp-json\/wp\/v2\/media?parent=33653"}],"wp:term":[{"taxonomy":"product_brand","embeddable":true,"href":"https:\/\/cendrex.com\/fr\/wp-json\/wp\/v2\/product_brand?post=33653"},{"taxonomy":"product_cat","embeddable":true,"href":"https:\/\/cendrex.com\/fr\/wp-json\/wp\/v2\/product_cat?post=33653"},{"taxonomy":"product_tag","embeddable":true,"href":"https:\/\/cendrex.com\/fr\/wp-json\/wp\/v2\/product_tag?post=33653"}],"curies":[{"name":"wp","href":"https:\/\/api.w.org\/{rel}","templated":true}]}}