{"id":31437,"date":"2022-04-11T18:08:42","date_gmt":"2022-04-11T22:08:42","guid":{"rendered":"https:\/\/cendrex.p3f.dev\/product\/custom-mailboxes\/"},"modified":"2025-09-24T10:53:22","modified_gmt":"2025-09-24T14:53:22","slug":"boites-aux-lettres-sur-mesure","status":"publish","type":"product","link":"https:\/\/cendrex.com\/fr\/produit\/boites-aux-lettres-sur-mesure\/","title":{"rendered":"Bo\u00eetes aux lettres sur mesure"},"content":{"rendered":"","protected":false},"excerpt":{"rendered":"","protected":false},"featured_media":31770,"template":"","meta":{"_acf_changed":false,"inline_featured_image":false},"product_brand":[],"product_cat":[567,420],"product_tag":[],"class_list":{"0":"post-31437","1":"product","2":"type-product","3":"status-publish","4":"has-post-thumbnail","6":"product_cat-boite-aux-lettres-personnalisees","7":"product_cat-boites-aux-lettres","9":"first","10":"instock","11":"shipping-taxable","12":"purchasable","13":"product-type-variable","14":"has-default-attributes"},"acf":[],"yoast_head":"<!-- This site is optimized with the Yoast SEO plugin v27.3 - https:\/\/yoast.com\/product\/yoast-seo-wordpress\/ -->\n<title>Bo\u00eetes aux lettres personnalis\u00e9es- r\u00e9sidentielles et commerciales<\/title>\n<meta name=\"description\" content=\"Bo\u00eetes aux lettres personnalis\u00e9es. dimensions, compartiments, options sur mesure. Solution robustes pour condos, multi logements. Conforme Postes Canada\" \/>\n<meta name=\"robots\" content=\"index, follow, max-snippet:-1, max-image-preview:large, max-video-preview:-1\" \/>\n<link rel=\"canonical\" href=\"https:\/\/cendrex.com\/fr\/produit\/boites-aux-lettres-sur-mesure\/\" \/>\n<meta property=\"og:locale\" content=\"fr_CA\" \/>\n<meta property=\"og:type\" content=\"article\" \/>\n<meta property=\"og:title\" content=\"Bo\u00eetes aux lettres personnalis\u00e9es- r\u00e9sidentielles et commerciales\" \/>\n<meta property=\"og:description\" content=\"Bo\u00eetes aux lettres personnalis\u00e9es. dimensions, compartiments, options sur mesure. Solution robustes pour condos, multi logements. Conforme Postes Canada\" \/>\n<meta property=\"og:url\" content=\"https:\/\/cendrex.com\/fr\/produit\/boites-aux-lettres-sur-mesure\/\" \/>\n<meta property=\"og:site_name\" content=\"Cendrex\" \/>\n<meta property=\"article:modified_time\" content=\"2025-09-24T14:53:22+00:00\" \/>\n<meta property=\"og:image\" content=\"https:\/\/cendrex.com\/wp-content\/uploads\/2022\/04\/IMG-1776-_002_-scaled.jpg\" \/>\n\t<meta property=\"og:image:width\" content=\"980\" \/>\n\t<meta property=\"og:image:height\" content=\"1200\" \/>\n\t<meta property=\"og:image:type\" content=\"image\/jpeg\" \/>\n<meta name=\"twitter:card\" content=\"summary_large_image\" \/>\n<meta name=\"twitter:label1\" content=\"Estimation du temps de lecture\" \/>\n\t<meta name=\"twitter:data1\" content=\"1 minute\" \/>\n<script type=\"application\/ld+json\" class=\"yoast-schema-graph\">{\"@context\":\"https:\\\/\\\/schema.org\",\"@graph\":[{\"@type\":\"WebPage\",\"@id\":\"https:\\\/\\\/cendrex.com\\\/fr\\\/produit\\\/boites-aux-lettres-sur-mesure\\\/\",\"url\":\"https:\\\/\\\/cendrex.com\\\/fr\\\/produit\\\/boites-aux-lettres-sur-mesure\\\/\",\"name\":\"Bo\u00eetes aux lettres personnalis\u00e9es- r\u00e9sidentielles et commerciales\",\"isPartOf\":{\"@id\":\"https:\\\/\\\/cendrex.com\\\/en\\\/#website\"},\"primaryImageOfPage\":{\"@id\":\"https:\\\/\\\/cendrex.com\\\/fr\\\/produit\\\/boites-aux-lettres-sur-mesure\\\/#primaryimage\"},\"image\":{\"@id\":\"https:\\\/\\\/cendrex.com\\\/fr\\\/produit\\\/boites-aux-lettres-sur-mesure\\\/#primaryimage\"},\"thumbnailUrl\":\"https:\\\/\\\/cendrex.com\\\/wp-content\\\/uploads\\\/2022\\\/04\\\/IMG-1776-_002_-scaled.jpg\",\"datePublished\":\"2022-04-11T22:08:42+00:00\",\"dateModified\":\"2025-09-24T14:53:22+00:00\",\"description\":\"Bo\u00eetes aux lettres personnalis\u00e9es. dimensions, compartiments, options sur mesure. Solution robustes pour condos, multi logements. Conforme Postes Canada\",\"breadcrumb\":{\"@id\":\"https:\\\/\\\/cendrex.com\\\/fr\\\/produit\\\/boites-aux-lettres-sur-mesure\\\/#breadcrumb\"},\"inLanguage\":\"fr-CA\",\"potentialAction\":[{\"@type\":\"ReadAction\",\"target\":[\"https:\\\/\\\/cendrex.com\\\/fr\\\/produit\\\/boites-aux-lettres-sur-mesure\\\/\"]}]},{\"@type\":\"ImageObject\",\"inLanguage\":\"fr-CA\",\"@id\":\"https:\\\/\\\/cendrex.com\\\/fr\\\/produit\\\/boites-aux-lettres-sur-mesure\\\/#primaryimage\",\"url\":\"https:\\\/\\\/cendrex.com\\\/wp-content\\\/uploads\\\/2022\\\/04\\\/IMG-1776-_002_-scaled.jpg\",\"contentUrl\":\"https:\\\/\\\/cendrex.com\\\/wp-content\\\/uploads\\\/2022\\\/04\\\/IMG-1776-_002_-scaled.jpg\",\"width\":980,\"height\":1200,\"caption\":\"Bo\u00eetes aux lettres personnalis\u00e9es\"},{\"@type\":\"BreadcrumbList\",\"@id\":\"https:\\\/\\\/cendrex.com\\\/fr\\\/produit\\\/boites-aux-lettres-sur-mesure\\\/#breadcrumb\",\"itemListElement\":[{\"@type\":\"ListItem\",\"position\":1,\"name\":\"Products\",\"item\":\"https:\\\/\\\/cendrex.com\\\/en\\\/products\\\/\"},{\"@type\":\"ListItem\",\"position\":2,\"name\":\"Bo\u00eetes aux lettres sur mesure\"}]},{\"@type\":\"WebSite\",\"@id\":\"https:\\\/\\\/cendrex.com\\\/en\\\/#website\",\"url\":\"https:\\\/\\\/cendrex.com\\\/en\\\/\",\"name\":\"Cendrex\",\"description\":\"Fabricant de portes d&#039;acc\u00e8s\",\"publisher\":{\"@id\":\"https:\\\/\\\/cendrex.com\\\/en\\\/#organization\"},\"potentialAction\":[{\"@type\":\"SearchAction\",\"target\":{\"@type\":\"EntryPoint\",\"urlTemplate\":\"https:\\\/\\\/cendrex.com\\\/en\\\/?s={search_term_string}\"},\"query-input\":{\"@type\":\"PropertyValueSpecification\",\"valueRequired\":true,\"valueName\":\"search_term_string\"}}],\"inLanguage\":\"fr-CA\"},{\"@type\":\"Organization\",\"@id\":\"https:\\\/\\\/cendrex.com\\\/en\\\/#organization\",\"name\":\"Cendrex\",\"url\":\"https:\\\/\\\/cendrex.com\\\/en\\\/\",\"logo\":{\"@type\":\"ImageObject\",\"inLanguage\":\"fr-CA\",\"@id\":\"https:\\\/\\\/cendrex.com\\\/en\\\/#\\\/schema\\\/logo\\\/image\\\/\",\"url\":\"https:\\\/\\\/cendrex.com\\\/wp-content\\\/uploads\\\/2021\\\/09\\\/Cendrex-logo-2018-PMS-scaled.jpg\",\"contentUrl\":\"https:\\\/\\\/cendrex.com\\\/wp-content\\\/uploads\\\/2021\\\/09\\\/Cendrex-logo-2018-PMS-scaled.jpg\",\"width\":1200,\"height\":267,\"caption\":\"Cendrex\"},\"image\":{\"@id\":\"https:\\\/\\\/cendrex.com\\\/en\\\/#\\\/schema\\\/logo\\\/image\\\/\"}}]}<\/script>\n<!-- \/ Yoast SEO plugin. -->","yoast_head_json":{"title":"Bo\u00eetes aux lettres personnalis\u00e9es- r\u00e9sidentielles et commerciales","description":"Bo\u00eetes aux lettres personnalis\u00e9es. dimensions, compartiments, options sur mesure. Solution robustes pour condos, multi logements. Conforme Postes Canada","robots":{"index":"index","follow":"follow","max-snippet":"max-snippet:-1","max-image-preview":"max-image-preview:large","max-video-preview":"max-video-preview:-1"},"canonical":"https:\/\/cendrex.com\/fr\/produit\/boites-aux-lettres-sur-mesure\/","og_locale":"fr_CA","og_type":"article","og_title":"Bo\u00eetes aux lettres personnalis\u00e9es- r\u00e9sidentielles et commerciales","og_description":"Bo\u00eetes aux lettres personnalis\u00e9es. dimensions, compartiments, options sur mesure. Solution robustes pour condos, multi logements. Conforme Postes Canada","og_url":"https:\/\/cendrex.com\/fr\/produit\/boites-aux-lettres-sur-mesure\/","og_site_name":"Cendrex","article_modified_time":"2025-09-24T14:53:22+00:00","og_image":[{"width":980,"height":1200,"url":"https:\/\/cendrex.com\/wp-content\/uploads\/2022\/04\/IMG-1776-_002_-scaled.jpg","type":"image\/jpeg"}],"twitter_card":"summary_large_image","twitter_misc":{"Estimation du temps de lecture":"1 minute"},"schema":{"@context":"https:\/\/schema.org","@graph":[{"@type":"WebPage","@id":"https:\/\/cendrex.com\/fr\/produit\/boites-aux-lettres-sur-mesure\/","url":"https:\/\/cendrex.com\/fr\/produit\/boites-aux-lettres-sur-mesure\/","name":"Bo\u00eetes aux lettres personnalis\u00e9es- r\u00e9sidentielles et commerciales","isPartOf":{"@id":"https:\/\/cendrex.com\/en\/#website"},"primaryImageOfPage":{"@id":"https:\/\/cendrex.com\/fr\/produit\/boites-aux-lettres-sur-mesure\/#primaryimage"},"image":{"@id":"https:\/\/cendrex.com\/fr\/produit\/boites-aux-lettres-sur-mesure\/#primaryimage"},"thumbnailUrl":"https:\/\/cendrex.com\/wp-content\/uploads\/2022\/04\/IMG-1776-_002_-scaled.jpg","datePublished":"2022-04-11T22:08:42+00:00","dateModified":"2025-09-24T14:53:22+00:00","description":"Bo\u00eetes aux lettres personnalis\u00e9es. dimensions, compartiments, options sur mesure. Solution robustes pour condos, multi logements. Conforme Postes Canada","breadcrumb":{"@id":"https:\/\/cendrex.com\/fr\/produit\/boites-aux-lettres-sur-mesure\/#breadcrumb"},"inLanguage":"fr-CA","potentialAction":[{"@type":"ReadAction","target":["https:\/\/cendrex.com\/fr\/produit\/boites-aux-lettres-sur-mesure\/"]}]},{"@type":"ImageObject","inLanguage":"fr-CA","@id":"https:\/\/cendrex.com\/fr\/produit\/boites-aux-lettres-sur-mesure\/#primaryimage","url":"https:\/\/cendrex.com\/wp-content\/uploads\/2022\/04\/IMG-1776-_002_-scaled.jpg","contentUrl":"https:\/\/cendrex.com\/wp-content\/uploads\/2022\/04\/IMG-1776-_002_-scaled.jpg","width":980,"height":1200,"caption":"Bo\u00eetes aux lettres personnalis\u00e9es"},{"@type":"BreadcrumbList","@id":"https:\/\/cendrex.com\/fr\/produit\/boites-aux-lettres-sur-mesure\/#breadcrumb","itemListElement":[{"@type":"ListItem","position":1,"name":"Products","item":"https:\/\/cendrex.com\/en\/products\/"},{"@type":"ListItem","position":2,"name":"Bo\u00eetes aux lettres sur mesure"}]},{"@type":"WebSite","@id":"https:\/\/cendrex.com\/en\/#website","url":"https:\/\/cendrex.com\/en\/","name":"Cendrex","description":"Fabricant de portes d&#039;acc\u00e8s","publisher":{"@id":"https:\/\/cendrex.com\/en\/#organization"},"potentialAction":[{"@type":"SearchAction","target":{"@type":"EntryPoint","urlTemplate":"https:\/\/cendrex.com\/en\/?s={search_term_string}"},"query-input":{"@type":"PropertyValueSpecification","valueRequired":true,"valueName":"search_term_string"}}],"inLanguage":"fr-CA"},{"@type":"Organization","@id":"https:\/\/cendrex.com\/en\/#organization","name":"Cendrex","url":"https:\/\/cendrex.com\/en\/","logo":{"@type":"ImageObject","inLanguage":"fr-CA","@id":"https:\/\/cendrex.com\/en\/#\/schema\/logo\/image\/","url":"https:\/\/cendrex.com\/wp-content\/uploads\/2021\/09\/Cendrex-logo-2018-PMS-scaled.jpg","contentUrl":"https:\/\/cendrex.com\/wp-content\/uploads\/2021\/09\/Cendrex-logo-2018-PMS-scaled.jpg","width":1200,"height":267,"caption":"Cendrex"},"image":{"@id":"https:\/\/cendrex.com\/en\/#\/schema\/logo\/image\/"}}]}},"_links":{"self":[{"href":"https:\/\/cendrex.com\/fr\/wp-json\/wp\/v2\/product\/31437","targetHints":{"allow":["GET"]}}],"collection":[{"href":"https:\/\/cendrex.com\/fr\/wp-json\/wp\/v2\/product"}],"about":[{"href":"https:\/\/cendrex.com\/fr\/wp-json\/wp\/v2\/types\/product"}],"version-history":[{"count":1,"href":"https:\/\/cendrex.com\/fr\/wp-json\/wp\/v2\/product\/31437\/revisions"}],"predecessor-version":[{"id":43748,"href":"https:\/\/cendrex.com\/fr\/wp-json\/wp\/v2\/product\/31437\/revisions\/43748"}],"wp:featuredmedia":[{"embeddable":true,"href":"https:\/\/cendrex.com\/fr\/wp-json\/wp\/v2\/media\/31770"}],"wp:attachment":[{"href":"https:\/\/cendrex.com\/fr\/wp-json\/wp\/v2\/media?parent=31437"}],"wp:term":[{"taxonomy":"product_brand","embeddable":true,"href":"https:\/\/cendrex.com\/fr\/wp-json\/wp\/v2\/product_brand?post=31437"},{"taxonomy":"product_cat","embeddable":true,"href":"https:\/\/cendrex.com\/fr\/wp-json\/wp\/v2\/product_cat?post=31437"},{"taxonomy":"product_tag","embeddable":true,"href":"https:\/\/cendrex.com\/fr\/wp-json\/wp\/v2\/product_tag?post=31437"}],"curies":[{"name":"wp","href":"https:\/\/api.w.org\/{rel}","templated":true}]}}