{"id":31209,"date":"2022-03-31T10:46:42","date_gmt":"2022-03-31T14:46:42","guid":{"rendered":"https:\/\/cendrex.p3f.dev\/product\/custom-doors\/"},"modified":"2026-02-26T16:23:02","modified_gmt":"2026-02-26T21:23:02","slug":"conception-sur-mesure","status":"publish","type":"product","link":"https:\/\/cendrex.com\/fr\/produit\/conception-sur-mesure\/","title":{"rendered":"Conception sur mesure"},"content":{"rendered":"","protected":false},"excerpt":{"rendered":"","protected":false},"featured_media":31777,"template":"","meta":{"_acf_changed":false,"inline_featured_image":false},"product_brand":[],"product_cat":[200,566],"product_tag":[],"class_list":{"0":"post-31209","1":"product","2":"type-product","3":"status-publish","4":"has-post-thumbnail","6":"product_cat-panneaux-dacces","7":"product_cat-personnalises","9":"first","10":"instock","11":"shipping-taxable","12":"purchasable","13":"product-type-variable","14":"has-default-attributes"},"acf":[],"yoast_head":"<!-- This site is optimized with the Yoast SEO plugin v27.3 - https:\/\/yoast.com\/product\/yoast-seo-wordpress\/ -->\n<title>Conception sur mesure - Cendrex<\/title>\n<meta name=\"description\" content=\"Panneaux d\u2019acc\u00e8s personnalis\u00e9s selon vos sp\u00e9cifications, fabriqu\u00e9s en 10 jours ouvrables. Indiquez la longueur, la largeur et les sp\u00e9cifications requises.\" \/>\n<meta name=\"robots\" content=\"index, follow, max-snippet:-1, max-image-preview:large, max-video-preview:-1\" \/>\n<link rel=\"canonical\" href=\"https:\/\/cendrex.com\/fr\/produit\/conception-sur-mesure\/\" \/>\n<meta property=\"og:locale\" content=\"fr_CA\" \/>\n<meta property=\"og:type\" content=\"article\" \/>\n<meta property=\"og:title\" content=\"Conception sur mesure - Cendrex\" \/>\n<meta property=\"og:description\" content=\"Panneaux d\u2019acc\u00e8s personnalis\u00e9s selon vos sp\u00e9cifications, fabriqu\u00e9s en 10 jours ouvrables. Indiquez la longueur, la largeur et les sp\u00e9cifications requises.\" \/>\n<meta property=\"og:url\" content=\"https:\/\/cendrex.com\/fr\/produit\/conception-sur-mesure\/\" \/>\n<meta property=\"og:site_name\" content=\"Cendrex\" \/>\n<meta property=\"article:modified_time\" content=\"2026-02-26T21:23:02+00:00\" \/>\n<meta property=\"og:image\" content=\"https:\/\/cendrex.com\/wp-content\/uploads\/2022\/03\/VS22-01516-01-A-BTV-08.25x08.25-4-90-Fr-02.png\" \/>\n\t<meta property=\"og:image:width\" content=\"4032\" \/>\n\t<meta property=\"og:image:height\" content=\"3024\" \/>\n\t<meta property=\"og:image:type\" content=\"image\/png\" \/>\n<meta name=\"twitter:card\" content=\"summary_large_image\" \/>\n<meta name=\"twitter:label1\" content=\"Estimation du temps de lecture\" \/>\n\t<meta name=\"twitter:data1\" content=\"1 minute\" \/>\n<script type=\"application\/ld+json\" class=\"yoast-schema-graph\">{\"@context\":\"https:\\\/\\\/schema.org\",\"@graph\":[{\"@type\":\"WebPage\",\"@id\":\"https:\\\/\\\/cendrex.com\\\/fr\\\/produit\\\/conception-sur-mesure\\\/\",\"url\":\"https:\\\/\\\/cendrex.com\\\/fr\\\/produit\\\/conception-sur-mesure\\\/\",\"name\":\"Conception sur mesure - Cendrex\",\"isPartOf\":{\"@id\":\"https:\\\/\\\/cendrex.com\\\/en\\\/#website\"},\"primaryImageOfPage\":{\"@id\":\"https:\\\/\\\/cendrex.com\\\/fr\\\/produit\\\/conception-sur-mesure\\\/#primaryimage\"},\"image\":{\"@id\":\"https:\\\/\\\/cendrex.com\\\/fr\\\/produit\\\/conception-sur-mesure\\\/#primaryimage\"},\"thumbnailUrl\":\"https:\\\/\\\/cendrex.com\\\/wp-content\\\/uploads\\\/2022\\\/03\\\/VS22-01516-01-A-BTV-08.25x08.25-4-90-Fr-02.png\",\"datePublished\":\"2022-03-31T14:46:42+00:00\",\"dateModified\":\"2026-02-26T21:23:02+00:00\",\"description\":\"Panneaux d\u2019acc\u00e8s personnalis\u00e9s selon vos sp\u00e9cifications, fabriqu\u00e9s en 10 jours ouvrables. Indiquez la longueur, la largeur et les sp\u00e9cifications requises.\",\"breadcrumb\":{\"@id\":\"https:\\\/\\\/cendrex.com\\\/fr\\\/produit\\\/conception-sur-mesure\\\/#breadcrumb\"},\"inLanguage\":\"fr-CA\",\"potentialAction\":[{\"@type\":\"ReadAction\",\"target\":[\"https:\\\/\\\/cendrex.com\\\/fr\\\/produit\\\/conception-sur-mesure\\\/\"]}]},{\"@type\":\"ImageObject\",\"inLanguage\":\"fr-CA\",\"@id\":\"https:\\\/\\\/cendrex.com\\\/fr\\\/produit\\\/conception-sur-mesure\\\/#primaryimage\",\"url\":\"https:\\\/\\\/cendrex.com\\\/wp-content\\\/uploads\\\/2022\\\/03\\\/VS22-01516-01-A-BTV-08.25x08.25-4-90-Fr-02.png\",\"contentUrl\":\"https:\\\/\\\/cendrex.com\\\/wp-content\\\/uploads\\\/2022\\\/03\\\/VS22-01516-01-A-BTV-08.25x08.25-4-90-Fr-02.png\",\"width\":4032,\"height\":3024},{\"@type\":\"BreadcrumbList\",\"@id\":\"https:\\\/\\\/cendrex.com\\\/fr\\\/produit\\\/conception-sur-mesure\\\/#breadcrumb\",\"itemListElement\":[{\"@type\":\"ListItem\",\"position\":1,\"name\":\"Products\",\"item\":\"https:\\\/\\\/cendrex.com\\\/en\\\/products\\\/\"},{\"@type\":\"ListItem\",\"position\":2,\"name\":\"Conception sur mesure\"}]},{\"@type\":\"WebSite\",\"@id\":\"https:\\\/\\\/cendrex.com\\\/en\\\/#website\",\"url\":\"https:\\\/\\\/cendrex.com\\\/en\\\/\",\"name\":\"Cendrex\",\"description\":\"Fabricant de portes d&#039;acc\u00e8s\",\"publisher\":{\"@id\":\"https:\\\/\\\/cendrex.com\\\/en\\\/#organization\"},\"potentialAction\":[{\"@type\":\"SearchAction\",\"target\":{\"@type\":\"EntryPoint\",\"urlTemplate\":\"https:\\\/\\\/cendrex.com\\\/en\\\/?s={search_term_string}\"},\"query-input\":{\"@type\":\"PropertyValueSpecification\",\"valueRequired\":true,\"valueName\":\"search_term_string\"}}],\"inLanguage\":\"fr-CA\"},{\"@type\":\"Organization\",\"@id\":\"https:\\\/\\\/cendrex.com\\\/en\\\/#organization\",\"name\":\"Cendrex\",\"url\":\"https:\\\/\\\/cendrex.com\\\/en\\\/\",\"logo\":{\"@type\":\"ImageObject\",\"inLanguage\":\"fr-CA\",\"@id\":\"https:\\\/\\\/cendrex.com\\\/en\\\/#\\\/schema\\\/logo\\\/image\\\/\",\"url\":\"https:\\\/\\\/cendrex.com\\\/wp-content\\\/uploads\\\/2021\\\/09\\\/Cendrex-logo-2018-PMS-scaled.jpg\",\"contentUrl\":\"https:\\\/\\\/cendrex.com\\\/wp-content\\\/uploads\\\/2021\\\/09\\\/Cendrex-logo-2018-PMS-scaled.jpg\",\"width\":1200,\"height\":267,\"caption\":\"Cendrex\"},\"image\":{\"@id\":\"https:\\\/\\\/cendrex.com\\\/en\\\/#\\\/schema\\\/logo\\\/image\\\/\"}}]}<\/script>\n<!-- \/ Yoast SEO plugin. -->","yoast_head_json":{"title":"Conception sur mesure - Cendrex","description":"Panneaux d\u2019acc\u00e8s personnalis\u00e9s selon vos sp\u00e9cifications, fabriqu\u00e9s en 10 jours ouvrables. Indiquez la longueur, la largeur et les sp\u00e9cifications requises.","robots":{"index":"index","follow":"follow","max-snippet":"max-snippet:-1","max-image-preview":"max-image-preview:large","max-video-preview":"max-video-preview:-1"},"canonical":"https:\/\/cendrex.com\/fr\/produit\/conception-sur-mesure\/","og_locale":"fr_CA","og_type":"article","og_title":"Conception sur mesure - Cendrex","og_description":"Panneaux d\u2019acc\u00e8s personnalis\u00e9s selon vos sp\u00e9cifications, fabriqu\u00e9s en 10 jours ouvrables. Indiquez la longueur, la largeur et les sp\u00e9cifications requises.","og_url":"https:\/\/cendrex.com\/fr\/produit\/conception-sur-mesure\/","og_site_name":"Cendrex","article_modified_time":"2026-02-26T21:23:02+00:00","og_image":[{"width":4032,"height":3024,"url":"https:\/\/cendrex.com\/wp-content\/uploads\/2022\/03\/VS22-01516-01-A-BTV-08.25x08.25-4-90-Fr-02.png","type":"image\/png"}],"twitter_card":"summary_large_image","twitter_misc":{"Estimation du temps de lecture":"1 minute"},"schema":{"@context":"https:\/\/schema.org","@graph":[{"@type":"WebPage","@id":"https:\/\/cendrex.com\/fr\/produit\/conception-sur-mesure\/","url":"https:\/\/cendrex.com\/fr\/produit\/conception-sur-mesure\/","name":"Conception sur mesure - Cendrex","isPartOf":{"@id":"https:\/\/cendrex.com\/en\/#website"},"primaryImageOfPage":{"@id":"https:\/\/cendrex.com\/fr\/produit\/conception-sur-mesure\/#primaryimage"},"image":{"@id":"https:\/\/cendrex.com\/fr\/produit\/conception-sur-mesure\/#primaryimage"},"thumbnailUrl":"https:\/\/cendrex.com\/wp-content\/uploads\/2022\/03\/VS22-01516-01-A-BTV-08.25x08.25-4-90-Fr-02.png","datePublished":"2022-03-31T14:46:42+00:00","dateModified":"2026-02-26T21:23:02+00:00","description":"Panneaux d\u2019acc\u00e8s personnalis\u00e9s selon vos sp\u00e9cifications, fabriqu\u00e9s en 10 jours ouvrables. Indiquez la longueur, la largeur et les sp\u00e9cifications requises.","breadcrumb":{"@id":"https:\/\/cendrex.com\/fr\/produit\/conception-sur-mesure\/#breadcrumb"},"inLanguage":"fr-CA","potentialAction":[{"@type":"ReadAction","target":["https:\/\/cendrex.com\/fr\/produit\/conception-sur-mesure\/"]}]},{"@type":"ImageObject","inLanguage":"fr-CA","@id":"https:\/\/cendrex.com\/fr\/produit\/conception-sur-mesure\/#primaryimage","url":"https:\/\/cendrex.com\/wp-content\/uploads\/2022\/03\/VS22-01516-01-A-BTV-08.25x08.25-4-90-Fr-02.png","contentUrl":"https:\/\/cendrex.com\/wp-content\/uploads\/2022\/03\/VS22-01516-01-A-BTV-08.25x08.25-4-90-Fr-02.png","width":4032,"height":3024},{"@type":"BreadcrumbList","@id":"https:\/\/cendrex.com\/fr\/produit\/conception-sur-mesure\/#breadcrumb","itemListElement":[{"@type":"ListItem","position":1,"name":"Products","item":"https:\/\/cendrex.com\/en\/products\/"},{"@type":"ListItem","position":2,"name":"Conception sur mesure"}]},{"@type":"WebSite","@id":"https:\/\/cendrex.com\/en\/#website","url":"https:\/\/cendrex.com\/en\/","name":"Cendrex","description":"Fabricant de portes d&#039;acc\u00e8s","publisher":{"@id":"https:\/\/cendrex.com\/en\/#organization"},"potentialAction":[{"@type":"SearchAction","target":{"@type":"EntryPoint","urlTemplate":"https:\/\/cendrex.com\/en\/?s={search_term_string}"},"query-input":{"@type":"PropertyValueSpecification","valueRequired":true,"valueName":"search_term_string"}}],"inLanguage":"fr-CA"},{"@type":"Organization","@id":"https:\/\/cendrex.com\/en\/#organization","name":"Cendrex","url":"https:\/\/cendrex.com\/en\/","logo":{"@type":"ImageObject","inLanguage":"fr-CA","@id":"https:\/\/cendrex.com\/en\/#\/schema\/logo\/image\/","url":"https:\/\/cendrex.com\/wp-content\/uploads\/2021\/09\/Cendrex-logo-2018-PMS-scaled.jpg","contentUrl":"https:\/\/cendrex.com\/wp-content\/uploads\/2021\/09\/Cendrex-logo-2018-PMS-scaled.jpg","width":1200,"height":267,"caption":"Cendrex"},"image":{"@id":"https:\/\/cendrex.com\/en\/#\/schema\/logo\/image\/"}}]}},"_links":{"self":[{"href":"https:\/\/cendrex.com\/fr\/wp-json\/wp\/v2\/product\/31209","targetHints":{"allow":["GET"]}}],"collection":[{"href":"https:\/\/cendrex.com\/fr\/wp-json\/wp\/v2\/product"}],"about":[{"href":"https:\/\/cendrex.com\/fr\/wp-json\/wp\/v2\/types\/product"}],"version-history":[{"count":1,"href":"https:\/\/cendrex.com\/fr\/wp-json\/wp\/v2\/product\/31209\/revisions"}],"predecessor-version":[{"id":46135,"href":"https:\/\/cendrex.com\/fr\/wp-json\/wp\/v2\/product\/31209\/revisions\/46135"}],"wp:featuredmedia":[{"embeddable":true,"href":"https:\/\/cendrex.com\/fr\/wp-json\/wp\/v2\/media\/31777"}],"wp:attachment":[{"href":"https:\/\/cendrex.com\/fr\/wp-json\/wp\/v2\/media?parent=31209"}],"wp:term":[{"taxonomy":"product_brand","embeddable":true,"href":"https:\/\/cendrex.com\/fr\/wp-json\/wp\/v2\/product_brand?post=31209"},{"taxonomy":"product_cat","embeddable":true,"href":"https:\/\/cendrex.com\/fr\/wp-json\/wp\/v2\/product_cat?post=31209"},{"taxonomy":"product_tag","embeddable":true,"href":"https:\/\/cendrex.com\/fr\/wp-json\/wp\/v2\/product_tag?post=31209"}],"curies":[{"name":"wp","href":"https:\/\/api.w.org\/{rel}","templated":true}]}}