{"id":20409,"date":"2018-11-15T16:00:42","date_gmt":"2018-11-15T21:04:45","guid":{"rendered":""},"modified":"2026-04-06T15:52:16","modified_gmt":"2026-04-06T19:52:16","slug":"vp-160-00","status":"publish","type":"product","link":"https:\/\/cendrex.com\/fr\/produit\/vp-160-00\/","title":{"rendered":"VP-160-00"},"content":{"rendered":"","protected":false},"excerpt":{"rendered":"<p>Id\u00e9al pour les petits immeubles d&#8217;habitation r\u00e9sidentiels, ce mod\u00e8le, superpos\u00e9 sur pi\u00e9destal, s&#8217;installe \u00e0 l&#8217;ext\u00e9rieur d&#8217;un immeuble. Cette bo\u00eete aux lettres rencontre et d\u00e9passe les normes de Poste Canada<\/p>\n","protected":false},"featured_media":21899,"template":"","meta":{"_acf_changed":false,"inline_featured_image":false},"product_brand":[],"product_cat":[423,420],"product_tag":[],"class_list":{"0":"post-20409","1":"product","2":"type-product","3":"status-publish","4":"has-post-thumbnail","6":"product_cat-boite-aux-lettres-verticales","7":"product_cat-boites-aux-lettres","8":"product_shipping_class-1-fr","9":"pa_other-options-cable-de-retenue","10":"pa_type-of-loading-a-acces-par-lavant","11":"pa_type-of-use-pour-lexterieur","13":"first","14":"instock","15":"purchasable","16":"product-type-variable"},"acf":[],"yoast_head":"<!-- This site is optimized with the Yoast SEO plugin v27.3 - https:\/\/yoast.com\/product\/yoast-seo-wordpress\/ -->\n<title>VP-160-00- Bo\u00eete aux lettres verticale-Acier satin\u00e9-Cendrex<\/title>\n<meta name=\"description\" content=\"VP-160-00. Bo\u00eete aux lettres verticale \u00e0 panneau frontal basculant. Mod\u00e8le sur pi\u00e9destal. Installation ext\u00e9rieure. \u00c0 compartiments superpos\u00e9s.\" \/>\n<meta name=\"robots\" content=\"index, follow, max-snippet:-1, max-image-preview:large, max-video-preview:-1\" \/>\n<link rel=\"canonical\" href=\"https:\/\/cendrex.com\/fr\/produit\/vp-160-00\/\" \/>\n<meta property=\"og:locale\" content=\"fr_CA\" \/>\n<meta property=\"og:type\" content=\"article\" \/>\n<meta property=\"og:title\" content=\"VP-160-00- Bo\u00eete aux lettres verticale-Acier satin\u00e9-Cendrex\" \/>\n<meta property=\"og:description\" content=\"VP-160-00. Bo\u00eete aux lettres verticale \u00e0 panneau frontal basculant. Mod\u00e8le sur pi\u00e9destal. Installation ext\u00e9rieure. \u00c0 compartiments superpos\u00e9s.\" \/>\n<meta property=\"og:url\" content=\"https:\/\/cendrex.com\/fr\/produit\/vp-160-00\/\" \/>\n<meta property=\"og:site_name\" content=\"Cendrex\" \/>\n<meta property=\"article:modified_time\" content=\"2026-04-06T19:52:16+00:00\" \/>\n<meta property=\"og:image\" content=\"https:\/\/cendrex.com\/wp-content\/uploads\/2018\/11\/VP-160-00-1.jpg\" \/>\n\t<meta property=\"og:image:width\" content=\"769\" \/>\n\t<meta property=\"og:image:height\" content=\"769\" \/>\n\t<meta property=\"og:image:type\" content=\"image\/jpeg\" \/>\n<meta name=\"twitter:card\" content=\"summary_large_image\" \/>\n<meta name=\"twitter:label1\" content=\"Estimation du temps de lecture\" \/>\n\t<meta name=\"twitter:data1\" content=\"1 minute\" \/>\n<script type=\"application\/ld+json\" class=\"yoast-schema-graph\">{\"@context\":\"https:\\\/\\\/schema.org\",\"@graph\":[{\"@type\":\"WebPage\",\"@id\":\"https:\\\/\\\/cendrex.com\\\/fr\\\/produit\\\/vp-160-00\\\/\",\"url\":\"https:\\\/\\\/cendrex.com\\\/fr\\\/produit\\\/vp-160-00\\\/\",\"name\":\"VP-160-00- Bo\u00eete aux lettres verticale-Acier satin\u00e9-Cendrex\",\"isPartOf\":{\"@id\":\"https:\\\/\\\/cendrex.com\\\/en\\\/#website\"},\"primaryImageOfPage\":{\"@id\":\"https:\\\/\\\/cendrex.com\\\/fr\\\/produit\\\/vp-160-00\\\/#primaryimage\"},\"image\":{\"@id\":\"https:\\\/\\\/cendrex.com\\\/fr\\\/produit\\\/vp-160-00\\\/#primaryimage\"},\"thumbnailUrl\":\"https:\\\/\\\/cendrex.com\\\/wp-content\\\/uploads\\\/2018\\\/11\\\/VP-160-00-1.jpg\",\"datePublished\":\"2018-11-15T21:04:45+00:00\",\"dateModified\":\"2026-04-06T19:52:16+00:00\",\"description\":\"VP-160-00. Bo\u00eete aux lettres verticale \u00e0 panneau frontal basculant. Mod\u00e8le sur pi\u00e9destal. Installation ext\u00e9rieure. \u00c0 compartiments superpos\u00e9s.\",\"breadcrumb\":{\"@id\":\"https:\\\/\\\/cendrex.com\\\/fr\\\/produit\\\/vp-160-00\\\/#breadcrumb\"},\"inLanguage\":\"fr-CA\",\"potentialAction\":[{\"@type\":\"ReadAction\",\"target\":[\"https:\\\/\\\/cendrex.com\\\/fr\\\/produit\\\/vp-160-00\\\/\"]}]},{\"@type\":\"ImageObject\",\"inLanguage\":\"fr-CA\",\"@id\":\"https:\\\/\\\/cendrex.com\\\/fr\\\/produit\\\/vp-160-00\\\/#primaryimage\",\"url\":\"https:\\\/\\\/cendrex.com\\\/wp-content\\\/uploads\\\/2018\\\/11\\\/VP-160-00-1.jpg\",\"contentUrl\":\"https:\\\/\\\/cendrex.com\\\/wp-content\\\/uploads\\\/2018\\\/11\\\/VP-160-00-1.jpg\",\"width\":769,\"height\":769,\"caption\":\"VP-160-00 Bo\u00eete aux lettres verticale \u00e0 panneau frontal basculant mod\u00e8le sur pi\u00e9destal, \u00e0 compartiments superpos\u00e9s, \u00e0 installer \u00e0 l'ext\u00e9rieur d'un immeuble\"},{\"@type\":\"BreadcrumbList\",\"@id\":\"https:\\\/\\\/cendrex.com\\\/fr\\\/produit\\\/vp-160-00\\\/#breadcrumb\",\"itemListElement\":[{\"@type\":\"ListItem\",\"position\":1,\"name\":\"Products\",\"item\":\"https:\\\/\\\/cendrex.com\\\/en\\\/products\\\/\"},{\"@type\":\"ListItem\",\"position\":2,\"name\":\"VP-160-00\"}]},{\"@type\":\"WebSite\",\"@id\":\"https:\\\/\\\/cendrex.com\\\/en\\\/#website\",\"url\":\"https:\\\/\\\/cendrex.com\\\/en\\\/\",\"name\":\"Cendrex\",\"description\":\"Fabricant de portes d&#039;acc\u00e8s\",\"publisher\":{\"@id\":\"https:\\\/\\\/cendrex.com\\\/en\\\/#organization\"},\"potentialAction\":[{\"@type\":\"SearchAction\",\"target\":{\"@type\":\"EntryPoint\",\"urlTemplate\":\"https:\\\/\\\/cendrex.com\\\/en\\\/?s={search_term_string}\"},\"query-input\":{\"@type\":\"PropertyValueSpecification\",\"valueRequired\":true,\"valueName\":\"search_term_string\"}}],\"inLanguage\":\"fr-CA\"},{\"@type\":\"Organization\",\"@id\":\"https:\\\/\\\/cendrex.com\\\/en\\\/#organization\",\"name\":\"Cendrex\",\"url\":\"https:\\\/\\\/cendrex.com\\\/en\\\/\",\"logo\":{\"@type\":\"ImageObject\",\"inLanguage\":\"fr-CA\",\"@id\":\"https:\\\/\\\/cendrex.com\\\/en\\\/#\\\/schema\\\/logo\\\/image\\\/\",\"url\":\"https:\\\/\\\/cendrex.com\\\/wp-content\\\/uploads\\\/2021\\\/09\\\/Cendrex-logo-2018-PMS-scaled.jpg\",\"contentUrl\":\"https:\\\/\\\/cendrex.com\\\/wp-content\\\/uploads\\\/2021\\\/09\\\/Cendrex-logo-2018-PMS-scaled.jpg\",\"width\":1200,\"height\":267,\"caption\":\"Cendrex\"},\"image\":{\"@id\":\"https:\\\/\\\/cendrex.com\\\/en\\\/#\\\/schema\\\/logo\\\/image\\\/\"}}]}<\/script>\n<!-- \/ Yoast SEO plugin. -->","yoast_head_json":{"title":"VP-160-00- Bo\u00eete aux lettres verticale-Acier satin\u00e9-Cendrex","description":"VP-160-00. Bo\u00eete aux lettres verticale \u00e0 panneau frontal basculant. Mod\u00e8le sur pi\u00e9destal. Installation ext\u00e9rieure. \u00c0 compartiments superpos\u00e9s.","robots":{"index":"index","follow":"follow","max-snippet":"max-snippet:-1","max-image-preview":"max-image-preview:large","max-video-preview":"max-video-preview:-1"},"canonical":"https:\/\/cendrex.com\/fr\/produit\/vp-160-00\/","og_locale":"fr_CA","og_type":"article","og_title":"VP-160-00- Bo\u00eete aux lettres verticale-Acier satin\u00e9-Cendrex","og_description":"VP-160-00. Bo\u00eete aux lettres verticale \u00e0 panneau frontal basculant. Mod\u00e8le sur pi\u00e9destal. Installation ext\u00e9rieure. \u00c0 compartiments superpos\u00e9s.","og_url":"https:\/\/cendrex.com\/fr\/produit\/vp-160-00\/","og_site_name":"Cendrex","article_modified_time":"2026-04-06T19:52:16+00:00","og_image":[{"width":769,"height":769,"url":"https:\/\/cendrex.com\/wp-content\/uploads\/2018\/11\/VP-160-00-1.jpg","type":"image\/jpeg"}],"twitter_card":"summary_large_image","twitter_misc":{"Estimation du temps de lecture":"1 minute"},"schema":{"@context":"https:\/\/schema.org","@graph":[{"@type":"WebPage","@id":"https:\/\/cendrex.com\/fr\/produit\/vp-160-00\/","url":"https:\/\/cendrex.com\/fr\/produit\/vp-160-00\/","name":"VP-160-00- Bo\u00eete aux lettres verticale-Acier satin\u00e9-Cendrex","isPartOf":{"@id":"https:\/\/cendrex.com\/en\/#website"},"primaryImageOfPage":{"@id":"https:\/\/cendrex.com\/fr\/produit\/vp-160-00\/#primaryimage"},"image":{"@id":"https:\/\/cendrex.com\/fr\/produit\/vp-160-00\/#primaryimage"},"thumbnailUrl":"https:\/\/cendrex.com\/wp-content\/uploads\/2018\/11\/VP-160-00-1.jpg","datePublished":"2018-11-15T21:04:45+00:00","dateModified":"2026-04-06T19:52:16+00:00","description":"VP-160-00. Bo\u00eete aux lettres verticale \u00e0 panneau frontal basculant. Mod\u00e8le sur pi\u00e9destal. Installation ext\u00e9rieure. \u00c0 compartiments superpos\u00e9s.","breadcrumb":{"@id":"https:\/\/cendrex.com\/fr\/produit\/vp-160-00\/#breadcrumb"},"inLanguage":"fr-CA","potentialAction":[{"@type":"ReadAction","target":["https:\/\/cendrex.com\/fr\/produit\/vp-160-00\/"]}]},{"@type":"ImageObject","inLanguage":"fr-CA","@id":"https:\/\/cendrex.com\/fr\/produit\/vp-160-00\/#primaryimage","url":"https:\/\/cendrex.com\/wp-content\/uploads\/2018\/11\/VP-160-00-1.jpg","contentUrl":"https:\/\/cendrex.com\/wp-content\/uploads\/2018\/11\/VP-160-00-1.jpg","width":769,"height":769,"caption":"VP-160-00 Bo\u00eete aux lettres verticale \u00e0 panneau frontal basculant mod\u00e8le sur pi\u00e9destal, \u00e0 compartiments superpos\u00e9s, \u00e0 installer \u00e0 l'ext\u00e9rieur d'un immeuble"},{"@type":"BreadcrumbList","@id":"https:\/\/cendrex.com\/fr\/produit\/vp-160-00\/#breadcrumb","itemListElement":[{"@type":"ListItem","position":1,"name":"Products","item":"https:\/\/cendrex.com\/en\/products\/"},{"@type":"ListItem","position":2,"name":"VP-160-00"}]},{"@type":"WebSite","@id":"https:\/\/cendrex.com\/en\/#website","url":"https:\/\/cendrex.com\/en\/","name":"Cendrex","description":"Fabricant de portes d&#039;acc\u00e8s","publisher":{"@id":"https:\/\/cendrex.com\/en\/#organization"},"potentialAction":[{"@type":"SearchAction","target":{"@type":"EntryPoint","urlTemplate":"https:\/\/cendrex.com\/en\/?s={search_term_string}"},"query-input":{"@type":"PropertyValueSpecification","valueRequired":true,"valueName":"search_term_string"}}],"inLanguage":"fr-CA"},{"@type":"Organization","@id":"https:\/\/cendrex.com\/en\/#organization","name":"Cendrex","url":"https:\/\/cendrex.com\/en\/","logo":{"@type":"ImageObject","inLanguage":"fr-CA","@id":"https:\/\/cendrex.com\/en\/#\/schema\/logo\/image\/","url":"https:\/\/cendrex.com\/wp-content\/uploads\/2021\/09\/Cendrex-logo-2018-PMS-scaled.jpg","contentUrl":"https:\/\/cendrex.com\/wp-content\/uploads\/2021\/09\/Cendrex-logo-2018-PMS-scaled.jpg","width":1200,"height":267,"caption":"Cendrex"},"image":{"@id":"https:\/\/cendrex.com\/en\/#\/schema\/logo\/image\/"}}]}},"_links":{"self":[{"href":"https:\/\/cendrex.com\/fr\/wp-json\/wp\/v2\/product\/20409","targetHints":{"allow":["GET"]}}],"collection":[{"href":"https:\/\/cendrex.com\/fr\/wp-json\/wp\/v2\/product"}],"about":[{"href":"https:\/\/cendrex.com\/fr\/wp-json\/wp\/v2\/types\/product"}],"version-history":[{"count":2,"href":"https:\/\/cendrex.com\/fr\/wp-json\/wp\/v2\/product\/20409\/revisions"}],"predecessor-version":[{"id":41546,"href":"https:\/\/cendrex.com\/fr\/wp-json\/wp\/v2\/product\/20409\/revisions\/41546"}],"wp:featuredmedia":[{"embeddable":true,"href":"https:\/\/cendrex.com\/fr\/wp-json\/wp\/v2\/media\/21899"}],"wp:attachment":[{"href":"https:\/\/cendrex.com\/fr\/wp-json\/wp\/v2\/media?parent=20409"}],"wp:term":[{"taxonomy":"product_brand","embeddable":true,"href":"https:\/\/cendrex.com\/fr\/wp-json\/wp\/v2\/product_brand?post=20409"},{"taxonomy":"product_cat","embeddable":true,"href":"https:\/\/cendrex.com\/fr\/wp-json\/wp\/v2\/product_cat?post=20409"},{"taxonomy":"product_tag","embeddable":true,"href":"https:\/\/cendrex.com\/fr\/wp-json\/wp\/v2\/product_tag?post=20409"}],"curies":[{"name":"wp","href":"https:\/\/api.w.org\/{rel}","templated":true}]}}