{"id":20337,"date":"2018-11-15T15:59:16","date_gmt":"2018-11-15T21:03:14","guid":{"rendered":""},"modified":"2024-07-02T16:05:53","modified_gmt":"2024-07-02T20:05:53","slug":"he-400-00","status":"publish","type":"product","link":"https:\/\/cendrex.com\/fr\/produit\/he-400-00\/","title":{"rendered":"HE-400-00"},"content":{"rendered":"","protected":false},"excerpt":{"rendered":"<p>Le personnel de livraison peut acc\u00e9der aux compartiments gr\u00e2ce \u00e0 la serrure ma\u00eetresse situ\u00e9e \u00e0 l&#8217;avant de l&#8217;unit\u00e9. De plus, tous les compartiments sont verrouill\u00e9s individuellement. Ce model est con\u00e7u pour l&#8217;ext\u00e9rieur. Nos serrures sont conformes aux normes de Poste Canada<\/p>\n<div id=\"__kantu_mark__\"><\/div>\n","protected":false},"featured_media":21883,"template":"","meta":{"_acf_changed":false,"inline_featured_image":false},"product_brand":[],"product_cat":[421,420],"product_tag":[],"class_list":{"0":"post-20337","1":"product","2":"type-product","3":"status-publish","4":"has-post-thumbnail","6":"product_cat-boite-aux-lettres-horizontales","7":"product_cat-boites-aux-lettres","8":"product_shipping_class-1-fr","9":"pa_type-of-loading-a-acces-par-lavant","10":"pa_type-of-use-pour-lexterieur","12":"first","13":"instock","14":"purchasable","15":"product-type-variable"},"acf":[],"yoast_head":"<!-- This site is optimized with the Yoast SEO plugin v27.3 - https:\/\/yoast.com\/product\/yoast-seo-wordpress\/ -->\n<title>HE-400-00- Bo\u00eete aux lettres horizontale- Acier satin\u00e9- Cendrex<\/title>\n<meta name=\"description\" content=\"HE-400-00. Bo\u00eete aux lettres horizontale \u00e0 acc\u00e8s par l&#039;avant. Installation ext\u00e9rieure. Serrure ma\u00eetresse. Serrure \u00e0 cylindre avec 2 cl\u00e9s. Nos serrures sont conformes aux normes de Poste Canada\" \/>\n<meta name=\"robots\" content=\"index, follow, max-snippet:-1, max-image-preview:large, max-video-preview:-1\" \/>\n<link rel=\"canonical\" href=\"https:\/\/cendrex.com\/fr\/produit\/he-400-00\/\" \/>\n<meta property=\"og:locale\" content=\"fr_CA\" \/>\n<meta property=\"og:type\" content=\"article\" \/>\n<meta property=\"og:title\" content=\"HE-400-00- Bo\u00eete aux lettres horizontale- Acier satin\u00e9- Cendrex\" \/>\n<meta property=\"og:description\" content=\"HE-400-00. Bo\u00eete aux lettres horizontale \u00e0 acc\u00e8s par l&#039;avant. Installation ext\u00e9rieure. Serrure ma\u00eetresse. Serrure \u00e0 cylindre avec 2 cl\u00e9s. Nos serrures sont conformes aux normes de Poste Canada\" \/>\n<meta property=\"og:url\" content=\"https:\/\/cendrex.com\/fr\/produit\/he-400-00\/\" \/>\n<meta property=\"og:site_name\" content=\"Cendrex\" \/>\n<meta property=\"article:modified_time\" content=\"2024-07-02T20:05:53+00:00\" \/>\n<meta property=\"og:image\" content=\"https:\/\/cendrex.com\/wp-content\/uploads\/2018\/11\/HE-400-00-1.jpg\" \/>\n\t<meta property=\"og:image:width\" content=\"768\" \/>\n\t<meta property=\"og:image:height\" content=\"768\" \/>\n\t<meta property=\"og:image:type\" content=\"image\/jpeg\" \/>\n<meta name=\"twitter:card\" content=\"summary_large_image\" \/>\n<meta name=\"twitter:label1\" content=\"Estimation du temps de lecture\" \/>\n\t<meta name=\"twitter:data1\" content=\"1 minute\" \/>\n<script type=\"application\/ld+json\" class=\"yoast-schema-graph\">{\"@context\":\"https:\\\/\\\/schema.org\",\"@graph\":[{\"@type\":\"WebPage\",\"@id\":\"https:\\\/\\\/cendrex.com\\\/fr\\\/produit\\\/he-400-00\\\/\",\"url\":\"https:\\\/\\\/cendrex.com\\\/fr\\\/produit\\\/he-400-00\\\/\",\"name\":\"HE-400-00- Bo\u00eete aux lettres horizontale- Acier satin\u00e9- Cendrex\",\"isPartOf\":{\"@id\":\"https:\\\/\\\/cendrex.com\\\/en\\\/#website\"},\"primaryImageOfPage\":{\"@id\":\"https:\\\/\\\/cendrex.com\\\/fr\\\/produit\\\/he-400-00\\\/#primaryimage\"},\"image\":{\"@id\":\"https:\\\/\\\/cendrex.com\\\/fr\\\/produit\\\/he-400-00\\\/#primaryimage\"},\"thumbnailUrl\":\"https:\\\/\\\/cendrex.com\\\/wp-content\\\/uploads\\\/2018\\\/11\\\/HE-400-00-1.jpg\",\"datePublished\":\"2018-11-15T21:03:14+00:00\",\"dateModified\":\"2024-07-02T20:05:53+00:00\",\"description\":\"HE-400-00. Bo\u00eete aux lettres horizontale \u00e0 acc\u00e8s par l'avant. Installation ext\u00e9rieure. Serrure ma\u00eetresse. Serrure \u00e0 cylindre avec 2 cl\u00e9s. Nos serrures sont conformes aux normes de Poste Canada\",\"breadcrumb\":{\"@id\":\"https:\\\/\\\/cendrex.com\\\/fr\\\/produit\\\/he-400-00\\\/#breadcrumb\"},\"inLanguage\":\"fr-CA\",\"potentialAction\":[{\"@type\":\"ReadAction\",\"target\":[\"https:\\\/\\\/cendrex.com\\\/fr\\\/produit\\\/he-400-00\\\/\"]}]},{\"@type\":\"ImageObject\",\"inLanguage\":\"fr-CA\",\"@id\":\"https:\\\/\\\/cendrex.com\\\/fr\\\/produit\\\/he-400-00\\\/#primaryimage\",\"url\":\"https:\\\/\\\/cendrex.com\\\/wp-content\\\/uploads\\\/2018\\\/11\\\/HE-400-00-1.jpg\",\"contentUrl\":\"https:\\\/\\\/cendrex.com\\\/wp-content\\\/uploads\\\/2018\\\/11\\\/HE-400-00-1.jpg\",\"width\":768,\"height\":768,\"caption\":\"HE-400-00- Bo\u00eete aux lettres horizontale \u00e0 acc\u00e8s par l'avant- \u00e0 installer \u00e0 l'ext\u00e9rieur d'un immeuble, Postes Canada\"},{\"@type\":\"BreadcrumbList\",\"@id\":\"https:\\\/\\\/cendrex.com\\\/fr\\\/produit\\\/he-400-00\\\/#breadcrumb\",\"itemListElement\":[{\"@type\":\"ListItem\",\"position\":1,\"name\":\"Products\",\"item\":\"https:\\\/\\\/cendrex.com\\\/en\\\/products\\\/\"},{\"@type\":\"ListItem\",\"position\":2,\"name\":\"HE-400-00\"}]},{\"@type\":\"WebSite\",\"@id\":\"https:\\\/\\\/cendrex.com\\\/en\\\/#website\",\"url\":\"https:\\\/\\\/cendrex.com\\\/en\\\/\",\"name\":\"Cendrex\",\"description\":\"Fabricant de portes d&#039;acc\u00e8s\",\"publisher\":{\"@id\":\"https:\\\/\\\/cendrex.com\\\/en\\\/#organization\"},\"potentialAction\":[{\"@type\":\"SearchAction\",\"target\":{\"@type\":\"EntryPoint\",\"urlTemplate\":\"https:\\\/\\\/cendrex.com\\\/en\\\/?s={search_term_string}\"},\"query-input\":{\"@type\":\"PropertyValueSpecification\",\"valueRequired\":true,\"valueName\":\"search_term_string\"}}],\"inLanguage\":\"fr-CA\"},{\"@type\":\"Organization\",\"@id\":\"https:\\\/\\\/cendrex.com\\\/en\\\/#organization\",\"name\":\"Cendrex\",\"url\":\"https:\\\/\\\/cendrex.com\\\/en\\\/\",\"logo\":{\"@type\":\"ImageObject\",\"inLanguage\":\"fr-CA\",\"@id\":\"https:\\\/\\\/cendrex.com\\\/en\\\/#\\\/schema\\\/logo\\\/image\\\/\",\"url\":\"https:\\\/\\\/cendrex.com\\\/wp-content\\\/uploads\\\/2021\\\/09\\\/Cendrex-logo-2018-PMS-scaled.jpg\",\"contentUrl\":\"https:\\\/\\\/cendrex.com\\\/wp-content\\\/uploads\\\/2021\\\/09\\\/Cendrex-logo-2018-PMS-scaled.jpg\",\"width\":1200,\"height\":267,\"caption\":\"Cendrex\"},\"image\":{\"@id\":\"https:\\\/\\\/cendrex.com\\\/en\\\/#\\\/schema\\\/logo\\\/image\\\/\"}}]}<\/script>\n<!-- \/ Yoast SEO plugin. -->","yoast_head_json":{"title":"HE-400-00- Bo\u00eete aux lettres horizontale- Acier satin\u00e9- Cendrex","description":"HE-400-00. Bo\u00eete aux lettres horizontale \u00e0 acc\u00e8s par l'avant. Installation ext\u00e9rieure. Serrure ma\u00eetresse. Serrure \u00e0 cylindre avec 2 cl\u00e9s. Nos serrures sont conformes aux normes de Poste Canada","robots":{"index":"index","follow":"follow","max-snippet":"max-snippet:-1","max-image-preview":"max-image-preview:large","max-video-preview":"max-video-preview:-1"},"canonical":"https:\/\/cendrex.com\/fr\/produit\/he-400-00\/","og_locale":"fr_CA","og_type":"article","og_title":"HE-400-00- Bo\u00eete aux lettres horizontale- Acier satin\u00e9- Cendrex","og_description":"HE-400-00. Bo\u00eete aux lettres horizontale \u00e0 acc\u00e8s par l'avant. Installation ext\u00e9rieure. Serrure ma\u00eetresse. Serrure \u00e0 cylindre avec 2 cl\u00e9s. Nos serrures sont conformes aux normes de Poste Canada","og_url":"https:\/\/cendrex.com\/fr\/produit\/he-400-00\/","og_site_name":"Cendrex","article_modified_time":"2024-07-02T20:05:53+00:00","og_image":[{"width":768,"height":768,"url":"https:\/\/cendrex.com\/wp-content\/uploads\/2018\/11\/HE-400-00-1.jpg","type":"image\/jpeg"}],"twitter_card":"summary_large_image","twitter_misc":{"Estimation du temps de lecture":"1 minute"},"schema":{"@context":"https:\/\/schema.org","@graph":[{"@type":"WebPage","@id":"https:\/\/cendrex.com\/fr\/produit\/he-400-00\/","url":"https:\/\/cendrex.com\/fr\/produit\/he-400-00\/","name":"HE-400-00- Bo\u00eete aux lettres horizontale- Acier satin\u00e9- Cendrex","isPartOf":{"@id":"https:\/\/cendrex.com\/en\/#website"},"primaryImageOfPage":{"@id":"https:\/\/cendrex.com\/fr\/produit\/he-400-00\/#primaryimage"},"image":{"@id":"https:\/\/cendrex.com\/fr\/produit\/he-400-00\/#primaryimage"},"thumbnailUrl":"https:\/\/cendrex.com\/wp-content\/uploads\/2018\/11\/HE-400-00-1.jpg","datePublished":"2018-11-15T21:03:14+00:00","dateModified":"2024-07-02T20:05:53+00:00","description":"HE-400-00. Bo\u00eete aux lettres horizontale \u00e0 acc\u00e8s par l'avant. Installation ext\u00e9rieure. Serrure ma\u00eetresse. Serrure \u00e0 cylindre avec 2 cl\u00e9s. Nos serrures sont conformes aux normes de Poste Canada","breadcrumb":{"@id":"https:\/\/cendrex.com\/fr\/produit\/he-400-00\/#breadcrumb"},"inLanguage":"fr-CA","potentialAction":[{"@type":"ReadAction","target":["https:\/\/cendrex.com\/fr\/produit\/he-400-00\/"]}]},{"@type":"ImageObject","inLanguage":"fr-CA","@id":"https:\/\/cendrex.com\/fr\/produit\/he-400-00\/#primaryimage","url":"https:\/\/cendrex.com\/wp-content\/uploads\/2018\/11\/HE-400-00-1.jpg","contentUrl":"https:\/\/cendrex.com\/wp-content\/uploads\/2018\/11\/HE-400-00-1.jpg","width":768,"height":768,"caption":"HE-400-00- Bo\u00eete aux lettres horizontale \u00e0 acc\u00e8s par l'avant- \u00e0 installer \u00e0 l'ext\u00e9rieur d'un immeuble, Postes Canada"},{"@type":"BreadcrumbList","@id":"https:\/\/cendrex.com\/fr\/produit\/he-400-00\/#breadcrumb","itemListElement":[{"@type":"ListItem","position":1,"name":"Products","item":"https:\/\/cendrex.com\/en\/products\/"},{"@type":"ListItem","position":2,"name":"HE-400-00"}]},{"@type":"WebSite","@id":"https:\/\/cendrex.com\/en\/#website","url":"https:\/\/cendrex.com\/en\/","name":"Cendrex","description":"Fabricant de portes d&#039;acc\u00e8s","publisher":{"@id":"https:\/\/cendrex.com\/en\/#organization"},"potentialAction":[{"@type":"SearchAction","target":{"@type":"EntryPoint","urlTemplate":"https:\/\/cendrex.com\/en\/?s={search_term_string}"},"query-input":{"@type":"PropertyValueSpecification","valueRequired":true,"valueName":"search_term_string"}}],"inLanguage":"fr-CA"},{"@type":"Organization","@id":"https:\/\/cendrex.com\/en\/#organization","name":"Cendrex","url":"https:\/\/cendrex.com\/en\/","logo":{"@type":"ImageObject","inLanguage":"fr-CA","@id":"https:\/\/cendrex.com\/en\/#\/schema\/logo\/image\/","url":"https:\/\/cendrex.com\/wp-content\/uploads\/2021\/09\/Cendrex-logo-2018-PMS-scaled.jpg","contentUrl":"https:\/\/cendrex.com\/wp-content\/uploads\/2021\/09\/Cendrex-logo-2018-PMS-scaled.jpg","width":1200,"height":267,"caption":"Cendrex"},"image":{"@id":"https:\/\/cendrex.com\/en\/#\/schema\/logo\/image\/"}}]}},"_links":{"self":[{"href":"https:\/\/cendrex.com\/fr\/wp-json\/wp\/v2\/product\/20337","targetHints":{"allow":["GET"]}}],"collection":[{"href":"https:\/\/cendrex.com\/fr\/wp-json\/wp\/v2\/product"}],"about":[{"href":"https:\/\/cendrex.com\/fr\/wp-json\/wp\/v2\/types\/product"}],"version-history":[{"count":0,"href":"https:\/\/cendrex.com\/fr\/wp-json\/wp\/v2\/product\/20337\/revisions"}],"wp:featuredmedia":[{"embeddable":true,"href":"https:\/\/cendrex.com\/fr\/wp-json\/wp\/v2\/media\/21883"}],"wp:attachment":[{"href":"https:\/\/cendrex.com\/fr\/wp-json\/wp\/v2\/media?parent=20337"}],"wp:term":[{"taxonomy":"product_brand","embeddable":true,"href":"https:\/\/cendrex.com\/fr\/wp-json\/wp\/v2\/product_brand?post=20337"},{"taxonomy":"product_cat","embeddable":true,"href":"https:\/\/cendrex.com\/fr\/wp-json\/wp\/v2\/product_cat?post=20337"},{"taxonomy":"product_tag","embeddable":true,"href":"https:\/\/cendrex.com\/fr\/wp-json\/wp\/v2\/product_tag?post=20337"}],"curies":[{"name":"wp","href":"https:\/\/api.w.org\/{rel}","templated":true}]}}