{"id":20324,"date":"2018-11-15T15:58:47","date_gmt":"2018-11-15T21:02:45","guid":{"rendered":""},"modified":"2025-06-19T12:43:31","modified_gmt":"2025-06-19T16:43:31","slug":"hr-2001-00","status":"publish","type":"product","link":"https:\/\/cendrex.com\/fr\/produit\/hr-2001-00\/","title":{"rendered":"HR-2001-00"},"content":{"rendered":"","protected":false},"excerpt":{"rendered":"<p>Pour le courrier interne, les compartiments individuels sont de plus petites dimensions, accessibles \u00e0 partir d&#8217;une salle de courrier situ\u00e9e directement derri\u00e8re la batterie. De plus, tous les compartiments sont verrouill\u00e9s individuellement. Id\u00e9al pour les universit\u00e9s, les h\u00f4pitaux, les entreprises de transport, les centres de distribution de courrier internes, les bases militaires et autres besoins de rangement individuel et s\u00e9curitaire.<\/p>\n<div id=\"__kantu_mark__\"><\/div>\n<div id=\"__kantu_mark__\"><\/div>\n","protected":false},"featured_media":21877,"template":"","meta":{"_acf_changed":false,"inline_featured_image":false},"product_brand":[],"product_cat":[421,420],"product_tag":[],"class_list":{"0":"post-20324","1":"product","2":"type-product","3":"status-publish","4":"has-post-thumbnail","6":"product_cat-boite-aux-lettres-horizontales","7":"product_cat-boites-aux-lettres","8":"product_shipping_class-1-fr","9":"pa_type-of-loading-a-acces-par-larriere","10":"pa_type-of-use-pour-linterieur","12":"first","13":"instock","14":"purchasable","15":"product-type-variable"},"acf":[],"yoast_head":"<!-- This site is optimized with the Yoast SEO plugin v27.3 - https:\/\/yoast.com\/product\/yoast-seo-wordpress\/ -->\n<title>HR-2001-00- Bo\u00eete aux lettres horizontale- Acier satin\u00e9- Cendrex<\/title>\n<meta name=\"description\" content=\"HR-2001-00. Bo\u00eete aux lettres horizontale \u00e0 acc\u00e8s par l&#039;arri\u00e8re, mod\u00e8le encastr\u00e9. Pour le courrier interne. Installation int\u00e9rieure. Universit\u00e9s, h\u00f4pitaux.\" \/>\n<meta name=\"robots\" content=\"index, follow, max-snippet:-1, max-image-preview:large, max-video-preview:-1\" \/>\n<link rel=\"canonical\" href=\"https:\/\/cendrex.com\/fr\/produit\/hr-2001-00\/\" \/>\n<meta property=\"og:locale\" content=\"fr_CA\" \/>\n<meta property=\"og:type\" content=\"article\" \/>\n<meta property=\"og:title\" content=\"HR-2001-00- Bo\u00eete aux lettres horizontale- Acier satin\u00e9- Cendrex\" \/>\n<meta property=\"og:description\" content=\"HR-2001-00. Bo\u00eete aux lettres horizontale \u00e0 acc\u00e8s par l&#039;arri\u00e8re, mod\u00e8le encastr\u00e9. Pour le courrier interne. Installation int\u00e9rieure. Universit\u00e9s, h\u00f4pitaux.\" \/>\n<meta property=\"og:url\" content=\"https:\/\/cendrex.com\/fr\/produit\/hr-2001-00\/\" \/>\n<meta property=\"og:site_name\" content=\"Cendrex\" \/>\n<meta property=\"article:modified_time\" content=\"2025-06-19T16:43:31+00:00\" \/>\n<meta property=\"og:image\" content=\"https:\/\/cendrex.com\/wp-content\/uploads\/2018\/11\/H-2001-00-1.jpg\" \/>\n\t<meta property=\"og:image:width\" content=\"768\" \/>\n\t<meta property=\"og:image:height\" content=\"768\" \/>\n\t<meta property=\"og:image:type\" content=\"image\/jpeg\" \/>\n<meta name=\"twitter:card\" content=\"summary_large_image\" \/>\n<meta name=\"twitter:label1\" content=\"Estimation du temps de lecture\" \/>\n\t<meta name=\"twitter:data1\" content=\"1 minute\" \/>\n<script type=\"application\/ld+json\" class=\"yoast-schema-graph\">{\"@context\":\"https:\\\/\\\/schema.org\",\"@graph\":[{\"@type\":\"WebPage\",\"@id\":\"https:\\\/\\\/cendrex.com\\\/fr\\\/produit\\\/hr-2001-00\\\/\",\"url\":\"https:\\\/\\\/cendrex.com\\\/fr\\\/produit\\\/hr-2001-00\\\/\",\"name\":\"HR-2001-00- Bo\u00eete aux lettres horizontale- Acier satin\u00e9- Cendrex\",\"isPartOf\":{\"@id\":\"https:\\\/\\\/cendrex.com\\\/en\\\/#website\"},\"primaryImageOfPage\":{\"@id\":\"https:\\\/\\\/cendrex.com\\\/fr\\\/produit\\\/hr-2001-00\\\/#primaryimage\"},\"image\":{\"@id\":\"https:\\\/\\\/cendrex.com\\\/fr\\\/produit\\\/hr-2001-00\\\/#primaryimage\"},\"thumbnailUrl\":\"https:\\\/\\\/cendrex.com\\\/wp-content\\\/uploads\\\/2018\\\/11\\\/H-2001-00-1.jpg\",\"datePublished\":\"2018-11-15T21:02:45+00:00\",\"dateModified\":\"2025-06-19T16:43:31+00:00\",\"description\":\"HR-2001-00. Bo\u00eete aux lettres horizontale \u00e0 acc\u00e8s par l'arri\u00e8re, mod\u00e8le encastr\u00e9. Pour le courrier interne. Installation int\u00e9rieure. Universit\u00e9s, h\u00f4pitaux.\",\"breadcrumb\":{\"@id\":\"https:\\\/\\\/cendrex.com\\\/fr\\\/produit\\\/hr-2001-00\\\/#breadcrumb\"},\"inLanguage\":\"fr-CA\",\"potentialAction\":[{\"@type\":\"ReadAction\",\"target\":[\"https:\\\/\\\/cendrex.com\\\/fr\\\/produit\\\/hr-2001-00\\\/\"]}]},{\"@type\":\"ImageObject\",\"inLanguage\":\"fr-CA\",\"@id\":\"https:\\\/\\\/cendrex.com\\\/fr\\\/produit\\\/hr-2001-00\\\/#primaryimage\",\"url\":\"https:\\\/\\\/cendrex.com\\\/wp-content\\\/uploads\\\/2018\\\/11\\\/H-2001-00-1.jpg\",\"contentUrl\":\"https:\\\/\\\/cendrex.com\\\/wp-content\\\/uploads\\\/2018\\\/11\\\/H-2001-00-1.jpg\",\"width\":768,\"height\":768,\"caption\":\"HR-1001-00- Bo\u00eete aux lettres horizontale \u00e0 acc\u00e8s par l'arri\u00e8re, mod\u00e8le encastr\u00e9- \u00e0 installer \u00e0 l'int\u00e9rieur d'un immeuble, Postes Canada\"},{\"@type\":\"BreadcrumbList\",\"@id\":\"https:\\\/\\\/cendrex.com\\\/fr\\\/produit\\\/hr-2001-00\\\/#breadcrumb\",\"itemListElement\":[{\"@type\":\"ListItem\",\"position\":1,\"name\":\"Products\",\"item\":\"https:\\\/\\\/cendrex.com\\\/en\\\/products\\\/\"},{\"@type\":\"ListItem\",\"position\":2,\"name\":\"HR-2001-00\"}]},{\"@type\":\"WebSite\",\"@id\":\"https:\\\/\\\/cendrex.com\\\/en\\\/#website\",\"url\":\"https:\\\/\\\/cendrex.com\\\/en\\\/\",\"name\":\"Cendrex\",\"description\":\"Fabricant de portes d&#039;acc\u00e8s\",\"publisher\":{\"@id\":\"https:\\\/\\\/cendrex.com\\\/en\\\/#organization\"},\"potentialAction\":[{\"@type\":\"SearchAction\",\"target\":{\"@type\":\"EntryPoint\",\"urlTemplate\":\"https:\\\/\\\/cendrex.com\\\/en\\\/?s={search_term_string}\"},\"query-input\":{\"@type\":\"PropertyValueSpecification\",\"valueRequired\":true,\"valueName\":\"search_term_string\"}}],\"inLanguage\":\"fr-CA\"},{\"@type\":\"Organization\",\"@id\":\"https:\\\/\\\/cendrex.com\\\/en\\\/#organization\",\"name\":\"Cendrex\",\"url\":\"https:\\\/\\\/cendrex.com\\\/en\\\/\",\"logo\":{\"@type\":\"ImageObject\",\"inLanguage\":\"fr-CA\",\"@id\":\"https:\\\/\\\/cendrex.com\\\/en\\\/#\\\/schema\\\/logo\\\/image\\\/\",\"url\":\"https:\\\/\\\/cendrex.com\\\/wp-content\\\/uploads\\\/2021\\\/09\\\/Cendrex-logo-2018-PMS-scaled.jpg\",\"contentUrl\":\"https:\\\/\\\/cendrex.com\\\/wp-content\\\/uploads\\\/2021\\\/09\\\/Cendrex-logo-2018-PMS-scaled.jpg\",\"width\":1200,\"height\":267,\"caption\":\"Cendrex\"},\"image\":{\"@id\":\"https:\\\/\\\/cendrex.com\\\/en\\\/#\\\/schema\\\/logo\\\/image\\\/\"}}]}<\/script>\n<!-- \/ Yoast SEO plugin. -->","yoast_head_json":{"title":"HR-2001-00- Bo\u00eete aux lettres horizontale- Acier satin\u00e9- Cendrex","description":"HR-2001-00. Bo\u00eete aux lettres horizontale \u00e0 acc\u00e8s par l'arri\u00e8re, mod\u00e8le encastr\u00e9. Pour le courrier interne. Installation int\u00e9rieure. Universit\u00e9s, h\u00f4pitaux.","robots":{"index":"index","follow":"follow","max-snippet":"max-snippet:-1","max-image-preview":"max-image-preview:large","max-video-preview":"max-video-preview:-1"},"canonical":"https:\/\/cendrex.com\/fr\/produit\/hr-2001-00\/","og_locale":"fr_CA","og_type":"article","og_title":"HR-2001-00- Bo\u00eete aux lettres horizontale- Acier satin\u00e9- Cendrex","og_description":"HR-2001-00. Bo\u00eete aux lettres horizontale \u00e0 acc\u00e8s par l'arri\u00e8re, mod\u00e8le encastr\u00e9. Pour le courrier interne. Installation int\u00e9rieure. Universit\u00e9s, h\u00f4pitaux.","og_url":"https:\/\/cendrex.com\/fr\/produit\/hr-2001-00\/","og_site_name":"Cendrex","article_modified_time":"2025-06-19T16:43:31+00:00","og_image":[{"width":768,"height":768,"url":"https:\/\/cendrex.com\/wp-content\/uploads\/2018\/11\/H-2001-00-1.jpg","type":"image\/jpeg"}],"twitter_card":"summary_large_image","twitter_misc":{"Estimation du temps de lecture":"1 minute"},"schema":{"@context":"https:\/\/schema.org","@graph":[{"@type":"WebPage","@id":"https:\/\/cendrex.com\/fr\/produit\/hr-2001-00\/","url":"https:\/\/cendrex.com\/fr\/produit\/hr-2001-00\/","name":"HR-2001-00- Bo\u00eete aux lettres horizontale- Acier satin\u00e9- Cendrex","isPartOf":{"@id":"https:\/\/cendrex.com\/en\/#website"},"primaryImageOfPage":{"@id":"https:\/\/cendrex.com\/fr\/produit\/hr-2001-00\/#primaryimage"},"image":{"@id":"https:\/\/cendrex.com\/fr\/produit\/hr-2001-00\/#primaryimage"},"thumbnailUrl":"https:\/\/cendrex.com\/wp-content\/uploads\/2018\/11\/H-2001-00-1.jpg","datePublished":"2018-11-15T21:02:45+00:00","dateModified":"2025-06-19T16:43:31+00:00","description":"HR-2001-00. Bo\u00eete aux lettres horizontale \u00e0 acc\u00e8s par l'arri\u00e8re, mod\u00e8le encastr\u00e9. Pour le courrier interne. Installation int\u00e9rieure. Universit\u00e9s, h\u00f4pitaux.","breadcrumb":{"@id":"https:\/\/cendrex.com\/fr\/produit\/hr-2001-00\/#breadcrumb"},"inLanguage":"fr-CA","potentialAction":[{"@type":"ReadAction","target":["https:\/\/cendrex.com\/fr\/produit\/hr-2001-00\/"]}]},{"@type":"ImageObject","inLanguage":"fr-CA","@id":"https:\/\/cendrex.com\/fr\/produit\/hr-2001-00\/#primaryimage","url":"https:\/\/cendrex.com\/wp-content\/uploads\/2018\/11\/H-2001-00-1.jpg","contentUrl":"https:\/\/cendrex.com\/wp-content\/uploads\/2018\/11\/H-2001-00-1.jpg","width":768,"height":768,"caption":"HR-1001-00- Bo\u00eete aux lettres horizontale \u00e0 acc\u00e8s par l'arri\u00e8re, mod\u00e8le encastr\u00e9- \u00e0 installer \u00e0 l'int\u00e9rieur d'un immeuble, Postes Canada"},{"@type":"BreadcrumbList","@id":"https:\/\/cendrex.com\/fr\/produit\/hr-2001-00\/#breadcrumb","itemListElement":[{"@type":"ListItem","position":1,"name":"Products","item":"https:\/\/cendrex.com\/en\/products\/"},{"@type":"ListItem","position":2,"name":"HR-2001-00"}]},{"@type":"WebSite","@id":"https:\/\/cendrex.com\/en\/#website","url":"https:\/\/cendrex.com\/en\/","name":"Cendrex","description":"Fabricant de portes d&#039;acc\u00e8s","publisher":{"@id":"https:\/\/cendrex.com\/en\/#organization"},"potentialAction":[{"@type":"SearchAction","target":{"@type":"EntryPoint","urlTemplate":"https:\/\/cendrex.com\/en\/?s={search_term_string}"},"query-input":{"@type":"PropertyValueSpecification","valueRequired":true,"valueName":"search_term_string"}}],"inLanguage":"fr-CA"},{"@type":"Organization","@id":"https:\/\/cendrex.com\/en\/#organization","name":"Cendrex","url":"https:\/\/cendrex.com\/en\/","logo":{"@type":"ImageObject","inLanguage":"fr-CA","@id":"https:\/\/cendrex.com\/en\/#\/schema\/logo\/image\/","url":"https:\/\/cendrex.com\/wp-content\/uploads\/2021\/09\/Cendrex-logo-2018-PMS-scaled.jpg","contentUrl":"https:\/\/cendrex.com\/wp-content\/uploads\/2021\/09\/Cendrex-logo-2018-PMS-scaled.jpg","width":1200,"height":267,"caption":"Cendrex"},"image":{"@id":"https:\/\/cendrex.com\/en\/#\/schema\/logo\/image\/"}}]}},"_links":{"self":[{"href":"https:\/\/cendrex.com\/fr\/wp-json\/wp\/v2\/product\/20324","targetHints":{"allow":["GET"]}}],"collection":[{"href":"https:\/\/cendrex.com\/fr\/wp-json\/wp\/v2\/product"}],"about":[{"href":"https:\/\/cendrex.com\/fr\/wp-json\/wp\/v2\/types\/product"}],"version-history":[{"count":1,"href":"https:\/\/cendrex.com\/fr\/wp-json\/wp\/v2\/product\/20324\/revisions"}],"predecessor-version":[{"id":42434,"href":"https:\/\/cendrex.com\/fr\/wp-json\/wp\/v2\/product\/20324\/revisions\/42434"}],"wp:featuredmedia":[{"embeddable":true,"href":"https:\/\/cendrex.com\/fr\/wp-json\/wp\/v2\/media\/21877"}],"wp:attachment":[{"href":"https:\/\/cendrex.com\/fr\/wp-json\/wp\/v2\/media?parent=20324"}],"wp:term":[{"taxonomy":"product_brand","embeddable":true,"href":"https:\/\/cendrex.com\/fr\/wp-json\/wp\/v2\/product_brand?post=20324"},{"taxonomy":"product_cat","embeddable":true,"href":"https:\/\/cendrex.com\/fr\/wp-json\/wp\/v2\/product_cat?post=20324"},{"taxonomy":"product_tag","embeddable":true,"href":"https:\/\/cendrex.com\/fr\/wp-json\/wp\/v2\/product_tag?post=20324"}],"curies":[{"name":"wp","href":"https:\/\/api.w.org\/{rel}","templated":true}]}}