{"id":17934,"date":"2018-10-16T09:11:41","date_gmt":"2018-10-16T13:41:24","guid":{"rendered":"https:\/\/cendrex.p3f.dev\/product\/ppa-100k\/"},"modified":"2024-06-17T10:12:50","modified_gmt":"2024-06-17T14:12:50","slug":"ppa-100k","status":"publish","type":"product","link":"https:\/\/cendrex.com\/fr\/produit\/ppa-100k\/","title":{"rendered":"PPA-100K"},"content":{"rendered":"","protected":false},"excerpt":{"rendered":"<p>Trappe de plancher en aluminium assurant un acc\u00e8s s\u00fbr et s\u00e9curitaire entre les planchers de l&#8217;immeuble. Avec loquet \u00e0 came \u00e0 poign\u00e9e encastr\u00e9e actionn\u00e9 par cl\u00e9.<\/p>\n","protected":false},"featured_media":22232,"template":"","meta":{"_acf_changed":false,"inline_featured_image":false},"product_brand":[],"product_cat":[227],"product_tag":[],"class_list":{"0":"post-17934","1":"product","2":"type-product","3":"status-publish","4":"has-post-thumbnail","6":"product_cat-trappes-de-plancher","7":"product_shipping_class-1-fr","8":"pa_flange-cadre-apparent","9":"pa_handle-poignee-a-cle","10":"pa_hinge-penture-piano","11":"pa_installation-planchers","12":"pa_material-aluminium","14":"first","15":"instock","16":"purchasable","17":"product-type-variable"},"acf":[],"yoast_head":"<!-- This site is optimized with the Yoast SEO plugin v27.3 - https:\/\/yoast.com\/product\/yoast-seo-wordpress\/ -->\n<title>PPA-100K- Trappe de plancher en Aluminium- Cendrex<\/title>\n<meta name=\"description\" content=\"PPA-100K. Trappe de plancher en aluminium avec cadre apparent. Poign\u00e9e encastr\u00e9e \u00e0 cl\u00e9. Penture robuste de type piano en aluminium.\" \/>\n<meta name=\"robots\" content=\"index, follow, max-snippet:-1, max-image-preview:large, max-video-preview:-1\" \/>\n<link rel=\"canonical\" href=\"https:\/\/cendrex.com\/fr\/produit\/ppa-100k\/\" \/>\n<meta property=\"og:locale\" content=\"fr_CA\" \/>\n<meta property=\"og:type\" content=\"article\" \/>\n<meta property=\"og:title\" content=\"PPA-100K- Trappe de plancher en Aluminium- Cendrex\" \/>\n<meta property=\"og:description\" content=\"PPA-100K. Trappe de plancher en aluminium avec cadre apparent. Poign\u00e9e encastr\u00e9e \u00e0 cl\u00e9. Penture robuste de type piano en aluminium.\" \/>\n<meta property=\"og:url\" content=\"https:\/\/cendrex.com\/fr\/produit\/ppa-100k\/\" \/>\n<meta property=\"og:site_name\" content=\"Cendrex\" \/>\n<meta property=\"article:modified_time\" content=\"2024-06-17T14:12:50+00:00\" \/>\n<meta property=\"og:image\" content=\"https:\/\/cendrex.com\/wp-content\/uploads\/2018\/10\/PPA-100K-1-1.jpg\" \/>\n\t<meta property=\"og:image:width\" content=\"768\" \/>\n\t<meta property=\"og:image:height\" content=\"768\" \/>\n\t<meta property=\"og:image:type\" content=\"image\/jpeg\" \/>\n<meta name=\"twitter:card\" content=\"summary_large_image\" \/>\n<meta name=\"twitter:label1\" content=\"Estimation du temps de lecture\" \/>\n\t<meta name=\"twitter:data1\" content=\"1 minute\" \/>\n<script type=\"application\/ld+json\" class=\"yoast-schema-graph\">{\"@context\":\"https:\\\/\\\/schema.org\",\"@graph\":[{\"@type\":\"WebPage\",\"@id\":\"https:\\\/\\\/cendrex.com\\\/fr\\\/produit\\\/ppa-100k\\\/\",\"url\":\"https:\\\/\\\/cendrex.com\\\/fr\\\/produit\\\/ppa-100k\\\/\",\"name\":\"PPA-100K- Trappe de plancher en Aluminium- Cendrex\",\"isPartOf\":{\"@id\":\"https:\\\/\\\/cendrex.com\\\/en\\\/#website\"},\"primaryImageOfPage\":{\"@id\":\"https:\\\/\\\/cendrex.com\\\/fr\\\/produit\\\/ppa-100k\\\/#primaryimage\"},\"image\":{\"@id\":\"https:\\\/\\\/cendrex.com\\\/fr\\\/produit\\\/ppa-100k\\\/#primaryimage\"},\"thumbnailUrl\":\"https:\\\/\\\/cendrex.com\\\/wp-content\\\/uploads\\\/2018\\\/10\\\/PPA-100K-1-1.jpg\",\"datePublished\":\"2018-10-16T13:41:24+00:00\",\"dateModified\":\"2024-06-17T14:12:50+00:00\",\"description\":\"PPA-100K. Trappe de plancher en aluminium avec cadre apparent. Poign\u00e9e encastr\u00e9e \u00e0 cl\u00e9. Penture robuste de type piano en aluminium.\",\"breadcrumb\":{\"@id\":\"https:\\\/\\\/cendrex.com\\\/fr\\\/produit\\\/ppa-100k\\\/#breadcrumb\"},\"inLanguage\":\"fr-CA\",\"potentialAction\":[{\"@type\":\"ReadAction\",\"target\":[\"https:\\\/\\\/cendrex.com\\\/fr\\\/produit\\\/ppa-100k\\\/\"]}]},{\"@type\":\"ImageObject\",\"inLanguage\":\"fr-CA\",\"@id\":\"https:\\\/\\\/cendrex.com\\\/fr\\\/produit\\\/ppa-100k\\\/#primaryimage\",\"url\":\"https:\\\/\\\/cendrex.com\\\/wp-content\\\/uploads\\\/2018\\\/10\\\/PPA-100K-1-1.jpg\",\"contentUrl\":\"https:\\\/\\\/cendrex.com\\\/wp-content\\\/uploads\\\/2018\\\/10\\\/PPA-100K-1-1.jpg\",\"width\":768,\"height\":768,\"caption\":\"PPA-100K- Trappe de plancher en aluminium avec cadre apparent- poign\u00e9e encastr\u00e9e \u00e0 cl\u00e9, penture robuste de type piano en aluminium\"},{\"@type\":\"BreadcrumbList\",\"@id\":\"https:\\\/\\\/cendrex.com\\\/fr\\\/produit\\\/ppa-100k\\\/#breadcrumb\",\"itemListElement\":[{\"@type\":\"ListItem\",\"position\":1,\"name\":\"Products\",\"item\":\"https:\\\/\\\/cendrex.com\\\/en\\\/products\\\/\"},{\"@type\":\"ListItem\",\"position\":2,\"name\":\"PPA-100K\"}]},{\"@type\":\"WebSite\",\"@id\":\"https:\\\/\\\/cendrex.com\\\/en\\\/#website\",\"url\":\"https:\\\/\\\/cendrex.com\\\/en\\\/\",\"name\":\"Cendrex\",\"description\":\"Fabricant de portes d&#039;acc\u00e8s\",\"publisher\":{\"@id\":\"https:\\\/\\\/cendrex.com\\\/en\\\/#organization\"},\"potentialAction\":[{\"@type\":\"SearchAction\",\"target\":{\"@type\":\"EntryPoint\",\"urlTemplate\":\"https:\\\/\\\/cendrex.com\\\/en\\\/?s={search_term_string}\"},\"query-input\":{\"@type\":\"PropertyValueSpecification\",\"valueRequired\":true,\"valueName\":\"search_term_string\"}}],\"inLanguage\":\"fr-CA\"},{\"@type\":\"Organization\",\"@id\":\"https:\\\/\\\/cendrex.com\\\/en\\\/#organization\",\"name\":\"Cendrex\",\"url\":\"https:\\\/\\\/cendrex.com\\\/en\\\/\",\"logo\":{\"@type\":\"ImageObject\",\"inLanguage\":\"fr-CA\",\"@id\":\"https:\\\/\\\/cendrex.com\\\/en\\\/#\\\/schema\\\/logo\\\/image\\\/\",\"url\":\"https:\\\/\\\/cendrex.com\\\/wp-content\\\/uploads\\\/2021\\\/09\\\/Cendrex-logo-2018-PMS-scaled.jpg\",\"contentUrl\":\"https:\\\/\\\/cendrex.com\\\/wp-content\\\/uploads\\\/2021\\\/09\\\/Cendrex-logo-2018-PMS-scaled.jpg\",\"width\":1200,\"height\":267,\"caption\":\"Cendrex\"},\"image\":{\"@id\":\"https:\\\/\\\/cendrex.com\\\/en\\\/#\\\/schema\\\/logo\\\/image\\\/\"}}]}<\/script>\n<!-- \/ Yoast SEO plugin. -->","yoast_head_json":{"title":"PPA-100K- Trappe de plancher en Aluminium- Cendrex","description":"PPA-100K. Trappe de plancher en aluminium avec cadre apparent. Poign\u00e9e encastr\u00e9e \u00e0 cl\u00e9. Penture robuste de type piano en aluminium.","robots":{"index":"index","follow":"follow","max-snippet":"max-snippet:-1","max-image-preview":"max-image-preview:large","max-video-preview":"max-video-preview:-1"},"canonical":"https:\/\/cendrex.com\/fr\/produit\/ppa-100k\/","og_locale":"fr_CA","og_type":"article","og_title":"PPA-100K- Trappe de plancher en Aluminium- Cendrex","og_description":"PPA-100K. Trappe de plancher en aluminium avec cadre apparent. Poign\u00e9e encastr\u00e9e \u00e0 cl\u00e9. Penture robuste de type piano en aluminium.","og_url":"https:\/\/cendrex.com\/fr\/produit\/ppa-100k\/","og_site_name":"Cendrex","article_modified_time":"2024-06-17T14:12:50+00:00","og_image":[{"width":768,"height":768,"url":"https:\/\/cendrex.com\/wp-content\/uploads\/2018\/10\/PPA-100K-1-1.jpg","type":"image\/jpeg"}],"twitter_card":"summary_large_image","twitter_misc":{"Estimation du temps de lecture":"1 minute"},"schema":{"@context":"https:\/\/schema.org","@graph":[{"@type":"WebPage","@id":"https:\/\/cendrex.com\/fr\/produit\/ppa-100k\/","url":"https:\/\/cendrex.com\/fr\/produit\/ppa-100k\/","name":"PPA-100K- Trappe de plancher en Aluminium- Cendrex","isPartOf":{"@id":"https:\/\/cendrex.com\/en\/#website"},"primaryImageOfPage":{"@id":"https:\/\/cendrex.com\/fr\/produit\/ppa-100k\/#primaryimage"},"image":{"@id":"https:\/\/cendrex.com\/fr\/produit\/ppa-100k\/#primaryimage"},"thumbnailUrl":"https:\/\/cendrex.com\/wp-content\/uploads\/2018\/10\/PPA-100K-1-1.jpg","datePublished":"2018-10-16T13:41:24+00:00","dateModified":"2024-06-17T14:12:50+00:00","description":"PPA-100K. Trappe de plancher en aluminium avec cadre apparent. Poign\u00e9e encastr\u00e9e \u00e0 cl\u00e9. Penture robuste de type piano en aluminium.","breadcrumb":{"@id":"https:\/\/cendrex.com\/fr\/produit\/ppa-100k\/#breadcrumb"},"inLanguage":"fr-CA","potentialAction":[{"@type":"ReadAction","target":["https:\/\/cendrex.com\/fr\/produit\/ppa-100k\/"]}]},{"@type":"ImageObject","inLanguage":"fr-CA","@id":"https:\/\/cendrex.com\/fr\/produit\/ppa-100k\/#primaryimage","url":"https:\/\/cendrex.com\/wp-content\/uploads\/2018\/10\/PPA-100K-1-1.jpg","contentUrl":"https:\/\/cendrex.com\/wp-content\/uploads\/2018\/10\/PPA-100K-1-1.jpg","width":768,"height":768,"caption":"PPA-100K- Trappe de plancher en aluminium avec cadre apparent- poign\u00e9e encastr\u00e9e \u00e0 cl\u00e9, penture robuste de type piano en aluminium"},{"@type":"BreadcrumbList","@id":"https:\/\/cendrex.com\/fr\/produit\/ppa-100k\/#breadcrumb","itemListElement":[{"@type":"ListItem","position":1,"name":"Products","item":"https:\/\/cendrex.com\/en\/products\/"},{"@type":"ListItem","position":2,"name":"PPA-100K"}]},{"@type":"WebSite","@id":"https:\/\/cendrex.com\/en\/#website","url":"https:\/\/cendrex.com\/en\/","name":"Cendrex","description":"Fabricant de portes d&#039;acc\u00e8s","publisher":{"@id":"https:\/\/cendrex.com\/en\/#organization"},"potentialAction":[{"@type":"SearchAction","target":{"@type":"EntryPoint","urlTemplate":"https:\/\/cendrex.com\/en\/?s={search_term_string}"},"query-input":{"@type":"PropertyValueSpecification","valueRequired":true,"valueName":"search_term_string"}}],"inLanguage":"fr-CA"},{"@type":"Organization","@id":"https:\/\/cendrex.com\/en\/#organization","name":"Cendrex","url":"https:\/\/cendrex.com\/en\/","logo":{"@type":"ImageObject","inLanguage":"fr-CA","@id":"https:\/\/cendrex.com\/en\/#\/schema\/logo\/image\/","url":"https:\/\/cendrex.com\/wp-content\/uploads\/2021\/09\/Cendrex-logo-2018-PMS-scaled.jpg","contentUrl":"https:\/\/cendrex.com\/wp-content\/uploads\/2021\/09\/Cendrex-logo-2018-PMS-scaled.jpg","width":1200,"height":267,"caption":"Cendrex"},"image":{"@id":"https:\/\/cendrex.com\/en\/#\/schema\/logo\/image\/"}}]}},"_links":{"self":[{"href":"https:\/\/cendrex.com\/fr\/wp-json\/wp\/v2\/product\/17934","targetHints":{"allow":["GET"]}}],"collection":[{"href":"https:\/\/cendrex.com\/fr\/wp-json\/wp\/v2\/product"}],"about":[{"href":"https:\/\/cendrex.com\/fr\/wp-json\/wp\/v2\/types\/product"}],"version-history":[{"count":0,"href":"https:\/\/cendrex.com\/fr\/wp-json\/wp\/v2\/product\/17934\/revisions"}],"wp:featuredmedia":[{"embeddable":true,"href":"https:\/\/cendrex.com\/fr\/wp-json\/wp\/v2\/media\/22232"}],"wp:attachment":[{"href":"https:\/\/cendrex.com\/fr\/wp-json\/wp\/v2\/media?parent=17934"}],"wp:term":[{"taxonomy":"product_brand","embeddable":true,"href":"https:\/\/cendrex.com\/fr\/wp-json\/wp\/v2\/product_brand?post=17934"},{"taxonomy":"product_cat","embeddable":true,"href":"https:\/\/cendrex.com\/fr\/wp-json\/wp\/v2\/product_cat?post=17934"},{"taxonomy":"product_tag","embeddable":true,"href":"https:\/\/cendrex.com\/fr\/wp-json\/wp\/v2\/product_tag?post=17934"}],"curies":[{"name":"wp","href":"https:\/\/api.w.org\/{rel}","templated":true}]}}