{"id":17889,"date":"2018-10-16T09:10:08","date_gmt":"2018-10-16T13:39:58","guid":{"rendered":"https:\/\/cendrex.p3f.dev\/product\/btv-00\/"},"modified":"2024-06-14T12:31:25","modified_gmt":"2024-06-14T16:31:25","slug":"btv-00","status":"publish","type":"product","link":"https:\/\/cendrex.com\/fr\/produit\/btv-00\/","title":{"rendered":"BTV-00"},"content":{"rendered":"","protected":false},"excerpt":{"rendered":"<p>Compos\u00e9 d&#8217;un panneau de porte biseaut\u00e9 et d&#8217;un loquet \u00e0 came actionn\u00e9 par tournevis, le bo\u00eetier est muni d&#8217;une fen\u00eatre en plexiglass. Utile pour prot\u00e9ger tout type de robinet, soupape et conduites d&#8217;eau.<\/p>\n","protected":false},"featured_media":22004,"template":"","meta":{"_acf_changed":false,"inline_featured_image":false},"product_brand":[],"product_cat":[32,200],"product_tag":[],"class_list":{"0":"post-17889","1":"product","2":"type-product","3":"status-publish","4":"has-post-thumbnail","6":"product_cat-cabinets","7":"product_cat-panneaux-dacces","8":"product_shipping_class-1-fr","9":"pa_flange-cadre-dissimule","10":"pa_hinge-dissimule","11":"pa_locking-mechanism-niveau-de-securite-faible","12":"pa_material-acier-lamine-a-froid","14":"first","15":"instock","16":"purchasable","17":"product-type-variable"},"acf":[],"yoast_head":"<!-- This site is optimized with the Yoast SEO plugin v27.3 - https:\/\/yoast.com\/product\/yoast-seo-wordpress\/ -->\n<title>BTV-00 - Panneau d&#039;acc\u00e8s de sp\u00e9cialit\u00e9 en Acier lamin\u00e9- Cendrex<\/title>\n<meta name=\"description\" content=\"BTV-00. Cabinet multifonctionnel avec fen\u00eatre en Plexiglas et cadre dissimul\u00e9. Loquet \u00e0 tournevis. Charni\u00e8re de type pantographe. Murs et plafonds.\" \/>\n<meta name=\"robots\" content=\"index, follow, max-snippet:-1, max-image-preview:large, max-video-preview:-1\" \/>\n<link rel=\"canonical\" href=\"https:\/\/cendrex.com\/fr\/produit\/btv-00\/\" \/>\n<meta property=\"og:locale\" content=\"fr_CA\" \/>\n<meta property=\"og:type\" content=\"article\" \/>\n<meta property=\"og:title\" content=\"BTV-00 - Panneau d&#039;acc\u00e8s de sp\u00e9cialit\u00e9 en Acier lamin\u00e9- Cendrex\" \/>\n<meta property=\"og:description\" content=\"BTV-00. Cabinet multifonctionnel avec fen\u00eatre en Plexiglas et cadre dissimul\u00e9. Loquet \u00e0 tournevis. Charni\u00e8re de type pantographe. Murs et plafonds.\" \/>\n<meta property=\"og:url\" content=\"https:\/\/cendrex.com\/fr\/produit\/btv-00\/\" \/>\n<meta property=\"og:site_name\" content=\"Cendrex\" \/>\n<meta property=\"article:modified_time\" content=\"2024-06-14T16:31:25+00:00\" \/>\n<meta property=\"og:image\" content=\"https:\/\/cendrex.com\/wp-content\/uploads\/2018\/11\/BTV-00-1.jpg\" \/>\n\t<meta property=\"og:image:width\" content=\"768\" \/>\n\t<meta property=\"og:image:height\" content=\"768\" \/>\n\t<meta property=\"og:image:type\" content=\"image\/jpeg\" \/>\n<meta name=\"twitter:card\" content=\"summary_large_image\" \/>\n<meta name=\"twitter:label1\" content=\"Estimation du temps de lecture\" \/>\n\t<meta name=\"twitter:data1\" content=\"1 minute\" \/>\n<script type=\"application\/ld+json\" class=\"yoast-schema-graph\">{\"@context\":\"https:\\\/\\\/schema.org\",\"@graph\":[{\"@type\":\"WebPage\",\"@id\":\"https:\\\/\\\/cendrex.com\\\/fr\\\/produit\\\/btv-00\\\/\",\"url\":\"https:\\\/\\\/cendrex.com\\\/fr\\\/produit\\\/btv-00\\\/\",\"name\":\"BTV-00 - Panneau d'acc\u00e8s de sp\u00e9cialit\u00e9 en Acier lamin\u00e9- Cendrex\",\"isPartOf\":{\"@id\":\"https:\\\/\\\/cendrex.com\\\/en\\\/#website\"},\"primaryImageOfPage\":{\"@id\":\"https:\\\/\\\/cendrex.com\\\/fr\\\/produit\\\/btv-00\\\/#primaryimage\"},\"image\":{\"@id\":\"https:\\\/\\\/cendrex.com\\\/fr\\\/produit\\\/btv-00\\\/#primaryimage\"},\"thumbnailUrl\":\"https:\\\/\\\/cendrex.com\\\/wp-content\\\/uploads\\\/2018\\\/11\\\/BTV-00-1.jpg\",\"datePublished\":\"2018-10-16T13:39:58+00:00\",\"dateModified\":\"2024-06-14T16:31:25+00:00\",\"description\":\"BTV-00. Cabinet multifonctionnel avec fen\u00eatre en Plexiglas et cadre dissimul\u00e9. Loquet \u00e0 tournevis. Charni\u00e8re de type pantographe. Murs et plafonds.\",\"breadcrumb\":{\"@id\":\"https:\\\/\\\/cendrex.com\\\/fr\\\/produit\\\/btv-00\\\/#breadcrumb\"},\"inLanguage\":\"fr-CA\",\"potentialAction\":[{\"@type\":\"ReadAction\",\"target\":[\"https:\\\/\\\/cendrex.com\\\/fr\\\/produit\\\/btv-00\\\/\"]}]},{\"@type\":\"ImageObject\",\"inLanguage\":\"fr-CA\",\"@id\":\"https:\\\/\\\/cendrex.com\\\/fr\\\/produit\\\/btv-00\\\/#primaryimage\",\"url\":\"https:\\\/\\\/cendrex.com\\\/wp-content\\\/uploads\\\/2018\\\/11\\\/BTV-00-1.jpg\",\"contentUrl\":\"https:\\\/\\\/cendrex.com\\\/wp-content\\\/uploads\\\/2018\\\/11\\\/BTV-00-1.jpg\",\"width\":768,\"height\":768,\"caption\":\"BTV-00- Cabinet multifonctionnel avec fen\u00eatre en Plexiglass et cadre dissimul\u00e9- loquet \u00e0 tournevis, charni\u00e8re de type pantographe, panneau porte biseaut\u00e9\"},{\"@type\":\"BreadcrumbList\",\"@id\":\"https:\\\/\\\/cendrex.com\\\/fr\\\/produit\\\/btv-00\\\/#breadcrumb\",\"itemListElement\":[{\"@type\":\"ListItem\",\"position\":1,\"name\":\"Products\",\"item\":\"https:\\\/\\\/cendrex.com\\\/en\\\/products\\\/\"},{\"@type\":\"ListItem\",\"position\":2,\"name\":\"BTV-00\"}]},{\"@type\":\"WebSite\",\"@id\":\"https:\\\/\\\/cendrex.com\\\/en\\\/#website\",\"url\":\"https:\\\/\\\/cendrex.com\\\/en\\\/\",\"name\":\"Cendrex\",\"description\":\"Fabricant de portes d&#039;acc\u00e8s\",\"publisher\":{\"@id\":\"https:\\\/\\\/cendrex.com\\\/en\\\/#organization\"},\"potentialAction\":[{\"@type\":\"SearchAction\",\"target\":{\"@type\":\"EntryPoint\",\"urlTemplate\":\"https:\\\/\\\/cendrex.com\\\/en\\\/?s={search_term_string}\"},\"query-input\":{\"@type\":\"PropertyValueSpecification\",\"valueRequired\":true,\"valueName\":\"search_term_string\"}}],\"inLanguage\":\"fr-CA\"},{\"@type\":\"Organization\",\"@id\":\"https:\\\/\\\/cendrex.com\\\/en\\\/#organization\",\"name\":\"Cendrex\",\"url\":\"https:\\\/\\\/cendrex.com\\\/en\\\/\",\"logo\":{\"@type\":\"ImageObject\",\"inLanguage\":\"fr-CA\",\"@id\":\"https:\\\/\\\/cendrex.com\\\/en\\\/#\\\/schema\\\/logo\\\/image\\\/\",\"url\":\"https:\\\/\\\/cendrex.com\\\/wp-content\\\/uploads\\\/2021\\\/09\\\/Cendrex-logo-2018-PMS-scaled.jpg\",\"contentUrl\":\"https:\\\/\\\/cendrex.com\\\/wp-content\\\/uploads\\\/2021\\\/09\\\/Cendrex-logo-2018-PMS-scaled.jpg\",\"width\":1200,\"height\":267,\"caption\":\"Cendrex\"},\"image\":{\"@id\":\"https:\\\/\\\/cendrex.com\\\/en\\\/#\\\/schema\\\/logo\\\/image\\\/\"}}]}<\/script>\n<!-- \/ Yoast SEO plugin. -->","yoast_head_json":{"title":"BTV-00 - Panneau d'acc\u00e8s de sp\u00e9cialit\u00e9 en Acier lamin\u00e9- Cendrex","description":"BTV-00. Cabinet multifonctionnel avec fen\u00eatre en Plexiglas et cadre dissimul\u00e9. Loquet \u00e0 tournevis. Charni\u00e8re de type pantographe. Murs et plafonds.","robots":{"index":"index","follow":"follow","max-snippet":"max-snippet:-1","max-image-preview":"max-image-preview:large","max-video-preview":"max-video-preview:-1"},"canonical":"https:\/\/cendrex.com\/fr\/produit\/btv-00\/","og_locale":"fr_CA","og_type":"article","og_title":"BTV-00 - Panneau d'acc\u00e8s de sp\u00e9cialit\u00e9 en Acier lamin\u00e9- Cendrex","og_description":"BTV-00. Cabinet multifonctionnel avec fen\u00eatre en Plexiglas et cadre dissimul\u00e9. Loquet \u00e0 tournevis. Charni\u00e8re de type pantographe. Murs et plafonds.","og_url":"https:\/\/cendrex.com\/fr\/produit\/btv-00\/","og_site_name":"Cendrex","article_modified_time":"2024-06-14T16:31:25+00:00","og_image":[{"width":768,"height":768,"url":"https:\/\/cendrex.com\/wp-content\/uploads\/2018\/11\/BTV-00-1.jpg","type":"image\/jpeg"}],"twitter_card":"summary_large_image","twitter_misc":{"Estimation du temps de lecture":"1 minute"},"schema":{"@context":"https:\/\/schema.org","@graph":[{"@type":"WebPage","@id":"https:\/\/cendrex.com\/fr\/produit\/btv-00\/","url":"https:\/\/cendrex.com\/fr\/produit\/btv-00\/","name":"BTV-00 - Panneau d'acc\u00e8s de sp\u00e9cialit\u00e9 en Acier lamin\u00e9- Cendrex","isPartOf":{"@id":"https:\/\/cendrex.com\/en\/#website"},"primaryImageOfPage":{"@id":"https:\/\/cendrex.com\/fr\/produit\/btv-00\/#primaryimage"},"image":{"@id":"https:\/\/cendrex.com\/fr\/produit\/btv-00\/#primaryimage"},"thumbnailUrl":"https:\/\/cendrex.com\/wp-content\/uploads\/2018\/11\/BTV-00-1.jpg","datePublished":"2018-10-16T13:39:58+00:00","dateModified":"2024-06-14T16:31:25+00:00","description":"BTV-00. Cabinet multifonctionnel avec fen\u00eatre en Plexiglas et cadre dissimul\u00e9. Loquet \u00e0 tournevis. Charni\u00e8re de type pantographe. Murs et plafonds.","breadcrumb":{"@id":"https:\/\/cendrex.com\/fr\/produit\/btv-00\/#breadcrumb"},"inLanguage":"fr-CA","potentialAction":[{"@type":"ReadAction","target":["https:\/\/cendrex.com\/fr\/produit\/btv-00\/"]}]},{"@type":"ImageObject","inLanguage":"fr-CA","@id":"https:\/\/cendrex.com\/fr\/produit\/btv-00\/#primaryimage","url":"https:\/\/cendrex.com\/wp-content\/uploads\/2018\/11\/BTV-00-1.jpg","contentUrl":"https:\/\/cendrex.com\/wp-content\/uploads\/2018\/11\/BTV-00-1.jpg","width":768,"height":768,"caption":"BTV-00- Cabinet multifonctionnel avec fen\u00eatre en Plexiglass et cadre dissimul\u00e9- loquet \u00e0 tournevis, charni\u00e8re de type pantographe, panneau porte biseaut\u00e9"},{"@type":"BreadcrumbList","@id":"https:\/\/cendrex.com\/fr\/produit\/btv-00\/#breadcrumb","itemListElement":[{"@type":"ListItem","position":1,"name":"Products","item":"https:\/\/cendrex.com\/en\/products\/"},{"@type":"ListItem","position":2,"name":"BTV-00"}]},{"@type":"WebSite","@id":"https:\/\/cendrex.com\/en\/#website","url":"https:\/\/cendrex.com\/en\/","name":"Cendrex","description":"Fabricant de portes d&#039;acc\u00e8s","publisher":{"@id":"https:\/\/cendrex.com\/en\/#organization"},"potentialAction":[{"@type":"SearchAction","target":{"@type":"EntryPoint","urlTemplate":"https:\/\/cendrex.com\/en\/?s={search_term_string}"},"query-input":{"@type":"PropertyValueSpecification","valueRequired":true,"valueName":"search_term_string"}}],"inLanguage":"fr-CA"},{"@type":"Organization","@id":"https:\/\/cendrex.com\/en\/#organization","name":"Cendrex","url":"https:\/\/cendrex.com\/en\/","logo":{"@type":"ImageObject","inLanguage":"fr-CA","@id":"https:\/\/cendrex.com\/en\/#\/schema\/logo\/image\/","url":"https:\/\/cendrex.com\/wp-content\/uploads\/2021\/09\/Cendrex-logo-2018-PMS-scaled.jpg","contentUrl":"https:\/\/cendrex.com\/wp-content\/uploads\/2021\/09\/Cendrex-logo-2018-PMS-scaled.jpg","width":1200,"height":267,"caption":"Cendrex"},"image":{"@id":"https:\/\/cendrex.com\/en\/#\/schema\/logo\/image\/"}}]}},"_links":{"self":[{"href":"https:\/\/cendrex.com\/fr\/wp-json\/wp\/v2\/product\/17889","targetHints":{"allow":["GET"]}}],"collection":[{"href":"https:\/\/cendrex.com\/fr\/wp-json\/wp\/v2\/product"}],"about":[{"href":"https:\/\/cendrex.com\/fr\/wp-json\/wp\/v2\/types\/product"}],"version-history":[{"count":0,"href":"https:\/\/cendrex.com\/fr\/wp-json\/wp\/v2\/product\/17889\/revisions"}],"wp:featuredmedia":[{"embeddable":true,"href":"https:\/\/cendrex.com\/fr\/wp-json\/wp\/v2\/media\/22004"}],"wp:attachment":[{"href":"https:\/\/cendrex.com\/fr\/wp-json\/wp\/v2\/media?parent=17889"}],"wp:term":[{"taxonomy":"product_brand","embeddable":true,"href":"https:\/\/cendrex.com\/fr\/wp-json\/wp\/v2\/product_brand?post=17889"},{"taxonomy":"product_cat","embeddable":true,"href":"https:\/\/cendrex.com\/fr\/wp-json\/wp\/v2\/product_cat?post=17889"},{"taxonomy":"product_tag","embeddable":true,"href":"https:\/\/cendrex.com\/fr\/wp-json\/wp\/v2\/product_tag?post=17889"}],"curies":[{"name":"wp","href":"https:\/\/api.w.org\/{rel}","templated":true}]}}