{"id":17841,"date":"2018-10-16T09:08:47","date_gmt":"2018-10-16T13:38:43","guid":{"rendered":"https:\/\/cendrex.p3f.dev\/product\/phs-40\/"},"modified":"2023-03-28T13:14:14","modified_gmt":"2023-03-28T17:14:14","slug":"phs-40","status":"publish","type":"product","link":"https:\/\/cendrex.com\/fr\/produit\/phs-40\/","title":{"rendered":"PHS-40"},"content":{"rendered":"","protected":false},"excerpt":{"rendered":"<p>Dot\u00e9 d&#8217;une penture robuste et d&#8217;une serrure \u00e0 p\u00eane dormant \u00e0 mortaise, ce mod\u00e8le en acier de calibre 10 assure un niveau \u00e9lev\u00e9 de s\u00e9curit\u00e9. Les cylindres \u00e0 mortaise de la plupart des fabricants dont Best, Corbin et Ilco sont compatibles.<\/p>\n","protected":false},"featured_media":33867,"template":"","meta":{"_acf_changed":false,"inline_featured_image":false},"product_brand":[],"product_cat":[200,223],"product_tag":[],"class_list":{"0":"post-17841","1":"product","2":"type-product","3":"status-publish","4":"has-post-thumbnail","6":"product_cat-panneaux-dacces","7":"product_cat-securite","8":"product_shipping_class-1-fr","9":"pa_compliance-conformite-a-leed-v4","10":"pa_flange-cadre-apparent","11":"pa_hinge-charniere-robuste","12":"pa_installation-murs-et-plafonds","13":"pa_locking-mechanism-niveau-de-securite-eleve","14":"pa_material-acier-lamine-a-froid","16":"first","17":"instock","18":"purchasable","19":"product-type-variable"},"acf":[],"yoast_head":"<!-- This site is optimized with the Yoast SEO plugin v27.3 - https:\/\/yoast.com\/product\/yoast-seo-wordpress\/ -->\n<title>PHS-40- Panneau d&#039;acc\u00e8s de s\u00e9curit\u00e9 en Acier lamin\u00e9- Cendrex<\/title>\n<meta name=\"description\" content=\"PHS-40. Panneau d&#039;acc\u00e8s \u00e0 usage universel, \u00e0 haute s\u00e9curit\u00e9, avec cadre apparent. Mortaise \u00e0 serrure \u00e0 p\u00eane dormant. Charni\u00e8re carr\u00e9e. Conformit\u00e9 LEED v4.\" \/>\n<meta name=\"robots\" content=\"index, follow, max-snippet:-1, max-image-preview:large, max-video-preview:-1\" \/>\n<link rel=\"canonical\" href=\"https:\/\/cendrex.com\/fr\/produit\/phs-40\/\" \/>\n<meta property=\"og:locale\" content=\"fr_CA\" \/>\n<meta property=\"og:type\" content=\"article\" \/>\n<meta property=\"og:title\" content=\"PHS-40- Panneau d&#039;acc\u00e8s de s\u00e9curit\u00e9 en Acier lamin\u00e9- Cendrex\" \/>\n<meta property=\"og:description\" content=\"PHS-40. Panneau d&#039;acc\u00e8s \u00e0 usage universel, \u00e0 haute s\u00e9curit\u00e9, avec cadre apparent. Mortaise \u00e0 serrure \u00e0 p\u00eane dormant. Charni\u00e8re carr\u00e9e. Conformit\u00e9 LEED v4.\" \/>\n<meta property=\"og:url\" content=\"https:\/\/cendrex.com\/fr\/produit\/phs-40\/\" \/>\n<meta property=\"og:site_name\" content=\"Cendrex\" \/>\n<meta property=\"article:modified_time\" content=\"2023-03-28T17:14:14+00:00\" \/>\n<meta property=\"og:image\" content=\"https:\/\/cendrex.com\/wp-content\/uploads\/2018\/10\/PHS-40.png\" \/>\n\t<meta property=\"og:image:width\" content=\"241\" \/>\n\t<meta property=\"og:image:height\" content=\"241\" \/>\n\t<meta property=\"og:image:type\" content=\"image\/png\" \/>\n<meta name=\"twitter:card\" content=\"summary_large_image\" \/>\n<script type=\"application\/ld+json\" class=\"yoast-schema-graph\">{\"@context\":\"https:\\\/\\\/schema.org\",\"@graph\":[{\"@type\":\"WebPage\",\"@id\":\"https:\\\/\\\/cendrex.com\\\/fr\\\/produit\\\/phs-40\\\/\",\"url\":\"https:\\\/\\\/cendrex.com\\\/fr\\\/produit\\\/phs-40\\\/\",\"name\":\"PHS-40- Panneau d'acc\u00e8s de s\u00e9curit\u00e9 en Acier lamin\u00e9- Cendrex\",\"isPartOf\":{\"@id\":\"https:\\\/\\\/cendrex.com\\\/en\\\/#website\"},\"primaryImageOfPage\":{\"@id\":\"https:\\\/\\\/cendrex.com\\\/fr\\\/produit\\\/phs-40\\\/#primaryimage\"},\"image\":{\"@id\":\"https:\\\/\\\/cendrex.com\\\/fr\\\/produit\\\/phs-40\\\/#primaryimage\"},\"thumbnailUrl\":\"https:\\\/\\\/cendrex.com\\\/wp-content\\\/uploads\\\/2018\\\/10\\\/PHS-40.png\",\"datePublished\":\"2018-10-16T13:38:43+00:00\",\"dateModified\":\"2023-03-28T17:14:14+00:00\",\"description\":\"PHS-40. Panneau d'acc\u00e8s \u00e0 usage universel, \u00e0 haute s\u00e9curit\u00e9, avec cadre apparent. Mortaise \u00e0 serrure \u00e0 p\u00eane dormant. Charni\u00e8re carr\u00e9e. Conformit\u00e9 LEED v4.\",\"breadcrumb\":{\"@id\":\"https:\\\/\\\/cendrex.com\\\/fr\\\/produit\\\/phs-40\\\/#breadcrumb\"},\"inLanguage\":\"fr-CA\",\"potentialAction\":[{\"@type\":\"ReadAction\",\"target\":[\"https:\\\/\\\/cendrex.com\\\/fr\\\/produit\\\/phs-40\\\/\"]}]},{\"@type\":\"ImageObject\",\"inLanguage\":\"fr-CA\",\"@id\":\"https:\\\/\\\/cendrex.com\\\/fr\\\/produit\\\/phs-40\\\/#primaryimage\",\"url\":\"https:\\\/\\\/cendrex.com\\\/wp-content\\\/uploads\\\/2018\\\/10\\\/PHS-40.png\",\"contentUrl\":\"https:\\\/\\\/cendrex.com\\\/wp-content\\\/uploads\\\/2018\\\/10\\\/PHS-40.png\",\"width\":241,\"height\":241},{\"@type\":\"BreadcrumbList\",\"@id\":\"https:\\\/\\\/cendrex.com\\\/fr\\\/produit\\\/phs-40\\\/#breadcrumb\",\"itemListElement\":[{\"@type\":\"ListItem\",\"position\":1,\"name\":\"Products\",\"item\":\"https:\\\/\\\/cendrex.com\\\/en\\\/products\\\/\"},{\"@type\":\"ListItem\",\"position\":2,\"name\":\"PHS-40\"}]},{\"@type\":\"WebSite\",\"@id\":\"https:\\\/\\\/cendrex.com\\\/en\\\/#website\",\"url\":\"https:\\\/\\\/cendrex.com\\\/en\\\/\",\"name\":\"Cendrex\",\"description\":\"Fabricant de portes d&#039;acc\u00e8s\",\"publisher\":{\"@id\":\"https:\\\/\\\/cendrex.com\\\/en\\\/#organization\"},\"potentialAction\":[{\"@type\":\"SearchAction\",\"target\":{\"@type\":\"EntryPoint\",\"urlTemplate\":\"https:\\\/\\\/cendrex.com\\\/en\\\/?s={search_term_string}\"},\"query-input\":{\"@type\":\"PropertyValueSpecification\",\"valueRequired\":true,\"valueName\":\"search_term_string\"}}],\"inLanguage\":\"fr-CA\"},{\"@type\":\"Organization\",\"@id\":\"https:\\\/\\\/cendrex.com\\\/en\\\/#organization\",\"name\":\"Cendrex\",\"url\":\"https:\\\/\\\/cendrex.com\\\/en\\\/\",\"logo\":{\"@type\":\"ImageObject\",\"inLanguage\":\"fr-CA\",\"@id\":\"https:\\\/\\\/cendrex.com\\\/en\\\/#\\\/schema\\\/logo\\\/image\\\/\",\"url\":\"https:\\\/\\\/cendrex.com\\\/wp-content\\\/uploads\\\/2021\\\/09\\\/Cendrex-logo-2018-PMS-scaled.jpg\",\"contentUrl\":\"https:\\\/\\\/cendrex.com\\\/wp-content\\\/uploads\\\/2021\\\/09\\\/Cendrex-logo-2018-PMS-scaled.jpg\",\"width\":1200,\"height\":267,\"caption\":\"Cendrex\"},\"image\":{\"@id\":\"https:\\\/\\\/cendrex.com\\\/en\\\/#\\\/schema\\\/logo\\\/image\\\/\"}}]}<\/script>\n<!-- \/ Yoast SEO plugin. -->","yoast_head_json":{"title":"PHS-40- Panneau d'acc\u00e8s de s\u00e9curit\u00e9 en Acier lamin\u00e9- Cendrex","description":"PHS-40. Panneau d'acc\u00e8s \u00e0 usage universel, \u00e0 haute s\u00e9curit\u00e9, avec cadre apparent. Mortaise \u00e0 serrure \u00e0 p\u00eane dormant. Charni\u00e8re carr\u00e9e. Conformit\u00e9 LEED v4.","robots":{"index":"index","follow":"follow","max-snippet":"max-snippet:-1","max-image-preview":"max-image-preview:large","max-video-preview":"max-video-preview:-1"},"canonical":"https:\/\/cendrex.com\/fr\/produit\/phs-40\/","og_locale":"fr_CA","og_type":"article","og_title":"PHS-40- Panneau d'acc\u00e8s de s\u00e9curit\u00e9 en Acier lamin\u00e9- Cendrex","og_description":"PHS-40. Panneau d'acc\u00e8s \u00e0 usage universel, \u00e0 haute s\u00e9curit\u00e9, avec cadre apparent. Mortaise \u00e0 serrure \u00e0 p\u00eane dormant. Charni\u00e8re carr\u00e9e. Conformit\u00e9 LEED v4.","og_url":"https:\/\/cendrex.com\/fr\/produit\/phs-40\/","og_site_name":"Cendrex","article_modified_time":"2023-03-28T17:14:14+00:00","og_image":[{"width":241,"height":241,"url":"https:\/\/cendrex.com\/wp-content\/uploads\/2018\/10\/PHS-40.png","type":"image\/png"}],"twitter_card":"summary_large_image","schema":{"@context":"https:\/\/schema.org","@graph":[{"@type":"WebPage","@id":"https:\/\/cendrex.com\/fr\/produit\/phs-40\/","url":"https:\/\/cendrex.com\/fr\/produit\/phs-40\/","name":"PHS-40- Panneau d'acc\u00e8s de s\u00e9curit\u00e9 en Acier lamin\u00e9- Cendrex","isPartOf":{"@id":"https:\/\/cendrex.com\/en\/#website"},"primaryImageOfPage":{"@id":"https:\/\/cendrex.com\/fr\/produit\/phs-40\/#primaryimage"},"image":{"@id":"https:\/\/cendrex.com\/fr\/produit\/phs-40\/#primaryimage"},"thumbnailUrl":"https:\/\/cendrex.com\/wp-content\/uploads\/2018\/10\/PHS-40.png","datePublished":"2018-10-16T13:38:43+00:00","dateModified":"2023-03-28T17:14:14+00:00","description":"PHS-40. Panneau d'acc\u00e8s \u00e0 usage universel, \u00e0 haute s\u00e9curit\u00e9, avec cadre apparent. Mortaise \u00e0 serrure \u00e0 p\u00eane dormant. Charni\u00e8re carr\u00e9e. Conformit\u00e9 LEED v4.","breadcrumb":{"@id":"https:\/\/cendrex.com\/fr\/produit\/phs-40\/#breadcrumb"},"inLanguage":"fr-CA","potentialAction":[{"@type":"ReadAction","target":["https:\/\/cendrex.com\/fr\/produit\/phs-40\/"]}]},{"@type":"ImageObject","inLanguage":"fr-CA","@id":"https:\/\/cendrex.com\/fr\/produit\/phs-40\/#primaryimage","url":"https:\/\/cendrex.com\/wp-content\/uploads\/2018\/10\/PHS-40.png","contentUrl":"https:\/\/cendrex.com\/wp-content\/uploads\/2018\/10\/PHS-40.png","width":241,"height":241},{"@type":"BreadcrumbList","@id":"https:\/\/cendrex.com\/fr\/produit\/phs-40\/#breadcrumb","itemListElement":[{"@type":"ListItem","position":1,"name":"Products","item":"https:\/\/cendrex.com\/en\/products\/"},{"@type":"ListItem","position":2,"name":"PHS-40"}]},{"@type":"WebSite","@id":"https:\/\/cendrex.com\/en\/#website","url":"https:\/\/cendrex.com\/en\/","name":"Cendrex","description":"Fabricant de portes d&#039;acc\u00e8s","publisher":{"@id":"https:\/\/cendrex.com\/en\/#organization"},"potentialAction":[{"@type":"SearchAction","target":{"@type":"EntryPoint","urlTemplate":"https:\/\/cendrex.com\/en\/?s={search_term_string}"},"query-input":{"@type":"PropertyValueSpecification","valueRequired":true,"valueName":"search_term_string"}}],"inLanguage":"fr-CA"},{"@type":"Organization","@id":"https:\/\/cendrex.com\/en\/#organization","name":"Cendrex","url":"https:\/\/cendrex.com\/en\/","logo":{"@type":"ImageObject","inLanguage":"fr-CA","@id":"https:\/\/cendrex.com\/en\/#\/schema\/logo\/image\/","url":"https:\/\/cendrex.com\/wp-content\/uploads\/2021\/09\/Cendrex-logo-2018-PMS-scaled.jpg","contentUrl":"https:\/\/cendrex.com\/wp-content\/uploads\/2021\/09\/Cendrex-logo-2018-PMS-scaled.jpg","width":1200,"height":267,"caption":"Cendrex"},"image":{"@id":"https:\/\/cendrex.com\/en\/#\/schema\/logo\/image\/"}}]}},"_links":{"self":[{"href":"https:\/\/cendrex.com\/fr\/wp-json\/wp\/v2\/product\/17841","targetHints":{"allow":["GET"]}}],"collection":[{"href":"https:\/\/cendrex.com\/fr\/wp-json\/wp\/v2\/product"}],"about":[{"href":"https:\/\/cendrex.com\/fr\/wp-json\/wp\/v2\/types\/product"}],"version-history":[{"count":0,"href":"https:\/\/cendrex.com\/fr\/wp-json\/wp\/v2\/product\/17841\/revisions"}],"wp:featuredmedia":[{"embeddable":true,"href":"https:\/\/cendrex.com\/fr\/wp-json\/wp\/v2\/media\/33867"}],"wp:attachment":[{"href":"https:\/\/cendrex.com\/fr\/wp-json\/wp\/v2\/media?parent=17841"}],"wp:term":[{"taxonomy":"product_brand","embeddable":true,"href":"https:\/\/cendrex.com\/fr\/wp-json\/wp\/v2\/product_brand?post=17841"},{"taxonomy":"product_cat","embeddable":true,"href":"https:\/\/cendrex.com\/fr\/wp-json\/wp\/v2\/product_cat?post=17841"},{"taxonomy":"product_tag","embeddable":true,"href":"https:\/\/cendrex.com\/fr\/wp-json\/wp\/v2\/product_tag?post=17841"}],"curies":[{"name":"wp","href":"https:\/\/api.w.org\/{rel}","templated":true}]}}