{"id":17723,"date":"2018-10-16T09:05:08","date_gmt":"2018-10-16T13:35:29","guid":{"rendered":"https:\/\/cendrex.p3f.dev\/product\/pfn-85\/"},"modified":"2026-03-03T11:15:11","modified_gmt":"2026-03-03T16:15:11","slug":"pfn-85","status":"publish","type":"product","link":"https:\/\/cendrex.com\/fr\/produit\/pfn-85\/","title":{"rendered":"PFN-85"},"content":{"rendered":"","protected":false},"excerpt":{"rendered":"<p>La porte d&#8217;acc\u00e8s non isol\u00e9e r\u00e9sistant au feu peut \u00eatre utilis\u00e9e sur des murs coupe-feu. Avec p\u00eane demi-tour \u00e0 mortaise class\u00e9 comme un m\u00e9canisme de verrouillage \u00e0 s\u00e9curit\u00e9 moyenne.<\/p>\n","protected":false},"featured_media":21979,"template":"","meta":{"_acf_changed":false,"inline_featured_image":false},"product_brand":[],"product_cat":[220,200],"product_tag":[],"class_list":{"0":"post-17723","1":"product","2":"type-product","3":"status-publish","4":"has-post-thumbnail","6":"product_cat-panneaux-coupe-feu","7":"product_cat-panneaux-dacces","8":"product_shipping_class-1-fr","9":"pa_compliance-conformite-a-leed-v4","10":"pa_fire-rating-installation-au-mur","11":"pa_flange-cadre-apparent","12":"pa_hinge-penture-piano","13":"pa_installation-murs","14":"pa_locking-mechanism-niveau-de-securite-moyen","15":"pa_material-acier-lamine-a-froid","17":"first","18":"instock","19":"purchasable","20":"product-type-variable"},"acf":[],"yoast_head":"<!-- This site is optimized with the Yoast SEO plugin v27.3 - https:\/\/yoast.com\/product\/yoast-seo-wordpress\/ -->\n<title>PFN-85- Panneau d&#039;acc\u00e8s homologu\u00e9 contre le feu- Cendrex<\/title>\n<meta name=\"description\" content=\"PFN-85. Panneau d&#039;acc\u00e8s non-isol\u00e9, homologu\u00e9 contre le feu avec cadre apparent. Mortaise \u00e0 enclenchement automatique. Penture piano. Conformit\u00e9 LEED v4.\" \/>\n<meta name=\"robots\" content=\"index, follow, max-snippet:-1, max-image-preview:large, max-video-preview:-1\" \/>\n<link rel=\"canonical\" href=\"https:\/\/cendrex.com\/fr\/produit\/pfn-85\/\" \/>\n<meta property=\"og:locale\" content=\"fr_CA\" \/>\n<meta property=\"og:type\" content=\"article\" \/>\n<meta property=\"og:title\" content=\"PFN-85- Panneau d&#039;acc\u00e8s homologu\u00e9 contre le feu- Cendrex\" \/>\n<meta property=\"og:description\" content=\"PFN-85. Panneau d&#039;acc\u00e8s non-isol\u00e9, homologu\u00e9 contre le feu avec cadre apparent. Mortaise \u00e0 enclenchement automatique. Penture piano. Conformit\u00e9 LEED v4.\" \/>\n<meta property=\"og:url\" content=\"https:\/\/cendrex.com\/fr\/produit\/pfn-85\/\" \/>\n<meta property=\"og:site_name\" content=\"Cendrex\" \/>\n<meta property=\"article:modified_time\" content=\"2026-03-03T16:15:11+00:00\" \/>\n<meta property=\"og:image\" content=\"https:\/\/cendrex.com\/wp-content\/uploads\/2018\/11\/PFN-85-1.jpg\" \/>\n\t<meta property=\"og:image:width\" content=\"780\" \/>\n\t<meta property=\"og:image:height\" content=\"780\" \/>\n\t<meta property=\"og:image:type\" content=\"image\/jpeg\" \/>\n<meta name=\"twitter:card\" content=\"summary_large_image\" \/>\n<meta name=\"twitter:label1\" content=\"Estimation du temps de lecture\" \/>\n\t<meta name=\"twitter:data1\" content=\"1 minute\" \/>\n<script type=\"application\/ld+json\" class=\"yoast-schema-graph\">{\"@context\":\"https:\\\/\\\/schema.org\",\"@graph\":[{\"@type\":\"WebPage\",\"@id\":\"https:\\\/\\\/cendrex.com\\\/fr\\\/produit\\\/pfn-85\\\/\",\"url\":\"https:\\\/\\\/cendrex.com\\\/fr\\\/produit\\\/pfn-85\\\/\",\"name\":\"PFN-85- Panneau d'acc\u00e8s homologu\u00e9 contre le feu- Cendrex\",\"isPartOf\":{\"@id\":\"https:\\\/\\\/cendrex.com\\\/en\\\/#website\"},\"primaryImageOfPage\":{\"@id\":\"https:\\\/\\\/cendrex.com\\\/fr\\\/produit\\\/pfn-85\\\/#primaryimage\"},\"image\":{\"@id\":\"https:\\\/\\\/cendrex.com\\\/fr\\\/produit\\\/pfn-85\\\/#primaryimage\"},\"thumbnailUrl\":\"https:\\\/\\\/cendrex.com\\\/wp-content\\\/uploads\\\/2018\\\/11\\\/PFN-85-1.jpg\",\"datePublished\":\"2018-10-16T13:35:29+00:00\",\"dateModified\":\"2026-03-03T16:15:11+00:00\",\"description\":\"PFN-85. Panneau d'acc\u00e8s non-isol\u00e9, homologu\u00e9 contre le feu avec cadre apparent. Mortaise \u00e0 enclenchement automatique. Penture piano. Conformit\u00e9 LEED v4.\",\"breadcrumb\":{\"@id\":\"https:\\\/\\\/cendrex.com\\\/fr\\\/produit\\\/pfn-85\\\/#breadcrumb\"},\"inLanguage\":\"fr-CA\",\"potentialAction\":[{\"@type\":\"ReadAction\",\"target\":[\"https:\\\/\\\/cendrex.com\\\/fr\\\/produit\\\/pfn-85\\\/\"]}]},{\"@type\":\"ImageObject\",\"inLanguage\":\"fr-CA\",\"@id\":\"https:\\\/\\\/cendrex.com\\\/fr\\\/produit\\\/pfn-85\\\/#primaryimage\",\"url\":\"https:\\\/\\\/cendrex.com\\\/wp-content\\\/uploads\\\/2018\\\/11\\\/PFN-85-1.jpg\",\"contentUrl\":\"https:\\\/\\\/cendrex.com\\\/wp-content\\\/uploads\\\/2018\\\/11\\\/PFN-85-1.jpg\",\"width\":780,\"height\":780,\"caption\":\"PFN-85- Panneau d'acc\u00e8s non-isol\u00e9, homologu\u00e9 contre le feu avec cadre apparent- mortaise \u00e0 enclenchement automatique, penture piano\"},{\"@type\":\"BreadcrumbList\",\"@id\":\"https:\\\/\\\/cendrex.com\\\/fr\\\/produit\\\/pfn-85\\\/#breadcrumb\",\"itemListElement\":[{\"@type\":\"ListItem\",\"position\":1,\"name\":\"Products\",\"item\":\"https:\\\/\\\/cendrex.com\\\/en\\\/products\\\/\"},{\"@type\":\"ListItem\",\"position\":2,\"name\":\"PFN-85\"}]},{\"@type\":\"WebSite\",\"@id\":\"https:\\\/\\\/cendrex.com\\\/en\\\/#website\",\"url\":\"https:\\\/\\\/cendrex.com\\\/en\\\/\",\"name\":\"Cendrex\",\"description\":\"Fabricant de portes d&#039;acc\u00e8s\",\"publisher\":{\"@id\":\"https:\\\/\\\/cendrex.com\\\/en\\\/#organization\"},\"potentialAction\":[{\"@type\":\"SearchAction\",\"target\":{\"@type\":\"EntryPoint\",\"urlTemplate\":\"https:\\\/\\\/cendrex.com\\\/en\\\/?s={search_term_string}\"},\"query-input\":{\"@type\":\"PropertyValueSpecification\",\"valueRequired\":true,\"valueName\":\"search_term_string\"}}],\"inLanguage\":\"fr-CA\"},{\"@type\":\"Organization\",\"@id\":\"https:\\\/\\\/cendrex.com\\\/en\\\/#organization\",\"name\":\"Cendrex\",\"url\":\"https:\\\/\\\/cendrex.com\\\/en\\\/\",\"logo\":{\"@type\":\"ImageObject\",\"inLanguage\":\"fr-CA\",\"@id\":\"https:\\\/\\\/cendrex.com\\\/en\\\/#\\\/schema\\\/logo\\\/image\\\/\",\"url\":\"https:\\\/\\\/cendrex.com\\\/wp-content\\\/uploads\\\/2021\\\/09\\\/Cendrex-logo-2018-PMS-scaled.jpg\",\"contentUrl\":\"https:\\\/\\\/cendrex.com\\\/wp-content\\\/uploads\\\/2021\\\/09\\\/Cendrex-logo-2018-PMS-scaled.jpg\",\"width\":1200,\"height\":267,\"caption\":\"Cendrex\"},\"image\":{\"@id\":\"https:\\\/\\\/cendrex.com\\\/en\\\/#\\\/schema\\\/logo\\\/image\\\/\"}}]}<\/script>\n<!-- \/ Yoast SEO plugin. -->","yoast_head_json":{"title":"PFN-85- Panneau d'acc\u00e8s homologu\u00e9 contre le feu- Cendrex","description":"PFN-85. Panneau d'acc\u00e8s non-isol\u00e9, homologu\u00e9 contre le feu avec cadre apparent. Mortaise \u00e0 enclenchement automatique. Penture piano. Conformit\u00e9 LEED v4.","robots":{"index":"index","follow":"follow","max-snippet":"max-snippet:-1","max-image-preview":"max-image-preview:large","max-video-preview":"max-video-preview:-1"},"canonical":"https:\/\/cendrex.com\/fr\/produit\/pfn-85\/","og_locale":"fr_CA","og_type":"article","og_title":"PFN-85- Panneau d'acc\u00e8s homologu\u00e9 contre le feu- Cendrex","og_description":"PFN-85. Panneau d'acc\u00e8s non-isol\u00e9, homologu\u00e9 contre le feu avec cadre apparent. Mortaise \u00e0 enclenchement automatique. Penture piano. Conformit\u00e9 LEED v4.","og_url":"https:\/\/cendrex.com\/fr\/produit\/pfn-85\/","og_site_name":"Cendrex","article_modified_time":"2026-03-03T16:15:11+00:00","og_image":[{"width":780,"height":780,"url":"https:\/\/cendrex.com\/wp-content\/uploads\/2018\/11\/PFN-85-1.jpg","type":"image\/jpeg"}],"twitter_card":"summary_large_image","twitter_misc":{"Estimation du temps de lecture":"1 minute"},"schema":{"@context":"https:\/\/schema.org","@graph":[{"@type":"WebPage","@id":"https:\/\/cendrex.com\/fr\/produit\/pfn-85\/","url":"https:\/\/cendrex.com\/fr\/produit\/pfn-85\/","name":"PFN-85- Panneau d'acc\u00e8s homologu\u00e9 contre le feu- Cendrex","isPartOf":{"@id":"https:\/\/cendrex.com\/en\/#website"},"primaryImageOfPage":{"@id":"https:\/\/cendrex.com\/fr\/produit\/pfn-85\/#primaryimage"},"image":{"@id":"https:\/\/cendrex.com\/fr\/produit\/pfn-85\/#primaryimage"},"thumbnailUrl":"https:\/\/cendrex.com\/wp-content\/uploads\/2018\/11\/PFN-85-1.jpg","datePublished":"2018-10-16T13:35:29+00:00","dateModified":"2026-03-03T16:15:11+00:00","description":"PFN-85. Panneau d'acc\u00e8s non-isol\u00e9, homologu\u00e9 contre le feu avec cadre apparent. Mortaise \u00e0 enclenchement automatique. Penture piano. Conformit\u00e9 LEED v4.","breadcrumb":{"@id":"https:\/\/cendrex.com\/fr\/produit\/pfn-85\/#breadcrumb"},"inLanguage":"fr-CA","potentialAction":[{"@type":"ReadAction","target":["https:\/\/cendrex.com\/fr\/produit\/pfn-85\/"]}]},{"@type":"ImageObject","inLanguage":"fr-CA","@id":"https:\/\/cendrex.com\/fr\/produit\/pfn-85\/#primaryimage","url":"https:\/\/cendrex.com\/wp-content\/uploads\/2018\/11\/PFN-85-1.jpg","contentUrl":"https:\/\/cendrex.com\/wp-content\/uploads\/2018\/11\/PFN-85-1.jpg","width":780,"height":780,"caption":"PFN-85- Panneau d'acc\u00e8s non-isol\u00e9, homologu\u00e9 contre le feu avec cadre apparent- mortaise \u00e0 enclenchement automatique, penture piano"},{"@type":"BreadcrumbList","@id":"https:\/\/cendrex.com\/fr\/produit\/pfn-85\/#breadcrumb","itemListElement":[{"@type":"ListItem","position":1,"name":"Products","item":"https:\/\/cendrex.com\/en\/products\/"},{"@type":"ListItem","position":2,"name":"PFN-85"}]},{"@type":"WebSite","@id":"https:\/\/cendrex.com\/en\/#website","url":"https:\/\/cendrex.com\/en\/","name":"Cendrex","description":"Fabricant de portes d&#039;acc\u00e8s","publisher":{"@id":"https:\/\/cendrex.com\/en\/#organization"},"potentialAction":[{"@type":"SearchAction","target":{"@type":"EntryPoint","urlTemplate":"https:\/\/cendrex.com\/en\/?s={search_term_string}"},"query-input":{"@type":"PropertyValueSpecification","valueRequired":true,"valueName":"search_term_string"}}],"inLanguage":"fr-CA"},{"@type":"Organization","@id":"https:\/\/cendrex.com\/en\/#organization","name":"Cendrex","url":"https:\/\/cendrex.com\/en\/","logo":{"@type":"ImageObject","inLanguage":"fr-CA","@id":"https:\/\/cendrex.com\/en\/#\/schema\/logo\/image\/","url":"https:\/\/cendrex.com\/wp-content\/uploads\/2021\/09\/Cendrex-logo-2018-PMS-scaled.jpg","contentUrl":"https:\/\/cendrex.com\/wp-content\/uploads\/2021\/09\/Cendrex-logo-2018-PMS-scaled.jpg","width":1200,"height":267,"caption":"Cendrex"},"image":{"@id":"https:\/\/cendrex.com\/en\/#\/schema\/logo\/image\/"}}]}},"_links":{"self":[{"href":"https:\/\/cendrex.com\/fr\/wp-json\/wp\/v2\/product\/17723","targetHints":{"allow":["GET"]}}],"collection":[{"href":"https:\/\/cendrex.com\/fr\/wp-json\/wp\/v2\/product"}],"about":[{"href":"https:\/\/cendrex.com\/fr\/wp-json\/wp\/v2\/types\/product"}],"version-history":[{"count":3,"href":"https:\/\/cendrex.com\/fr\/wp-json\/wp\/v2\/product\/17723\/revisions"}],"predecessor-version":[{"id":46194,"href":"https:\/\/cendrex.com\/fr\/wp-json\/wp\/v2\/product\/17723\/revisions\/46194"}],"wp:featuredmedia":[{"embeddable":true,"href":"https:\/\/cendrex.com\/fr\/wp-json\/wp\/v2\/media\/21979"}],"wp:attachment":[{"href":"https:\/\/cendrex.com\/fr\/wp-json\/wp\/v2\/media?parent=17723"}],"wp:term":[{"taxonomy":"product_brand","embeddable":true,"href":"https:\/\/cendrex.com\/fr\/wp-json\/wp\/v2\/product_brand?post=17723"},{"taxonomy":"product_cat","embeddable":true,"href":"https:\/\/cendrex.com\/fr\/wp-json\/wp\/v2\/product_cat?post=17723"},{"taxonomy":"product_tag","embeddable":true,"href":"https:\/\/cendrex.com\/fr\/wp-json\/wp\/v2\/product_tag?post=17723"}],"curies":[{"name":"wp","href":"https:\/\/api.w.org\/{rel}","templated":true}]}}