{"id":17693,"date":"2018-10-16T09:03:52","date_gmt":"2018-10-16T13:34:20","guid":{"rendered":"https:\/\/cendrex.p3f.dev\/product\/pfn-10\/"},"modified":"2026-03-03T11:07:33","modified_gmt":"2026-03-03T16:07:33","slug":"pfn-10","status":"publish","type":"product","link":"https:\/\/cendrex.com\/fr\/produit\/pfn-10\/","title":{"rendered":"PFN-10"},"content":{"rendered":"","protected":false},"excerpt":{"rendered":"<p>La porte d&#8217;acc\u00e8s non isol\u00e9e r\u00e9sistant au feu peut \u00eatre utilis\u00e9e sur des murs coupe-feu. Le verrou \u00e0 came actionn\u00e9 par cl\u00e9 assure un niveau de s\u00e9curit\u00e9 plus \u00e9lev\u00e9.<\/p>\n","protected":false},"featured_media":21973,"template":"","meta":{"_acf_changed":false,"inline_featured_image":false},"product_brand":[],"product_cat":[220,200],"product_tag":[],"class_list":{"0":"post-17693","1":"product","2":"type-product","3":"status-publish","4":"has-post-thumbnail","6":"product_cat-panneaux-coupe-feu","7":"product_cat-panneaux-dacces","8":"product_shipping_class-1-fr","9":"pa_compliance-conformite-a-leed-v4","10":"pa_fire-rating-installation-au-mur","11":"pa_flange-cadre-apparent","12":"pa_hinge-penture-piano","13":"pa_installation-murs","14":"pa_locking-mechanism-niveau-de-securite-moyen","15":"pa_material-acier-lamine-a-froid","17":"first","18":"instock","19":"purchasable","20":"product-type-variable"},"acf":[],"yoast_head":"<!-- This site is optimized with the Yoast SEO plugin v27.3 - https:\/\/yoast.com\/product\/yoast-seo-wordpress\/ -->\n<title>PFN-10- Panneau d&#039;acc\u00e8s homologu\u00e9 contre le feu- Cendrex<\/title>\n<meta name=\"description\" content=\"PFN-10. Panneau d&#039;acc\u00e8s non-isol\u00e9, homologu\u00e9 contre le feu avec cadre apparent. Barillet \u00e0 cl\u00e9. Penture piano. Conformit\u00e9 LEED v4.\" \/>\n<meta name=\"robots\" content=\"index, follow, max-snippet:-1, max-image-preview:large, max-video-preview:-1\" \/>\n<link rel=\"canonical\" href=\"https:\/\/cendrex.com\/fr\/produit\/pfn-10\/\" \/>\n<meta property=\"og:locale\" content=\"fr_CA\" \/>\n<meta property=\"og:type\" content=\"article\" \/>\n<meta property=\"og:title\" content=\"PFN-10- Panneau d&#039;acc\u00e8s homologu\u00e9 contre le feu- Cendrex\" \/>\n<meta property=\"og:description\" content=\"PFN-10. Panneau d&#039;acc\u00e8s non-isol\u00e9, homologu\u00e9 contre le feu avec cadre apparent. Barillet \u00e0 cl\u00e9. Penture piano. Conformit\u00e9 LEED v4.\" \/>\n<meta property=\"og:url\" content=\"https:\/\/cendrex.com\/fr\/produit\/pfn-10\/\" \/>\n<meta property=\"og:site_name\" content=\"Cendrex\" \/>\n<meta property=\"article:modified_time\" content=\"2026-03-03T16:07:33+00:00\" \/>\n<meta property=\"og:image\" content=\"https:\/\/cendrex.com\/wp-content\/uploads\/2018\/11\/PFN-10-1.jpg\" \/>\n\t<meta property=\"og:image:width\" content=\"780\" \/>\n\t<meta property=\"og:image:height\" content=\"780\" \/>\n\t<meta property=\"og:image:type\" content=\"image\/jpeg\" \/>\n<meta name=\"twitter:card\" content=\"summary_large_image\" \/>\n<meta name=\"twitter:label1\" content=\"Estimation du temps de lecture\" \/>\n\t<meta name=\"twitter:data1\" content=\"1 minute\" \/>\n<script type=\"application\/ld+json\" class=\"yoast-schema-graph\">{\"@context\":\"https:\\\/\\\/schema.org\",\"@graph\":[{\"@type\":\"WebPage\",\"@id\":\"https:\\\/\\\/cendrex.com\\\/fr\\\/produit\\\/pfn-10\\\/\",\"url\":\"https:\\\/\\\/cendrex.com\\\/fr\\\/produit\\\/pfn-10\\\/\",\"name\":\"PFN-10- Panneau d'acc\u00e8s homologu\u00e9 contre le feu- Cendrex\",\"isPartOf\":{\"@id\":\"https:\\\/\\\/cendrex.com\\\/en\\\/#website\"},\"primaryImageOfPage\":{\"@id\":\"https:\\\/\\\/cendrex.com\\\/fr\\\/produit\\\/pfn-10\\\/#primaryimage\"},\"image\":{\"@id\":\"https:\\\/\\\/cendrex.com\\\/fr\\\/produit\\\/pfn-10\\\/#primaryimage\"},\"thumbnailUrl\":\"https:\\\/\\\/cendrex.com\\\/wp-content\\\/uploads\\\/2018\\\/11\\\/PFN-10-1.jpg\",\"datePublished\":\"2018-10-16T13:34:20+00:00\",\"dateModified\":\"2026-03-03T16:07:33+00:00\",\"description\":\"PFN-10. Panneau d'acc\u00e8s non-isol\u00e9, homologu\u00e9 contre le feu avec cadre apparent. Barillet \u00e0 cl\u00e9. Penture piano. Conformit\u00e9 LEED v4.\",\"breadcrumb\":{\"@id\":\"https:\\\/\\\/cendrex.com\\\/fr\\\/produit\\\/pfn-10\\\/#breadcrumb\"},\"inLanguage\":\"fr-CA\",\"potentialAction\":[{\"@type\":\"ReadAction\",\"target\":[\"https:\\\/\\\/cendrex.com\\\/fr\\\/produit\\\/pfn-10\\\/\"]}]},{\"@type\":\"ImageObject\",\"inLanguage\":\"fr-CA\",\"@id\":\"https:\\\/\\\/cendrex.com\\\/fr\\\/produit\\\/pfn-10\\\/#primaryimage\",\"url\":\"https:\\\/\\\/cendrex.com\\\/wp-content\\\/uploads\\\/2018\\\/11\\\/PFN-10-1.jpg\",\"contentUrl\":\"https:\\\/\\\/cendrex.com\\\/wp-content\\\/uploads\\\/2018\\\/11\\\/PFN-10-1.jpg\",\"width\":780,\"height\":780,\"caption\":\"PFN-10- Panneau d'acc\u00e8s non-isol\u00e9, homologu\u00e9 contre le feu avec cadre apparent- barillet \u00e0 cl\u00e9, penture piano\"},{\"@type\":\"BreadcrumbList\",\"@id\":\"https:\\\/\\\/cendrex.com\\\/fr\\\/produit\\\/pfn-10\\\/#breadcrumb\",\"itemListElement\":[{\"@type\":\"ListItem\",\"position\":1,\"name\":\"Products\",\"item\":\"https:\\\/\\\/cendrex.com\\\/en\\\/products\\\/\"},{\"@type\":\"ListItem\",\"position\":2,\"name\":\"PFN-10\"}]},{\"@type\":\"WebSite\",\"@id\":\"https:\\\/\\\/cendrex.com\\\/en\\\/#website\",\"url\":\"https:\\\/\\\/cendrex.com\\\/en\\\/\",\"name\":\"Cendrex\",\"description\":\"Fabricant de portes d&#039;acc\u00e8s\",\"publisher\":{\"@id\":\"https:\\\/\\\/cendrex.com\\\/en\\\/#organization\"},\"potentialAction\":[{\"@type\":\"SearchAction\",\"target\":{\"@type\":\"EntryPoint\",\"urlTemplate\":\"https:\\\/\\\/cendrex.com\\\/en\\\/?s={search_term_string}\"},\"query-input\":{\"@type\":\"PropertyValueSpecification\",\"valueRequired\":true,\"valueName\":\"search_term_string\"}}],\"inLanguage\":\"fr-CA\"},{\"@type\":\"Organization\",\"@id\":\"https:\\\/\\\/cendrex.com\\\/en\\\/#organization\",\"name\":\"Cendrex\",\"url\":\"https:\\\/\\\/cendrex.com\\\/en\\\/\",\"logo\":{\"@type\":\"ImageObject\",\"inLanguage\":\"fr-CA\",\"@id\":\"https:\\\/\\\/cendrex.com\\\/en\\\/#\\\/schema\\\/logo\\\/image\\\/\",\"url\":\"https:\\\/\\\/cendrex.com\\\/wp-content\\\/uploads\\\/2021\\\/09\\\/Cendrex-logo-2018-PMS-scaled.jpg\",\"contentUrl\":\"https:\\\/\\\/cendrex.com\\\/wp-content\\\/uploads\\\/2021\\\/09\\\/Cendrex-logo-2018-PMS-scaled.jpg\",\"width\":1200,\"height\":267,\"caption\":\"Cendrex\"},\"image\":{\"@id\":\"https:\\\/\\\/cendrex.com\\\/en\\\/#\\\/schema\\\/logo\\\/image\\\/\"}}]}<\/script>\n<!-- \/ Yoast SEO plugin. -->","yoast_head_json":{"title":"PFN-10- Panneau d'acc\u00e8s homologu\u00e9 contre le feu- Cendrex","description":"PFN-10. Panneau d'acc\u00e8s non-isol\u00e9, homologu\u00e9 contre le feu avec cadre apparent. Barillet \u00e0 cl\u00e9. Penture piano. Conformit\u00e9 LEED v4.","robots":{"index":"index","follow":"follow","max-snippet":"max-snippet:-1","max-image-preview":"max-image-preview:large","max-video-preview":"max-video-preview:-1"},"canonical":"https:\/\/cendrex.com\/fr\/produit\/pfn-10\/","og_locale":"fr_CA","og_type":"article","og_title":"PFN-10- Panneau d'acc\u00e8s homologu\u00e9 contre le feu- Cendrex","og_description":"PFN-10. Panneau d'acc\u00e8s non-isol\u00e9, homologu\u00e9 contre le feu avec cadre apparent. Barillet \u00e0 cl\u00e9. Penture piano. Conformit\u00e9 LEED v4.","og_url":"https:\/\/cendrex.com\/fr\/produit\/pfn-10\/","og_site_name":"Cendrex","article_modified_time":"2026-03-03T16:07:33+00:00","og_image":[{"width":780,"height":780,"url":"https:\/\/cendrex.com\/wp-content\/uploads\/2018\/11\/PFN-10-1.jpg","type":"image\/jpeg"}],"twitter_card":"summary_large_image","twitter_misc":{"Estimation du temps de lecture":"1 minute"},"schema":{"@context":"https:\/\/schema.org","@graph":[{"@type":"WebPage","@id":"https:\/\/cendrex.com\/fr\/produit\/pfn-10\/","url":"https:\/\/cendrex.com\/fr\/produit\/pfn-10\/","name":"PFN-10- Panneau d'acc\u00e8s homologu\u00e9 contre le feu- Cendrex","isPartOf":{"@id":"https:\/\/cendrex.com\/en\/#website"},"primaryImageOfPage":{"@id":"https:\/\/cendrex.com\/fr\/produit\/pfn-10\/#primaryimage"},"image":{"@id":"https:\/\/cendrex.com\/fr\/produit\/pfn-10\/#primaryimage"},"thumbnailUrl":"https:\/\/cendrex.com\/wp-content\/uploads\/2018\/11\/PFN-10-1.jpg","datePublished":"2018-10-16T13:34:20+00:00","dateModified":"2026-03-03T16:07:33+00:00","description":"PFN-10. Panneau d'acc\u00e8s non-isol\u00e9, homologu\u00e9 contre le feu avec cadre apparent. Barillet \u00e0 cl\u00e9. Penture piano. Conformit\u00e9 LEED v4.","breadcrumb":{"@id":"https:\/\/cendrex.com\/fr\/produit\/pfn-10\/#breadcrumb"},"inLanguage":"fr-CA","potentialAction":[{"@type":"ReadAction","target":["https:\/\/cendrex.com\/fr\/produit\/pfn-10\/"]}]},{"@type":"ImageObject","inLanguage":"fr-CA","@id":"https:\/\/cendrex.com\/fr\/produit\/pfn-10\/#primaryimage","url":"https:\/\/cendrex.com\/wp-content\/uploads\/2018\/11\/PFN-10-1.jpg","contentUrl":"https:\/\/cendrex.com\/wp-content\/uploads\/2018\/11\/PFN-10-1.jpg","width":780,"height":780,"caption":"PFN-10- Panneau d'acc\u00e8s non-isol\u00e9, homologu\u00e9 contre le feu avec cadre apparent- barillet \u00e0 cl\u00e9, penture piano"},{"@type":"BreadcrumbList","@id":"https:\/\/cendrex.com\/fr\/produit\/pfn-10\/#breadcrumb","itemListElement":[{"@type":"ListItem","position":1,"name":"Products","item":"https:\/\/cendrex.com\/en\/products\/"},{"@type":"ListItem","position":2,"name":"PFN-10"}]},{"@type":"WebSite","@id":"https:\/\/cendrex.com\/en\/#website","url":"https:\/\/cendrex.com\/en\/","name":"Cendrex","description":"Fabricant de portes d&#039;acc\u00e8s","publisher":{"@id":"https:\/\/cendrex.com\/en\/#organization"},"potentialAction":[{"@type":"SearchAction","target":{"@type":"EntryPoint","urlTemplate":"https:\/\/cendrex.com\/en\/?s={search_term_string}"},"query-input":{"@type":"PropertyValueSpecification","valueRequired":true,"valueName":"search_term_string"}}],"inLanguage":"fr-CA"},{"@type":"Organization","@id":"https:\/\/cendrex.com\/en\/#organization","name":"Cendrex","url":"https:\/\/cendrex.com\/en\/","logo":{"@type":"ImageObject","inLanguage":"fr-CA","@id":"https:\/\/cendrex.com\/en\/#\/schema\/logo\/image\/","url":"https:\/\/cendrex.com\/wp-content\/uploads\/2021\/09\/Cendrex-logo-2018-PMS-scaled.jpg","contentUrl":"https:\/\/cendrex.com\/wp-content\/uploads\/2021\/09\/Cendrex-logo-2018-PMS-scaled.jpg","width":1200,"height":267,"caption":"Cendrex"},"image":{"@id":"https:\/\/cendrex.com\/en\/#\/schema\/logo\/image\/"}}]}},"_links":{"self":[{"href":"https:\/\/cendrex.com\/fr\/wp-json\/wp\/v2\/product\/17693","targetHints":{"allow":["GET"]}}],"collection":[{"href":"https:\/\/cendrex.com\/fr\/wp-json\/wp\/v2\/product"}],"about":[{"href":"https:\/\/cendrex.com\/fr\/wp-json\/wp\/v2\/types\/product"}],"version-history":[{"count":3,"href":"https:\/\/cendrex.com\/fr\/wp-json\/wp\/v2\/product\/17693\/revisions"}],"predecessor-version":[{"id":46190,"href":"https:\/\/cendrex.com\/fr\/wp-json\/wp\/v2\/product\/17693\/revisions\/46190"}],"wp:featuredmedia":[{"embeddable":true,"href":"https:\/\/cendrex.com\/fr\/wp-json\/wp\/v2\/media\/21973"}],"wp:attachment":[{"href":"https:\/\/cendrex.com\/fr\/wp-json\/wp\/v2\/media?parent=17693"}],"wp:term":[{"taxonomy":"product_brand","embeddable":true,"href":"https:\/\/cendrex.com\/fr\/wp-json\/wp\/v2\/product_brand?post=17693"},{"taxonomy":"product_cat","embeddable":true,"href":"https:\/\/cendrex.com\/fr\/wp-json\/wp\/v2\/product_cat?post=17693"},{"taxonomy":"product_tag","embeddable":true,"href":"https:\/\/cendrex.com\/fr\/wp-json\/wp\/v2\/product_tag?post=17693"}],"curies":[{"name":"wp","href":"https:\/\/api.w.org\/{rel}","templated":true}]}}