{"id":17559,"date":"2018-10-16T09:00:28","date_gmt":"2018-10-16T13:31:16","guid":{"rendered":"https:\/\/cendrex.p3f.dev\/product\/pfi-gyp-00\/"},"modified":"2025-09-04T16:05:29","modified_gmt":"2025-09-04T20:05:29","slug":"pfi-gyp-00","status":"publish","type":"product","link":"https:\/\/cendrex.com\/fr\/produit\/pfi-gyp-00\/","title":{"rendered":"PFI-GYP-00"},"content":{"rendered":"","protected":false},"excerpt":{"rendered":"<p>Porte d&#8217;acc\u00e8s isol\u00e9e homologu\u00e9e contre le feu pouvant \u00eatre install\u00e9e sur des murs et plafonds r\u00e9sistant au feu. Le\u00a0cadre perfor\u00e9 pour gypse est enti\u00e8rement dissimul\u00e9 une fois le compos\u00e9 \u00e0 joints appliqu\u00e9.<\/p>\n","protected":false},"featured_media":21831,"template":"","meta":{"_acf_changed":false,"inline_featured_image":false},"product_brand":[],"product_cat":[220,200],"product_tag":[],"class_list":{"0":"post-17559","1":"product","2":"type-product","3":"status-publish","4":"has-post-thumbnail","6":"product_cat-panneaux-coupe-feu","7":"product_cat-panneaux-dacces","8":"product_shipping_class-1-fr","9":"pa_compliance-conformite-a-leed-v4","10":"pa_fire-rating-installation-au-mur-et-au-plafond","11":"pa_flange-cadre-perfore-pour-gypse","12":"pa_hinge-penture-piano","13":"pa_installation-murs-et-plafonds","14":"pa_locking-mechanism-niveau-de-securite-faible","15":"pa_material-acier-satine","17":"first","18":"instock","19":"purchasable","20":"product-type-variable"},"acf":[],"yoast_head":"<!-- This site is optimized with the Yoast SEO plugin v27.3 - https:\/\/yoast.com\/product\/yoast-seo-wordpress\/ -->\n<title>PFI-GYP-00- Panneau d&#039;acc\u00e8s homologu\u00e9 contre le feu- Cendrex<\/title>\n<meta name=\"description\" content=\"PFI-GYP-00. Panneau d&#039;acc\u00e8s isol\u00e9, homologu\u00e9 contre le feu, avec cadre perfor\u00e9, pour gypse. Loquet enclenchement automatique cl\u00e9-outil. Conformit\u00e9 LEED v4.\" \/>\n<meta name=\"robots\" content=\"index, follow, max-snippet:-1, max-image-preview:large, max-video-preview:-1\" \/>\n<link rel=\"canonical\" href=\"https:\/\/cendrex.com\/fr\/produit\/pfi-gyp-00\/\" \/>\n<meta property=\"og:locale\" content=\"fr_CA\" \/>\n<meta property=\"og:type\" content=\"article\" \/>\n<meta property=\"og:title\" content=\"PFI-GYP-00- Panneau d&#039;acc\u00e8s homologu\u00e9 contre le feu- Cendrex\" \/>\n<meta property=\"og:description\" content=\"PFI-GYP-00. Panneau d&#039;acc\u00e8s isol\u00e9, homologu\u00e9 contre le feu, avec cadre perfor\u00e9, pour gypse. Loquet enclenchement automatique cl\u00e9-outil. Conformit\u00e9 LEED v4.\" \/>\n<meta property=\"og:url\" content=\"https:\/\/cendrex.com\/fr\/produit\/pfi-gyp-00\/\" \/>\n<meta property=\"og:site_name\" content=\"Cendrex\" \/>\n<meta property=\"article:modified_time\" content=\"2025-09-04T20:05:29+00:00\" \/>\n<meta property=\"og:image\" content=\"https:\/\/cendrex.com\/wp-content\/uploads\/2018\/10\/PFI-GYP-00-1-2.jpg\" \/>\n\t<meta property=\"og:image:width\" content=\"768\" \/>\n\t<meta property=\"og:image:height\" content=\"768\" \/>\n\t<meta property=\"og:image:type\" content=\"image\/jpeg\" \/>\n<meta name=\"twitter:card\" content=\"summary_large_image\" \/>\n<meta name=\"twitter:label1\" content=\"Estimation du temps de lecture\" \/>\n\t<meta name=\"twitter:data1\" content=\"1 minute\" \/>\n<script type=\"application\/ld+json\" class=\"yoast-schema-graph\">{\"@context\":\"https:\\\/\\\/schema.org\",\"@graph\":[{\"@type\":\"WebPage\",\"@id\":\"https:\\\/\\\/cendrex.com\\\/fr\\\/produit\\\/pfi-gyp-00\\\/\",\"url\":\"https:\\\/\\\/cendrex.com\\\/fr\\\/produit\\\/pfi-gyp-00\\\/\",\"name\":\"PFI-GYP-00- Panneau d'acc\u00e8s homologu\u00e9 contre le feu- Cendrex\",\"isPartOf\":{\"@id\":\"https:\\\/\\\/cendrex.com\\\/en\\\/#website\"},\"primaryImageOfPage\":{\"@id\":\"https:\\\/\\\/cendrex.com\\\/fr\\\/produit\\\/pfi-gyp-00\\\/#primaryimage\"},\"image\":{\"@id\":\"https:\\\/\\\/cendrex.com\\\/fr\\\/produit\\\/pfi-gyp-00\\\/#primaryimage\"},\"thumbnailUrl\":\"https:\\\/\\\/cendrex.com\\\/wp-content\\\/uploads\\\/2018\\\/10\\\/PFI-GYP-00-1-2.jpg\",\"datePublished\":\"2018-10-16T13:31:16+00:00\",\"dateModified\":\"2025-09-04T20:05:29+00:00\",\"description\":\"PFI-GYP-00. Panneau d'acc\u00e8s isol\u00e9, homologu\u00e9 contre le feu, avec cadre perfor\u00e9, pour gypse. Loquet enclenchement automatique cl\u00e9-outil. Conformit\u00e9 LEED v4.\",\"breadcrumb\":{\"@id\":\"https:\\\/\\\/cendrex.com\\\/fr\\\/produit\\\/pfi-gyp-00\\\/#breadcrumb\"},\"inLanguage\":\"fr-CA\",\"potentialAction\":[{\"@type\":\"ReadAction\",\"target\":[\"https:\\\/\\\/cendrex.com\\\/fr\\\/produit\\\/pfi-gyp-00\\\/\"]}]},{\"@type\":\"ImageObject\",\"inLanguage\":\"fr-CA\",\"@id\":\"https:\\\/\\\/cendrex.com\\\/fr\\\/produit\\\/pfi-gyp-00\\\/#primaryimage\",\"url\":\"https:\\\/\\\/cendrex.com\\\/wp-content\\\/uploads\\\/2018\\\/10\\\/PFI-GYP-00-1-2.jpg\",\"contentUrl\":\"https:\\\/\\\/cendrex.com\\\/wp-content\\\/uploads\\\/2018\\\/10\\\/PFI-GYP-00-1-2.jpg\",\"width\":768,\"height\":768,\"caption\":\"PFI-GYP-00- Panneau d'acc\u00e8s isol\u00e9 homologu\u00e9 contre feu, cadre perfor\u00e9 pour gypse- loquet enclenchement automatique cl\u00e9\\\/outil serrure anneau, penture piano 1\"},{\"@type\":\"BreadcrumbList\",\"@id\":\"https:\\\/\\\/cendrex.com\\\/fr\\\/produit\\\/pfi-gyp-00\\\/#breadcrumb\",\"itemListElement\":[{\"@type\":\"ListItem\",\"position\":1,\"name\":\"Products\",\"item\":\"https:\\\/\\\/cendrex.com\\\/en\\\/products\\\/\"},{\"@type\":\"ListItem\",\"position\":2,\"name\":\"PFI-GYP-00\"}]},{\"@type\":\"WebSite\",\"@id\":\"https:\\\/\\\/cendrex.com\\\/en\\\/#website\",\"url\":\"https:\\\/\\\/cendrex.com\\\/en\\\/\",\"name\":\"Cendrex\",\"description\":\"Fabricant de portes d&#039;acc\u00e8s\",\"publisher\":{\"@id\":\"https:\\\/\\\/cendrex.com\\\/en\\\/#organization\"},\"potentialAction\":[{\"@type\":\"SearchAction\",\"target\":{\"@type\":\"EntryPoint\",\"urlTemplate\":\"https:\\\/\\\/cendrex.com\\\/en\\\/?s={search_term_string}\"},\"query-input\":{\"@type\":\"PropertyValueSpecification\",\"valueRequired\":true,\"valueName\":\"search_term_string\"}}],\"inLanguage\":\"fr-CA\"},{\"@type\":\"Organization\",\"@id\":\"https:\\\/\\\/cendrex.com\\\/en\\\/#organization\",\"name\":\"Cendrex\",\"url\":\"https:\\\/\\\/cendrex.com\\\/en\\\/\",\"logo\":{\"@type\":\"ImageObject\",\"inLanguage\":\"fr-CA\",\"@id\":\"https:\\\/\\\/cendrex.com\\\/en\\\/#\\\/schema\\\/logo\\\/image\\\/\",\"url\":\"https:\\\/\\\/cendrex.com\\\/wp-content\\\/uploads\\\/2021\\\/09\\\/Cendrex-logo-2018-PMS-scaled.jpg\",\"contentUrl\":\"https:\\\/\\\/cendrex.com\\\/wp-content\\\/uploads\\\/2021\\\/09\\\/Cendrex-logo-2018-PMS-scaled.jpg\",\"width\":1200,\"height\":267,\"caption\":\"Cendrex\"},\"image\":{\"@id\":\"https:\\\/\\\/cendrex.com\\\/en\\\/#\\\/schema\\\/logo\\\/image\\\/\"}}]}<\/script>\n<!-- \/ Yoast SEO plugin. -->","yoast_head_json":{"title":"PFI-GYP-00- Panneau d'acc\u00e8s homologu\u00e9 contre le feu- Cendrex","description":"PFI-GYP-00. Panneau d'acc\u00e8s isol\u00e9, homologu\u00e9 contre le feu, avec cadre perfor\u00e9, pour gypse. Loquet enclenchement automatique cl\u00e9-outil. Conformit\u00e9 LEED v4.","robots":{"index":"index","follow":"follow","max-snippet":"max-snippet:-1","max-image-preview":"max-image-preview:large","max-video-preview":"max-video-preview:-1"},"canonical":"https:\/\/cendrex.com\/fr\/produit\/pfi-gyp-00\/","og_locale":"fr_CA","og_type":"article","og_title":"PFI-GYP-00- Panneau d'acc\u00e8s homologu\u00e9 contre le feu- Cendrex","og_description":"PFI-GYP-00. Panneau d'acc\u00e8s isol\u00e9, homologu\u00e9 contre le feu, avec cadre perfor\u00e9, pour gypse. Loquet enclenchement automatique cl\u00e9-outil. Conformit\u00e9 LEED v4.","og_url":"https:\/\/cendrex.com\/fr\/produit\/pfi-gyp-00\/","og_site_name":"Cendrex","article_modified_time":"2025-09-04T20:05:29+00:00","og_image":[{"width":768,"height":768,"url":"https:\/\/cendrex.com\/wp-content\/uploads\/2018\/10\/PFI-GYP-00-1-2.jpg","type":"image\/jpeg"}],"twitter_card":"summary_large_image","twitter_misc":{"Estimation du temps de lecture":"1 minute"},"schema":{"@context":"https:\/\/schema.org","@graph":[{"@type":"WebPage","@id":"https:\/\/cendrex.com\/fr\/produit\/pfi-gyp-00\/","url":"https:\/\/cendrex.com\/fr\/produit\/pfi-gyp-00\/","name":"PFI-GYP-00- Panneau d'acc\u00e8s homologu\u00e9 contre le feu- Cendrex","isPartOf":{"@id":"https:\/\/cendrex.com\/en\/#website"},"primaryImageOfPage":{"@id":"https:\/\/cendrex.com\/fr\/produit\/pfi-gyp-00\/#primaryimage"},"image":{"@id":"https:\/\/cendrex.com\/fr\/produit\/pfi-gyp-00\/#primaryimage"},"thumbnailUrl":"https:\/\/cendrex.com\/wp-content\/uploads\/2018\/10\/PFI-GYP-00-1-2.jpg","datePublished":"2018-10-16T13:31:16+00:00","dateModified":"2025-09-04T20:05:29+00:00","description":"PFI-GYP-00. Panneau d'acc\u00e8s isol\u00e9, homologu\u00e9 contre le feu, avec cadre perfor\u00e9, pour gypse. Loquet enclenchement automatique cl\u00e9-outil. Conformit\u00e9 LEED v4.","breadcrumb":{"@id":"https:\/\/cendrex.com\/fr\/produit\/pfi-gyp-00\/#breadcrumb"},"inLanguage":"fr-CA","potentialAction":[{"@type":"ReadAction","target":["https:\/\/cendrex.com\/fr\/produit\/pfi-gyp-00\/"]}]},{"@type":"ImageObject","inLanguage":"fr-CA","@id":"https:\/\/cendrex.com\/fr\/produit\/pfi-gyp-00\/#primaryimage","url":"https:\/\/cendrex.com\/wp-content\/uploads\/2018\/10\/PFI-GYP-00-1-2.jpg","contentUrl":"https:\/\/cendrex.com\/wp-content\/uploads\/2018\/10\/PFI-GYP-00-1-2.jpg","width":768,"height":768,"caption":"PFI-GYP-00- Panneau d'acc\u00e8s isol\u00e9 homologu\u00e9 contre feu, cadre perfor\u00e9 pour gypse- loquet enclenchement automatique cl\u00e9\/outil serrure anneau, penture piano 1"},{"@type":"BreadcrumbList","@id":"https:\/\/cendrex.com\/fr\/produit\/pfi-gyp-00\/#breadcrumb","itemListElement":[{"@type":"ListItem","position":1,"name":"Products","item":"https:\/\/cendrex.com\/en\/products\/"},{"@type":"ListItem","position":2,"name":"PFI-GYP-00"}]},{"@type":"WebSite","@id":"https:\/\/cendrex.com\/en\/#website","url":"https:\/\/cendrex.com\/en\/","name":"Cendrex","description":"Fabricant de portes d&#039;acc\u00e8s","publisher":{"@id":"https:\/\/cendrex.com\/en\/#organization"},"potentialAction":[{"@type":"SearchAction","target":{"@type":"EntryPoint","urlTemplate":"https:\/\/cendrex.com\/en\/?s={search_term_string}"},"query-input":{"@type":"PropertyValueSpecification","valueRequired":true,"valueName":"search_term_string"}}],"inLanguage":"fr-CA"},{"@type":"Organization","@id":"https:\/\/cendrex.com\/en\/#organization","name":"Cendrex","url":"https:\/\/cendrex.com\/en\/","logo":{"@type":"ImageObject","inLanguage":"fr-CA","@id":"https:\/\/cendrex.com\/en\/#\/schema\/logo\/image\/","url":"https:\/\/cendrex.com\/wp-content\/uploads\/2021\/09\/Cendrex-logo-2018-PMS-scaled.jpg","contentUrl":"https:\/\/cendrex.com\/wp-content\/uploads\/2021\/09\/Cendrex-logo-2018-PMS-scaled.jpg","width":1200,"height":267,"caption":"Cendrex"},"image":{"@id":"https:\/\/cendrex.com\/en\/#\/schema\/logo\/image\/"}}]}},"_links":{"self":[{"href":"https:\/\/cendrex.com\/fr\/wp-json\/wp\/v2\/product\/17559","targetHints":{"allow":["GET"]}}],"collection":[{"href":"https:\/\/cendrex.com\/fr\/wp-json\/wp\/v2\/product"}],"about":[{"href":"https:\/\/cendrex.com\/fr\/wp-json\/wp\/v2\/types\/product"}],"version-history":[{"count":3,"href":"https:\/\/cendrex.com\/fr\/wp-json\/wp\/v2\/product\/17559\/revisions"}],"predecessor-version":[{"id":43144,"href":"https:\/\/cendrex.com\/fr\/wp-json\/wp\/v2\/product\/17559\/revisions\/43144"}],"wp:featuredmedia":[{"embeddable":true,"href":"https:\/\/cendrex.com\/fr\/wp-json\/wp\/v2\/media\/21831"}],"wp:attachment":[{"href":"https:\/\/cendrex.com\/fr\/wp-json\/wp\/v2\/media?parent=17559"}],"wp:term":[{"taxonomy":"product_brand","embeddable":true,"href":"https:\/\/cendrex.com\/fr\/wp-json\/wp\/v2\/product_brand?post=17559"},{"taxonomy":"product_cat","embeddable":true,"href":"https:\/\/cendrex.com\/fr\/wp-json\/wp\/v2\/product_cat?post=17559"},{"taxonomy":"product_tag","embeddable":true,"href":"https:\/\/cendrex.com\/fr\/wp-json\/wp\/v2\/product_tag?post=17559"}],"curies":[{"name":"wp","href":"https:\/\/api.w.org\/{rel}","templated":true}]}}