{"id":17431,"date":"2018-10-16T08:56:29","date_gmt":"2018-10-16T13:27:39","guid":{"rendered":"https:\/\/cendrex.p3f.dev\/product\/ral-58\/"},"modified":"2024-06-14T12:19:46","modified_gmt":"2024-06-14T16:19:46","slug":"ral-58","status":"publish","type":"product","link":"https:\/\/cendrex.com\/fr\/produit\/ral-58\/","title":{"rendered":"RAL-58"},"content":{"rendered":"","protected":false},"excerpt":{"rendered":"<p>Munie d&#8217;une porte amovible, d&#8217;un cadre en aluminium et d&#8217;un panneau de gypse de 5\/8 po, la porte Alumi s&#8217;int\u00e8gre de belle fa\u00e7on aux murs ou aux plafonds. Le pourtour de la porte muni d\u2019un joint d\u2019\u00e9tanch\u00e9it\u00e9 aide \u00e0 restreindre l\u2019infiltration d\u2019air et de fum\u00e9e.<\/p>\n","protected":false},"featured_media":21790,"template":"","meta":{"_acf_changed":false,"inline_featured_image":false},"product_brand":[],"product_cat":[581,200],"product_tag":[],"class_list":{"0":"post-17431","1":"product","2":"type-product","3":"status-publish","4":"has-post-thumbnail","6":"product_cat-collection_elegance","7":"product_cat-panneaux-dacces","8":"product_shipping_class-1-fr","9":"pa_flange-cadre-dissimule","10":"pa_hinge-amovible","11":"pa_installation-murs-et-plafonds","12":"pa_locking-mechanism-dissimule","13":"pa_material-aluminium","15":"first","16":"instock","17":"purchasable","18":"product-type-variable"},"acf":[],"yoast_head":"<!-- This site is optimized with the Yoast SEO plugin v27.3 - https:\/\/yoast.com\/product\/yoast-seo-wordpress\/ -->\n<title>RAL-58- Panneau d&#039;acc\u00e8s avec retrait- Aluminium- Cendrex<\/title>\n<meta name=\"description\" content=\"RAL-58. ALUMI- Panneau d&#039;acc\u00e8s en aluminium avec 5\/8 po de retrait et cadre dissimul\u00e9. Loquet \u00e0 bouton-poussoir. Charni\u00e8re \u00e0 pivot. Joint d\u2019\u00e9tanch\u00e9it\u00e9.\" \/>\n<meta name=\"robots\" content=\"index, follow, max-snippet:-1, max-image-preview:large, max-video-preview:-1\" \/>\n<link rel=\"canonical\" href=\"https:\/\/cendrex.com\/fr\/produit\/ral-58\/\" \/>\n<meta property=\"og:locale\" content=\"fr_CA\" \/>\n<meta property=\"og:type\" content=\"article\" \/>\n<meta property=\"og:title\" content=\"RAL-58- Panneau d&#039;acc\u00e8s avec retrait- Aluminium- Cendrex\" \/>\n<meta property=\"og:description\" content=\"RAL-58. ALUMI- Panneau d&#039;acc\u00e8s en aluminium avec 5\/8 po de retrait et cadre dissimul\u00e9. Loquet \u00e0 bouton-poussoir. Charni\u00e8re \u00e0 pivot. Joint d\u2019\u00e9tanch\u00e9it\u00e9.\" \/>\n<meta property=\"og:url\" content=\"https:\/\/cendrex.com\/fr\/produit\/ral-58\/\" \/>\n<meta property=\"og:site_name\" content=\"Cendrex\" \/>\n<meta property=\"article:modified_time\" content=\"2024-06-14T16:19:46+00:00\" \/>\n<meta property=\"og:image\" content=\"https:\/\/cendrex.com\/wp-content\/uploads\/2018\/10\/RAL-58-1-2.jpg\" \/>\n\t<meta property=\"og:image:width\" content=\"768\" \/>\n\t<meta property=\"og:image:height\" content=\"768\" \/>\n\t<meta property=\"og:image:type\" content=\"image\/jpeg\" \/>\n<meta name=\"twitter:card\" content=\"summary_large_image\" \/>\n<meta name=\"twitter:label1\" content=\"Estimation du temps de lecture\" \/>\n\t<meta name=\"twitter:data1\" content=\"1 minute\" \/>\n<script type=\"application\/ld+json\" class=\"yoast-schema-graph\">{\"@context\":\"https:\\\/\\\/schema.org\",\"@graph\":[{\"@type\":\"WebPage\",\"@id\":\"https:\\\/\\\/cendrex.com\\\/fr\\\/produit\\\/ral-58\\\/\",\"url\":\"https:\\\/\\\/cendrex.com\\\/fr\\\/produit\\\/ral-58\\\/\",\"name\":\"RAL-58- Panneau d'acc\u00e8s avec retrait- Aluminium- Cendrex\",\"isPartOf\":{\"@id\":\"https:\\\/\\\/cendrex.com\\\/en\\\/#website\"},\"primaryImageOfPage\":{\"@id\":\"https:\\\/\\\/cendrex.com\\\/fr\\\/produit\\\/ral-58\\\/#primaryimage\"},\"image\":{\"@id\":\"https:\\\/\\\/cendrex.com\\\/fr\\\/produit\\\/ral-58\\\/#primaryimage\"},\"thumbnailUrl\":\"https:\\\/\\\/cendrex.com\\\/wp-content\\\/uploads\\\/2018\\\/10\\\/RAL-58-1-2.jpg\",\"datePublished\":\"2018-10-16T13:27:39+00:00\",\"dateModified\":\"2024-06-14T16:19:46+00:00\",\"description\":\"RAL-58. ALUMI- Panneau d'acc\u00e8s en aluminium avec 5\\\/8 po de retrait et cadre dissimul\u00e9. Loquet \u00e0 bouton-poussoir. Charni\u00e8re \u00e0 pivot. Joint d\u2019\u00e9tanch\u00e9it\u00e9.\",\"breadcrumb\":{\"@id\":\"https:\\\/\\\/cendrex.com\\\/fr\\\/produit\\\/ral-58\\\/#breadcrumb\"},\"inLanguage\":\"fr-CA\",\"potentialAction\":[{\"@type\":\"ReadAction\",\"target\":[\"https:\\\/\\\/cendrex.com\\\/fr\\\/produit\\\/ral-58\\\/\"]}]},{\"@type\":\"ImageObject\",\"inLanguage\":\"fr-CA\",\"@id\":\"https:\\\/\\\/cendrex.com\\\/fr\\\/produit\\\/ral-58\\\/#primaryimage\",\"url\":\"https:\\\/\\\/cendrex.com\\\/wp-content\\\/uploads\\\/2018\\\/10\\\/RAL-58-1-2.jpg\",\"contentUrl\":\"https:\\\/\\\/cendrex.com\\\/wp-content\\\/uploads\\\/2018\\\/10\\\/RAL-58-1-2.jpg\",\"width\":768,\"height\":768,\"caption\":\"RAL-58- ALUMI- Panneau d'acc\u00e8s en aluminium avec 5\\\/8 po de retrait et cadre dissimul\u00e9- loquet \u00e0 bouton-poussoir, charni\u00e8re \u00e0 pivot, joint d\u2019\u00e9tanch\u00e9it\u00e9\"},{\"@type\":\"BreadcrumbList\",\"@id\":\"https:\\\/\\\/cendrex.com\\\/fr\\\/produit\\\/ral-58\\\/#breadcrumb\",\"itemListElement\":[{\"@type\":\"ListItem\",\"position\":1,\"name\":\"Products\",\"item\":\"https:\\\/\\\/cendrex.com\\\/en\\\/products\\\/\"},{\"@type\":\"ListItem\",\"position\":2,\"name\":\"RAL-58\"}]},{\"@type\":\"WebSite\",\"@id\":\"https:\\\/\\\/cendrex.com\\\/en\\\/#website\",\"url\":\"https:\\\/\\\/cendrex.com\\\/en\\\/\",\"name\":\"Cendrex\",\"description\":\"Fabricant de portes d&#039;acc\u00e8s\",\"publisher\":{\"@id\":\"https:\\\/\\\/cendrex.com\\\/en\\\/#organization\"},\"potentialAction\":[{\"@type\":\"SearchAction\",\"target\":{\"@type\":\"EntryPoint\",\"urlTemplate\":\"https:\\\/\\\/cendrex.com\\\/en\\\/?s={search_term_string}\"},\"query-input\":{\"@type\":\"PropertyValueSpecification\",\"valueRequired\":true,\"valueName\":\"search_term_string\"}}],\"inLanguage\":\"fr-CA\"},{\"@type\":\"Organization\",\"@id\":\"https:\\\/\\\/cendrex.com\\\/en\\\/#organization\",\"name\":\"Cendrex\",\"url\":\"https:\\\/\\\/cendrex.com\\\/en\\\/\",\"logo\":{\"@type\":\"ImageObject\",\"inLanguage\":\"fr-CA\",\"@id\":\"https:\\\/\\\/cendrex.com\\\/en\\\/#\\\/schema\\\/logo\\\/image\\\/\",\"url\":\"https:\\\/\\\/cendrex.com\\\/wp-content\\\/uploads\\\/2021\\\/09\\\/Cendrex-logo-2018-PMS-scaled.jpg\",\"contentUrl\":\"https:\\\/\\\/cendrex.com\\\/wp-content\\\/uploads\\\/2021\\\/09\\\/Cendrex-logo-2018-PMS-scaled.jpg\",\"width\":1200,\"height\":267,\"caption\":\"Cendrex\"},\"image\":{\"@id\":\"https:\\\/\\\/cendrex.com\\\/en\\\/#\\\/schema\\\/logo\\\/image\\\/\"}}]}<\/script>\n<!-- \/ Yoast SEO plugin. -->","yoast_head_json":{"title":"RAL-58- Panneau d'acc\u00e8s avec retrait- Aluminium- Cendrex","description":"RAL-58. ALUMI- Panneau d'acc\u00e8s en aluminium avec 5\/8 po de retrait et cadre dissimul\u00e9. Loquet \u00e0 bouton-poussoir. Charni\u00e8re \u00e0 pivot. Joint d\u2019\u00e9tanch\u00e9it\u00e9.","robots":{"index":"index","follow":"follow","max-snippet":"max-snippet:-1","max-image-preview":"max-image-preview:large","max-video-preview":"max-video-preview:-1"},"canonical":"https:\/\/cendrex.com\/fr\/produit\/ral-58\/","og_locale":"fr_CA","og_type":"article","og_title":"RAL-58- Panneau d'acc\u00e8s avec retrait- Aluminium- Cendrex","og_description":"RAL-58. ALUMI- Panneau d'acc\u00e8s en aluminium avec 5\/8 po de retrait et cadre dissimul\u00e9. Loquet \u00e0 bouton-poussoir. Charni\u00e8re \u00e0 pivot. Joint d\u2019\u00e9tanch\u00e9it\u00e9.","og_url":"https:\/\/cendrex.com\/fr\/produit\/ral-58\/","og_site_name":"Cendrex","article_modified_time":"2024-06-14T16:19:46+00:00","og_image":[{"width":768,"height":768,"url":"https:\/\/cendrex.com\/wp-content\/uploads\/2018\/10\/RAL-58-1-2.jpg","type":"image\/jpeg"}],"twitter_card":"summary_large_image","twitter_misc":{"Estimation du temps de lecture":"1 minute"},"schema":{"@context":"https:\/\/schema.org","@graph":[{"@type":"WebPage","@id":"https:\/\/cendrex.com\/fr\/produit\/ral-58\/","url":"https:\/\/cendrex.com\/fr\/produit\/ral-58\/","name":"RAL-58- Panneau d'acc\u00e8s avec retrait- Aluminium- Cendrex","isPartOf":{"@id":"https:\/\/cendrex.com\/en\/#website"},"primaryImageOfPage":{"@id":"https:\/\/cendrex.com\/fr\/produit\/ral-58\/#primaryimage"},"image":{"@id":"https:\/\/cendrex.com\/fr\/produit\/ral-58\/#primaryimage"},"thumbnailUrl":"https:\/\/cendrex.com\/wp-content\/uploads\/2018\/10\/RAL-58-1-2.jpg","datePublished":"2018-10-16T13:27:39+00:00","dateModified":"2024-06-14T16:19:46+00:00","description":"RAL-58. ALUMI- Panneau d'acc\u00e8s en aluminium avec 5\/8 po de retrait et cadre dissimul\u00e9. Loquet \u00e0 bouton-poussoir. Charni\u00e8re \u00e0 pivot. Joint d\u2019\u00e9tanch\u00e9it\u00e9.","breadcrumb":{"@id":"https:\/\/cendrex.com\/fr\/produit\/ral-58\/#breadcrumb"},"inLanguage":"fr-CA","potentialAction":[{"@type":"ReadAction","target":["https:\/\/cendrex.com\/fr\/produit\/ral-58\/"]}]},{"@type":"ImageObject","inLanguage":"fr-CA","@id":"https:\/\/cendrex.com\/fr\/produit\/ral-58\/#primaryimage","url":"https:\/\/cendrex.com\/wp-content\/uploads\/2018\/10\/RAL-58-1-2.jpg","contentUrl":"https:\/\/cendrex.com\/wp-content\/uploads\/2018\/10\/RAL-58-1-2.jpg","width":768,"height":768,"caption":"RAL-58- ALUMI- Panneau d'acc\u00e8s en aluminium avec 5\/8 po de retrait et cadre dissimul\u00e9- loquet \u00e0 bouton-poussoir, charni\u00e8re \u00e0 pivot, joint d\u2019\u00e9tanch\u00e9it\u00e9"},{"@type":"BreadcrumbList","@id":"https:\/\/cendrex.com\/fr\/produit\/ral-58\/#breadcrumb","itemListElement":[{"@type":"ListItem","position":1,"name":"Products","item":"https:\/\/cendrex.com\/en\/products\/"},{"@type":"ListItem","position":2,"name":"RAL-58"}]},{"@type":"WebSite","@id":"https:\/\/cendrex.com\/en\/#website","url":"https:\/\/cendrex.com\/en\/","name":"Cendrex","description":"Fabricant de portes d&#039;acc\u00e8s","publisher":{"@id":"https:\/\/cendrex.com\/en\/#organization"},"potentialAction":[{"@type":"SearchAction","target":{"@type":"EntryPoint","urlTemplate":"https:\/\/cendrex.com\/en\/?s={search_term_string}"},"query-input":{"@type":"PropertyValueSpecification","valueRequired":true,"valueName":"search_term_string"}}],"inLanguage":"fr-CA"},{"@type":"Organization","@id":"https:\/\/cendrex.com\/en\/#organization","name":"Cendrex","url":"https:\/\/cendrex.com\/en\/","logo":{"@type":"ImageObject","inLanguage":"fr-CA","@id":"https:\/\/cendrex.com\/en\/#\/schema\/logo\/image\/","url":"https:\/\/cendrex.com\/wp-content\/uploads\/2021\/09\/Cendrex-logo-2018-PMS-scaled.jpg","contentUrl":"https:\/\/cendrex.com\/wp-content\/uploads\/2021\/09\/Cendrex-logo-2018-PMS-scaled.jpg","width":1200,"height":267,"caption":"Cendrex"},"image":{"@id":"https:\/\/cendrex.com\/en\/#\/schema\/logo\/image\/"}}]}},"_links":{"self":[{"href":"https:\/\/cendrex.com\/fr\/wp-json\/wp\/v2\/product\/17431","targetHints":{"allow":["GET"]}}],"collection":[{"href":"https:\/\/cendrex.com\/fr\/wp-json\/wp\/v2\/product"}],"about":[{"href":"https:\/\/cendrex.com\/fr\/wp-json\/wp\/v2\/types\/product"}],"version-history":[{"count":0,"href":"https:\/\/cendrex.com\/fr\/wp-json\/wp\/v2\/product\/17431\/revisions"}],"wp:featuredmedia":[{"embeddable":true,"href":"https:\/\/cendrex.com\/fr\/wp-json\/wp\/v2\/media\/21790"}],"wp:attachment":[{"href":"https:\/\/cendrex.com\/fr\/wp-json\/wp\/v2\/media?parent=17431"}],"wp:term":[{"taxonomy":"product_brand","embeddable":true,"href":"https:\/\/cendrex.com\/fr\/wp-json\/wp\/v2\/product_brand?post=17431"},{"taxonomy":"product_cat","embeddable":true,"href":"https:\/\/cendrex.com\/fr\/wp-json\/wp\/v2\/product_cat?post=17431"},{"taxonomy":"product_tag","embeddable":true,"href":"https:\/\/cendrex.com\/fr\/wp-json\/wp\/v2\/product_tag?post=17431"}],"curies":[{"name":"wp","href":"https:\/\/api.w.org\/{rel}","templated":true}]}}