{"id":17387,"date":"2018-10-16T08:55:08","date_gmt":"2018-10-16T13:26:25","guid":{"rendered":"https:\/\/cendrex.p3f.dev\/product\/rmd-00\/"},"modified":"2026-04-07T10:09:04","modified_gmt":"2026-04-07T14:09:04","slug":"rmd-00","status":"publish","type":"product","link":"https:\/\/cendrex.com\/fr\/produit\/rmd-00\/","title":{"rendered":"RMD-00"},"content":{"rendered":"","protected":false},"excerpt":{"rendered":"<p>Porte d&#8217;acc\u00e8s dont les bords biseaut\u00e9s cachent le cadre. Les deux loquets \u00e0 came du tournevis maintiennent la porte ferm\u00e9e et le panneau est amovible. Ce produit est id\u00e9al pour les espaces restreints, \u00e0 acc\u00e8s limit\u00e9s ou obstru\u00e9s emp\u00eachant l&#8217;utilisation d&#8217;une porte \u00e0 penture.<\/p>\n","protected":false},"featured_media":22072,"template":"","meta":{"_acf_changed":false,"inline_featured_image":false},"product_brand":[],"product_cat":[201,200],"product_tag":[],"class_list":{"0":"post-17387","1":"product","2":"type-product","3":"status-publish","4":"has-post-thumbnail","6":"product_cat-a-usage-multiple","7":"product_cat-panneaux-dacces","8":"product_shipping_class-1-fr","9":"pa_compliance-conformite-a-leed-v4","10":"pa_flange-cadre-dissimule","11":"pa_hinge-dissimule","12":"pa_installation-murs-et-plafonds","13":"pa_locking-mechanism-niveau-de-securite-faible","14":"pa_material-acier-lamine-a-froid","16":"first","17":"instock","18":"purchasable","19":"product-type-variable"},"acf":[],"yoast_head":"<!-- This site is optimized with the Yoast SEO plugin v27.3 - https:\/\/yoast.com\/product\/yoast-seo-wordpress\/ -->\n<title>RMD-00-Panneau d&#039;acc\u00e8s \u00e0 usage multiple-Acier lamin\u00e9-Cendrex<\/title>\n<meta name=\"description\" content=\"RMD-00. Panneau d&#039;acc\u00e8s \u00e0 usage universel, amovible avec cadre dissimul\u00e9. Pas de charni\u00e8re. Pour espaces restreints. Conformit\u00e9 LEED v4.\" \/>\n<meta name=\"robots\" content=\"index, follow, max-snippet:-1, max-image-preview:large, max-video-preview:-1\" \/>\n<link rel=\"canonical\" href=\"https:\/\/cendrex.com\/fr\/produit\/rmd-00\/\" \/>\n<meta property=\"og:locale\" content=\"fr_CA\" \/>\n<meta property=\"og:type\" content=\"article\" \/>\n<meta property=\"og:title\" content=\"RMD-00-Panneau d&#039;acc\u00e8s \u00e0 usage multiple-Acier lamin\u00e9-Cendrex\" \/>\n<meta property=\"og:description\" content=\"RMD-00. Panneau d&#039;acc\u00e8s \u00e0 usage universel, amovible avec cadre dissimul\u00e9. Pas de charni\u00e8re. Pour espaces restreints. Conformit\u00e9 LEED v4.\" \/>\n<meta property=\"og:url\" content=\"https:\/\/cendrex.com\/fr\/produit\/rmd-00\/\" \/>\n<meta property=\"og:site_name\" content=\"Cendrex\" \/>\n<meta property=\"article:modified_time\" content=\"2026-04-07T14:09:04+00:00\" \/>\n<meta property=\"og:image\" content=\"https:\/\/cendrex.com\/wp-content\/uploads\/2018\/11\/RMD-00-1.jpg\" \/>\n\t<meta property=\"og:image:width\" content=\"768\" \/>\n\t<meta property=\"og:image:height\" content=\"768\" \/>\n\t<meta property=\"og:image:type\" content=\"image\/jpeg\" \/>\n<meta name=\"twitter:card\" content=\"summary_large_image\" \/>\n<meta name=\"twitter:label1\" content=\"Estimation du temps de lecture\" \/>\n\t<meta name=\"twitter:data1\" content=\"1 minute\" \/>\n<script type=\"application\/ld+json\" class=\"yoast-schema-graph\">{\"@context\":\"https:\\\/\\\/schema.org\",\"@graph\":[{\"@type\":\"WebPage\",\"@id\":\"https:\\\/\\\/cendrex.com\\\/fr\\\/produit\\\/rmd-00\\\/\",\"url\":\"https:\\\/\\\/cendrex.com\\\/fr\\\/produit\\\/rmd-00\\\/\",\"name\":\"RMD-00-Panneau d'acc\u00e8s \u00e0 usage multiple-Acier lamin\u00e9-Cendrex\",\"isPartOf\":{\"@id\":\"https:\\\/\\\/cendrex.com\\\/en\\\/#website\"},\"primaryImageOfPage\":{\"@id\":\"https:\\\/\\\/cendrex.com\\\/fr\\\/produit\\\/rmd-00\\\/#primaryimage\"},\"image\":{\"@id\":\"https:\\\/\\\/cendrex.com\\\/fr\\\/produit\\\/rmd-00\\\/#primaryimage\"},\"thumbnailUrl\":\"https:\\\/\\\/cendrex.com\\\/wp-content\\\/uploads\\\/2018\\\/11\\\/RMD-00-1.jpg\",\"datePublished\":\"2018-10-16T13:26:25+00:00\",\"dateModified\":\"2026-04-07T14:09:04+00:00\",\"description\":\"RMD-00. Panneau d'acc\u00e8s \u00e0 usage universel, amovible avec cadre dissimul\u00e9. Pas de charni\u00e8re. Pour espaces restreints. Conformit\u00e9 LEED v4.\",\"breadcrumb\":{\"@id\":\"https:\\\/\\\/cendrex.com\\\/fr\\\/produit\\\/rmd-00\\\/#breadcrumb\"},\"inLanguage\":\"fr-CA\",\"potentialAction\":[{\"@type\":\"ReadAction\",\"target\":[\"https:\\\/\\\/cendrex.com\\\/fr\\\/produit\\\/rmd-00\\\/\"]}]},{\"@type\":\"ImageObject\",\"inLanguage\":\"fr-CA\",\"@id\":\"https:\\\/\\\/cendrex.com\\\/fr\\\/produit\\\/rmd-00\\\/#primaryimage\",\"url\":\"https:\\\/\\\/cendrex.com\\\/wp-content\\\/uploads\\\/2018\\\/11\\\/RMD-00-1.jpg\",\"contentUrl\":\"https:\\\/\\\/cendrex.com\\\/wp-content\\\/uploads\\\/2018\\\/11\\\/RMD-00-1.jpg\",\"width\":768,\"height\":768,\"caption\":\"RMD-00- Panneau d'acc\u00e8s \u00e0 usage universel, amovible avec cadre dissimul\u00e9- loquet \u00e0 tournevis, bords biseaut\u00e9s, sans charni\u00e8re, pour espaces restreints 2\"},{\"@type\":\"BreadcrumbList\",\"@id\":\"https:\\\/\\\/cendrex.com\\\/fr\\\/produit\\\/rmd-00\\\/#breadcrumb\",\"itemListElement\":[{\"@type\":\"ListItem\",\"position\":1,\"name\":\"Products\",\"item\":\"https:\\\/\\\/cendrex.com\\\/en\\\/products\\\/\"},{\"@type\":\"ListItem\",\"position\":2,\"name\":\"RMD-00\"}]},{\"@type\":\"WebSite\",\"@id\":\"https:\\\/\\\/cendrex.com\\\/en\\\/#website\",\"url\":\"https:\\\/\\\/cendrex.com\\\/en\\\/\",\"name\":\"Cendrex\",\"description\":\"Fabricant de portes d&#039;acc\u00e8s\",\"publisher\":{\"@id\":\"https:\\\/\\\/cendrex.com\\\/en\\\/#organization\"},\"potentialAction\":[{\"@type\":\"SearchAction\",\"target\":{\"@type\":\"EntryPoint\",\"urlTemplate\":\"https:\\\/\\\/cendrex.com\\\/en\\\/?s={search_term_string}\"},\"query-input\":{\"@type\":\"PropertyValueSpecification\",\"valueRequired\":true,\"valueName\":\"search_term_string\"}}],\"inLanguage\":\"fr-CA\"},{\"@type\":\"Organization\",\"@id\":\"https:\\\/\\\/cendrex.com\\\/en\\\/#organization\",\"name\":\"Cendrex\",\"url\":\"https:\\\/\\\/cendrex.com\\\/en\\\/\",\"logo\":{\"@type\":\"ImageObject\",\"inLanguage\":\"fr-CA\",\"@id\":\"https:\\\/\\\/cendrex.com\\\/en\\\/#\\\/schema\\\/logo\\\/image\\\/\",\"url\":\"https:\\\/\\\/cendrex.com\\\/wp-content\\\/uploads\\\/2021\\\/09\\\/Cendrex-logo-2018-PMS-scaled.jpg\",\"contentUrl\":\"https:\\\/\\\/cendrex.com\\\/wp-content\\\/uploads\\\/2021\\\/09\\\/Cendrex-logo-2018-PMS-scaled.jpg\",\"width\":1200,\"height\":267,\"caption\":\"Cendrex\"},\"image\":{\"@id\":\"https:\\\/\\\/cendrex.com\\\/en\\\/#\\\/schema\\\/logo\\\/image\\\/\"}}]}<\/script>\n<!-- \/ Yoast SEO plugin. -->","yoast_head_json":{"title":"RMD-00-Panneau d'acc\u00e8s \u00e0 usage multiple-Acier lamin\u00e9-Cendrex","description":"RMD-00. Panneau d'acc\u00e8s \u00e0 usage universel, amovible avec cadre dissimul\u00e9. Pas de charni\u00e8re. Pour espaces restreints. Conformit\u00e9 LEED v4.","robots":{"index":"index","follow":"follow","max-snippet":"max-snippet:-1","max-image-preview":"max-image-preview:large","max-video-preview":"max-video-preview:-1"},"canonical":"https:\/\/cendrex.com\/fr\/produit\/rmd-00\/","og_locale":"fr_CA","og_type":"article","og_title":"RMD-00-Panneau d'acc\u00e8s \u00e0 usage multiple-Acier lamin\u00e9-Cendrex","og_description":"RMD-00. Panneau d'acc\u00e8s \u00e0 usage universel, amovible avec cadre dissimul\u00e9. Pas de charni\u00e8re. Pour espaces restreints. Conformit\u00e9 LEED v4.","og_url":"https:\/\/cendrex.com\/fr\/produit\/rmd-00\/","og_site_name":"Cendrex","article_modified_time":"2026-04-07T14:09:04+00:00","og_image":[{"width":768,"height":768,"url":"https:\/\/cendrex.com\/wp-content\/uploads\/2018\/11\/RMD-00-1.jpg","type":"image\/jpeg"}],"twitter_card":"summary_large_image","twitter_misc":{"Estimation du temps de lecture":"1 minute"},"schema":{"@context":"https:\/\/schema.org","@graph":[{"@type":"WebPage","@id":"https:\/\/cendrex.com\/fr\/produit\/rmd-00\/","url":"https:\/\/cendrex.com\/fr\/produit\/rmd-00\/","name":"RMD-00-Panneau d'acc\u00e8s \u00e0 usage multiple-Acier lamin\u00e9-Cendrex","isPartOf":{"@id":"https:\/\/cendrex.com\/en\/#website"},"primaryImageOfPage":{"@id":"https:\/\/cendrex.com\/fr\/produit\/rmd-00\/#primaryimage"},"image":{"@id":"https:\/\/cendrex.com\/fr\/produit\/rmd-00\/#primaryimage"},"thumbnailUrl":"https:\/\/cendrex.com\/wp-content\/uploads\/2018\/11\/RMD-00-1.jpg","datePublished":"2018-10-16T13:26:25+00:00","dateModified":"2026-04-07T14:09:04+00:00","description":"RMD-00. Panneau d'acc\u00e8s \u00e0 usage universel, amovible avec cadre dissimul\u00e9. Pas de charni\u00e8re. Pour espaces restreints. Conformit\u00e9 LEED v4.","breadcrumb":{"@id":"https:\/\/cendrex.com\/fr\/produit\/rmd-00\/#breadcrumb"},"inLanguage":"fr-CA","potentialAction":[{"@type":"ReadAction","target":["https:\/\/cendrex.com\/fr\/produit\/rmd-00\/"]}]},{"@type":"ImageObject","inLanguage":"fr-CA","@id":"https:\/\/cendrex.com\/fr\/produit\/rmd-00\/#primaryimage","url":"https:\/\/cendrex.com\/wp-content\/uploads\/2018\/11\/RMD-00-1.jpg","contentUrl":"https:\/\/cendrex.com\/wp-content\/uploads\/2018\/11\/RMD-00-1.jpg","width":768,"height":768,"caption":"RMD-00- Panneau d'acc\u00e8s \u00e0 usage universel, amovible avec cadre dissimul\u00e9- loquet \u00e0 tournevis, bords biseaut\u00e9s, sans charni\u00e8re, pour espaces restreints 2"},{"@type":"BreadcrumbList","@id":"https:\/\/cendrex.com\/fr\/produit\/rmd-00\/#breadcrumb","itemListElement":[{"@type":"ListItem","position":1,"name":"Products","item":"https:\/\/cendrex.com\/en\/products\/"},{"@type":"ListItem","position":2,"name":"RMD-00"}]},{"@type":"WebSite","@id":"https:\/\/cendrex.com\/en\/#website","url":"https:\/\/cendrex.com\/en\/","name":"Cendrex","description":"Fabricant de portes d&#039;acc\u00e8s","publisher":{"@id":"https:\/\/cendrex.com\/en\/#organization"},"potentialAction":[{"@type":"SearchAction","target":{"@type":"EntryPoint","urlTemplate":"https:\/\/cendrex.com\/en\/?s={search_term_string}"},"query-input":{"@type":"PropertyValueSpecification","valueRequired":true,"valueName":"search_term_string"}}],"inLanguage":"fr-CA"},{"@type":"Organization","@id":"https:\/\/cendrex.com\/en\/#organization","name":"Cendrex","url":"https:\/\/cendrex.com\/en\/","logo":{"@type":"ImageObject","inLanguage":"fr-CA","@id":"https:\/\/cendrex.com\/en\/#\/schema\/logo\/image\/","url":"https:\/\/cendrex.com\/wp-content\/uploads\/2021\/09\/Cendrex-logo-2018-PMS-scaled.jpg","contentUrl":"https:\/\/cendrex.com\/wp-content\/uploads\/2021\/09\/Cendrex-logo-2018-PMS-scaled.jpg","width":1200,"height":267,"caption":"Cendrex"},"image":{"@id":"https:\/\/cendrex.com\/en\/#\/schema\/logo\/image\/"}}]}},"_links":{"self":[{"href":"https:\/\/cendrex.com\/fr\/wp-json\/wp\/v2\/product\/17387","targetHints":{"allow":["GET"]}}],"collection":[{"href":"https:\/\/cendrex.com\/fr\/wp-json\/wp\/v2\/product"}],"about":[{"href":"https:\/\/cendrex.com\/fr\/wp-json\/wp\/v2\/types\/product"}],"version-history":[{"count":1,"href":"https:\/\/cendrex.com\/fr\/wp-json\/wp\/v2\/product\/17387\/revisions"}],"predecessor-version":[{"id":46435,"href":"https:\/\/cendrex.com\/fr\/wp-json\/wp\/v2\/product\/17387\/revisions\/46435"}],"wp:featuredmedia":[{"embeddable":true,"href":"https:\/\/cendrex.com\/fr\/wp-json\/wp\/v2\/media\/22072"}],"wp:attachment":[{"href":"https:\/\/cendrex.com\/fr\/wp-json\/wp\/v2\/media?parent=17387"}],"wp:term":[{"taxonomy":"product_brand","embeddable":true,"href":"https:\/\/cendrex.com\/fr\/wp-json\/wp\/v2\/product_brand?post=17387"},{"taxonomy":"product_cat","embeddable":true,"href":"https:\/\/cendrex.com\/fr\/wp-json\/wp\/v2\/product_cat?post=17387"},{"taxonomy":"product_tag","embeddable":true,"href":"https:\/\/cendrex.com\/fr\/wp-json\/wp\/v2\/product_tag?post=17387"}],"curies":[{"name":"wp","href":"https:\/\/api.w.org\/{rel}","templated":true}]}}