{"id":17314,"date":"2018-10-16T08:52:53","date_gmt":"2018-10-16T13:24:22","guid":{"rendered":"https:\/\/cendrex.p3f.dev\/product\/ctr-ss-10\/"},"modified":"2021-08-06T10:07:53","modified_gmt":"2021-08-06T14:07:53","slug":"ctr-ss-10","status":"publish","type":"product","link":"https:\/\/cendrex.com\/fr\/produit\/ctr-ss-10\/","title":{"rendered":"CTR-SS-10"},"content":{"rendered":"","protected":false},"excerpt":{"rendered":"<p>Con\u00e7u pour une finition plus esth\u00e9tique, le panneau en acier inoxydable, avec ses bords biseaut\u00e9s, masque le cadre. Le verrou \u00e0 came actionn\u00e9 par cl\u00e9 assure un niveau de s\u00e9curit\u00e9 accru.<\/p>\n","protected":false},"featured_media":21937,"template":"","meta":{"_acf_changed":false,"inline_featured_image":false},"product_brand":[],"product_cat":[201,200],"product_tag":[],"class_list":{"0":"post-17314","1":"product","2":"type-product","3":"status-publish","4":"has-post-thumbnail","6":"product_cat-a-usage-multiple","7":"product_cat-panneaux-dacces","8":"product_shipping_class-1-fr","9":"pa_compliance-conformite-a-leed-v4","10":"pa_flange-cadre-dissimule","11":"pa_hinge-dissimule","12":"pa_installation-murs-et-plafonds","13":"pa_locking-mechanism-niveau-de-securite-moyen","14":"pa_material-acier-inoxydable","16":"first","17":"instock","18":"purchasable","19":"product-type-variable"},"acf":[],"yoast_head":"<!-- This site is optimized with the Yoast SEO plugin v27.3 - https:\/\/yoast.com\/product\/yoast-seo-wordpress\/ -->\n<title>CTR-SS-10- Panneau d&#039;acc\u00e8s \u00e0 usage multiple- Cendrex<\/title>\n<meta name=\"description\" content=\"CTR-SS-10. Panneau d&#039;acc\u00e8s \u00e0 usage universel, en acier inoxydable avec cadre dissimul\u00e9. Barillet \u00e0 cl\u00e9. Charni\u00e8re de type pantographe. Murs et plafonds.\" \/>\n<meta name=\"robots\" content=\"index, follow, max-snippet:-1, max-image-preview:large, max-video-preview:-1\" \/>\n<link rel=\"canonical\" href=\"https:\/\/cendrex.com\/fr\/produit\/ctr-ss-10\/\" \/>\n<meta property=\"og:locale\" content=\"fr_CA\" \/>\n<meta property=\"og:type\" content=\"article\" \/>\n<meta property=\"og:title\" content=\"CTR-SS-10- Panneau d&#039;acc\u00e8s \u00e0 usage multiple- Cendrex\" \/>\n<meta property=\"og:description\" content=\"CTR-SS-10. Panneau d&#039;acc\u00e8s \u00e0 usage universel, en acier inoxydable avec cadre dissimul\u00e9. Barillet \u00e0 cl\u00e9. Charni\u00e8re de type pantographe. Murs et plafonds.\" \/>\n<meta property=\"og:url\" content=\"https:\/\/cendrex.com\/fr\/produit\/ctr-ss-10\/\" \/>\n<meta property=\"og:site_name\" content=\"Cendrex\" \/>\n<meta property=\"article:modified_time\" content=\"2021-08-06T14:07:53+00:00\" \/>\n<meta property=\"og:image\" content=\"https:\/\/cendrex.com\/wp-content\/uploads\/2018\/11\/CTR-SS-10-1.jpg\" \/>\n\t<meta property=\"og:image:width\" content=\"780\" \/>\n\t<meta property=\"og:image:height\" content=\"780\" \/>\n\t<meta property=\"og:image:type\" content=\"image\/jpeg\" \/>\n<meta name=\"twitter:card\" content=\"summary_large_image\" \/>\n<script type=\"application\/ld+json\" class=\"yoast-schema-graph\">{\"@context\":\"https:\\\/\\\/schema.org\",\"@graph\":[{\"@type\":\"WebPage\",\"@id\":\"https:\\\/\\\/cendrex.com\\\/fr\\\/produit\\\/ctr-ss-10\\\/\",\"url\":\"https:\\\/\\\/cendrex.com\\\/fr\\\/produit\\\/ctr-ss-10\\\/\",\"name\":\"CTR-SS-10- Panneau d'acc\u00e8s \u00e0 usage multiple- Cendrex\",\"isPartOf\":{\"@id\":\"https:\\\/\\\/cendrex.com\\\/en\\\/#website\"},\"primaryImageOfPage\":{\"@id\":\"https:\\\/\\\/cendrex.com\\\/fr\\\/produit\\\/ctr-ss-10\\\/#primaryimage\"},\"image\":{\"@id\":\"https:\\\/\\\/cendrex.com\\\/fr\\\/produit\\\/ctr-ss-10\\\/#primaryimage\"},\"thumbnailUrl\":\"https:\\\/\\\/cendrex.com\\\/wp-content\\\/uploads\\\/2018\\\/11\\\/CTR-SS-10-1.jpg\",\"datePublished\":\"2018-10-16T13:24:22+00:00\",\"dateModified\":\"2021-08-06T14:07:53+00:00\",\"description\":\"CTR-SS-10. Panneau d'acc\u00e8s \u00e0 usage universel, en acier inoxydable avec cadre dissimul\u00e9. Barillet \u00e0 cl\u00e9. Charni\u00e8re de type pantographe. Murs et plafonds.\",\"breadcrumb\":{\"@id\":\"https:\\\/\\\/cendrex.com\\\/fr\\\/produit\\\/ctr-ss-10\\\/#breadcrumb\"},\"inLanguage\":\"fr-CA\",\"potentialAction\":[{\"@type\":\"ReadAction\",\"target\":[\"https:\\\/\\\/cendrex.com\\\/fr\\\/produit\\\/ctr-ss-10\\\/\"]}]},{\"@type\":\"ImageObject\",\"inLanguage\":\"fr-CA\",\"@id\":\"https:\\\/\\\/cendrex.com\\\/fr\\\/produit\\\/ctr-ss-10\\\/#primaryimage\",\"url\":\"https:\\\/\\\/cendrex.com\\\/wp-content\\\/uploads\\\/2018\\\/11\\\/CTR-SS-10-1.jpg\",\"contentUrl\":\"https:\\\/\\\/cendrex.com\\\/wp-content\\\/uploads\\\/2018\\\/11\\\/CTR-SS-10-1.jpg\",\"width\":780,\"height\":780,\"caption\":\"CTR-SS-10- Panneau d'acc\u00e8s \u00e0 usage universel, en acier inoxydable avec cadre dissimul\u00e9- barillet \u00e0 cl\u00e9, charni\u00e8re de type pantographe, bords biseaut\u00e9s\"},{\"@type\":\"BreadcrumbList\",\"@id\":\"https:\\\/\\\/cendrex.com\\\/fr\\\/produit\\\/ctr-ss-10\\\/#breadcrumb\",\"itemListElement\":[{\"@type\":\"ListItem\",\"position\":1,\"name\":\"Products\",\"item\":\"https:\\\/\\\/cendrex.com\\\/en\\\/products\\\/\"},{\"@type\":\"ListItem\",\"position\":2,\"name\":\"CTR-SS-10\"}]},{\"@type\":\"WebSite\",\"@id\":\"https:\\\/\\\/cendrex.com\\\/en\\\/#website\",\"url\":\"https:\\\/\\\/cendrex.com\\\/en\\\/\",\"name\":\"Cendrex\",\"description\":\"Fabricant de portes d&#039;acc\u00e8s\",\"publisher\":{\"@id\":\"https:\\\/\\\/cendrex.com\\\/en\\\/#organization\"},\"potentialAction\":[{\"@type\":\"SearchAction\",\"target\":{\"@type\":\"EntryPoint\",\"urlTemplate\":\"https:\\\/\\\/cendrex.com\\\/en\\\/?s={search_term_string}\"},\"query-input\":{\"@type\":\"PropertyValueSpecification\",\"valueRequired\":true,\"valueName\":\"search_term_string\"}}],\"inLanguage\":\"fr-CA\"},{\"@type\":\"Organization\",\"@id\":\"https:\\\/\\\/cendrex.com\\\/en\\\/#organization\",\"name\":\"Cendrex\",\"url\":\"https:\\\/\\\/cendrex.com\\\/en\\\/\",\"logo\":{\"@type\":\"ImageObject\",\"inLanguage\":\"fr-CA\",\"@id\":\"https:\\\/\\\/cendrex.com\\\/en\\\/#\\\/schema\\\/logo\\\/image\\\/\",\"url\":\"https:\\\/\\\/cendrex.com\\\/wp-content\\\/uploads\\\/2021\\\/09\\\/Cendrex-logo-2018-PMS-scaled.jpg\",\"contentUrl\":\"https:\\\/\\\/cendrex.com\\\/wp-content\\\/uploads\\\/2021\\\/09\\\/Cendrex-logo-2018-PMS-scaled.jpg\",\"width\":1200,\"height\":267,\"caption\":\"Cendrex\"},\"image\":{\"@id\":\"https:\\\/\\\/cendrex.com\\\/en\\\/#\\\/schema\\\/logo\\\/image\\\/\"}}]}<\/script>\n<!-- \/ Yoast SEO plugin. -->","yoast_head_json":{"title":"CTR-SS-10- Panneau d'acc\u00e8s \u00e0 usage multiple- Cendrex","description":"CTR-SS-10. Panneau d'acc\u00e8s \u00e0 usage universel, en acier inoxydable avec cadre dissimul\u00e9. Barillet \u00e0 cl\u00e9. Charni\u00e8re de type pantographe. Murs et plafonds.","robots":{"index":"index","follow":"follow","max-snippet":"max-snippet:-1","max-image-preview":"max-image-preview:large","max-video-preview":"max-video-preview:-1"},"canonical":"https:\/\/cendrex.com\/fr\/produit\/ctr-ss-10\/","og_locale":"fr_CA","og_type":"article","og_title":"CTR-SS-10- Panneau d'acc\u00e8s \u00e0 usage multiple- Cendrex","og_description":"CTR-SS-10. Panneau d'acc\u00e8s \u00e0 usage universel, en acier inoxydable avec cadre dissimul\u00e9. Barillet \u00e0 cl\u00e9. Charni\u00e8re de type pantographe. Murs et plafonds.","og_url":"https:\/\/cendrex.com\/fr\/produit\/ctr-ss-10\/","og_site_name":"Cendrex","article_modified_time":"2021-08-06T14:07:53+00:00","og_image":[{"width":780,"height":780,"url":"https:\/\/cendrex.com\/wp-content\/uploads\/2018\/11\/CTR-SS-10-1.jpg","type":"image\/jpeg"}],"twitter_card":"summary_large_image","schema":{"@context":"https:\/\/schema.org","@graph":[{"@type":"WebPage","@id":"https:\/\/cendrex.com\/fr\/produit\/ctr-ss-10\/","url":"https:\/\/cendrex.com\/fr\/produit\/ctr-ss-10\/","name":"CTR-SS-10- Panneau d'acc\u00e8s \u00e0 usage multiple- Cendrex","isPartOf":{"@id":"https:\/\/cendrex.com\/en\/#website"},"primaryImageOfPage":{"@id":"https:\/\/cendrex.com\/fr\/produit\/ctr-ss-10\/#primaryimage"},"image":{"@id":"https:\/\/cendrex.com\/fr\/produit\/ctr-ss-10\/#primaryimage"},"thumbnailUrl":"https:\/\/cendrex.com\/wp-content\/uploads\/2018\/11\/CTR-SS-10-1.jpg","datePublished":"2018-10-16T13:24:22+00:00","dateModified":"2021-08-06T14:07:53+00:00","description":"CTR-SS-10. Panneau d'acc\u00e8s \u00e0 usage universel, en acier inoxydable avec cadre dissimul\u00e9. Barillet \u00e0 cl\u00e9. Charni\u00e8re de type pantographe. Murs et plafonds.","breadcrumb":{"@id":"https:\/\/cendrex.com\/fr\/produit\/ctr-ss-10\/#breadcrumb"},"inLanguage":"fr-CA","potentialAction":[{"@type":"ReadAction","target":["https:\/\/cendrex.com\/fr\/produit\/ctr-ss-10\/"]}]},{"@type":"ImageObject","inLanguage":"fr-CA","@id":"https:\/\/cendrex.com\/fr\/produit\/ctr-ss-10\/#primaryimage","url":"https:\/\/cendrex.com\/wp-content\/uploads\/2018\/11\/CTR-SS-10-1.jpg","contentUrl":"https:\/\/cendrex.com\/wp-content\/uploads\/2018\/11\/CTR-SS-10-1.jpg","width":780,"height":780,"caption":"CTR-SS-10- Panneau d'acc\u00e8s \u00e0 usage universel, en acier inoxydable avec cadre dissimul\u00e9- barillet \u00e0 cl\u00e9, charni\u00e8re de type pantographe, bords biseaut\u00e9s"},{"@type":"BreadcrumbList","@id":"https:\/\/cendrex.com\/fr\/produit\/ctr-ss-10\/#breadcrumb","itemListElement":[{"@type":"ListItem","position":1,"name":"Products","item":"https:\/\/cendrex.com\/en\/products\/"},{"@type":"ListItem","position":2,"name":"CTR-SS-10"}]},{"@type":"WebSite","@id":"https:\/\/cendrex.com\/en\/#website","url":"https:\/\/cendrex.com\/en\/","name":"Cendrex","description":"Fabricant de portes d&#039;acc\u00e8s","publisher":{"@id":"https:\/\/cendrex.com\/en\/#organization"},"potentialAction":[{"@type":"SearchAction","target":{"@type":"EntryPoint","urlTemplate":"https:\/\/cendrex.com\/en\/?s={search_term_string}"},"query-input":{"@type":"PropertyValueSpecification","valueRequired":true,"valueName":"search_term_string"}}],"inLanguage":"fr-CA"},{"@type":"Organization","@id":"https:\/\/cendrex.com\/en\/#organization","name":"Cendrex","url":"https:\/\/cendrex.com\/en\/","logo":{"@type":"ImageObject","inLanguage":"fr-CA","@id":"https:\/\/cendrex.com\/en\/#\/schema\/logo\/image\/","url":"https:\/\/cendrex.com\/wp-content\/uploads\/2021\/09\/Cendrex-logo-2018-PMS-scaled.jpg","contentUrl":"https:\/\/cendrex.com\/wp-content\/uploads\/2021\/09\/Cendrex-logo-2018-PMS-scaled.jpg","width":1200,"height":267,"caption":"Cendrex"},"image":{"@id":"https:\/\/cendrex.com\/en\/#\/schema\/logo\/image\/"}}]}},"_links":{"self":[{"href":"https:\/\/cendrex.com\/fr\/wp-json\/wp\/v2\/product\/17314","targetHints":{"allow":["GET"]}}],"collection":[{"href":"https:\/\/cendrex.com\/fr\/wp-json\/wp\/v2\/product"}],"about":[{"href":"https:\/\/cendrex.com\/fr\/wp-json\/wp\/v2\/types\/product"}],"version-history":[{"count":0,"href":"https:\/\/cendrex.com\/fr\/wp-json\/wp\/v2\/product\/17314\/revisions"}],"wp:featuredmedia":[{"embeddable":true,"href":"https:\/\/cendrex.com\/fr\/wp-json\/wp\/v2\/media\/21937"}],"wp:attachment":[{"href":"https:\/\/cendrex.com\/fr\/wp-json\/wp\/v2\/media?parent=17314"}],"wp:term":[{"taxonomy":"product_brand","embeddable":true,"href":"https:\/\/cendrex.com\/fr\/wp-json\/wp\/v2\/product_brand?post=17314"},{"taxonomy":"product_cat","embeddable":true,"href":"https:\/\/cendrex.com\/fr\/wp-json\/wp\/v2\/product_cat?post=17314"},{"taxonomy":"product_tag","embeddable":true,"href":"https:\/\/cendrex.com\/fr\/wp-json\/wp\/v2\/product_tag?post=17314"}],"curies":[{"name":"wp","href":"https:\/\/api.w.org\/{rel}","templated":true}]}}