{"id":17151,"date":"2018-10-16T08:48:14","date_gmt":"2018-10-16T13:20:10","guid":{"rendered":"https:\/\/cendrex.p3f.dev\/product\/ahd-gyp-90-110\/"},"modified":"2026-03-16T10:34:44","modified_gmt":"2026-03-16T14:34:44","slug":"ahd-gyp-90-110","status":"publish","type":"product","link":"https:\/\/cendrex.com\/fr\/produit\/ahd-gyp-90-110\/","title":{"rendered":"AHD-GYP-90-110"},"content":{"rendered":"","protected":false},"excerpt":{"rendered":"<p>Le cadre perfor\u00e9, con\u00e7u pour installation sur les cloisons s\u00e8ches, n&#8217;est pas expos\u00e9 apr\u00e8s application du compos\u00e9 \u00e0 joint. Le verrou \u00e0 came \u00e0 t\u00eate hexagonale, class\u00e9 comme m\u00e9canisme de verrouillage \u00e0 s\u00e9curit\u00e9 moyenne, requiert une cl\u00e9 Allen sp\u00e9ciale pour ouvrir le panneau.<\/p>\n","protected":false},"featured_media":21925,"template":"","meta":{"_acf_changed":false,"inline_featured_image":false},"product_brand":[],"product_cat":[201,200],"product_tag":[],"class_list":{"0":"post-17151","1":"product","2":"type-product","3":"status-publish","4":"has-post-thumbnail","6":"product_cat-a-usage-multiple","7":"product_cat-panneaux-dacces","8":"product_shipping_class-1-fr","9":"pa_compliance-conformite-a-leed-v4","10":"pa_flange-cadre-perfore-pour-gypse","11":"pa_hinge-dissimule","12":"pa_installation-murs-et-plafonds","13":"pa_locking-mechanism-niveau-de-securite-moyen","14":"pa_material-acier-lamine-a-froid","16":"first","17":"instock","18":"purchasable","19":"product-type-variable"},"acf":[],"yoast_head":"<!-- This site is optimized with the Yoast SEO plugin v27.3 - https:\/\/yoast.com\/product\/yoast-seo-wordpress\/ -->\n<title>AHD-GYP-90-110- Panneau d&#039;acc\u00e8s \u00e0 usage multiple- Cendrex<\/title>\n<meta name=\"description\" content=\"AHD-GYP-90-110. Panneau d&#039;acc\u00e8s avec cadre perfor\u00e9 pour gypse. Loquet antivandalisme \u00e0 t\u00eate hexagonale. Penture piano. Conformit\u00e9 LEED v4.\" \/>\n<meta name=\"robots\" content=\"index, follow, max-snippet:-1, max-image-preview:large, max-video-preview:-1\" \/>\n<link rel=\"canonical\" href=\"https:\/\/cendrex.com\/fr\/produit\/ahd-gyp-90-110\/\" \/>\n<meta property=\"og:locale\" content=\"fr_CA\" \/>\n<meta property=\"og:type\" content=\"article\" \/>\n<meta property=\"og:title\" content=\"AHD-GYP-90-110- Panneau d&#039;acc\u00e8s \u00e0 usage multiple- Cendrex\" \/>\n<meta property=\"og:description\" content=\"AHD-GYP-90-110. Panneau d&#039;acc\u00e8s avec cadre perfor\u00e9 pour gypse. Loquet antivandalisme \u00e0 t\u00eate hexagonale. Penture piano. Conformit\u00e9 LEED v4.\" \/>\n<meta property=\"og:url\" content=\"https:\/\/cendrex.com\/fr\/produit\/ahd-gyp-90-110\/\" \/>\n<meta property=\"og:site_name\" content=\"Cendrex\" \/>\n<meta property=\"article:modified_time\" content=\"2026-03-16T14:34:44+00:00\" \/>\n<meta property=\"og:image\" content=\"https:\/\/cendrex.com\/wp-content\/uploads\/2018\/11\/AHD-GYP-90-110-1.jpg\" \/>\n\t<meta property=\"og:image:width\" content=\"780\" \/>\n\t<meta property=\"og:image:height\" content=\"780\" \/>\n\t<meta property=\"og:image:type\" content=\"image\/jpeg\" \/>\n<meta name=\"twitter:card\" content=\"summary_large_image\" \/>\n<meta name=\"twitter:label1\" content=\"Estimation du temps de lecture\" \/>\n\t<meta name=\"twitter:data1\" content=\"1 minute\" \/>\n<script type=\"application\/ld+json\" class=\"yoast-schema-graph\">{\"@context\":\"https:\\\/\\\/schema.org\",\"@graph\":[{\"@type\":\"WebPage\",\"@id\":\"https:\\\/\\\/cendrex.com\\\/fr\\\/produit\\\/ahd-gyp-90-110\\\/\",\"url\":\"https:\\\/\\\/cendrex.com\\\/fr\\\/produit\\\/ahd-gyp-90-110\\\/\",\"name\":\"AHD-GYP-90-110- Panneau d'acc\u00e8s \u00e0 usage multiple- Cendrex\",\"isPartOf\":{\"@id\":\"https:\\\/\\\/cendrex.com\\\/en\\\/#website\"},\"primaryImageOfPage\":{\"@id\":\"https:\\\/\\\/cendrex.com\\\/fr\\\/produit\\\/ahd-gyp-90-110\\\/#primaryimage\"},\"image\":{\"@id\":\"https:\\\/\\\/cendrex.com\\\/fr\\\/produit\\\/ahd-gyp-90-110\\\/#primaryimage\"},\"thumbnailUrl\":\"https:\\\/\\\/cendrex.com\\\/wp-content\\\/uploads\\\/2018\\\/11\\\/AHD-GYP-90-110-1.jpg\",\"datePublished\":\"2018-10-16T13:20:10+00:00\",\"dateModified\":\"2026-03-16T14:34:44+00:00\",\"description\":\"AHD-GYP-90-110. Panneau d'acc\u00e8s avec cadre perfor\u00e9 pour gypse. Loquet antivandalisme \u00e0 t\u00eate hexagonale. Penture piano. Conformit\u00e9 LEED v4.\",\"breadcrumb\":{\"@id\":\"https:\\\/\\\/cendrex.com\\\/fr\\\/produit\\\/ahd-gyp-90-110\\\/#breadcrumb\"},\"inLanguage\":\"fr-CA\",\"potentialAction\":[{\"@type\":\"ReadAction\",\"target\":[\"https:\\\/\\\/cendrex.com\\\/fr\\\/produit\\\/ahd-gyp-90-110\\\/\"]}]},{\"@type\":\"ImageObject\",\"inLanguage\":\"fr-CA\",\"@id\":\"https:\\\/\\\/cendrex.com\\\/fr\\\/produit\\\/ahd-gyp-90-110\\\/#primaryimage\",\"url\":\"https:\\\/\\\/cendrex.com\\\/wp-content\\\/uploads\\\/2018\\\/11\\\/AHD-GYP-90-110-1.jpg\",\"contentUrl\":\"https:\\\/\\\/cendrex.com\\\/wp-content\\\/uploads\\\/2018\\\/11\\\/AHD-GYP-90-110-1.jpg\",\"width\":780,\"height\":780,\"caption\":\"AHD-GYP-90-110- Panneau d'acc\u00e8s avec cadre perfor\u00e9 pour gypse- loquet antivandalisme \u00e0 t\u00eate hexagonale, penture piano, appr\u00eat poudre blanche haute qualit\u00e9\"},{\"@type\":\"BreadcrumbList\",\"@id\":\"https:\\\/\\\/cendrex.com\\\/fr\\\/produit\\\/ahd-gyp-90-110\\\/#breadcrumb\",\"itemListElement\":[{\"@type\":\"ListItem\",\"position\":1,\"name\":\"Products\",\"item\":\"https:\\\/\\\/cendrex.com\\\/en\\\/products\\\/\"},{\"@type\":\"ListItem\",\"position\":2,\"name\":\"AHD-GYP-90-110\"}]},{\"@type\":\"WebSite\",\"@id\":\"https:\\\/\\\/cendrex.com\\\/en\\\/#website\",\"url\":\"https:\\\/\\\/cendrex.com\\\/en\\\/\",\"name\":\"Cendrex\",\"description\":\"Fabricant de portes d&#039;acc\u00e8s\",\"publisher\":{\"@id\":\"https:\\\/\\\/cendrex.com\\\/en\\\/#organization\"},\"potentialAction\":[{\"@type\":\"SearchAction\",\"target\":{\"@type\":\"EntryPoint\",\"urlTemplate\":\"https:\\\/\\\/cendrex.com\\\/en\\\/?s={search_term_string}\"},\"query-input\":{\"@type\":\"PropertyValueSpecification\",\"valueRequired\":true,\"valueName\":\"search_term_string\"}}],\"inLanguage\":\"fr-CA\"},{\"@type\":\"Organization\",\"@id\":\"https:\\\/\\\/cendrex.com\\\/en\\\/#organization\",\"name\":\"Cendrex\",\"url\":\"https:\\\/\\\/cendrex.com\\\/en\\\/\",\"logo\":{\"@type\":\"ImageObject\",\"inLanguage\":\"fr-CA\",\"@id\":\"https:\\\/\\\/cendrex.com\\\/en\\\/#\\\/schema\\\/logo\\\/image\\\/\",\"url\":\"https:\\\/\\\/cendrex.com\\\/wp-content\\\/uploads\\\/2021\\\/09\\\/Cendrex-logo-2018-PMS-scaled.jpg\",\"contentUrl\":\"https:\\\/\\\/cendrex.com\\\/wp-content\\\/uploads\\\/2021\\\/09\\\/Cendrex-logo-2018-PMS-scaled.jpg\",\"width\":1200,\"height\":267,\"caption\":\"Cendrex\"},\"image\":{\"@id\":\"https:\\\/\\\/cendrex.com\\\/en\\\/#\\\/schema\\\/logo\\\/image\\\/\"}}]}<\/script>\n<!-- \/ Yoast SEO plugin. -->","yoast_head_json":{"title":"AHD-GYP-90-110- Panneau d'acc\u00e8s \u00e0 usage multiple- Cendrex","description":"AHD-GYP-90-110. Panneau d'acc\u00e8s avec cadre perfor\u00e9 pour gypse. Loquet antivandalisme \u00e0 t\u00eate hexagonale. Penture piano. Conformit\u00e9 LEED v4.","robots":{"index":"index","follow":"follow","max-snippet":"max-snippet:-1","max-image-preview":"max-image-preview:large","max-video-preview":"max-video-preview:-1"},"canonical":"https:\/\/cendrex.com\/fr\/produit\/ahd-gyp-90-110\/","og_locale":"fr_CA","og_type":"article","og_title":"AHD-GYP-90-110- Panneau d'acc\u00e8s \u00e0 usage multiple- Cendrex","og_description":"AHD-GYP-90-110. Panneau d'acc\u00e8s avec cadre perfor\u00e9 pour gypse. Loquet antivandalisme \u00e0 t\u00eate hexagonale. Penture piano. Conformit\u00e9 LEED v4.","og_url":"https:\/\/cendrex.com\/fr\/produit\/ahd-gyp-90-110\/","og_site_name":"Cendrex","article_modified_time":"2026-03-16T14:34:44+00:00","og_image":[{"width":780,"height":780,"url":"https:\/\/cendrex.com\/wp-content\/uploads\/2018\/11\/AHD-GYP-90-110-1.jpg","type":"image\/jpeg"}],"twitter_card":"summary_large_image","twitter_misc":{"Estimation du temps de lecture":"1 minute"},"schema":{"@context":"https:\/\/schema.org","@graph":[{"@type":"WebPage","@id":"https:\/\/cendrex.com\/fr\/produit\/ahd-gyp-90-110\/","url":"https:\/\/cendrex.com\/fr\/produit\/ahd-gyp-90-110\/","name":"AHD-GYP-90-110- Panneau d'acc\u00e8s \u00e0 usage multiple- Cendrex","isPartOf":{"@id":"https:\/\/cendrex.com\/en\/#website"},"primaryImageOfPage":{"@id":"https:\/\/cendrex.com\/fr\/produit\/ahd-gyp-90-110\/#primaryimage"},"image":{"@id":"https:\/\/cendrex.com\/fr\/produit\/ahd-gyp-90-110\/#primaryimage"},"thumbnailUrl":"https:\/\/cendrex.com\/wp-content\/uploads\/2018\/11\/AHD-GYP-90-110-1.jpg","datePublished":"2018-10-16T13:20:10+00:00","dateModified":"2026-03-16T14:34:44+00:00","description":"AHD-GYP-90-110. Panneau d'acc\u00e8s avec cadre perfor\u00e9 pour gypse. Loquet antivandalisme \u00e0 t\u00eate hexagonale. Penture piano. Conformit\u00e9 LEED v4.","breadcrumb":{"@id":"https:\/\/cendrex.com\/fr\/produit\/ahd-gyp-90-110\/#breadcrumb"},"inLanguage":"fr-CA","potentialAction":[{"@type":"ReadAction","target":["https:\/\/cendrex.com\/fr\/produit\/ahd-gyp-90-110\/"]}]},{"@type":"ImageObject","inLanguage":"fr-CA","@id":"https:\/\/cendrex.com\/fr\/produit\/ahd-gyp-90-110\/#primaryimage","url":"https:\/\/cendrex.com\/wp-content\/uploads\/2018\/11\/AHD-GYP-90-110-1.jpg","contentUrl":"https:\/\/cendrex.com\/wp-content\/uploads\/2018\/11\/AHD-GYP-90-110-1.jpg","width":780,"height":780,"caption":"AHD-GYP-90-110- Panneau d'acc\u00e8s avec cadre perfor\u00e9 pour gypse- loquet antivandalisme \u00e0 t\u00eate hexagonale, penture piano, appr\u00eat poudre blanche haute qualit\u00e9"},{"@type":"BreadcrumbList","@id":"https:\/\/cendrex.com\/fr\/produit\/ahd-gyp-90-110\/#breadcrumb","itemListElement":[{"@type":"ListItem","position":1,"name":"Products","item":"https:\/\/cendrex.com\/en\/products\/"},{"@type":"ListItem","position":2,"name":"AHD-GYP-90-110"}]},{"@type":"WebSite","@id":"https:\/\/cendrex.com\/en\/#website","url":"https:\/\/cendrex.com\/en\/","name":"Cendrex","description":"Fabricant de portes d&#039;acc\u00e8s","publisher":{"@id":"https:\/\/cendrex.com\/en\/#organization"},"potentialAction":[{"@type":"SearchAction","target":{"@type":"EntryPoint","urlTemplate":"https:\/\/cendrex.com\/en\/?s={search_term_string}"},"query-input":{"@type":"PropertyValueSpecification","valueRequired":true,"valueName":"search_term_string"}}],"inLanguage":"fr-CA"},{"@type":"Organization","@id":"https:\/\/cendrex.com\/en\/#organization","name":"Cendrex","url":"https:\/\/cendrex.com\/en\/","logo":{"@type":"ImageObject","inLanguage":"fr-CA","@id":"https:\/\/cendrex.com\/en\/#\/schema\/logo\/image\/","url":"https:\/\/cendrex.com\/wp-content\/uploads\/2021\/09\/Cendrex-logo-2018-PMS-scaled.jpg","contentUrl":"https:\/\/cendrex.com\/wp-content\/uploads\/2021\/09\/Cendrex-logo-2018-PMS-scaled.jpg","width":1200,"height":267,"caption":"Cendrex"},"image":{"@id":"https:\/\/cendrex.com\/en\/#\/schema\/logo\/image\/"}}]}},"_links":{"self":[{"href":"https:\/\/cendrex.com\/fr\/wp-json\/wp\/v2\/product\/17151","targetHints":{"allow":["GET"]}}],"collection":[{"href":"https:\/\/cendrex.com\/fr\/wp-json\/wp\/v2\/product"}],"about":[{"href":"https:\/\/cendrex.com\/fr\/wp-json\/wp\/v2\/types\/product"}],"version-history":[{"count":1,"href":"https:\/\/cendrex.com\/fr\/wp-json\/wp\/v2\/product\/17151\/revisions"}],"predecessor-version":[{"id":41269,"href":"https:\/\/cendrex.com\/fr\/wp-json\/wp\/v2\/product\/17151\/revisions\/41269"}],"wp:featuredmedia":[{"embeddable":true,"href":"https:\/\/cendrex.com\/fr\/wp-json\/wp\/v2\/media\/21925"}],"wp:attachment":[{"href":"https:\/\/cendrex.com\/fr\/wp-json\/wp\/v2\/media?parent=17151"}],"wp:term":[{"taxonomy":"product_brand","embeddable":true,"href":"https:\/\/cendrex.com\/fr\/wp-json\/wp\/v2\/product_brand?post=17151"},{"taxonomy":"product_cat","embeddable":true,"href":"https:\/\/cendrex.com\/fr\/wp-json\/wp\/v2\/product_cat?post=17151"},{"taxonomy":"product_tag","embeddable":true,"href":"https:\/\/cendrex.com\/fr\/wp-json\/wp\/v2\/product_tag?post=17151"}],"curies":[{"name":"wp","href":"https:\/\/api.w.org\/{rel}","templated":true}]}}