{"id":16967,"date":"2018-10-16T08:43:12","date_gmt":"2018-10-16T13:15:52","guid":{"rendered":"https:\/\/cendrex.p3f.dev\/product\/ahd-15-110\/"},"modified":"2024-05-29T09:14:50","modified_gmt":"2024-05-29T13:14:50","slug":"ahd-15-110","status":"publish","type":"product","link":"https:\/\/cendrex.com\/fr\/produit\/ahd-15-110\/","title":{"rendered":"AHD-15-110"},"content":{"rendered":"","protected":false},"excerpt":{"rendered":"<p>Pour une facilit\u00e9 et une rapidit\u00e9 d&#8217;installation sur cloisons et plafonds non homologu\u00e9s. Le trou pour serrure \u00e0 mortaise est compatible avec les cylindres \u00e0 mortaise de la plupart des fabricants dont Best, Corbin et Ilco. Ce m\u00e9canisme de verrouillage est de s\u00e9curit\u00e9 moyenne.<\/p>\n","protected":false},"featured_media":21911,"template":"","meta":{"_acf_changed":false,"inline_featured_image":false},"product_brand":[],"product_cat":[201,200],"product_tag":[],"class_list":{"0":"post-16967","1":"product","2":"type-product","3":"status-publish","4":"has-post-thumbnail","6":"product_cat-a-usage-multiple","7":"product_cat-panneaux-dacces","8":"product_shipping_class-1-fr","9":"pa_compliance-conformite-a-leed-v4","10":"pa_flange-cadre-apparent","11":"pa_hinge-penture-piano","12":"pa_installation-murs-et-plafonds","13":"pa_locking-mechanism-niveau-de-securite-moyen","14":"pa_material-acier-lamine-a-froid","16":"first","17":"instock","18":"purchasable","19":"product-type-variable"},"acf":[],"yoast_head":"<!-- This site is optimized with the Yoast SEO plugin v27.3 - https:\/\/yoast.com\/product\/yoast-seo-wordpress\/ -->\n<title>AHD-15-110- Panneau d&#039;acc\u00e8s \u00e0 usage multiple- Cendrex<\/title>\n<meta name=\"description\" content=\"AHD-15-110. Panneau d&#039;acc\u00e8s \u00e0 usage universel avec cadre apparent. Pr\u00e9paration mortaise pour cylindre \u00e0 cam. Penture piano. Conformit\u00e9 LEED v4.\" \/>\n<meta name=\"robots\" content=\"index, follow, max-snippet:-1, max-image-preview:large, max-video-preview:-1\" \/>\n<link rel=\"canonical\" href=\"https:\/\/cendrex.com\/fr\/produit\/ahd-15-110\/\" \/>\n<meta property=\"og:locale\" content=\"fr_CA\" \/>\n<meta property=\"og:type\" content=\"article\" \/>\n<meta property=\"og:title\" content=\"AHD-15-110- Panneau d&#039;acc\u00e8s \u00e0 usage multiple- Cendrex\" \/>\n<meta property=\"og:description\" content=\"AHD-15-110. Panneau d&#039;acc\u00e8s \u00e0 usage universel avec cadre apparent. Pr\u00e9paration mortaise pour cylindre \u00e0 cam. Penture piano. Conformit\u00e9 LEED v4.\" \/>\n<meta property=\"og:url\" content=\"https:\/\/cendrex.com\/fr\/produit\/ahd-15-110\/\" \/>\n<meta property=\"og:site_name\" content=\"Cendrex\" \/>\n<meta property=\"article:modified_time\" content=\"2024-05-29T13:14:50+00:00\" \/>\n<meta property=\"og:image\" content=\"https:\/\/cendrex.com\/wp-content\/uploads\/2018\/11\/AHD-15-110-1.jpg\" \/>\n\t<meta property=\"og:image:width\" content=\"780\" \/>\n\t<meta property=\"og:image:height\" content=\"780\" \/>\n\t<meta property=\"og:image:type\" content=\"image\/jpeg\" \/>\n<meta name=\"twitter:card\" content=\"summary_large_image\" \/>\n<meta name=\"twitter:label1\" content=\"Estimation du temps de lecture\" \/>\n\t<meta name=\"twitter:data1\" content=\"1 minute\" \/>\n<script type=\"application\/ld+json\" class=\"yoast-schema-graph\">{\"@context\":\"https:\\\/\\\/schema.org\",\"@graph\":[{\"@type\":\"WebPage\",\"@id\":\"https:\\\/\\\/cendrex.com\\\/fr\\\/produit\\\/ahd-15-110\\\/\",\"url\":\"https:\\\/\\\/cendrex.com\\\/fr\\\/produit\\\/ahd-15-110\\\/\",\"name\":\"AHD-15-110- Panneau d'acc\u00e8s \u00e0 usage multiple- Cendrex\",\"isPartOf\":{\"@id\":\"https:\\\/\\\/cendrex.com\\\/en\\\/#website\"},\"primaryImageOfPage\":{\"@id\":\"https:\\\/\\\/cendrex.com\\\/fr\\\/produit\\\/ahd-15-110\\\/#primaryimage\"},\"image\":{\"@id\":\"https:\\\/\\\/cendrex.com\\\/fr\\\/produit\\\/ahd-15-110\\\/#primaryimage\"},\"thumbnailUrl\":\"https:\\\/\\\/cendrex.com\\\/wp-content\\\/uploads\\\/2018\\\/11\\\/AHD-15-110-1.jpg\",\"datePublished\":\"2018-10-16T13:15:52+00:00\",\"dateModified\":\"2024-05-29T13:14:50+00:00\",\"description\":\"AHD-15-110. Panneau d'acc\u00e8s \u00e0 usage universel avec cadre apparent. Pr\u00e9paration mortaise pour cylindre \u00e0 cam. Penture piano. Conformit\u00e9 LEED v4.\",\"breadcrumb\":{\"@id\":\"https:\\\/\\\/cendrex.com\\\/fr\\\/produit\\\/ahd-15-110\\\/#breadcrumb\"},\"inLanguage\":\"fr-CA\",\"potentialAction\":[{\"@type\":\"ReadAction\",\"target\":[\"https:\\\/\\\/cendrex.com\\\/fr\\\/produit\\\/ahd-15-110\\\/\"]}]},{\"@type\":\"ImageObject\",\"inLanguage\":\"fr-CA\",\"@id\":\"https:\\\/\\\/cendrex.com\\\/fr\\\/produit\\\/ahd-15-110\\\/#primaryimage\",\"url\":\"https:\\\/\\\/cendrex.com\\\/wp-content\\\/uploads\\\/2018\\\/11\\\/AHD-15-110-1.jpg\",\"contentUrl\":\"https:\\\/\\\/cendrex.com\\\/wp-content\\\/uploads\\\/2018\\\/11\\\/AHD-15-110-1.jpg\",\"width\":780,\"height\":780,\"caption\":\"AHD-15-110- Panneau d'acc\u00e8s \u00e0 usage universel avec cadre apparent- pr\u00e9paration mortaise pour cylindre \u00e0 cam et loquet \u00e0 tournevis, penture piano 3\"},{\"@type\":\"BreadcrumbList\",\"@id\":\"https:\\\/\\\/cendrex.com\\\/fr\\\/produit\\\/ahd-15-110\\\/#breadcrumb\",\"itemListElement\":[{\"@type\":\"ListItem\",\"position\":1,\"name\":\"Products\",\"item\":\"https:\\\/\\\/cendrex.com\\\/en\\\/products\\\/\"},{\"@type\":\"ListItem\",\"position\":2,\"name\":\"AHD-15-110\"}]},{\"@type\":\"WebSite\",\"@id\":\"https:\\\/\\\/cendrex.com\\\/en\\\/#website\",\"url\":\"https:\\\/\\\/cendrex.com\\\/en\\\/\",\"name\":\"Cendrex\",\"description\":\"Fabricant de portes d&#039;acc\u00e8s\",\"publisher\":{\"@id\":\"https:\\\/\\\/cendrex.com\\\/en\\\/#organization\"},\"potentialAction\":[{\"@type\":\"SearchAction\",\"target\":{\"@type\":\"EntryPoint\",\"urlTemplate\":\"https:\\\/\\\/cendrex.com\\\/en\\\/?s={search_term_string}\"},\"query-input\":{\"@type\":\"PropertyValueSpecification\",\"valueRequired\":true,\"valueName\":\"search_term_string\"}}],\"inLanguage\":\"fr-CA\"},{\"@type\":\"Organization\",\"@id\":\"https:\\\/\\\/cendrex.com\\\/en\\\/#organization\",\"name\":\"Cendrex\",\"url\":\"https:\\\/\\\/cendrex.com\\\/en\\\/\",\"logo\":{\"@type\":\"ImageObject\",\"inLanguage\":\"fr-CA\",\"@id\":\"https:\\\/\\\/cendrex.com\\\/en\\\/#\\\/schema\\\/logo\\\/image\\\/\",\"url\":\"https:\\\/\\\/cendrex.com\\\/wp-content\\\/uploads\\\/2021\\\/09\\\/Cendrex-logo-2018-PMS-scaled.jpg\",\"contentUrl\":\"https:\\\/\\\/cendrex.com\\\/wp-content\\\/uploads\\\/2021\\\/09\\\/Cendrex-logo-2018-PMS-scaled.jpg\",\"width\":1200,\"height\":267,\"caption\":\"Cendrex\"},\"image\":{\"@id\":\"https:\\\/\\\/cendrex.com\\\/en\\\/#\\\/schema\\\/logo\\\/image\\\/\"}}]}<\/script>\n<!-- \/ Yoast SEO plugin. -->","yoast_head_json":{"title":"AHD-15-110- Panneau d'acc\u00e8s \u00e0 usage multiple- Cendrex","description":"AHD-15-110. Panneau d'acc\u00e8s \u00e0 usage universel avec cadre apparent. Pr\u00e9paration mortaise pour cylindre \u00e0 cam. Penture piano. Conformit\u00e9 LEED v4.","robots":{"index":"index","follow":"follow","max-snippet":"max-snippet:-1","max-image-preview":"max-image-preview:large","max-video-preview":"max-video-preview:-1"},"canonical":"https:\/\/cendrex.com\/fr\/produit\/ahd-15-110\/","og_locale":"fr_CA","og_type":"article","og_title":"AHD-15-110- Panneau d'acc\u00e8s \u00e0 usage multiple- Cendrex","og_description":"AHD-15-110. Panneau d'acc\u00e8s \u00e0 usage universel avec cadre apparent. Pr\u00e9paration mortaise pour cylindre \u00e0 cam. Penture piano. Conformit\u00e9 LEED v4.","og_url":"https:\/\/cendrex.com\/fr\/produit\/ahd-15-110\/","og_site_name":"Cendrex","article_modified_time":"2024-05-29T13:14:50+00:00","og_image":[{"width":780,"height":780,"url":"https:\/\/cendrex.com\/wp-content\/uploads\/2018\/11\/AHD-15-110-1.jpg","type":"image\/jpeg"}],"twitter_card":"summary_large_image","twitter_misc":{"Estimation du temps de lecture":"1 minute"},"schema":{"@context":"https:\/\/schema.org","@graph":[{"@type":"WebPage","@id":"https:\/\/cendrex.com\/fr\/produit\/ahd-15-110\/","url":"https:\/\/cendrex.com\/fr\/produit\/ahd-15-110\/","name":"AHD-15-110- Panneau d'acc\u00e8s \u00e0 usage multiple- Cendrex","isPartOf":{"@id":"https:\/\/cendrex.com\/en\/#website"},"primaryImageOfPage":{"@id":"https:\/\/cendrex.com\/fr\/produit\/ahd-15-110\/#primaryimage"},"image":{"@id":"https:\/\/cendrex.com\/fr\/produit\/ahd-15-110\/#primaryimage"},"thumbnailUrl":"https:\/\/cendrex.com\/wp-content\/uploads\/2018\/11\/AHD-15-110-1.jpg","datePublished":"2018-10-16T13:15:52+00:00","dateModified":"2024-05-29T13:14:50+00:00","description":"AHD-15-110. Panneau d'acc\u00e8s \u00e0 usage universel avec cadre apparent. Pr\u00e9paration mortaise pour cylindre \u00e0 cam. Penture piano. Conformit\u00e9 LEED v4.","breadcrumb":{"@id":"https:\/\/cendrex.com\/fr\/produit\/ahd-15-110\/#breadcrumb"},"inLanguage":"fr-CA","potentialAction":[{"@type":"ReadAction","target":["https:\/\/cendrex.com\/fr\/produit\/ahd-15-110\/"]}]},{"@type":"ImageObject","inLanguage":"fr-CA","@id":"https:\/\/cendrex.com\/fr\/produit\/ahd-15-110\/#primaryimage","url":"https:\/\/cendrex.com\/wp-content\/uploads\/2018\/11\/AHD-15-110-1.jpg","contentUrl":"https:\/\/cendrex.com\/wp-content\/uploads\/2018\/11\/AHD-15-110-1.jpg","width":780,"height":780,"caption":"AHD-15-110- Panneau d'acc\u00e8s \u00e0 usage universel avec cadre apparent- pr\u00e9paration mortaise pour cylindre \u00e0 cam et loquet \u00e0 tournevis, penture piano 3"},{"@type":"BreadcrumbList","@id":"https:\/\/cendrex.com\/fr\/produit\/ahd-15-110\/#breadcrumb","itemListElement":[{"@type":"ListItem","position":1,"name":"Products","item":"https:\/\/cendrex.com\/en\/products\/"},{"@type":"ListItem","position":2,"name":"AHD-15-110"}]},{"@type":"WebSite","@id":"https:\/\/cendrex.com\/en\/#website","url":"https:\/\/cendrex.com\/en\/","name":"Cendrex","description":"Fabricant de portes d&#039;acc\u00e8s","publisher":{"@id":"https:\/\/cendrex.com\/en\/#organization"},"potentialAction":[{"@type":"SearchAction","target":{"@type":"EntryPoint","urlTemplate":"https:\/\/cendrex.com\/en\/?s={search_term_string}"},"query-input":{"@type":"PropertyValueSpecification","valueRequired":true,"valueName":"search_term_string"}}],"inLanguage":"fr-CA"},{"@type":"Organization","@id":"https:\/\/cendrex.com\/en\/#organization","name":"Cendrex","url":"https:\/\/cendrex.com\/en\/","logo":{"@type":"ImageObject","inLanguage":"fr-CA","@id":"https:\/\/cendrex.com\/en\/#\/schema\/logo\/image\/","url":"https:\/\/cendrex.com\/wp-content\/uploads\/2021\/09\/Cendrex-logo-2018-PMS-scaled.jpg","contentUrl":"https:\/\/cendrex.com\/wp-content\/uploads\/2021\/09\/Cendrex-logo-2018-PMS-scaled.jpg","width":1200,"height":267,"caption":"Cendrex"},"image":{"@id":"https:\/\/cendrex.com\/en\/#\/schema\/logo\/image\/"}}]}},"_links":{"self":[{"href":"https:\/\/cendrex.com\/fr\/wp-json\/wp\/v2\/product\/16967","targetHints":{"allow":["GET"]}}],"collection":[{"href":"https:\/\/cendrex.com\/fr\/wp-json\/wp\/v2\/product"}],"about":[{"href":"https:\/\/cendrex.com\/fr\/wp-json\/wp\/v2\/types\/product"}],"version-history":[{"count":0,"href":"https:\/\/cendrex.com\/fr\/wp-json\/wp\/v2\/product\/16967\/revisions"}],"wp:featuredmedia":[{"embeddable":true,"href":"https:\/\/cendrex.com\/fr\/wp-json\/wp\/v2\/media\/21911"}],"wp:attachment":[{"href":"https:\/\/cendrex.com\/fr\/wp-json\/wp\/v2\/media?parent=16967"}],"wp:term":[{"taxonomy":"product_brand","embeddable":true,"href":"https:\/\/cendrex.com\/fr\/wp-json\/wp\/v2\/product_brand?post=16967"},{"taxonomy":"product_cat","embeddable":true,"href":"https:\/\/cendrex.com\/fr\/wp-json\/wp\/v2\/product_cat?post=16967"},{"taxonomy":"product_tag","embeddable":true,"href":"https:\/\/cendrex.com\/fr\/wp-json\/wp\/v2\/product_tag?post=16967"}],"curies":[{"name":"wp","href":"https:\/\/api.w.org\/{rel}","templated":true}]}}