{"id":39728,"date":"2025-01-24T16:33:23","date_gmt":"2025-01-24T21:33:23","guid":{"rendered":"https:\/\/cendrex.p3f.dev\/projects\/"},"modified":"2026-04-06T11:26:24","modified_gmt":"2026-04-06T15:26:24","slug":"projets","status":"publish","type":"page","link":"https:\/\/cendrex.com\/fr\/projets\/","title":{"rendered":"Projets"},"content":{"rendered":"","protected":false},"excerpt":{"rendered":"","protected":false},"author":12,"featured_media":0,"parent":0,"menu_order":0,"comment_status":"closed","ping_status":"closed","template":"page-projects.php","meta":{"_acf_changed":false,"inline_featured_image":false,"footnotes":""},"class_list":["post-39728","page","type-page","status-publish","hentry"],"acf":[],"yoast_head":"<!-- This site is optimized with the Yoast SEO plugin v27.3 - https:\/\/yoast.com\/product\/yoast-seo-wordpress\/ -->\n<title>Projets commerciaux, r\u00e9sidentiels et institutionnels - Cendrex<\/title>\n<meta name=\"description\" content=\"D\u00e9couvrez comment Cendrex contribue \u00e0 des projets d&#039;envergure avec ses panneaux d&#039;acc\u00e8s, trappes et bo\u00eetes aux lettres sur mesure.\u200b\" \/>\n<meta name=\"robots\" content=\"index, follow, max-snippet:-1, max-image-preview:large, max-video-preview:-1\" \/>\n<link rel=\"canonical\" href=\"https:\/\/cendrex.com\/fr\/projets\/\" \/>\n<meta property=\"og:locale\" content=\"fr_CA\" \/>\n<meta property=\"og:type\" content=\"article\" \/>\n<meta property=\"og:title\" content=\"Projets commerciaux, r\u00e9sidentiels et institutionnels - Cendrex\" \/>\n<meta property=\"og:description\" content=\"D\u00e9couvrez comment Cendrex contribue \u00e0 des projets d&#039;envergure avec ses panneaux d&#039;acc\u00e8s, trappes et bo\u00eetes aux lettres sur mesure.\u200b\" \/>\n<meta property=\"og:url\" content=\"https:\/\/cendrex.com\/fr\/projets\/\" \/>\n<meta property=\"og:site_name\" content=\"Cendrex\" \/>\n<meta property=\"article:modified_time\" content=\"2026-04-06T15:26:24+00:00\" \/>\n<meta name=\"twitter:card\" content=\"summary_large_image\" \/>\n<script type=\"application\/ld+json\" class=\"yoast-schema-graph\">{\"@context\":\"https:\\\/\\\/schema.org\",\"@graph\":[{\"@type\":\"WebPage\",\"@id\":\"https:\\\/\\\/cendrex.com\\\/fr\\\/projets\\\/\",\"url\":\"https:\\\/\\\/cendrex.com\\\/fr\\\/projets\\\/\",\"name\":\"Projets commerciaux, r\u00e9sidentiels et institutionnels - Cendrex\",\"isPartOf\":{\"@id\":\"https:\\\/\\\/cendrex.com\\\/en\\\/#website\"},\"datePublished\":\"2025-01-24T21:33:23+00:00\",\"dateModified\":\"2026-04-06T15:26:24+00:00\",\"description\":\"D\u00e9couvrez comment Cendrex contribue \u00e0 des projets d'envergure avec ses panneaux d'acc\u00e8s, trappes et bo\u00eetes aux lettres sur mesure.\u200b\",\"inLanguage\":\"fr-CA\",\"potentialAction\":[{\"@type\":\"ReadAction\",\"target\":[\"https:\\\/\\\/cendrex.com\\\/fr\\\/projets\\\/\"]}]},{\"@type\":\"WebSite\",\"@id\":\"https:\\\/\\\/cendrex.com\\\/en\\\/#website\",\"url\":\"https:\\\/\\\/cendrex.com\\\/en\\\/\",\"name\":\"Cendrex\",\"description\":\"Fabricant de portes d&#039;acc\u00e8s\",\"publisher\":{\"@id\":\"https:\\\/\\\/cendrex.com\\\/en\\\/#organization\"},\"potentialAction\":[{\"@type\":\"SearchAction\",\"target\":{\"@type\":\"EntryPoint\",\"urlTemplate\":\"https:\\\/\\\/cendrex.com\\\/en\\\/?s={search_term_string}\"},\"query-input\":{\"@type\":\"PropertyValueSpecification\",\"valueRequired\":true,\"valueName\":\"search_term_string\"}}],\"inLanguage\":\"fr-CA\"},{\"@type\":\"Organization\",\"@id\":\"https:\\\/\\\/cendrex.com\\\/en\\\/#organization\",\"name\":\"Cendrex\",\"url\":\"https:\\\/\\\/cendrex.com\\\/en\\\/\",\"logo\":{\"@type\":\"ImageObject\",\"inLanguage\":\"fr-CA\",\"@id\":\"https:\\\/\\\/cendrex.com\\\/en\\\/#\\\/schema\\\/logo\\\/image\\\/\",\"url\":\"https:\\\/\\\/cendrex.com\\\/wp-content\\\/uploads\\\/2021\\\/09\\\/Cendrex-logo-2018-PMS-scaled.jpg\",\"contentUrl\":\"https:\\\/\\\/cendrex.com\\\/wp-content\\\/uploads\\\/2021\\\/09\\\/Cendrex-logo-2018-PMS-scaled.jpg\",\"width\":1200,\"height\":267,\"caption\":\"Cendrex\"},\"image\":{\"@id\":\"https:\\\/\\\/cendrex.com\\\/en\\\/#\\\/schema\\\/logo\\\/image\\\/\"}}]}<\/script>\n<!-- \/ Yoast SEO plugin. -->","yoast_head_json":{"title":"Projets commerciaux, r\u00e9sidentiels et institutionnels - Cendrex","description":"D\u00e9couvrez comment Cendrex contribue \u00e0 des projets d'envergure avec ses panneaux d'acc\u00e8s, trappes et bo\u00eetes aux lettres sur mesure.\u200b","robots":{"index":"index","follow":"follow","max-snippet":"max-snippet:-1","max-image-preview":"max-image-preview:large","max-video-preview":"max-video-preview:-1"},"canonical":"https:\/\/cendrex.com\/fr\/projets\/","og_locale":"fr_CA","og_type":"article","og_title":"Projets commerciaux, r\u00e9sidentiels et institutionnels - Cendrex","og_description":"D\u00e9couvrez comment Cendrex contribue \u00e0 des projets d'envergure avec ses panneaux d'acc\u00e8s, trappes et bo\u00eetes aux lettres sur mesure.\u200b","og_url":"https:\/\/cendrex.com\/fr\/projets\/","og_site_name":"Cendrex","article_modified_time":"2026-04-06T15:26:24+00:00","twitter_card":"summary_large_image","schema":{"@context":"https:\/\/schema.org","@graph":[{"@type":"WebPage","@id":"https:\/\/cendrex.com\/fr\/projets\/","url":"https:\/\/cendrex.com\/fr\/projets\/","name":"Projets commerciaux, r\u00e9sidentiels et institutionnels - Cendrex","isPartOf":{"@id":"https:\/\/cendrex.com\/en\/#website"},"datePublished":"2025-01-24T21:33:23+00:00","dateModified":"2026-04-06T15:26:24+00:00","description":"D\u00e9couvrez comment Cendrex contribue \u00e0 des projets d'envergure avec ses panneaux d'acc\u00e8s, trappes et bo\u00eetes aux lettres sur mesure.\u200b","inLanguage":"fr-CA","potentialAction":[{"@type":"ReadAction","target":["https:\/\/cendrex.com\/fr\/projets\/"]}]},{"@type":"WebSite","@id":"https:\/\/cendrex.com\/en\/#website","url":"https:\/\/cendrex.com\/en\/","name":"Cendrex","description":"Fabricant de portes d&#039;acc\u00e8s","publisher":{"@id":"https:\/\/cendrex.com\/en\/#organization"},"potentialAction":[{"@type":"SearchAction","target":{"@type":"EntryPoint","urlTemplate":"https:\/\/cendrex.com\/en\/?s={search_term_string}"},"query-input":{"@type":"PropertyValueSpecification","valueRequired":true,"valueName":"search_term_string"}}],"inLanguage":"fr-CA"},{"@type":"Organization","@id":"https:\/\/cendrex.com\/en\/#organization","name":"Cendrex","url":"https:\/\/cendrex.com\/en\/","logo":{"@type":"ImageObject","inLanguage":"fr-CA","@id":"https:\/\/cendrex.com\/en\/#\/schema\/logo\/image\/","url":"https:\/\/cendrex.com\/wp-content\/uploads\/2021\/09\/Cendrex-logo-2018-PMS-scaled.jpg","contentUrl":"https:\/\/cendrex.com\/wp-content\/uploads\/2021\/09\/Cendrex-logo-2018-PMS-scaled.jpg","width":1200,"height":267,"caption":"Cendrex"},"image":{"@id":"https:\/\/cendrex.com\/en\/#\/schema\/logo\/image\/"}}]}},"_links":{"self":[{"href":"https:\/\/cendrex.com\/fr\/wp-json\/wp\/v2\/pages\/39728","targetHints":{"allow":["GET"]}}],"collection":[{"href":"https:\/\/cendrex.com\/fr\/wp-json\/wp\/v2\/pages"}],"about":[{"href":"https:\/\/cendrex.com\/fr\/wp-json\/wp\/v2\/types\/page"}],"author":[{"embeddable":true,"href":"https:\/\/cendrex.com\/fr\/wp-json\/wp\/v2\/users\/12"}],"replies":[{"embeddable":true,"href":"https:\/\/cendrex.com\/fr\/wp-json\/wp\/v2\/comments?post=39728"}],"version-history":[{"count":15,"href":"https:\/\/cendrex.com\/fr\/wp-json\/wp\/v2\/pages\/39728\/revisions"}],"predecessor-version":[{"id":45963,"href":"https:\/\/cendrex.com\/fr\/wp-json\/wp\/v2\/pages\/39728\/revisions\/45963"}],"wp:attachment":[{"href":"https:\/\/cendrex.com\/fr\/wp-json\/wp\/v2\/media?parent=39728"}],"curies":[{"name":"wp","href":"https:\/\/api.w.org\/{rel}","templated":true}]}}