{"id":39726,"date":"2025-01-22T10:06:07","date_gmt":"2025-01-22T15:06:07","guid":{"rendered":"https:\/\/cendrex.p3f.dev\/flexisnap\/"},"modified":"2026-02-09T15:03:05","modified_gmt":"2026-02-09T20:03:05","slug":"flexisnap","status":"publish","type":"page","link":"https:\/\/cendrex.com\/fr\/flexisnap\/","title":{"rendered":"Flexisnap"},"content":{"rendered":"","protected":false},"excerpt":{"rendered":"","protected":false},"author":12,"featured_media":0,"parent":0,"menu_order":0,"comment_status":"closed","ping_status":"closed","template":"page-flexisnap.php","meta":{"_acf_changed":false,"inline_featured_image":false,"footnotes":""},"class_list":["post-39726","page","type-page","status-publish","hentry"],"acf":[],"yoast_head":"<!-- This site is optimized with the Yoast SEO plugin v27.3 - https:\/\/yoast.com\/product\/yoast-seo-wordpress\/ -->\n<title>FlexiSnap - Panneaux d&#039;acc\u00e8s aimant\u00e9s<\/title>\n<meta name=\"description\" content=\"Le panneau d\u2019acc\u00e8s aimant\u00e9 FlexiSnap, c\u2019est l\u2019accessibilit\u00e9 r\u00e9invent\u00e9e! D\u00e9couvrez nos panneaux d\u2019acc\u00e8s ajustables munis de puissants aimants.\" \/>\n<meta name=\"robots\" content=\"index, follow, max-snippet:-1, max-image-preview:large, max-video-preview:-1\" \/>\n<link rel=\"canonical\" href=\"https:\/\/cendrex.com\/fr\/flexisnap\/\" \/>\n<meta property=\"og:locale\" content=\"fr_CA\" \/>\n<meta property=\"og:type\" content=\"article\" \/>\n<meta property=\"og:title\" content=\"FlexiSnap - Panneaux d&#039;acc\u00e8s aimant\u00e9s\" \/>\n<meta property=\"og:description\" content=\"Le panneau d\u2019acc\u00e8s aimant\u00e9 FlexiSnap, c\u2019est l\u2019accessibilit\u00e9 r\u00e9invent\u00e9e! D\u00e9couvrez nos panneaux d\u2019acc\u00e8s ajustables munis de puissants aimants.\" \/>\n<meta property=\"og:url\" content=\"https:\/\/cendrex.com\/fr\/flexisnap\/\" \/>\n<meta property=\"og:site_name\" content=\"Cendrex\" \/>\n<meta property=\"article:modified_time\" content=\"2026-02-09T20:03:05+00:00\" \/>\n<meta name=\"twitter:card\" content=\"summary_large_image\" \/>\n<script type=\"application\/ld+json\" class=\"yoast-schema-graph\">{\"@context\":\"https:\\\/\\\/schema.org\",\"@graph\":[{\"@type\":\"WebPage\",\"@id\":\"https:\\\/\\\/cendrex.com\\\/fr\\\/flexisnap\\\/\",\"url\":\"https:\\\/\\\/cendrex.com\\\/fr\\\/flexisnap\\\/\",\"name\":\"FlexiSnap - Panneaux d'acc\u00e8s aimant\u00e9s\",\"isPartOf\":{\"@id\":\"https:\\\/\\\/cendrex.com\\\/en\\\/#website\"},\"datePublished\":\"2025-01-22T15:06:07+00:00\",\"dateModified\":\"2026-02-09T20:03:05+00:00\",\"description\":\"Le panneau d\u2019acc\u00e8s aimant\u00e9 FlexiSnap, c\u2019est l\u2019accessibilit\u00e9 r\u00e9invent\u00e9e! D\u00e9couvrez nos panneaux d\u2019acc\u00e8s ajustables munis de puissants aimants.\",\"inLanguage\":\"fr-CA\",\"potentialAction\":[{\"@type\":\"ReadAction\",\"target\":[\"https:\\\/\\\/cendrex.com\\\/fr\\\/flexisnap\\\/\"]}]},{\"@type\":\"WebSite\",\"@id\":\"https:\\\/\\\/cendrex.com\\\/en\\\/#website\",\"url\":\"https:\\\/\\\/cendrex.com\\\/en\\\/\",\"name\":\"Cendrex\",\"description\":\"Fabricant de portes d&#039;acc\u00e8s\",\"publisher\":{\"@id\":\"https:\\\/\\\/cendrex.com\\\/en\\\/#organization\"},\"potentialAction\":[{\"@type\":\"SearchAction\",\"target\":{\"@type\":\"EntryPoint\",\"urlTemplate\":\"https:\\\/\\\/cendrex.com\\\/en\\\/?s={search_term_string}\"},\"query-input\":{\"@type\":\"PropertyValueSpecification\",\"valueRequired\":true,\"valueName\":\"search_term_string\"}}],\"inLanguage\":\"fr-CA\"},{\"@type\":\"Organization\",\"@id\":\"https:\\\/\\\/cendrex.com\\\/en\\\/#organization\",\"name\":\"Cendrex\",\"url\":\"https:\\\/\\\/cendrex.com\\\/en\\\/\",\"logo\":{\"@type\":\"ImageObject\",\"inLanguage\":\"fr-CA\",\"@id\":\"https:\\\/\\\/cendrex.com\\\/en\\\/#\\\/schema\\\/logo\\\/image\\\/\",\"url\":\"https:\\\/\\\/cendrex.com\\\/wp-content\\\/uploads\\\/2021\\\/09\\\/Cendrex-logo-2018-PMS-scaled.jpg\",\"contentUrl\":\"https:\\\/\\\/cendrex.com\\\/wp-content\\\/uploads\\\/2021\\\/09\\\/Cendrex-logo-2018-PMS-scaled.jpg\",\"width\":1200,\"height\":267,\"caption\":\"Cendrex\"},\"image\":{\"@id\":\"https:\\\/\\\/cendrex.com\\\/en\\\/#\\\/schema\\\/logo\\\/image\\\/\"}}]}<\/script>\n<!-- \/ Yoast SEO plugin. -->","yoast_head_json":{"title":"FlexiSnap - Panneaux d'acc\u00e8s aimant\u00e9s","description":"Le panneau d\u2019acc\u00e8s aimant\u00e9 FlexiSnap, c\u2019est l\u2019accessibilit\u00e9 r\u00e9invent\u00e9e! D\u00e9couvrez nos panneaux d\u2019acc\u00e8s ajustables munis de puissants aimants.","robots":{"index":"index","follow":"follow","max-snippet":"max-snippet:-1","max-image-preview":"max-image-preview:large","max-video-preview":"max-video-preview:-1"},"canonical":"https:\/\/cendrex.com\/fr\/flexisnap\/","og_locale":"fr_CA","og_type":"article","og_title":"FlexiSnap - Panneaux d'acc\u00e8s aimant\u00e9s","og_description":"Le panneau d\u2019acc\u00e8s aimant\u00e9 FlexiSnap, c\u2019est l\u2019accessibilit\u00e9 r\u00e9invent\u00e9e! D\u00e9couvrez nos panneaux d\u2019acc\u00e8s ajustables munis de puissants aimants.","og_url":"https:\/\/cendrex.com\/fr\/flexisnap\/","og_site_name":"Cendrex","article_modified_time":"2026-02-09T20:03:05+00:00","twitter_card":"summary_large_image","schema":{"@context":"https:\/\/schema.org","@graph":[{"@type":"WebPage","@id":"https:\/\/cendrex.com\/fr\/flexisnap\/","url":"https:\/\/cendrex.com\/fr\/flexisnap\/","name":"FlexiSnap - Panneaux d'acc\u00e8s aimant\u00e9s","isPartOf":{"@id":"https:\/\/cendrex.com\/en\/#website"},"datePublished":"2025-01-22T15:06:07+00:00","dateModified":"2026-02-09T20:03:05+00:00","description":"Le panneau d\u2019acc\u00e8s aimant\u00e9 FlexiSnap, c\u2019est l\u2019accessibilit\u00e9 r\u00e9invent\u00e9e! D\u00e9couvrez nos panneaux d\u2019acc\u00e8s ajustables munis de puissants aimants.","inLanguage":"fr-CA","potentialAction":[{"@type":"ReadAction","target":["https:\/\/cendrex.com\/fr\/flexisnap\/"]}]},{"@type":"WebSite","@id":"https:\/\/cendrex.com\/en\/#website","url":"https:\/\/cendrex.com\/en\/","name":"Cendrex","description":"Fabricant de portes d&#039;acc\u00e8s","publisher":{"@id":"https:\/\/cendrex.com\/en\/#organization"},"potentialAction":[{"@type":"SearchAction","target":{"@type":"EntryPoint","urlTemplate":"https:\/\/cendrex.com\/en\/?s={search_term_string}"},"query-input":{"@type":"PropertyValueSpecification","valueRequired":true,"valueName":"search_term_string"}}],"inLanguage":"fr-CA"},{"@type":"Organization","@id":"https:\/\/cendrex.com\/en\/#organization","name":"Cendrex","url":"https:\/\/cendrex.com\/en\/","logo":{"@type":"ImageObject","inLanguage":"fr-CA","@id":"https:\/\/cendrex.com\/en\/#\/schema\/logo\/image\/","url":"https:\/\/cendrex.com\/wp-content\/uploads\/2021\/09\/Cendrex-logo-2018-PMS-scaled.jpg","contentUrl":"https:\/\/cendrex.com\/wp-content\/uploads\/2021\/09\/Cendrex-logo-2018-PMS-scaled.jpg","width":1200,"height":267,"caption":"Cendrex"},"image":{"@id":"https:\/\/cendrex.com\/en\/#\/schema\/logo\/image\/"}}]}},"_links":{"self":[{"href":"https:\/\/cendrex.com\/fr\/wp-json\/wp\/v2\/pages\/39726","targetHints":{"allow":["GET"]}}],"collection":[{"href":"https:\/\/cendrex.com\/fr\/wp-json\/wp\/v2\/pages"}],"about":[{"href":"https:\/\/cendrex.com\/fr\/wp-json\/wp\/v2\/types\/page"}],"author":[{"embeddable":true,"href":"https:\/\/cendrex.com\/fr\/wp-json\/wp\/v2\/users\/12"}],"replies":[{"embeddable":true,"href":"https:\/\/cendrex.com\/fr\/wp-json\/wp\/v2\/comments?post=39726"}],"version-history":[{"count":22,"href":"https:\/\/cendrex.com\/fr\/wp-json\/wp\/v2\/pages\/39726\/revisions"}],"predecessor-version":[{"id":45970,"href":"https:\/\/cendrex.com\/fr\/wp-json\/wp\/v2\/pages\/39726\/revisions\/45970"}],"wp:attachment":[{"href":"https:\/\/cendrex.com\/fr\/wp-json\/wp\/v2\/media?parent=39726"}],"curies":[{"name":"wp","href":"https:\/\/api.w.org\/{rel}","templated":true}]}}