{"id":39721,"date":"2025-01-20T09:41:05","date_gmt":"2025-01-20T14:41:05","guid":{"rendered":"https:\/\/cendrex.p3f.dev\/home\/"},"modified":"2026-04-02T21:40:17","modified_gmt":"2026-04-03T01:40:17","slug":"cendrex","status":"publish","type":"page","link":"https:\/\/cendrex.com\/fr\/","title":{"rendered":"Accueil"},"content":{"rendered":"","protected":false},"excerpt":{"rendered":"","protected":false},"author":12,"featured_media":0,"parent":0,"menu_order":0,"comment_status":"closed","ping_status":"closed","template":"page-home.php","meta":{"_acf_changed":false,"inline_featured_image":false,"footnotes":""},"class_list":["post-39721","page","type-page","status-publish","hentry"],"acf":[],"yoast_head":"<!-- This site is optimized with the Yoast SEO plugin v27.3 - https:\/\/yoast.com\/product\/yoast-seo-wordpress\/ -->\n<title>Cendrex - La r\u00e9f\u00e9rence en fabrication de porte d&#039;acc\u00e8s<\/title>\n<meta name=\"description\" content=\"Depuis 40 ans, Cendrex excelle dans la fabrication de portes d\u2019acc\u00e8s, de trappes de toits, de planchers et de bo\u00eetes aux lettres de toutes tailles et sp\u00e9cifications possibles.\" \/>\n<meta name=\"robots\" content=\"index, follow, max-snippet:-1, max-image-preview:large, max-video-preview:-1\" \/>\n<link rel=\"canonical\" href=\"https:\/\/cendrex.com\/fr\/\" \/>\n<meta property=\"og:locale\" content=\"fr_CA\" \/>\n<meta property=\"og:type\" content=\"article\" \/>\n<meta property=\"og:title\" content=\"Cendrex - La r\u00e9f\u00e9rence en fabrication de porte d&#039;acc\u00e8s\" \/>\n<meta property=\"og:description\" content=\"Depuis 40 ans, Cendrex excelle dans la fabrication de portes d\u2019acc\u00e8s, de trappes de toits, de planchers et de bo\u00eetes aux lettres de toutes tailles et sp\u00e9cifications possibles.\" \/>\n<meta property=\"og:url\" content=\"https:\/\/cendrex.com\/fr\/\" \/>\n<meta property=\"og:site_name\" content=\"Cendrex\" \/>\n<meta property=\"article:modified_time\" content=\"2026-04-03T01:40:17+00:00\" \/>\n<meta name=\"twitter:card\" content=\"summary_large_image\" \/>\n<script type=\"application\/ld+json\" class=\"yoast-schema-graph\">{\"@context\":\"https:\\\/\\\/schema.org\",\"@graph\":[{\"@type\":\"WebPage\",\"@id\":\"https:\\\/\\\/cendrex.com\\\/fr\\\/\",\"url\":\"https:\\\/\\\/cendrex.com\\\/fr\\\/\",\"name\":\"Cendrex - La r\u00e9f\u00e9rence en fabrication de porte d'acc\u00e8s\",\"isPartOf\":{\"@id\":\"https:\\\/\\\/cendrex.com\\\/en\\\/#website\"},\"datePublished\":\"2025-01-20T14:41:05+00:00\",\"dateModified\":\"2026-04-03T01:40:17+00:00\",\"description\":\"Depuis 40 ans, Cendrex excelle dans la fabrication de portes d\u2019acc\u00e8s, de trappes de toits, de planchers et de bo\u00eetes aux lettres de toutes tailles et sp\u00e9cifications possibles.\",\"inLanguage\":\"fr-CA\",\"potentialAction\":[{\"@type\":\"ReadAction\",\"target\":[\"https:\\\/\\\/cendrex.com\\\/fr\\\/\"]}]},{\"@type\":\"WebSite\",\"@id\":\"https:\\\/\\\/cendrex.com\\\/en\\\/#website\",\"url\":\"https:\\\/\\\/cendrex.com\\\/en\\\/\",\"name\":\"Cendrex\",\"description\":\"Fabricant de portes d&#039;acc\u00e8s\",\"publisher\":{\"@id\":\"https:\\\/\\\/cendrex.com\\\/en\\\/#organization\"},\"potentialAction\":[{\"@type\":\"SearchAction\",\"target\":{\"@type\":\"EntryPoint\",\"urlTemplate\":\"https:\\\/\\\/cendrex.com\\\/en\\\/?s={search_term_string}\"},\"query-input\":{\"@type\":\"PropertyValueSpecification\",\"valueRequired\":true,\"valueName\":\"search_term_string\"}}],\"inLanguage\":\"fr-CA\"},{\"@type\":\"Organization\",\"@id\":\"https:\\\/\\\/cendrex.com\\\/en\\\/#organization\",\"name\":\"Cendrex\",\"url\":\"https:\\\/\\\/cendrex.com\\\/en\\\/\",\"logo\":{\"@type\":\"ImageObject\",\"inLanguage\":\"fr-CA\",\"@id\":\"https:\\\/\\\/cendrex.com\\\/en\\\/#\\\/schema\\\/logo\\\/image\\\/\",\"url\":\"https:\\\/\\\/cendrex.com\\\/wp-content\\\/uploads\\\/2021\\\/09\\\/Cendrex-logo-2018-PMS-scaled.jpg\",\"contentUrl\":\"https:\\\/\\\/cendrex.com\\\/wp-content\\\/uploads\\\/2021\\\/09\\\/Cendrex-logo-2018-PMS-scaled.jpg\",\"width\":1200,\"height\":267,\"caption\":\"Cendrex\"},\"image\":{\"@id\":\"https:\\\/\\\/cendrex.com\\\/en\\\/#\\\/schema\\\/logo\\\/image\\\/\"}}]}<\/script>\n<!-- \/ Yoast SEO plugin. -->","yoast_head_json":{"title":"Cendrex - La r\u00e9f\u00e9rence en fabrication de porte d'acc\u00e8s","description":"Depuis 40 ans, Cendrex excelle dans la fabrication de portes d\u2019acc\u00e8s, de trappes de toits, de planchers et de bo\u00eetes aux lettres de toutes tailles et sp\u00e9cifications possibles.","robots":{"index":"index","follow":"follow","max-snippet":"max-snippet:-1","max-image-preview":"max-image-preview:large","max-video-preview":"max-video-preview:-1"},"canonical":"https:\/\/cendrex.com\/fr\/","og_locale":"fr_CA","og_type":"article","og_title":"Cendrex - La r\u00e9f\u00e9rence en fabrication de porte d'acc\u00e8s","og_description":"Depuis 40 ans, Cendrex excelle dans la fabrication de portes d\u2019acc\u00e8s, de trappes de toits, de planchers et de bo\u00eetes aux lettres de toutes tailles et sp\u00e9cifications possibles.","og_url":"https:\/\/cendrex.com\/fr\/","og_site_name":"Cendrex","article_modified_time":"2026-04-03T01:40:17+00:00","twitter_card":"summary_large_image","schema":{"@context":"https:\/\/schema.org","@graph":[{"@type":"WebPage","@id":"https:\/\/cendrex.com\/fr\/","url":"https:\/\/cendrex.com\/fr\/","name":"Cendrex - La r\u00e9f\u00e9rence en fabrication de porte d'acc\u00e8s","isPartOf":{"@id":"https:\/\/cendrex.com\/en\/#website"},"datePublished":"2025-01-20T14:41:05+00:00","dateModified":"2026-04-03T01:40:17+00:00","description":"Depuis 40 ans, Cendrex excelle dans la fabrication de portes d\u2019acc\u00e8s, de trappes de toits, de planchers et de bo\u00eetes aux lettres de toutes tailles et sp\u00e9cifications possibles.","inLanguage":"fr-CA","potentialAction":[{"@type":"ReadAction","target":["https:\/\/cendrex.com\/fr\/"]}]},{"@type":"WebSite","@id":"https:\/\/cendrex.com\/en\/#website","url":"https:\/\/cendrex.com\/en\/","name":"Cendrex","description":"Fabricant de portes d&#039;acc\u00e8s","publisher":{"@id":"https:\/\/cendrex.com\/en\/#organization"},"potentialAction":[{"@type":"SearchAction","target":{"@type":"EntryPoint","urlTemplate":"https:\/\/cendrex.com\/en\/?s={search_term_string}"},"query-input":{"@type":"PropertyValueSpecification","valueRequired":true,"valueName":"search_term_string"}}],"inLanguage":"fr-CA"},{"@type":"Organization","@id":"https:\/\/cendrex.com\/en\/#organization","name":"Cendrex","url":"https:\/\/cendrex.com\/en\/","logo":{"@type":"ImageObject","inLanguage":"fr-CA","@id":"https:\/\/cendrex.com\/en\/#\/schema\/logo\/image\/","url":"https:\/\/cendrex.com\/wp-content\/uploads\/2021\/09\/Cendrex-logo-2018-PMS-scaled.jpg","contentUrl":"https:\/\/cendrex.com\/wp-content\/uploads\/2021\/09\/Cendrex-logo-2018-PMS-scaled.jpg","width":1200,"height":267,"caption":"Cendrex"},"image":{"@id":"https:\/\/cendrex.com\/en\/#\/schema\/logo\/image\/"}}]}},"_links":{"self":[{"href":"https:\/\/cendrex.com\/fr\/wp-json\/wp\/v2\/pages\/39721","targetHints":{"allow":["GET"]}}],"collection":[{"href":"https:\/\/cendrex.com\/fr\/wp-json\/wp\/v2\/pages"}],"about":[{"href":"https:\/\/cendrex.com\/fr\/wp-json\/wp\/v2\/types\/page"}],"author":[{"embeddable":true,"href":"https:\/\/cendrex.com\/fr\/wp-json\/wp\/v2\/users\/12"}],"replies":[{"embeddable":true,"href":"https:\/\/cendrex.com\/fr\/wp-json\/wp\/v2\/comments?post=39721"}],"version-history":[{"count":38,"href":"https:\/\/cendrex.com\/fr\/wp-json\/wp\/v2\/pages\/39721\/revisions"}],"predecessor-version":[{"id":46609,"href":"https:\/\/cendrex.com\/fr\/wp-json\/wp\/v2\/pages\/39721\/revisions\/46609"}],"wp:attachment":[{"href":"https:\/\/cendrex.com\/fr\/wp-json\/wp\/v2\/media?parent=39721"}],"curies":[{"name":"wp","href":"https:\/\/api.w.org\/{rel}","templated":true}]}}