{"id":34524,"date":"2023-05-30T09:57:15","date_gmt":"2023-05-30T13:57:15","guid":{"rendered":"https:\/\/cendrex.p3f.dev\/?page_id=34524"},"modified":"2026-03-10T15:56:34","modified_gmt":"2026-03-10T19:56:34","slug":"catalogue-de-porte-dacces-anglais-seulement","status":"publish","type":"page","link":"https:\/\/cendrex.com\/fr\/catalogue-de-porte-dacces-anglais-seulement\/","title":{"rendered":"Catalogue de porte d&#8217;acc\u00e8s (PDF format)"},"content":{"rendered":"\t\t<div data-elementor-type=\"wp-page\" data-elementor-id=\"34524\" class=\"elementor elementor-34524 elementor-34503\" data-elementor-post-type=\"page\">\n\t\t\t\t\t\t<section class=\"elementor-section elementor-top-section elementor-element elementor-element-3739942 elementor-section-height-min-height elementor-section-boxed elementor-section-height-default elementor-section-items-middle\" data-id=\"3739942\" data-element_type=\"section\" data-e-type=\"section\" data-settings=\"{&quot;background_background&quot;:&quot;classic&quot;}\">\n\t\t\t\t\t\t\t<div class=\"elementor-background-overlay\"><\/div>\n\t\t\t\t\t\t\t<div class=\"elementor-container elementor-column-gap-default\">\n\t\t\t\t\t<div class=\"elementor-column elementor-col-100 elementor-top-column elementor-element elementor-element-d7238c9\" data-id=\"d7238c9\" data-element_type=\"column\" data-e-type=\"column\">\n\t\t\t<div class=\"elementor-widget-wrap elementor-element-populated\">\n\t\t\t\t\t\t<div class=\"elementor-element elementor-element-c814d25 elementor-widget elementor-widget-heading\" data-id=\"c814d25\" data-element_type=\"widget\" data-e-type=\"widget\" data-widget_type=\"heading.default\">\n\t\t\t\t\t<h1 class=\"elementor-heading-title elementor-size-default\"><a href=\"http:\/\/cendrex.com\/fr\/documentation-fr\/catalogue-de-panneaux-dacces\/\">Catalogue de panneaux d'acc\u00e8s (format PDF)<\/a><\/h1>\t\t\t\t<\/div>\n\t\t\t\t\t<\/div>\n\t\t<\/div>\n\t\t\t\t\t<\/div>\n\t\t<\/section>\n\t\t\t\t<section class=\"elementor-section elementor-top-section elementor-element elementor-element-40318e7 elementor-section-boxed elementor-section-height-default elementor-section-height-default\" data-id=\"40318e7\" data-element_type=\"section\" data-e-type=\"section\">\n\t\t\t\t\t\t<div class=\"elementor-container elementor-column-gap-default\">\n\t\t\t\t\t<div class=\"elementor-column elementor-col-100 elementor-top-column elementor-element elementor-element-a6b145f\" data-id=\"a6b145f\" data-element_type=\"column\" data-e-type=\"column\">\n\t\t\t<div class=\"elementor-widget-wrap elementor-element-populated\">\n\t\t\t\t\t\t<div class=\"elementor-element elementor-element-2987be5 elementor-widget elementor-widget-spacer\" data-id=\"2987be5\" data-element_type=\"widget\" data-e-type=\"widget\" data-widget_type=\"spacer.default\">\n\t\t\t\t\t\t\t<div class=\"elementor-spacer\">\n\t\t\t<div class=\"elementor-spacer-inner\"><\/div>\n\t\t<\/div>\n\t\t\t\t\t\t<\/div>\n\t\t\t\t<div class=\"elementor-element elementor-element-13685fc elementor-widget elementor-widget-heading\" data-id=\"13685fc\" data-element_type=\"widget\" data-e-type=\"widget\" data-widget_type=\"heading.default\">\n\t\t\t\t\t<h2 class=\"elementor-heading-title elementor-size-default\">Catalogue de panneaux d'acc\u00e8s<\/h2>\t\t\t\t<\/div>\n\t\t\t\t<div class=\"elementor-element elementor-element-1c0541b elementor-widget elementor-widget-text-editor\" data-id=\"1c0541b\" data-element_type=\"widget\" data-e-type=\"widget\" data-widget_type=\"text-editor.default\">\n\t\t\t\t\t\t\t\t\t<p>Les portes d&#8217;acc\u00e8s Cendrex sont sp\u00e9cifiquement con\u00e7ues pour les architectes, ing\u00e9nieurs, contracteurs et professionnels de la construction qui choisissent des solutions esth\u00e9tiques et durables pour leurs projets. Consultez notre <a href=\"https:\/\/cendrex.com\/wp-content\/uploads\/2024\/01\/VT-009F-Catalogue-de-porte-dacces-Cendrex-2.pdf\">catalogue de produit en ligne<\/a>.<\/p>\t\t\t\t\t\t\t\t<\/div>\n\t\t\t\t<div class=\"elementor-element elementor-element-18f2a71 elementor-widget elementor-widget-spacer\" data-id=\"18f2a71\" data-element_type=\"widget\" data-e-type=\"widget\" data-widget_type=\"spacer.default\">\n\t\t\t\t\t\t\t<div class=\"elementor-spacer\">\n\t\t\t<div class=\"elementor-spacer-inner\"><\/div>\n\t\t<\/div>\n\t\t\t\t\t\t<\/div>\n\t\t\t\t<div class=\"elementor-element elementor-element-fb49097 elementor-align-center elementor-widget elementor-widget-button\" data-id=\"fb49097\" data-element_type=\"widget\" data-e-type=\"widget\" data-widget_type=\"button.default\">\n\t\t\t\t\t\t\t\t\t\t<a class=\"elementor-button elementor-button-link elementor-size-xl\" href=\"https:\/\/cendrex.com\/wp-content\/uploads\/2024\/01\/VT-009F-Catalogue-de-porte-dacces-Cendrex-2.pdf\" target=\"_blank\">\n\t\t\t\t\t\t<span class=\"elementor-button-content-wrapper\">\n\t\t\t\t\t\t\t\t\t<span class=\"elementor-button-text\">T\u00e9l\u00e9charger<\/span>\n\t\t\t\t\t<\/span>\n\t\t\t\t\t<\/a>\n\t\t\t\t\t\t\t\t<\/div>\n\t\t\t\t<div class=\"elementor-element elementor-element-93a2c11 elementor-widget elementor-widget-spacer\" data-id=\"93a2c11\" data-element_type=\"widget\" data-e-type=\"widget\" data-widget_type=\"spacer.default\">\n\t\t\t\t\t\t\t<div class=\"elementor-spacer\">\n\t\t\t<div class=\"elementor-spacer-inner\"><\/div>\n\t\t<\/div>\n\t\t\t\t\t\t<\/div>\n\t\t\t\t\t<\/div>\n\t\t<\/div>\n\t\t\t\t\t<\/div>\n\t\t<\/section>\n\t\t\t\t<section class=\"elementor-section elementor-top-section elementor-element elementor-element-d1ea2f1 elementor-section-boxed elementor-section-height-default elementor-section-height-default\" data-id=\"d1ea2f1\" data-element_type=\"section\" data-e-type=\"section\">\n\t\t\t\t\t\t<div class=\"elementor-container elementor-column-gap-default\">\n\t\t\t\t\t<div class=\"elementor-column elementor-col-100 elementor-top-column elementor-element elementor-element-0ab0e38\" data-id=\"0ab0e38\" data-element_type=\"column\" data-e-type=\"column\">\n\t\t\t<div class=\"elementor-widget-wrap elementor-element-populated\">\n\t\t\t\t\t\t<div class=\"elementor-element elementor-element-25d4746 elementor-widget elementor-widget-text-editor\" data-id=\"25d4746\" data-element_type=\"widget\" data-e-type=\"widget\" data-widget_type=\"text-editor.default\">\n\t\t\t\t\t\t\t\t\t<a href=\"https:\/\/cendrex.com\/wp-content\/uploads\/2024\/01\/VT-009F-Catalogue-de-porte-dacces-Cendrex-2.pdf\" class=\"pdfemb-viewer\" style=\"\" data-width=\"max\" data-height=\"max\" data-toolbar=\"bottom\" data-toolbar-fixed=\"off\">VT-009F-Catalogue-de-porte-dacces-Cendrex-2<\/a>\t\t\t\t\t\t\t\t<\/div>\n\t\t\t\t\t<\/div>\n\t\t<\/div>\n\t\t\t\t\t<\/div>\n\t\t<\/section>\n\t\t\t\t<section class=\"elementor-section elementor-top-section elementor-element elementor-element-e5b748c elementor-section-boxed elementor-section-height-default elementor-section-height-default\" data-id=\"e5b748c\" data-element_type=\"section\" data-e-type=\"section\">\n\t\t\t\t\t\t<div class=\"elementor-container elementor-column-gap-default\">\n\t\t\t\t\t<div class=\"elementor-column elementor-col-100 elementor-top-column elementor-element elementor-element-3429d17\" data-id=\"3429d17\" data-element_type=\"column\" data-e-type=\"column\">\n\t\t\t<div class=\"elementor-widget-wrap elementor-element-populated\">\n\t\t\t\t\t\t<div class=\"elementor-element elementor-element-418f595 elementor-widget elementor-widget-spacer\" data-id=\"418f595\" data-element_type=\"widget\" data-e-type=\"widget\" data-widget_type=\"spacer.default\">\n\t\t\t\t\t\t\t<div class=\"elementor-spacer\">\n\t\t\t<div class=\"elementor-spacer-inner\"><\/div>\n\t\t<\/div>\n\t\t\t\t\t\t<\/div>\n\t\t\t\t\t<\/div>\n\t\t<\/div>\n\t\t\t\t\t<\/div>\n\t\t<\/section>\n\t\t\t\t<\/div>\n\t\t","protected":false},"excerpt":{"rendered":"<p>Catalogue de panneaux d&#8217;acc\u00e8s (format PDF) Catalogue de panneaux d&#8217;acc\u00e8s Les portes d&#8217;acc\u00e8s Cendrex sont sp\u00e9cifiquement con\u00e7ues pour les architectes, ing\u00e9nieurs, contracteurs et professionnels de la construction qui choisissent des&#8230; <br \/><a class=\"read-more\" href=\"https:\/\/cendrex.com\/fr\/catalogue-de-porte-dacces-anglais-seulement\/\">Continuer la lecture<\/a><\/p>\n","protected":false},"author":12,"featured_media":0,"parent":0,"menu_order":0,"comment_status":"closed","ping_status":"closed","template":"","meta":{"_acf_changed":false,"inline_featured_image":false,"footnotes":""},"class_list":["post-34524","page","type-page","status-publish","hentry"],"acf":[],"yoast_head":"<!-- This site is optimized with the Yoast SEO plugin v27.3 - https:\/\/yoast.com\/product\/yoast-seo-wordpress\/ -->\n<title>Catalogue de porte d&#039;acc\u00e8s (PDF format) - Cendrex<\/title>\n<meta name=\"robots\" content=\"index, follow, max-snippet:-1, max-image-preview:large, max-video-preview:-1\" \/>\n<link rel=\"canonical\" href=\"https:\/\/cendrex.com\/fr\/catalogue-de-porte-dacces-anglais-seulement\/\" \/>\n<meta property=\"og:locale\" content=\"fr_CA\" \/>\n<meta property=\"og:type\" content=\"article\" \/>\n<meta property=\"og:title\" content=\"Catalogue de porte d&#039;acc\u00e8s (PDF format) - Cendrex\" \/>\n<meta property=\"og:description\" content=\"Catalogue de panneaux d&#8217;acc\u00e8s (format PDF) Catalogue de panneaux d&#8217;acc\u00e8s Les portes d&#8217;acc\u00e8s Cendrex sont sp\u00e9cifiquement con\u00e7ues pour les architectes, ing\u00e9nieurs, contracteurs et professionnels de la construction qui choisissent des... Continuer la lecture\" \/>\n<meta property=\"og:url\" content=\"https:\/\/cendrex.com\/fr\/catalogue-de-porte-dacces-anglais-seulement\/\" \/>\n<meta property=\"og:site_name\" content=\"Cendrex\" \/>\n<meta property=\"article:modified_time\" content=\"2026-03-10T19:56:34+00:00\" \/>\n<meta name=\"twitter:card\" content=\"summary_large_image\" \/>\n<meta name=\"twitter:label1\" content=\"Estimation du temps de lecture\" \/>\n\t<meta name=\"twitter:data1\" content=\"1 minute\" \/>\n<script type=\"application\/ld+json\" class=\"yoast-schema-graph\">{\"@context\":\"https:\\\/\\\/schema.org\",\"@graph\":[{\"@type\":\"WebPage\",\"@id\":\"https:\\\/\\\/cendrex.com\\\/fr\\\/catalogue-de-porte-dacces-anglais-seulement\\\/\",\"url\":\"https:\\\/\\\/cendrex.com\\\/fr\\\/catalogue-de-porte-dacces-anglais-seulement\\\/\",\"name\":\"Catalogue de porte d'acc\u00e8s (PDF format) - Cendrex\",\"isPartOf\":{\"@id\":\"https:\\\/\\\/cendrex.com\\\/en\\\/#website\"},\"datePublished\":\"2023-05-30T13:57:15+00:00\",\"dateModified\":\"2026-03-10T19:56:34+00:00\",\"inLanguage\":\"fr-CA\",\"potentialAction\":[{\"@type\":\"ReadAction\",\"target\":[\"https:\\\/\\\/cendrex.com\\\/fr\\\/catalogue-de-porte-dacces-anglais-seulement\\\/\"]}]},{\"@type\":\"WebSite\",\"@id\":\"https:\\\/\\\/cendrex.com\\\/en\\\/#website\",\"url\":\"https:\\\/\\\/cendrex.com\\\/en\\\/\",\"name\":\"Cendrex\",\"description\":\"Fabricant de portes d&#039;acc\u00e8s\",\"publisher\":{\"@id\":\"https:\\\/\\\/cendrex.com\\\/en\\\/#organization\"},\"potentialAction\":[{\"@type\":\"SearchAction\",\"target\":{\"@type\":\"EntryPoint\",\"urlTemplate\":\"https:\\\/\\\/cendrex.com\\\/en\\\/?s={search_term_string}\"},\"query-input\":{\"@type\":\"PropertyValueSpecification\",\"valueRequired\":true,\"valueName\":\"search_term_string\"}}],\"inLanguage\":\"fr-CA\"},{\"@type\":\"Organization\",\"@id\":\"https:\\\/\\\/cendrex.com\\\/en\\\/#organization\",\"name\":\"Cendrex\",\"url\":\"https:\\\/\\\/cendrex.com\\\/en\\\/\",\"logo\":{\"@type\":\"ImageObject\",\"inLanguage\":\"fr-CA\",\"@id\":\"https:\\\/\\\/cendrex.com\\\/en\\\/#\\\/schema\\\/logo\\\/image\\\/\",\"url\":\"https:\\\/\\\/cendrex.com\\\/wp-content\\\/uploads\\\/2021\\\/09\\\/Cendrex-logo-2018-PMS-scaled.jpg\",\"contentUrl\":\"https:\\\/\\\/cendrex.com\\\/wp-content\\\/uploads\\\/2021\\\/09\\\/Cendrex-logo-2018-PMS-scaled.jpg\",\"width\":1200,\"height\":267,\"caption\":\"Cendrex\"},\"image\":{\"@id\":\"https:\\\/\\\/cendrex.com\\\/en\\\/#\\\/schema\\\/logo\\\/image\\\/\"}}]}<\/script>\n<!-- \/ Yoast SEO plugin. -->","yoast_head_json":{"title":"Catalogue de porte d'acc\u00e8s (PDF format) - Cendrex","robots":{"index":"index","follow":"follow","max-snippet":"max-snippet:-1","max-image-preview":"max-image-preview:large","max-video-preview":"max-video-preview:-1"},"canonical":"https:\/\/cendrex.com\/fr\/catalogue-de-porte-dacces-anglais-seulement\/","og_locale":"fr_CA","og_type":"article","og_title":"Catalogue de porte d'acc\u00e8s (PDF format) - Cendrex","og_description":"Catalogue de panneaux d&#8217;acc\u00e8s (format PDF) Catalogue de panneaux d&#8217;acc\u00e8s Les portes d&#8217;acc\u00e8s Cendrex sont sp\u00e9cifiquement con\u00e7ues pour les architectes, ing\u00e9nieurs, contracteurs et professionnels de la construction qui choisissent des... Continuer la lecture","og_url":"https:\/\/cendrex.com\/fr\/catalogue-de-porte-dacces-anglais-seulement\/","og_site_name":"Cendrex","article_modified_time":"2026-03-10T19:56:34+00:00","twitter_card":"summary_large_image","twitter_misc":{"Estimation du temps de lecture":"1 minute"},"schema":{"@context":"https:\/\/schema.org","@graph":[{"@type":"WebPage","@id":"https:\/\/cendrex.com\/fr\/catalogue-de-porte-dacces-anglais-seulement\/","url":"https:\/\/cendrex.com\/fr\/catalogue-de-porte-dacces-anglais-seulement\/","name":"Catalogue de porte d'acc\u00e8s (PDF format) - Cendrex","isPartOf":{"@id":"https:\/\/cendrex.com\/en\/#website"},"datePublished":"2023-05-30T13:57:15+00:00","dateModified":"2026-03-10T19:56:34+00:00","inLanguage":"fr-CA","potentialAction":[{"@type":"ReadAction","target":["https:\/\/cendrex.com\/fr\/catalogue-de-porte-dacces-anglais-seulement\/"]}]},{"@type":"WebSite","@id":"https:\/\/cendrex.com\/en\/#website","url":"https:\/\/cendrex.com\/en\/","name":"Cendrex","description":"Fabricant de portes d&#039;acc\u00e8s","publisher":{"@id":"https:\/\/cendrex.com\/en\/#organization"},"potentialAction":[{"@type":"SearchAction","target":{"@type":"EntryPoint","urlTemplate":"https:\/\/cendrex.com\/en\/?s={search_term_string}"},"query-input":{"@type":"PropertyValueSpecification","valueRequired":true,"valueName":"search_term_string"}}],"inLanguage":"fr-CA"},{"@type":"Organization","@id":"https:\/\/cendrex.com\/en\/#organization","name":"Cendrex","url":"https:\/\/cendrex.com\/en\/","logo":{"@type":"ImageObject","inLanguage":"fr-CA","@id":"https:\/\/cendrex.com\/en\/#\/schema\/logo\/image\/","url":"https:\/\/cendrex.com\/wp-content\/uploads\/2021\/09\/Cendrex-logo-2018-PMS-scaled.jpg","contentUrl":"https:\/\/cendrex.com\/wp-content\/uploads\/2021\/09\/Cendrex-logo-2018-PMS-scaled.jpg","width":1200,"height":267,"caption":"Cendrex"},"image":{"@id":"https:\/\/cendrex.com\/en\/#\/schema\/logo\/image\/"}}]}},"_links":{"self":[{"href":"https:\/\/cendrex.com\/fr\/wp-json\/wp\/v2\/pages\/34524","targetHints":{"allow":["GET"]}}],"collection":[{"href":"https:\/\/cendrex.com\/fr\/wp-json\/wp\/v2\/pages"}],"about":[{"href":"https:\/\/cendrex.com\/fr\/wp-json\/wp\/v2\/types\/page"}],"author":[{"embeddable":true,"href":"https:\/\/cendrex.com\/fr\/wp-json\/wp\/v2\/users\/12"}],"replies":[{"embeddable":true,"href":"https:\/\/cendrex.com\/fr\/wp-json\/wp\/v2\/comments?post=34524"}],"version-history":[{"count":44,"href":"https:\/\/cendrex.com\/fr\/wp-json\/wp\/v2\/pages\/34524\/revisions"}],"predecessor-version":[{"id":46315,"href":"https:\/\/cendrex.com\/fr\/wp-json\/wp\/v2\/pages\/34524\/revisions\/46315"}],"wp:attachment":[{"href":"https:\/\/cendrex.com\/fr\/wp-json\/wp\/v2\/media?parent=34524"}],"curies":[{"name":"wp","href":"https:\/\/api.w.org\/{rel}","templated":true}]}}