{"id":30844,"date":"2022-04-07T15:47:40","date_gmt":"2022-04-07T19:47:40","guid":{"rendered":"https:\/\/cendrex.p3f.dev\/?page_id=30844"},"modified":"2025-05-14T12:54:29","modified_gmt":"2025-05-14T16:54:29","slug":"architecte-specifications","status":"publish","type":"page","link":"https:\/\/cendrex.com\/fr\/architecte-specifications\/","title":{"rendered":"Architecte: sp\u00e9cifications"},"content":{"rendered":"\t\t<div data-elementor-type=\"wp-page\" data-elementor-id=\"30844\" class=\"elementor elementor-30844\" data-elementor-post-type=\"page\">\n\t\t\t\t\t\t<section class=\"elementor-section elementor-top-section elementor-element elementor-element-9300d16 elementor-section-height-min-height elementor-section-boxed elementor-section-height-default elementor-section-items-middle\" data-id=\"9300d16\" data-element_type=\"section\" data-e-type=\"section\" data-settings=\"{&quot;background_background&quot;:&quot;classic&quot;}\">\n\t\t\t\t\t\t\t<div class=\"elementor-background-overlay\"><\/div>\n\t\t\t\t\t\t\t<div class=\"elementor-container elementor-column-gap-default\">\n\t\t\t\t\t<div class=\"elementor-column elementor-col-100 elementor-top-column elementor-element elementor-element-377ea1c\" data-id=\"377ea1c\" data-element_type=\"column\" data-e-type=\"column\">\n\t\t\t<div class=\"elementor-widget-wrap elementor-element-populated\">\n\t\t\t\t\t\t<div class=\"elementor-element elementor-element-74bb83a elementor-widget elementor-widget-heading\" data-id=\"74bb83a\" data-element_type=\"widget\" data-e-type=\"widget\" data-widget_type=\"heading.default\">\n\t\t\t\t\t<h1 class=\"elementor-heading-title elementor-size-default\">Architectes, ing\u00e9nieurs : Nous facilitons le processus de sp\u00e9cification!<\/h1>\t\t\t\t<\/div>\n\t\t\t\t\t<\/div>\n\t\t<\/div>\n\t\t\t\t\t<\/div>\n\t\t<\/section>\n\t\t\t\t<section class=\"elementor-section elementor-top-section elementor-element elementor-element-4dae491 elementor-section-boxed elementor-section-height-default elementor-section-height-default\" data-id=\"4dae491\" data-element_type=\"section\" data-e-type=\"section\">\n\t\t\t\t\t\t<div class=\"elementor-container elementor-column-gap-default\">\n\t\t\t\t\t<div class=\"elementor-column elementor-col-100 elementor-top-column elementor-element elementor-element-9be15a4\" data-id=\"9be15a4\" data-element_type=\"column\" data-e-type=\"column\">\n\t\t\t<div class=\"elementor-widget-wrap elementor-element-populated\">\n\t\t\t\t\t\t<div class=\"elementor-element elementor-element-bafa4d2 elementor-widget elementor-widget-spacer\" data-id=\"bafa4d2\" data-element_type=\"widget\" data-e-type=\"widget\" data-widget_type=\"spacer.default\">\n\t\t\t\t\t\t\t<div class=\"elementor-spacer\">\n\t\t\t<div class=\"elementor-spacer-inner\"><\/div>\n\t\t<\/div>\n\t\t\t\t\t\t<\/div>\n\t\t\t\t<div class=\"elementor-element elementor-element-c173ebd elementor-widget elementor-widget-heading\" data-id=\"c173ebd\" data-element_type=\"widget\" data-e-type=\"widget\" data-widget_type=\"heading.default\">\n\t\t\t\t\t<h2 class=\"elementor-heading-title elementor-size-default\">Architectes, ing\u00e9nieurs : Nous facilitons le processus de sp\u00e9cification!<\/h2>\t\t\t\t<\/div>\n\t\t\t\t\t<\/div>\n\t\t<\/div>\n\t\t\t\t\t<\/div>\n\t\t<\/section>\n\t\t\t\t<section class=\"elementor-section elementor-top-section elementor-element elementor-element-6540f75 elementor-section-boxed elementor-section-height-default elementor-section-height-default\" data-id=\"6540f75\" data-element_type=\"section\" data-e-type=\"section\">\n\t\t\t\t\t\t<div class=\"elementor-container elementor-column-gap-default\">\n\t\t\t\t\t<div class=\"elementor-column elementor-col-100 elementor-top-column elementor-element elementor-element-45365e7\" data-id=\"45365e7\" data-element_type=\"column\" data-e-type=\"column\">\n\t\t\t<div class=\"elementor-widget-wrap elementor-element-populated\">\n\t\t\t\t\t\t<div class=\"elementor-element elementor-element-6bcf9c7 elementor-widget elementor-widget-spacer\" data-id=\"6bcf9c7\" data-element_type=\"widget\" data-e-type=\"widget\" data-widget_type=\"spacer.default\">\n\t\t\t\t\t\t\t<div class=\"elementor-spacer\">\n\t\t\t<div class=\"elementor-spacer-inner\"><\/div>\n\t\t<\/div>\n\t\t\t\t\t\t<\/div>\n\t\t\t\t<div class=\"elementor-element elementor-element-f814694 elementor-widget elementor-widget-text-editor\" data-id=\"f814694\" data-element_type=\"widget\" data-e-type=\"widget\" data-widget_type=\"text-editor.default\">\n\t\t\t\t\t\t\t\t\t<p>Cendrex travaille en partenariat avec les fournisseurs de sp\u00e9cifications architecturales les plus fiables sur le march\u00e9 afin de s\u2019assurer que les auteurs des sp\u00e9cifications disposent de l\u2019information ad\u00e9quate pour cr\u00e9er correctement des sp\u00e9cifications de construction r\u00e9ussies pour leurs projets de panneaux d&#8217;acc\u00e8s. Le catalogue de produits ainsi que nos fiches techniques, fichiers Revit et autres informations techniques sont facilement accessibles depuis ces plateformes.<\/p>\t\t\t\t\t\t\t\t<\/div>\n\t\t\t\t<div class=\"elementor-element elementor-element-e179026 elementor-widget elementor-widget-spacer\" data-id=\"e179026\" data-element_type=\"widget\" data-e-type=\"widget\" data-widget_type=\"spacer.default\">\n\t\t\t\t\t\t\t<div class=\"elementor-spacer\">\n\t\t\t<div class=\"elementor-spacer-inner\"><\/div>\n\t\t<\/div>\n\t\t\t\t\t\t<\/div>\n\t\t\t\t\t<\/div>\n\t\t<\/div>\n\t\t\t\t\t<\/div>\n\t\t<\/section>\n\t\t\t\t<section class=\"elementor-section elementor-top-section elementor-element elementor-element-e327ad6 elementor-section-content-middle elementor-section-boxed elementor-section-height-default elementor-section-height-default\" data-id=\"e327ad6\" data-element_type=\"section\" data-e-type=\"section\">\n\t\t\t\t\t\t<div class=\"elementor-container elementor-column-gap-default\">\n\t\t\t\t\t<div class=\"elementor-column elementor-col-33 elementor-top-column elementor-element elementor-element-5a268a9\" data-id=\"5a268a9\" data-element_type=\"column\" data-e-type=\"column\">\n\t\t\t<div class=\"elementor-widget-wrap elementor-element-populated\">\n\t\t\t\t\t\t<div class=\"elementor-element elementor-element-320b7a1 elementor-widget elementor-widget-image\" data-id=\"320b7a1\" data-element_type=\"widget\" data-e-type=\"widget\" data-widget_type=\"image.default\">\n\t\t\t\t\t\t\t\t\t\t\t\t\t\t\t\t<a href=\"https:\/\/www.bimobject.com\/en\/search?fullText=cendrex%20&#038;sort=trending&#038;page=1\">\n\t\t\t\t\t\t\t<img decoding=\"async\" width=\"320\" height=\"132\" src=\"https:\/\/cendrex.com\/wp-content\/uploads\/2022\/02\/BIMobject-logo.png\" class=\"attachment-large size-large wp-image-30856\" alt=\"\" srcset=\"https:\/\/cendrex.com\/wp-content\/uploads\/2022\/02\/BIMobject-logo.png 320w, https:\/\/cendrex.com\/wp-content\/uploads\/2022\/02\/BIMobject-logo-300x124.png 300w, https:\/\/cendrex.com\/wp-content\/uploads\/2022\/02\/BIMobject-logo-150x62.png 150w\" sizes=\"(max-width: 320px) 100vw, 320px\" \/>\t\t\t\t\t\t\t\t<\/a>\n\t\t\t\t\t\t\t\t\t\t\t\t\t\t\t<\/div>\n\t\t\t\t<div class=\"elementor-element elementor-element-d1275a5 elementor-align-justify elementor-widget elementor-widget-button\" data-id=\"d1275a5\" data-element_type=\"widget\" data-e-type=\"widget\" data-widget_type=\"button.default\">\n\t\t\t\t\t\t\t\t\t\t<a class=\"elementor-button elementor-button-link elementor-size-md\" href=\"https:\/\/www.bimobject.com\/en\/search?fullText=cendrex%20&#038;sort=trending&#038;page=1\">\n\t\t\t\t\t\t<span class=\"elementor-button-content-wrapper\">\n\t\t\t\t\t\t\t\t\t<span class=\"elementor-button-text\">Cliquez ici <\/span>\n\t\t\t\t\t<\/span>\n\t\t\t\t\t<\/a>\n\t\t\t\t\t\t\t\t<\/div>\n\t\t\t\t<div class=\"elementor-element elementor-element-72b7376 elementor-widget elementor-widget-text-editor\" data-id=\"72b7376\" data-element_type=\"widget\" data-e-type=\"widget\" data-widget_type=\"text-editor.default\">\n\t\t\t\t\t\t\t\t\t<p><strong>Construction: Access Doors and Panels<\/strong><\/p>\t\t\t\t\t\t\t\t<\/div>\n\t\t\t\t<div class=\"elementor-element elementor-element-4f56ad7 elementor-widget elementor-widget-spacer\" data-id=\"4f56ad7\" data-element_type=\"widget\" data-e-type=\"widget\" data-widget_type=\"spacer.default\">\n\t\t\t\t\t\t\t<div class=\"elementor-spacer\">\n\t\t\t<div class=\"elementor-spacer-inner\"><\/div>\n\t\t<\/div>\n\t\t\t\t\t\t<\/div>\n\t\t\t\t\t<\/div>\n\t\t<\/div>\n\t\t\t\t<div class=\"elementor-column elementor-col-33 elementor-top-column elementor-element elementor-element-44547d0\" data-id=\"44547d0\" data-element_type=\"column\" data-e-type=\"column\">\n\t\t\t<div class=\"elementor-widget-wrap elementor-element-populated\">\n\t\t\t\t\t\t<div class=\"elementor-element elementor-element-150d9dc elementor-widget elementor-widget-image\" data-id=\"150d9dc\" data-element_type=\"widget\" data-e-type=\"widget\" data-widget_type=\"image.default\">\n\t\t\t\t\t\t\t\t\t\t\t\t\t\t\t<img fetchpriority=\"high\" decoding=\"async\" width=\"1024\" height=\"358\" src=\"https:\/\/cendrex.com\/wp-content\/uploads\/2022\/02\/AIA_FindUsIn-MasterSpec-Deltek-Specpoint_2c_full_CMYK-1-1024x358.jpg\" class=\"attachment-large size-large wp-image-30864\" alt=\"\" srcset=\"https:\/\/cendrex.com\/wp-content\/uploads\/2022\/02\/AIA_FindUsIn-MasterSpec-Deltek-Specpoint_2c_full_CMYK-1-1024x358.jpg 1024w, https:\/\/cendrex.com\/wp-content\/uploads\/2022\/02\/AIA_FindUsIn-MasterSpec-Deltek-Specpoint_2c_full_CMYK-1-300x105.jpg 300w, https:\/\/cendrex.com\/wp-content\/uploads\/2022\/02\/AIA_FindUsIn-MasterSpec-Deltek-Specpoint_2c_full_CMYK-1-768x268.jpg 768w, https:\/\/cendrex.com\/wp-content\/uploads\/2022\/02\/AIA_FindUsIn-MasterSpec-Deltek-Specpoint_2c_full_CMYK-1-1536x537.jpg 1536w, https:\/\/cendrex.com\/wp-content\/uploads\/2022\/02\/AIA_FindUsIn-MasterSpec-Deltek-Specpoint_2c_full_CMYK-1-2048x716.jpg 2048w, https:\/\/cendrex.com\/wp-content\/uploads\/2022\/02\/AIA_FindUsIn-MasterSpec-Deltek-Specpoint_2c_full_CMYK-1-150x52.jpg 150w, https:\/\/cendrex.com\/wp-content\/uploads\/2022\/02\/AIA_FindUsIn-MasterSpec-Deltek-Specpoint_2c_full_CMYK-1-416x145.jpg 416w, https:\/\/cendrex.com\/wp-content\/uploads\/2022\/02\/AIA_FindUsIn-MasterSpec-Deltek-Specpoint_2c_full_CMYK-1-scaled.jpg 1200w\" sizes=\"(max-width: 1024px) 100vw, 1024px\" \/>\t\t\t\t\t\t\t\t\t\t\t\t\t\t\t<\/div>\n\t\t\t\t<div class=\"elementor-element elementor-element-01fd29a elementor-align-justify elementor-widget elementor-widget-button\" data-id=\"01fd29a\" data-element_type=\"widget\" data-e-type=\"widget\" data-widget_type=\"button.default\">\n\t\t\t\t\t\t\t\t\t\t<a class=\"elementor-button elementor-button-link elementor-size-md\" href=\"https:\/\/products-specpoint.mydeltek.com\/products\/all?groupby=sectionNumber+false%2CproductType+false&#038;sortby=sectionNumber%2CproductType%2Ctype%2ClastUpdated+desc&#038;defaultFilter=true&#038;df=%27Cendrex+Inc.%27%25%7C%25%27Cendrex+Inc.%27&#038;ia=true&#038;ct=Doors\">\n\t\t\t\t\t\t<span class=\"elementor-button-content-wrapper\">\n\t\t\t\t\t\t\t\t\t<span class=\"elementor-button-text\">Cliquez ici <\/span>\n\t\t\t\t\t<\/span>\n\t\t\t\t\t<\/a>\n\t\t\t\t\t\t\t\t<\/div>\n\t\t\t\t<div class=\"elementor-element elementor-element-75242ba elementor-widget elementor-widget-text-editor\" data-id=\"75242ba\" data-element_type=\"widget\" data-e-type=\"widget\" data-widget_type=\"text-editor.default\">\n\t\t\t\t\t\t\t\t\t<p><strong>083100-BSD-<span class=\"nowrap ng-star-inserted\"><span class=\"mat-tooltip-trigger ng-star-inserted\" aria-describedby=\"cdk-describedby-message-62\">Access Doors and frames<\/span><\/span><\/strong><\/p>\t\t\t\t\t\t\t\t<\/div>\n\t\t\t\t<div class=\"elementor-element elementor-element-8218e20 elementor-widget elementor-widget-spacer\" data-id=\"8218e20\" data-element_type=\"widget\" data-e-type=\"widget\" data-widget_type=\"spacer.default\">\n\t\t\t\t\t\t\t<div class=\"elementor-spacer\">\n\t\t\t<div class=\"elementor-spacer-inner\"><\/div>\n\t\t<\/div>\n\t\t\t\t\t\t<\/div>\n\t\t\t\t\t<\/div>\n\t\t<\/div>\n\t\t\t\t<div class=\"elementor-column elementor-col-33 elementor-top-column elementor-element elementor-element-740f23b\" data-id=\"740f23b\" data-element_type=\"column\" data-e-type=\"column\">\n\t\t\t<div class=\"elementor-widget-wrap elementor-element-populated\">\n\t\t\t\t\t\t<div class=\"elementor-element elementor-element-2c50777 elementor-widget elementor-widget-image\" data-id=\"2c50777\" data-element_type=\"widget\" data-e-type=\"widget\" data-widget_type=\"image.default\">\n\t\t\t\t\t\t\t\t\t\t\t\t\t\t\t<img decoding=\"async\" width=\"300\" height=\"159\" src=\"https:\/\/cendrex.com\/wp-content\/uploads\/2022\/02\/SpecLink-Product-Listing-RGB-Black-Text-300x159.png\" class=\"attachment-medium size-medium wp-image-30947\" alt=\"\" srcset=\"https:\/\/cendrex.com\/wp-content\/uploads\/2022\/02\/SpecLink-Product-Listing-RGB-Black-Text-300x159.png 300w, https:\/\/cendrex.com\/wp-content\/uploads\/2022\/02\/SpecLink-Product-Listing-RGB-Black-Text-1024x542.png 1024w, https:\/\/cendrex.com\/wp-content\/uploads\/2022\/02\/SpecLink-Product-Listing-RGB-Black-Text-768x407.png 768w, https:\/\/cendrex.com\/wp-content\/uploads\/2022\/02\/SpecLink-Product-Listing-RGB-Black-Text-1536x813.png 1536w, https:\/\/cendrex.com\/wp-content\/uploads\/2022\/02\/SpecLink-Product-Listing-RGB-Black-Text-2048x1084.png 2048w, https:\/\/cendrex.com\/wp-content\/uploads\/2022\/02\/SpecLink-Product-Listing-RGB-Black-Text-150x79.png 150w, https:\/\/cendrex.com\/wp-content\/uploads\/2022\/02\/SpecLink-Product-Listing-RGB-Black-Text-416x220.png 416w, https:\/\/cendrex.com\/wp-content\/uploads\/2022\/02\/SpecLink-Product-Listing-RGB-Black-Text.png 1200w\" sizes=\"(max-width: 300px) 100vw, 300px\" \/>\t\t\t\t\t\t\t\t\t\t\t\t\t\t\t<\/div>\n\t\t\t\t<div class=\"elementor-element elementor-element-f3a2321 elementor-align-justify elementor-widget elementor-widget-button\" data-id=\"f3a2321\" data-element_type=\"widget\" data-e-type=\"widget\" data-widget_type=\"button.default\">\n\t\t\t\t\t\t\t\t\t\t<a class=\"elementor-button elementor-button-link elementor-size-md\" href=\"https:\/\/slc.bsdspeclink.com\/#\/home\">\n\t\t\t\t\t\t<span class=\"elementor-button-content-wrapper\">\n\t\t\t\t\t\t\t\t\t<span class=\"elementor-button-text\">Cliquez ici <\/span>\n\t\t\t\t\t<\/span>\n\t\t\t\t\t<\/a>\n\t\t\t\t\t\t\t\t<\/div>\n\t\t\t\t<div class=\"elementor-element elementor-element-7ff8260 elementor-widget elementor-widget-text-editor\" data-id=\"7ff8260\" data-element_type=\"widget\" data-e-type=\"widget\" data-widget_type=\"text-editor.default\">\n\t\t\t\t\t\t\t\t\t<p><strong>083100-BSD-<span class=\"nowrap ng-star-inserted\"><span class=\"mat-tooltip-trigger ng-star-inserted\" aria-describedby=\"cdk-describedby-message-62\">Access Doors and Panels\u00a0<\/span><\/span>(\u00c0 partir de la section 0151)<\/strong><\/p>\t\t\t\t\t\t\t\t<\/div>\n\t\t\t\t<div class=\"elementor-element elementor-element-fd0a42f elementor-widget elementor-widget-spacer\" data-id=\"fd0a42f\" data-element_type=\"widget\" data-e-type=\"widget\" data-widget_type=\"spacer.default\">\n\t\t\t\t\t\t\t<div class=\"elementor-spacer\">\n\t\t\t<div class=\"elementor-spacer-inner\"><\/div>\n\t\t<\/div>\n\t\t\t\t\t\t<\/div>\n\t\t\t\t\t<\/div>\n\t\t<\/div>\n\t\t\t\t\t<\/div>\n\t\t<\/section>\n\t\t\t\t<section class=\"elementor-section elementor-top-section elementor-element elementor-element-7fb1cdc elementor-section-boxed elementor-section-height-default elementor-section-height-default\" data-id=\"7fb1cdc\" data-element_type=\"section\" data-e-type=\"section\">\n\t\t\t\t\t\t<div class=\"elementor-container elementor-column-gap-default\">\n\t\t\t\t\t<div class=\"elementor-column elementor-col-100 elementor-top-column elementor-element elementor-element-1044fc5\" data-id=\"1044fc5\" data-element_type=\"column\" data-e-type=\"column\">\n\t\t\t<div class=\"elementor-widget-wrap elementor-element-populated\">\n\t\t\t\t\t\t<div class=\"elementor-element elementor-element-021f02d elementor-widget elementor-widget-spacer\" data-id=\"021f02d\" data-element_type=\"widget\" data-e-type=\"widget\" data-widget_type=\"spacer.default\">\n\t\t\t\t\t\t\t<div class=\"elementor-spacer\">\n\t\t\t<div class=\"elementor-spacer-inner\"><\/div>\n\t\t<\/div>\n\t\t\t\t\t\t<\/div>\n\t\t\t\t\t<\/div>\n\t\t<\/div>\n\t\t\t\t\t<\/div>\n\t\t<\/section>\n\t\t\t\t<section class=\"elementor-section elementor-top-section elementor-element elementor-element-3378ed9 elementor-section-boxed elementor-section-height-default elementor-section-height-default\" data-id=\"3378ed9\" data-element_type=\"section\" data-e-type=\"section\">\n\t\t\t\t\t\t<div class=\"elementor-container elementor-column-gap-default\">\n\t\t\t\t\t<div class=\"elementor-column elementor-col-100 elementor-top-column elementor-element elementor-element-0950da3\" data-id=\"0950da3\" data-element_type=\"column\" data-e-type=\"column\">\n\t\t\t<div class=\"elementor-widget-wrap\">\n\t\t\t\t\t\t\t<\/div>\n\t\t<\/div>\n\t\t\t\t\t<\/div>\n\t\t<\/section>\n\t\t\t\t<\/div>\n\t\t","protected":false},"excerpt":{"rendered":"<p>Architectes, ing\u00e9nieurs : Nous facilitons le processus de sp\u00e9cification! Architectes, ing\u00e9nieurs : Nous facilitons le processus de sp\u00e9cification! Cendrex travaille en partenariat avec les fournisseurs de sp\u00e9cifications architecturales les plus&#8230; <br \/><a class=\"read-more\" href=\"https:\/\/cendrex.com\/fr\/architecte-specifications\/\">Continuer la lecture<\/a><\/p>\n","protected":false},"author":12,"featured_media":0,"parent":0,"menu_order":0,"comment_status":"closed","ping_status":"closed","template":"","meta":{"_acf_changed":false,"inline_featured_image":false,"footnotes":""},"class_list":["post-30844","page","type-page","status-publish","hentry"],"acf":[],"yoast_head":"<!-- This site is optimized with the Yoast SEO plugin v27.3 - https:\/\/yoast.com\/product\/yoast-seo-wordpress\/ -->\n<title>Architecte: sp\u00e9cifications - Cendrex<\/title>\n<meta name=\"robots\" content=\"index, follow, max-snippet:-1, max-image-preview:large, max-video-preview:-1\" \/>\n<link rel=\"canonical\" href=\"https:\/\/cendrex.com\/fr\/architecte-specifications\/\" \/>\n<meta property=\"og:locale\" content=\"fr_CA\" \/>\n<meta property=\"og:type\" content=\"article\" \/>\n<meta property=\"og:title\" content=\"Architecte: sp\u00e9cifications - Cendrex\" \/>\n<meta property=\"og:description\" content=\"Architectes, ing\u00e9nieurs : Nous facilitons le processus de sp\u00e9cification! Architectes, ing\u00e9nieurs : Nous facilitons le processus de sp\u00e9cification! Cendrex travaille en partenariat avec les fournisseurs de sp\u00e9cifications architecturales les plus... Continuer la lecture\" \/>\n<meta property=\"og:url\" content=\"https:\/\/cendrex.com\/fr\/architecte-specifications\/\" \/>\n<meta property=\"og:site_name\" content=\"Cendrex\" \/>\n<meta property=\"article:modified_time\" content=\"2025-05-14T16:54:29+00:00\" \/>\n<meta property=\"og:image\" content=\"https:\/\/cendrex.com\/wp-content\/uploads\/2022\/02\/BIMobject-logo.png\" \/>\n\t<meta property=\"og:image:width\" content=\"320\" \/>\n\t<meta property=\"og:image:height\" content=\"132\" \/>\n\t<meta property=\"og:image:type\" content=\"image\/png\" \/>\n<meta name=\"twitter:card\" content=\"summary_large_image\" \/>\n<meta name=\"twitter:label1\" content=\"Estimation du temps de lecture\" \/>\n\t<meta name=\"twitter:data1\" content=\"2 minutes\" \/>\n<script type=\"application\/ld+json\" class=\"yoast-schema-graph\">{\"@context\":\"https:\\\/\\\/schema.org\",\"@graph\":[{\"@type\":\"WebPage\",\"@id\":\"https:\\\/\\\/cendrex.com\\\/fr\\\/architecte-specifications\\\/\",\"url\":\"https:\\\/\\\/cendrex.com\\\/fr\\\/architecte-specifications\\\/\",\"name\":\"Architecte: sp\u00e9cifications - Cendrex\",\"isPartOf\":{\"@id\":\"https:\\\/\\\/cendrex.com\\\/en\\\/#website\"},\"primaryImageOfPage\":{\"@id\":\"https:\\\/\\\/cendrex.com\\\/fr\\\/architecte-specifications\\\/#primaryimage\"},\"image\":{\"@id\":\"https:\\\/\\\/cendrex.com\\\/fr\\\/architecte-specifications\\\/#primaryimage\"},\"thumbnailUrl\":\"https:\\\/\\\/cendrex.com\\\/wp-content\\\/uploads\\\/2022\\\/02\\\/BIMobject-logo.png\",\"datePublished\":\"2022-04-07T19:47:40+00:00\",\"dateModified\":\"2025-05-14T16:54:29+00:00\",\"inLanguage\":\"fr-CA\",\"potentialAction\":[{\"@type\":\"ReadAction\",\"target\":[\"https:\\\/\\\/cendrex.com\\\/fr\\\/architecte-specifications\\\/\"]}]},{\"@type\":\"ImageObject\",\"inLanguage\":\"fr-CA\",\"@id\":\"https:\\\/\\\/cendrex.com\\\/fr\\\/architecte-specifications\\\/#primaryimage\",\"url\":\"https:\\\/\\\/cendrex.com\\\/wp-content\\\/uploads\\\/2022\\\/02\\\/BIMobject-logo.png\",\"contentUrl\":\"https:\\\/\\\/cendrex.com\\\/wp-content\\\/uploads\\\/2022\\\/02\\\/BIMobject-logo.png\"},{\"@type\":\"WebSite\",\"@id\":\"https:\\\/\\\/cendrex.com\\\/en\\\/#website\",\"url\":\"https:\\\/\\\/cendrex.com\\\/en\\\/\",\"name\":\"Cendrex\",\"description\":\"Fabricant de portes d&#039;acc\u00e8s\",\"publisher\":{\"@id\":\"https:\\\/\\\/cendrex.com\\\/en\\\/#organization\"},\"potentialAction\":[{\"@type\":\"SearchAction\",\"target\":{\"@type\":\"EntryPoint\",\"urlTemplate\":\"https:\\\/\\\/cendrex.com\\\/en\\\/?s={search_term_string}\"},\"query-input\":{\"@type\":\"PropertyValueSpecification\",\"valueRequired\":true,\"valueName\":\"search_term_string\"}}],\"inLanguage\":\"fr-CA\"},{\"@type\":\"Organization\",\"@id\":\"https:\\\/\\\/cendrex.com\\\/en\\\/#organization\",\"name\":\"Cendrex\",\"url\":\"https:\\\/\\\/cendrex.com\\\/en\\\/\",\"logo\":{\"@type\":\"ImageObject\",\"inLanguage\":\"fr-CA\",\"@id\":\"https:\\\/\\\/cendrex.com\\\/en\\\/#\\\/schema\\\/logo\\\/image\\\/\",\"url\":\"https:\\\/\\\/cendrex.com\\\/wp-content\\\/uploads\\\/2021\\\/09\\\/Cendrex-logo-2018-PMS-scaled.jpg\",\"contentUrl\":\"https:\\\/\\\/cendrex.com\\\/wp-content\\\/uploads\\\/2021\\\/09\\\/Cendrex-logo-2018-PMS-scaled.jpg\",\"width\":1200,\"height\":267,\"caption\":\"Cendrex\"},\"image\":{\"@id\":\"https:\\\/\\\/cendrex.com\\\/en\\\/#\\\/schema\\\/logo\\\/image\\\/\"}}]}<\/script>\n<!-- \/ Yoast SEO plugin. -->","yoast_head_json":{"title":"Architecte: sp\u00e9cifications - Cendrex","robots":{"index":"index","follow":"follow","max-snippet":"max-snippet:-1","max-image-preview":"max-image-preview:large","max-video-preview":"max-video-preview:-1"},"canonical":"https:\/\/cendrex.com\/fr\/architecte-specifications\/","og_locale":"fr_CA","og_type":"article","og_title":"Architecte: sp\u00e9cifications - Cendrex","og_description":"Architectes, ing\u00e9nieurs : Nous facilitons le processus de sp\u00e9cification! Architectes, ing\u00e9nieurs : Nous facilitons le processus de sp\u00e9cification! Cendrex travaille en partenariat avec les fournisseurs de sp\u00e9cifications architecturales les plus... Continuer la lecture","og_url":"https:\/\/cendrex.com\/fr\/architecte-specifications\/","og_site_name":"Cendrex","article_modified_time":"2025-05-14T16:54:29+00:00","og_image":[{"width":320,"height":132,"url":"https:\/\/cendrex.com\/wp-content\/uploads\/2022\/02\/BIMobject-logo.png","type":"image\/png"}],"twitter_card":"summary_large_image","twitter_misc":{"Estimation du temps de lecture":"2 minutes"},"schema":{"@context":"https:\/\/schema.org","@graph":[{"@type":"WebPage","@id":"https:\/\/cendrex.com\/fr\/architecte-specifications\/","url":"https:\/\/cendrex.com\/fr\/architecte-specifications\/","name":"Architecte: sp\u00e9cifications - Cendrex","isPartOf":{"@id":"https:\/\/cendrex.com\/en\/#website"},"primaryImageOfPage":{"@id":"https:\/\/cendrex.com\/fr\/architecte-specifications\/#primaryimage"},"image":{"@id":"https:\/\/cendrex.com\/fr\/architecte-specifications\/#primaryimage"},"thumbnailUrl":"https:\/\/cendrex.com\/wp-content\/uploads\/2022\/02\/BIMobject-logo.png","datePublished":"2022-04-07T19:47:40+00:00","dateModified":"2025-05-14T16:54:29+00:00","inLanguage":"fr-CA","potentialAction":[{"@type":"ReadAction","target":["https:\/\/cendrex.com\/fr\/architecte-specifications\/"]}]},{"@type":"ImageObject","inLanguage":"fr-CA","@id":"https:\/\/cendrex.com\/fr\/architecte-specifications\/#primaryimage","url":"https:\/\/cendrex.com\/wp-content\/uploads\/2022\/02\/BIMobject-logo.png","contentUrl":"https:\/\/cendrex.com\/wp-content\/uploads\/2022\/02\/BIMobject-logo.png"},{"@type":"WebSite","@id":"https:\/\/cendrex.com\/en\/#website","url":"https:\/\/cendrex.com\/en\/","name":"Cendrex","description":"Fabricant de portes d&#039;acc\u00e8s","publisher":{"@id":"https:\/\/cendrex.com\/en\/#organization"},"potentialAction":[{"@type":"SearchAction","target":{"@type":"EntryPoint","urlTemplate":"https:\/\/cendrex.com\/en\/?s={search_term_string}"},"query-input":{"@type":"PropertyValueSpecification","valueRequired":true,"valueName":"search_term_string"}}],"inLanguage":"fr-CA"},{"@type":"Organization","@id":"https:\/\/cendrex.com\/en\/#organization","name":"Cendrex","url":"https:\/\/cendrex.com\/en\/","logo":{"@type":"ImageObject","inLanguage":"fr-CA","@id":"https:\/\/cendrex.com\/en\/#\/schema\/logo\/image\/","url":"https:\/\/cendrex.com\/wp-content\/uploads\/2021\/09\/Cendrex-logo-2018-PMS-scaled.jpg","contentUrl":"https:\/\/cendrex.com\/wp-content\/uploads\/2021\/09\/Cendrex-logo-2018-PMS-scaled.jpg","width":1200,"height":267,"caption":"Cendrex"},"image":{"@id":"https:\/\/cendrex.com\/en\/#\/schema\/logo\/image\/"}}]}},"_links":{"self":[{"href":"https:\/\/cendrex.com\/fr\/wp-json\/wp\/v2\/pages\/30844","targetHints":{"allow":["GET"]}}],"collection":[{"href":"https:\/\/cendrex.com\/fr\/wp-json\/wp\/v2\/pages"}],"about":[{"href":"https:\/\/cendrex.com\/fr\/wp-json\/wp\/v2\/types\/page"}],"author":[{"embeddable":true,"href":"https:\/\/cendrex.com\/fr\/wp-json\/wp\/v2\/users\/12"}],"replies":[{"embeddable":true,"href":"https:\/\/cendrex.com\/fr\/wp-json\/wp\/v2\/comments?post=30844"}],"version-history":[{"count":31,"href":"https:\/\/cendrex.com\/fr\/wp-json\/wp\/v2\/pages\/30844\/revisions"}],"predecessor-version":[{"id":42490,"href":"https:\/\/cendrex.com\/fr\/wp-json\/wp\/v2\/pages\/30844\/revisions\/42490"}],"wp:attachment":[{"href":"https:\/\/cendrex.com\/fr\/wp-json\/wp\/v2\/media?parent=30844"}],"curies":[{"name":"wp","href":"https:\/\/api.w.org\/{rel}","templated":true}]}}