{"id":21080,"date":"2018-10-30T11:30:57","date_gmt":"2018-10-30T15:30:57","guid":{"rendered":"https:\/\/cendrex.p3f.dev\/privacy-policy\/"},"modified":"2026-04-06T11:23:30","modified_gmt":"2026-04-06T15:23:30","slug":"politique-de-confidentialite","status":"publish","type":"page","link":"https:\/\/cendrex.com\/fr\/politique-de-confidentialite\/","title":{"rendered":"Politique de confidentialit\u00e9"},"content":{"rendered":"\t\t<div data-elementor-type=\"wp-post\" data-elementor-id=\"21080\" class=\"elementor elementor-21080 elementor-18478\" data-elementor-post-type=\"page\">\n\t\t\t\t\t\t<section class=\"elementor-section elementor-top-section elementor-element elementor-element-7a648cf elementor-section-boxed elementor-section-height-default elementor-section-height-default\" data-id=\"7a648cf\" data-element_type=\"section\" data-e-type=\"section\">\n\t\t\t\t\t\t<div class=\"elementor-container elementor-column-gap-default\">\n\t\t\t\t\t<div class=\"elementor-column elementor-col-100 elementor-top-column elementor-element elementor-element-1e5ed5f\" data-id=\"1e5ed5f\" data-element_type=\"column\" data-e-type=\"column\">\n\t\t\t<div class=\"elementor-widget-wrap elementor-element-populated\">\n\t\t\t\t\t\t<div class=\"elementor-element elementor-element-f95d5cd elementor-widget elementor-widget-heading\" data-id=\"f95d5cd\" data-element_type=\"widget\" data-e-type=\"widget\" data-widget_type=\"heading.default\">\n\t\t\t\t\t<h1 class=\"elementor-heading-title elementor-size-default\">Politique de confidentialit\u00e9 et de protection des renseignements personnels <\/h1>\t\t\t\t<\/div>\n\t\t\t\t<div class=\"elementor-element elementor-element-1efacc8 elementor-widget elementor-widget-text-editor\" data-id=\"1efacc8\" data-element_type=\"widget\" data-e-type=\"widget\" data-widget_type=\"text-editor.default\">\n\t\t\t\t\t\t\t\t\t<ol>\n<li>\n<p><strong>Information g\u00e9n\u00e9rale<\/strong><\/p>\n<p>a) <strong>Introduction<\/strong><\/p>\n<p>La pr\u00e9sente politique de confidentialit\u00e9 (la \u00ab Politique \u00bb) de Les Industries Cendrex inc. (ci-apr\u00e8s \u00ab Entit\u00e9 \u00bb, \u00ab Nous \u00bb, \u00ab Notre \u00bb) doit \u00eatre lue conjointement avec Notre Mention L\u00e9gale. La Politique d\u00e9crit la collecte, utilisation, communication et conservation (le \u00ab Traitement \u00bb) de tout renseignement qui Vous concerne en tant que personne physique et permettraient de l&#8217;identifier (Vos \u00ab Renseignements personnels \u00bb).<\/p>\n<p>En utilisant notre site web <a href=\"https:\/\/www.cendrex.com\/\" target=\"_new\" rel=\"noreferrer\">https:\/\/www.cendrex.com\/<\/a> (le \u00ab Site web \u00bb) ou l\u2019un de nos services, vous acceptez que Nous puissions recueillir, utiliser, traiter, divulguer et conserver vos Renseignements personnels conform\u00e9ment aux conditions d\u00e9crites aux pr\u00e9sentes. Si vous n&#8217;acceptez pas d&#8217;\u00eatre li\u00e9 par la pr\u00e9sente Politique, cessez Votre utilisation de Notre Site web.<\/p>\n<p>Cette Politique ne s\u2019applique pas aux Renseignements personnels des employ\u00e9s, des repr\u00e9sentants et des consultants de l\u2019Entit\u00e9, ou \u00e0 toute autre personne affili\u00e9e \u00e0 l\u2019Entit\u00e9, ainsi qu\u2019\u00e0 toute information qui ne constitue pas un Renseignement personnel tel que d\u00e9fini par les lois applicables au Qu\u00e9bec et au Canada.<\/p>\n<p>b) <strong>Responsable de la protection des renseignements personnels<\/strong><\/p>\n<p>Vous pouvez Vous adresser \u00e0 Notre Responsable de la protection des renseignements personnels aux coordonn\u00e9es suivantes :<\/p>\n<ul>\n<li>T\u00e9l\u00e9phone : 1-800-479-1489<\/li>\n<li>Courriel : <a rel=\"noreferrer\">rprp@cendrex.com<\/a><\/li>\n<li>Adresse : 6500, Boulevard Henri-Bourassa Est, Montr\u00e9al-Nord, Qu\u00e9bec (Canada), H1G 5W9<\/li>\n<\/ul>\n<\/li>\n<li>\n<p><strong>Traitement des Renseignements personnels<\/strong><\/p>\n<p>a) <strong>Collecte des Renseignements personnels<\/strong><\/p>\n<p>Dans le cadre de nos activit\u00e9s, Nous pouvons traiter diff\u00e9rents types de Renseignements personnels incluant les renseignements \u00e9num\u00e9r\u00e9s ci-dessous :<\/p>\n<ul>\n<li>\n<p>des coordonn\u00e9es, tels votre nom et pr\u00e9nom, votre adresse, votre adresse courriel, votre num\u00e9ro de t\u00e9l\u00e9phone et votre num\u00e9ro de client;<\/p>\n<\/li>\n<li>\n<p>des renseignements relatifs \u00e0 des produits ou services, tels les renseignements concernant les Services que Nous vous avons rendus;<\/p>\n<\/li>\n<li>\n<p>des renseignements que vous choisissez de fournir ou de Nous transmettre;<\/p>\n<\/li>\n<li>\n<p>des renseignements recueillis automatiquement lors de l\u2019utilisation des Sites web et de nos Services, incluant :<\/p>\n<ul>\n<li>des renseignements techniques ou de connexions sur vos activit\u00e9s sur le Site web, comme les pages que vous avez consult\u00e9es, l\u2019heure et la date de vos visites, le nombre de connexions, le syst\u00e8me d\u2019exploitation de votre appareil et autres informations mat\u00e9rielles et logicielles;<\/li>\n<li>des donn\u00e9es d\u00e9mographiques et des donn\u00e9es de localisation, comme votre adresse IP ou du GPS de votre appareil mobile (selon les r\u00e9glages de votre appareil).<\/li>\n<\/ul>\n<\/li>\n<\/ul>\n<p>b) <strong>Utilisation des Renseignements personnels<\/strong><\/p>\n<p>Nous pouvons utiliser vos Renseignements personnels aux fins l\u00e9gitimes d\u00e9crites ci-dessous :<\/p>\n<ul>\n<li>\n<p>exploiter, maintenir, superviser, d\u00e9velopper, am\u00e9liorer et offrir toutes les fonctionnalit\u00e9s de Nos Sites web;<\/p>\n<\/li>\n<li>\n<p>vous pr\u00e9senter et fournir des services;<\/p>\n<\/li>\n<li>\n<p>vous permettre de postuler \u00e0 des offres d\u2019emploi;<\/p>\n<\/li>\n<li>\n<p>ex\u00e9cuter nos obligations contractuelles envers vous;<\/p>\n<\/li>\n<li>\n<p>d\u00e9velopper, am\u00e9liorer et offrir de nouveaux Services;<\/p>\n<\/li>\n<li>\n<p>vous envoyer des messages, des mises \u00e0 jour, des alertes de s\u00e9curit\u00e9;<\/p>\n<\/li>\n<li>\n<p>\u00e0 des fins de marketing et de d\u00e9veloppement des affaires, si vous avez pr\u00e9alablement consenti au traitement de vos Renseignements personnels \u00e0 ces fins;<\/p>\n<\/li>\n<li>\n<p>r\u00e9pondre \u00e0 vos questions et vous fournir une assistance au besoin;<\/p>\n<\/li>\n<li>\n<p>effectuer des recherches, des analyses et des statistiques en lien avec Notre entreprise et nos Services; et<\/p>\n<\/li>\n<li>\n<p>d\u00e9tecter et pr\u00e9venir les fraudes, erreurs, spams, abus, incidents de s\u00e9curit\u00e9 et autres activit\u00e9s pr\u00e9judiciables.<\/p>\n<\/li>\n<\/ul>\n<p>c) <strong>Communication des Renseignements personnels<\/strong><\/p>\n<p>Nous communiquons Vos renseignements personnels aux entit\u00e9s suivantes :<\/p>\n<ul>\n<li>\n<p>Nous utilisons Google Analytics pour analyser l\u2019audience des Sites web, \u00e9tablir des statistiques et converser avec des clients et prospects. Consultez leur politique de confidentialit\u00e9 (en anglais seulement);<\/p>\n<\/li>\n<li>\n<p>Nous utilisons Google Ads pour analyser l\u2019audience de Nos Services, \u00e9tablir des statistiques et converser avec des clients et prospects. Consultez leur politique de confidentialit\u00e9;<\/p>\n<\/li>\n<li>\n<p>Nous utilisons les services de Facebook Pixel pour permettre de comprendre et de diffuser des annonces, \u00e9tablir des statistiques et converser avec des clients et prospects. Consultez leur politique de confidentialit\u00e9;<\/p>\n<\/li>\n<li>\n<p>Nous utilisons les services de MailChimp. Consultez leur politique de confidentialit\u00e9;<\/p>\n<\/li>\n<li>\n<p>Nous utilisons les services de P3F pour nos services web. Consultez leur politique de confidentialit\u00e9;<\/p>\n<\/li>\n<li>\n<p>Nous utilisons les services du r\u00e9seau social LinkedIn pour communiquer sur nos activit\u00e9s et pour pr\u00e9senter nos produits et Services. Consultez leur politique de confidentialit\u00e9;<\/p>\n<\/li>\n<li>\n<p>Nous utilisons les services de Facebook et Instagram pour communiquer sur nos activit\u00e9s et pour pr\u00e9senter nos produits et Services. Consultez la politique de confidentialit\u00e9 de Meta;<\/p>\n<\/li>\n<li>\n<p>Nous utilisons les services du r\u00e9seau social YouTube pour communiquer sur nos activit\u00e9s et pour pr\u00e9senter nos produits et Services. Consultez leur politique de confidentialit\u00e9;<\/p>\n<\/li>\n<li>\n<p>Nous utilisons les services du r\u00e9seau social Pinterest pour communiquer sur nos activit\u00e9s et pour pr\u00e9senter nos produits et Services. Consultez leur politique de confidentialit\u00e9;<\/p>\n<\/li>\n<li>\n<p>Nous utilisons les services de P3F pour l\u2019h\u00e9bergement de Notre Site web;<\/p>\n<\/li>\n<\/ul>\n<\/li>\n<li>\n<p><strong>Consentement des Renseignements personnels<\/strong><\/p>\n<p>EN UTILISANT NOTRE SITE WEB, EN TRANSMETTANT VOS RENSEIGNEMENTS PERSONNELS PAR COURRIEL, VOUS CONSENTEZ \u00c0 CETTE POLITIQUE DE CONFIDENTIALIT\u00c9 ET \u00c0 LA COLLECTE ET LE TRAITEMENT DE VOS RENSEIGNEMENTS PERSONNELS EN CONFORMIT\u00c9 AVEC LA POLITIQUE DE CONFIDENTIALIT\u00c9. SI VOUS N\u2019Y CONSENTEZ PAS, VEUILLEZ CESSER D\u2019UTILISER LE SITE WEB.<\/p>\n<\/li>\n<li>\n<p><strong>Conservation des Renseignements personnels<\/strong><\/p>\n<p>Sous r\u00e9serve des lois applicables, Nous conservons vos Renseignements personnels uniquement pour le temps n\u00e9cessaire \u00e0 la r\u00e9alisation des fins pour lesquelles ces renseignements ont \u00e9t\u00e9 recueillis, \u00e0 moins que vous ne consentiez \u00e0 ce que vos Renseignements personnels soient utilis\u00e9s ou trait\u00e9s \u00e0 une autre fin.<\/p>\n<\/li>\n<li>\n<p><strong>Vos droits<\/strong><\/p>\n<p>Vous disposez d\u2019un droit d\u2019acc\u00e8s, un droit de rectification ainsi qu\u2019un droit de retirer Votre consentement \u00e0 l\u2019utilisation ou \u00e0 la communication de Vos renseignements personnels (sous r\u00e9serve des restrictions l\u00e9gales et contractuelles applicables). Le droit d\u2019acc\u00e8s Vous permet, entre autres, d\u2019acc\u00e9der \u00e0 vos Renseignements personnels et d\u2019en demander une copie. Votre droit de rectification Vous permet de modifier, mettre \u00e0 jour ou supprimer Vos renseignements personnels notamment lorsque ceux-ci sont incomplets, \u00e9quivoques, p\u00e9rim\u00e9s ou inexacts.<\/p>\n<\/li>\n<li>\n<p><strong>T\u00e9moins de connexion et autres technologies de suivi<\/strong><\/p>\n<p>Nous utilisons des t\u00e9moins de connexion et autres technologies similaires (collectivement, les Fichiers T\u00e9moins \u00ab Cookies \u00bb) pour nous aider \u00e0 op\u00e9rer, prot\u00e9ger et optimiser le Site web et les Services que nous offrons. Pour en savoir plus sur la mani\u00e8re dont nous utilisons les Fichiers T\u00e9moins \u00ab Cookies \u00bb, vous pouvez consulter Notre \u00ab Politique en mati\u00e8re de cookies \u00bb.<\/p>\n<\/li>\n<li>\n<p><strong>Mesures de s\u00e9curit\u00e9<\/strong><\/p>\n<p>L\u2019Entit\u00e9 a mis en place des mesures de s\u00e9curit\u00e9 physiques, technologiques et organisationnelles visant \u00e0 prot\u00e9ger ad\u00e9quatement la confidentialit\u00e9 et la s\u00e9curit\u00e9 de vos renseignements personnels. Ces mesures comprennent notamment :<\/p>\n<p>a) l\u2019encadrement de l\u2019acc\u00e8s, de la communication, de la conservation, de la d\u00e9personnalisation, de l\u2019anonymisation et de la destruction des Renseignements personnels;<\/p>\n<p>b) la d\u00e9termination des r\u00f4les et des responsabilit\u00e9s de nos employ\u00e9s durant tout le cycle de vie des Renseignements personnels;<\/p>\n<p>c) l\u2019\u00e9tablissement des proc\u00e9dures d\u2019intervention et de r\u00e9ponse en cas d\u2019incident de confidentialit\u00e9;<\/p>\n<p>d) l\u2019encadrement du processus des demandes et des plaintes relatives \u00e0 la protection et au traitement des Renseignements personnels;<\/p>\n<p>e) l\u2019utilisation de syst\u00e8mes de sauvegarde, des logiciels de surveillance du r\u00e9seau, etc.<\/p>\n<\/li>\n<li>\n<p><strong>Modification de la pr\u00e9sente Politique de confidentialit\u00e9<\/strong><\/p>\n<p>Nous nous r\u00e9servons le droit de modifier la pr\u00e9sente Politique \u00e0 tout moment conform\u00e9ment \u00e0 la l\u00e9gislation applicable. En cas de modification, Nous publierons la version r\u00e9vis\u00e9e de la Politique de confidentialit\u00e9 et actualiserons la date de mise \u00e0 jour figurant dans le pied de page de celle-ci. Nous vous en informerons dans un d\u00e9lai raisonnable de la date d&#8217;entr\u00e9e en vigueur de la nouvelle version de notre Politique si nous y effectuons des modifications mat\u00e9rielles.<\/p>\n<\/li>\n<li>\n<p><strong>Liens vers des sites web de tiers<\/strong><\/p>\n<p>Il peut arriver \u00e0 l\u2019occasion que Nous incluions sur Notre Site web des r\u00e9f\u00e9rences ou des liens vers des sites web fournis par des tiers. Nous ne contr\u00f4lons pas ces sites web. \u00c0 ce titre, Nous n\u2019assumons donc aucune responsabilit\u00e9 quant au contenu et aux activit\u00e9s de ces sites. La pr\u00e9sente Politique s\u2019applique uniquement au Site web et aux Services que Nous offrons.<\/p>\n<\/li>\n<li>\n<p><strong>Lois applicables<\/strong><\/p>\n<p>Les lois du Canada et du Qu\u00e9bec, sans donner effet aux principes de conflit de lois, r\u00e9giront la pr\u00e9sente Politique de confidentialit\u00e9 ainsi que toute question pouvant survenir relativement \u00e0 cette derni\u00e8re, y compris tout litige, r\u00e9clamation ou diff\u00e9rend quant \u00e0 la protection des renseignements personnels.<\/p>\n<\/li>\n<\/ol>\n<p><span data-ccp-props=\"{&quot;201341983&quot;:0,&quot;335551550&quot;:6,&quot;335551620&quot;:6,&quot;335559739&quot;:160,&quot;335559740&quot;:259}\">&nbsp;<\/span><\/p>\n<p><span data-ccp-props=\"{&quot;201341983&quot;:0,&quot;335551550&quot;:6,&quot;335551620&quot;:6,&quot;335559739&quot;:160,&quot;335559740&quot;:259}\"><b>Derni\u00e8re mise \u00e0 jour: 2025-05-22<\/b><\/span><\/p>\t\t\t\t\t\t\t\t<\/div>\n\t\t\t\t\t<\/div>\n\t\t<\/div>\n\t\t\t\t\t<\/div>\n\t\t<\/section>\n\t\t\t\t<\/div>\n\t\t","protected":false},"excerpt":{"rendered":"<p>Politique de confidentialit\u00e9 et de protection des renseignements personnels Information g\u00e9n\u00e9ralea) Introduction La pr\u00e9sente politique de confidentialit\u00e9 (la \u00ab Politique \u00bb) de Les Industries Cendrex inc. (ci-apr\u00e8s \u00ab Entit\u00e9 \u00bb,&#8230; <br \/><a class=\"read-more\" href=\"https:\/\/cendrex.com\/fr\/politique-de-confidentialite\/\">Continuer la lecture<\/a><\/p>\n","protected":false},"author":12,"featured_media":0,"parent":0,"menu_order":0,"comment_status":"closed","ping_status":"closed","template":"","meta":{"_acf_changed":false,"inline_featured_image":false,"footnotes":""},"class_list":["post-21080","page","type-page","status-publish","hentry"],"acf":[],"yoast_head":"<!-- This site is optimized with the Yoast SEO plugin v27.3 - https:\/\/yoast.com\/product\/yoast-seo-wordpress\/ -->\n<title>Politique de confidentialit\u00e9 - Cendrex<\/title>\n<meta name=\"description\" content=\"Politique de confidentialit\u00e9. Les industries Cendrex inc. s\u2019engage \u00e0 prot\u00e9ger la confidentialit\u00e9 et la s\u00e9curit\u00e9 de vos renseignements personnels.\" \/>\n<meta name=\"robots\" content=\"index, follow, max-snippet:-1, max-image-preview:large, max-video-preview:-1\" \/>\n<link rel=\"canonical\" href=\"https:\/\/cendrex.com\/fr\/politique-de-confidentialite\/\" \/>\n<meta property=\"og:locale\" content=\"fr_CA\" \/>\n<meta property=\"og:type\" content=\"article\" \/>\n<meta property=\"og:title\" content=\"Politique de confidentialit\u00e9 - Cendrex\" \/>\n<meta property=\"og:description\" content=\"Politique de confidentialit\u00e9. Les industries Cendrex inc. s\u2019engage \u00e0 prot\u00e9ger la confidentialit\u00e9 et la s\u00e9curit\u00e9 de vos renseignements personnels.\" \/>\n<meta property=\"og:url\" content=\"https:\/\/cendrex.com\/fr\/politique-de-confidentialite\/\" \/>\n<meta property=\"og:site_name\" content=\"Cendrex\" \/>\n<meta property=\"article:modified_time\" content=\"2026-04-06T15:23:30+00:00\" \/>\n<meta name=\"twitter:card\" content=\"summary_large_image\" \/>\n<meta name=\"twitter:label1\" content=\"Estimation du temps de lecture\" \/>\n\t<meta name=\"twitter:data1\" content=\"6 minutes\" \/>\n<script type=\"application\/ld+json\" class=\"yoast-schema-graph\">{\"@context\":\"https:\\\/\\\/schema.org\",\"@graph\":[{\"@type\":\"WebPage\",\"@id\":\"https:\\\/\\\/cendrex.com\\\/fr\\\/politique-de-confidentialite\\\/\",\"url\":\"https:\\\/\\\/cendrex.com\\\/fr\\\/politique-de-confidentialite\\\/\",\"name\":\"Politique de confidentialit\u00e9 - Cendrex\",\"isPartOf\":{\"@id\":\"https:\\\/\\\/cendrex.com\\\/en\\\/#website\"},\"datePublished\":\"2018-10-30T15:30:57+00:00\",\"dateModified\":\"2026-04-06T15:23:30+00:00\",\"description\":\"Politique de confidentialit\u00e9. Les industries Cendrex inc. s\u2019engage \u00e0 prot\u00e9ger la confidentialit\u00e9 et la s\u00e9curit\u00e9 de vos renseignements personnels.\",\"inLanguage\":\"fr-CA\",\"potentialAction\":[{\"@type\":\"ReadAction\",\"target\":[\"https:\\\/\\\/cendrex.com\\\/fr\\\/politique-de-confidentialite\\\/\"]}]},{\"@type\":\"WebSite\",\"@id\":\"https:\\\/\\\/cendrex.com\\\/en\\\/#website\",\"url\":\"https:\\\/\\\/cendrex.com\\\/en\\\/\",\"name\":\"Cendrex\",\"description\":\"Fabricant de portes d&#039;acc\u00e8s\",\"publisher\":{\"@id\":\"https:\\\/\\\/cendrex.com\\\/en\\\/#organization\"},\"potentialAction\":[{\"@type\":\"SearchAction\",\"target\":{\"@type\":\"EntryPoint\",\"urlTemplate\":\"https:\\\/\\\/cendrex.com\\\/en\\\/?s={search_term_string}\"},\"query-input\":{\"@type\":\"PropertyValueSpecification\",\"valueRequired\":true,\"valueName\":\"search_term_string\"}}],\"inLanguage\":\"fr-CA\"},{\"@type\":\"Organization\",\"@id\":\"https:\\\/\\\/cendrex.com\\\/en\\\/#organization\",\"name\":\"Cendrex\",\"url\":\"https:\\\/\\\/cendrex.com\\\/en\\\/\",\"logo\":{\"@type\":\"ImageObject\",\"inLanguage\":\"fr-CA\",\"@id\":\"https:\\\/\\\/cendrex.com\\\/en\\\/#\\\/schema\\\/logo\\\/image\\\/\",\"url\":\"https:\\\/\\\/cendrex.com\\\/wp-content\\\/uploads\\\/2021\\\/09\\\/Cendrex-logo-2018-PMS-scaled.jpg\",\"contentUrl\":\"https:\\\/\\\/cendrex.com\\\/wp-content\\\/uploads\\\/2021\\\/09\\\/Cendrex-logo-2018-PMS-scaled.jpg\",\"width\":1200,\"height\":267,\"caption\":\"Cendrex\"},\"image\":{\"@id\":\"https:\\\/\\\/cendrex.com\\\/en\\\/#\\\/schema\\\/logo\\\/image\\\/\"}}]}<\/script>\n<!-- \/ Yoast SEO plugin. -->","yoast_head_json":{"title":"Politique de confidentialit\u00e9 - Cendrex","description":"Politique de confidentialit\u00e9. Les industries Cendrex inc. s\u2019engage \u00e0 prot\u00e9ger la confidentialit\u00e9 et la s\u00e9curit\u00e9 de vos renseignements personnels.","robots":{"index":"index","follow":"follow","max-snippet":"max-snippet:-1","max-image-preview":"max-image-preview:large","max-video-preview":"max-video-preview:-1"},"canonical":"https:\/\/cendrex.com\/fr\/politique-de-confidentialite\/","og_locale":"fr_CA","og_type":"article","og_title":"Politique de confidentialit\u00e9 - Cendrex","og_description":"Politique de confidentialit\u00e9. Les industries Cendrex inc. s\u2019engage \u00e0 prot\u00e9ger la confidentialit\u00e9 et la s\u00e9curit\u00e9 de vos renseignements personnels.","og_url":"https:\/\/cendrex.com\/fr\/politique-de-confidentialite\/","og_site_name":"Cendrex","article_modified_time":"2026-04-06T15:23:30+00:00","twitter_card":"summary_large_image","twitter_misc":{"Estimation du temps de lecture":"6 minutes"},"schema":{"@context":"https:\/\/schema.org","@graph":[{"@type":"WebPage","@id":"https:\/\/cendrex.com\/fr\/politique-de-confidentialite\/","url":"https:\/\/cendrex.com\/fr\/politique-de-confidentialite\/","name":"Politique de confidentialit\u00e9 - Cendrex","isPartOf":{"@id":"https:\/\/cendrex.com\/en\/#website"},"datePublished":"2018-10-30T15:30:57+00:00","dateModified":"2026-04-06T15:23:30+00:00","description":"Politique de confidentialit\u00e9. Les industries Cendrex inc. s\u2019engage \u00e0 prot\u00e9ger la confidentialit\u00e9 et la s\u00e9curit\u00e9 de vos renseignements personnels.","inLanguage":"fr-CA","potentialAction":[{"@type":"ReadAction","target":["https:\/\/cendrex.com\/fr\/politique-de-confidentialite\/"]}]},{"@type":"WebSite","@id":"https:\/\/cendrex.com\/en\/#website","url":"https:\/\/cendrex.com\/en\/","name":"Cendrex","description":"Fabricant de portes d&#039;acc\u00e8s","publisher":{"@id":"https:\/\/cendrex.com\/en\/#organization"},"potentialAction":[{"@type":"SearchAction","target":{"@type":"EntryPoint","urlTemplate":"https:\/\/cendrex.com\/en\/?s={search_term_string}"},"query-input":{"@type":"PropertyValueSpecification","valueRequired":true,"valueName":"search_term_string"}}],"inLanguage":"fr-CA"},{"@type":"Organization","@id":"https:\/\/cendrex.com\/en\/#organization","name":"Cendrex","url":"https:\/\/cendrex.com\/en\/","logo":{"@type":"ImageObject","inLanguage":"fr-CA","@id":"https:\/\/cendrex.com\/en\/#\/schema\/logo\/image\/","url":"https:\/\/cendrex.com\/wp-content\/uploads\/2021\/09\/Cendrex-logo-2018-PMS-scaled.jpg","contentUrl":"https:\/\/cendrex.com\/wp-content\/uploads\/2021\/09\/Cendrex-logo-2018-PMS-scaled.jpg","width":1200,"height":267,"caption":"Cendrex"},"image":{"@id":"https:\/\/cendrex.com\/en\/#\/schema\/logo\/image\/"}}]}},"_links":{"self":[{"href":"https:\/\/cendrex.com\/fr\/wp-json\/wp\/v2\/pages\/21080","targetHints":{"allow":["GET"]}}],"collection":[{"href":"https:\/\/cendrex.com\/fr\/wp-json\/wp\/v2\/pages"}],"about":[{"href":"https:\/\/cendrex.com\/fr\/wp-json\/wp\/v2\/types\/page"}],"author":[{"embeddable":true,"href":"https:\/\/cendrex.com\/fr\/wp-json\/wp\/v2\/users\/12"}],"replies":[{"embeddable":true,"href":"https:\/\/cendrex.com\/fr\/wp-json\/wp\/v2\/comments?post=21080"}],"version-history":[{"count":14,"href":"https:\/\/cendrex.com\/fr\/wp-json\/wp\/v2\/pages\/21080\/revisions"}],"predecessor-version":[{"id":46620,"href":"https:\/\/cendrex.com\/fr\/wp-json\/wp\/v2\/pages\/21080\/revisions\/46620"}],"wp:attachment":[{"href":"https:\/\/cendrex.com\/fr\/wp-json\/wp\/v2\/media?parent=21080"}],"curies":[{"name":"wp","href":"https:\/\/api.w.org\/{rel}","templated":true}]}}