{"id":19567,"date":"2018-07-06T13:46:25","date_gmt":"2018-07-06T13:46:25","guid":{"rendered":"https:\/\/cendrex.p3f.dev\/request-quote\/"},"modified":"2025-04-30T14:36:38","modified_gmt":"2025-04-30T18:36:38","slug":"demander-un-devis","status":"publish","type":"page","link":"https:\/\/cendrex.com\/fr\/demander-un-devis\/","title":{"rendered":"Demander un devis"},"content":{"rendered":"\t\t<div data-elementor-type=\"wp-post\" data-elementor-id=\"19567\" class=\"elementor elementor-19567 elementor-335\" data-elementor-post-type=\"page\">\n\t\t\t\t\t\t<section class=\"elementor-section elementor-top-section elementor-element elementor-element-66f4892 elementor-section-boxed elementor-section-height-default elementor-section-height-default\" data-id=\"66f4892\" data-element_type=\"section\" data-e-type=\"section\">\n\t\t\t\t\t\t<div class=\"elementor-container elementor-column-gap-default\">\n\t\t\t\t\t<div class=\"elementor-column elementor-col-100 elementor-top-column elementor-element elementor-element-a8dfc51\" data-id=\"a8dfc51\" data-element_type=\"column\" data-e-type=\"column\">\n\t\t\t<div class=\"elementor-widget-wrap elementor-element-populated\">\n\t\t\t\t\t\t<div class=\"elementor-element elementor-element-093b101 elementor-widget elementor-widget-shortcode\" data-id=\"093b101\" data-element_type=\"widget\" data-e-type=\"widget\" data-widget_type=\"shortcode.default\">\n\t\t\t\t\t\t\t<div class=\"elementor-shortcode\">\n<div class=\"woocommerce ywraq-wrapper ywraq-empty\">\n\t\t\t<div id=\"yith-ywraq-message\"><div class=\"ywraq-question-message\">\n\t<\/div>\n<\/div>\n\t\t\n\t\t\t\t<div class=\"ywraq-form-table-wrapper vertical\">\n\t\t\t\t\t<div data-elementor-type=\"page\" data-elementor-id=\"22114\" class=\"elementor elementor-22114 elementor-bc-flex-widget\" data-elementor-post-type=\"elementor_library\">\n\t\t\t\t\t\t<section class=\"elementor-section elementor-top-section elementor-element elementor-element-61f0c0cc elementor-section-boxed elementor-section-height-default elementor-section-height-default\" data-id=\"61f0c0cc\" data-element_type=\"section\" data-e-type=\"section\">\n\t\t\t\t\t\t<div class=\"elementor-container elementor-column-gap-default\">\n\t\t\t\t\t<div class=\"elementor-column elementor-col-100 elementor-top-column elementor-element elementor-element-2964d639\" data-id=\"2964d639\" data-element_type=\"column\" data-e-type=\"column\">\n\t\t\t<div class=\"elementor-widget-wrap elementor-element-populated\">\n\t\t\t\t\t\t<div class=\"elementor-element elementor-element-2b1226b3 elementor-widget elementor-widget-heading\" data-id=\"2b1226b3\" data-element_type=\"widget\" data-e-type=\"widget\" data-widget_type=\"heading.default\">\n\t\t\t\t\t<h2 class=\"elementor-heading-title elementor-size-default\">Votre soumission est vide<\/h2>\t\t\t\t<\/div>\n\t\t\t\t\t<\/div>\n\t\t<\/div>\n\t\t\t\t\t<\/div>\n\t\t<\/section>\n\t\t\t\t<section class=\"elementor-section elementor-top-section elementor-element elementor-element-4f99231d elementor-section-full_width elementor-section-stretched elementor-section-height-default elementor-section-height-default\" data-id=\"4f99231d\" data-element_type=\"section\" data-e-type=\"section\" data-settings=\"{&quot;stretch_section&quot;:&quot;section-stretched&quot;}\">\n\t\t\t\t\t\t<div class=\"elementor-container elementor-column-gap-extended\">\n\t\t\t\t\t<div class=\"elementor-column elementor-col-50 elementor-top-column elementor-element elementor-element-5d22aa05\" data-id=\"5d22aa05\" data-element_type=\"column\" data-e-type=\"column\">\n\t\t\t<div class=\"elementor-widget-wrap elementor-element-populated\">\n\t\t\t\t\t\t<div class=\"elementor-element elementor-element-6b925713 elementor-widget elementor-widget-button\" data-id=\"6b925713\" data-element_type=\"widget\" data-e-type=\"widget\" data-widget_type=\"button.default\">\n\t\t\t\t\t\t\t\t\t\t<a class=\"elementor-button elementor-button-link elementor-size-xl\" href=\"https:\/\/cendrex.com\/fr\/products\/\">\n\t\t\t\t\t\t<span class=\"elementor-button-content-wrapper\">\n\t\t\t\t\t\t\t\t\t<span class=\"elementor-button-text\">Ajouter des produits \u00e0 votre demande<\/span>\n\t\t\t\t\t<\/span>\n\t\t\t\t\t<\/a>\n\t\t\t\t\t\t\t\t<\/div>\n\t\t\t\t\t<\/div>\n\t\t<\/div>\n\t\t\t\t<div class=\"elementor-column elementor-col-50 elementor-top-column elementor-element elementor-element-10b4e5a2\" data-id=\"10b4e5a2\" data-element_type=\"column\" data-e-type=\"column\">\n\t\t\t<div class=\"elementor-widget-wrap elementor-element-populated\">\n\t\t\t\t\t\t<div class=\"elementor-element elementor-element-28e1bd61 elementor-widget elementor-widget-button\" data-id=\"28e1bd61\" data-element_type=\"widget\" data-e-type=\"widget\" data-widget_type=\"button.default\">\n\t\t\t\t\t\t\t\t\t\t<a class=\"elementor-button elementor-button-link elementor-size-xl\" href=\"http:\/\/cendrex.com\/fr\/sur-mesure\/panneaux-dacces-entierement-personnalises\/?subject=custom_doors\">\n\t\t\t\t\t\t<span class=\"elementor-button-content-wrapper\">\n\t\t\t\t\t\t\t\t\t<span class=\"elementor-button-text\">Demander un devis pour produits sur mesure<\/span>\n\t\t\t\t\t<\/span>\n\t\t\t\t\t<\/a>\n\t\t\t\t\t\t\t\t<\/div>\n\t\t\t\t\t<\/div>\n\t\t<\/div>\n\t\t\t\t\t<\/div>\n\t\t<\/section>\n\t\t\t\t<\/div>\n\t\t\n\t\t\t\t\t<\/div>\n\t<\/div>\n<\/div>\n\t\t\t\t\t\t<\/div>\n\t\t\t\t\t<\/div>\n\t\t<\/div>\n\t\t\t\t\t<\/div>\n\t\t<\/section>\n\t\t\t\t<\/div>\n\t\t","protected":false},"excerpt":{"rendered":"","protected":false},"author":12,"featured_media":0,"parent":0,"menu_order":98,"comment_status":"closed","ping_status":"closed","template":"","meta":{"_acf_changed":false,"inline_featured_image":false,"footnotes":""},"class_list":["post-19567","page","type-page","status-publish","hentry"],"acf":[],"yoast_head":"<!-- This site is optimized with the Yoast SEO plugin v27.3 - https:\/\/yoast.com\/product\/yoast-seo-wordpress\/ -->\n<title>Demander un devis- Panneaux d&#039;acc\u00e8s de qualit\u00e9 - Cendrex<\/title>\n<meta name=\"description\" content=\"Demander un devis. Portes d&#039;acc\u00e8s standards et non standards. Bo\u00eetes aux lettres, trappes de toit, trappes de plancher. Produits sur mesure. LEED v4.\" \/>\n<meta name=\"robots\" content=\"index, follow, max-snippet:-1, max-image-preview:large, max-video-preview:-1\" \/>\n<link rel=\"canonical\" href=\"https:\/\/cendrex.com\/fr\/demander-un-devis\/\" \/>\n<meta property=\"og:locale\" content=\"fr_CA\" \/>\n<meta property=\"og:type\" content=\"article\" \/>\n<meta property=\"og:title\" content=\"Demander un devis- Panneaux d&#039;acc\u00e8s de qualit\u00e9 - Cendrex\" \/>\n<meta property=\"og:description\" content=\"Demander un devis. Portes d&#039;acc\u00e8s standards et non standards. Bo\u00eetes aux lettres, trappes de toit, trappes de plancher. Produits sur mesure. LEED v4.\" \/>\n<meta property=\"og:url\" content=\"https:\/\/cendrex.com\/fr\/demander-un-devis\/\" \/>\n<meta property=\"og:site_name\" content=\"Cendrex\" \/>\n<meta property=\"article:modified_time\" content=\"2025-04-30T18:36:38+00:00\" \/>\n<meta name=\"twitter:card\" content=\"summary_large_image\" \/>\n<meta name=\"twitter:label1\" content=\"Estimation du temps de lecture\" \/>\n\t<meta name=\"twitter:data1\" content=\"1 minute\" \/>\n<script type=\"application\/ld+json\" class=\"yoast-schema-graph\">{\"@context\":\"https:\\\/\\\/schema.org\",\"@graph\":[{\"@type\":\"WebPage\",\"@id\":\"https:\\\/\\\/cendrex.com\\\/fr\\\/demander-un-devis\\\/\",\"url\":\"https:\\\/\\\/cendrex.com\\\/fr\\\/demander-un-devis\\\/\",\"name\":\"Demander un devis- Panneaux d'acc\u00e8s de qualit\u00e9 - Cendrex\",\"isPartOf\":{\"@id\":\"https:\\\/\\\/cendrex.com\\\/en\\\/#website\"},\"datePublished\":\"2018-07-06T13:46:25+00:00\",\"dateModified\":\"2025-04-30T18:36:38+00:00\",\"description\":\"Demander un devis. Portes d'acc\u00e8s standards et non standards. Bo\u00eetes aux lettres, trappes de toit, trappes de plancher. Produits sur mesure. LEED v4.\",\"inLanguage\":\"fr-CA\",\"potentialAction\":[{\"@type\":\"ReadAction\",\"target\":[\"https:\\\/\\\/cendrex.com\\\/fr\\\/demander-un-devis\\\/\"]}]},{\"@type\":\"WebSite\",\"@id\":\"https:\\\/\\\/cendrex.com\\\/en\\\/#website\",\"url\":\"https:\\\/\\\/cendrex.com\\\/en\\\/\",\"name\":\"Cendrex\",\"description\":\"Fabricant de portes d&#039;acc\u00e8s\",\"publisher\":{\"@id\":\"https:\\\/\\\/cendrex.com\\\/en\\\/#organization\"},\"potentialAction\":[{\"@type\":\"SearchAction\",\"target\":{\"@type\":\"EntryPoint\",\"urlTemplate\":\"https:\\\/\\\/cendrex.com\\\/en\\\/?s={search_term_string}\"},\"query-input\":{\"@type\":\"PropertyValueSpecification\",\"valueRequired\":true,\"valueName\":\"search_term_string\"}}],\"inLanguage\":\"fr-CA\"},{\"@type\":\"Organization\",\"@id\":\"https:\\\/\\\/cendrex.com\\\/en\\\/#organization\",\"name\":\"Cendrex\",\"url\":\"https:\\\/\\\/cendrex.com\\\/en\\\/\",\"logo\":{\"@type\":\"ImageObject\",\"inLanguage\":\"fr-CA\",\"@id\":\"https:\\\/\\\/cendrex.com\\\/en\\\/#\\\/schema\\\/logo\\\/image\\\/\",\"url\":\"https:\\\/\\\/cendrex.com\\\/wp-content\\\/uploads\\\/2021\\\/09\\\/Cendrex-logo-2018-PMS-scaled.jpg\",\"contentUrl\":\"https:\\\/\\\/cendrex.com\\\/wp-content\\\/uploads\\\/2021\\\/09\\\/Cendrex-logo-2018-PMS-scaled.jpg\",\"width\":1200,\"height\":267,\"caption\":\"Cendrex\"},\"image\":{\"@id\":\"https:\\\/\\\/cendrex.com\\\/en\\\/#\\\/schema\\\/logo\\\/image\\\/\"}}]}<\/script>\n<!-- \/ Yoast SEO plugin. -->","yoast_head_json":{"title":"Demander un devis- Panneaux d'acc\u00e8s de qualit\u00e9 - Cendrex","description":"Demander un devis. Portes d'acc\u00e8s standards et non standards. Bo\u00eetes aux lettres, trappes de toit, trappes de plancher. Produits sur mesure. LEED v4.","robots":{"index":"index","follow":"follow","max-snippet":"max-snippet:-1","max-image-preview":"max-image-preview:large","max-video-preview":"max-video-preview:-1"},"canonical":"https:\/\/cendrex.com\/fr\/demander-un-devis\/","og_locale":"fr_CA","og_type":"article","og_title":"Demander un devis- Panneaux d'acc\u00e8s de qualit\u00e9 - Cendrex","og_description":"Demander un devis. Portes d'acc\u00e8s standards et non standards. Bo\u00eetes aux lettres, trappes de toit, trappes de plancher. Produits sur mesure. LEED v4.","og_url":"https:\/\/cendrex.com\/fr\/demander-un-devis\/","og_site_name":"Cendrex","article_modified_time":"2025-04-30T18:36:38+00:00","twitter_card":"summary_large_image","twitter_misc":{"Estimation du temps de lecture":"1 minute"},"schema":{"@context":"https:\/\/schema.org","@graph":[{"@type":"WebPage","@id":"https:\/\/cendrex.com\/fr\/demander-un-devis\/","url":"https:\/\/cendrex.com\/fr\/demander-un-devis\/","name":"Demander un devis- Panneaux d'acc\u00e8s de qualit\u00e9 - Cendrex","isPartOf":{"@id":"https:\/\/cendrex.com\/en\/#website"},"datePublished":"2018-07-06T13:46:25+00:00","dateModified":"2025-04-30T18:36:38+00:00","description":"Demander un devis. Portes d'acc\u00e8s standards et non standards. Bo\u00eetes aux lettres, trappes de toit, trappes de plancher. Produits sur mesure. LEED v4.","inLanguage":"fr-CA","potentialAction":[{"@type":"ReadAction","target":["https:\/\/cendrex.com\/fr\/demander-un-devis\/"]}]},{"@type":"WebSite","@id":"https:\/\/cendrex.com\/en\/#website","url":"https:\/\/cendrex.com\/en\/","name":"Cendrex","description":"Fabricant de portes d&#039;acc\u00e8s","publisher":{"@id":"https:\/\/cendrex.com\/en\/#organization"},"potentialAction":[{"@type":"SearchAction","target":{"@type":"EntryPoint","urlTemplate":"https:\/\/cendrex.com\/en\/?s={search_term_string}"},"query-input":{"@type":"PropertyValueSpecification","valueRequired":true,"valueName":"search_term_string"}}],"inLanguage":"fr-CA"},{"@type":"Organization","@id":"https:\/\/cendrex.com\/en\/#organization","name":"Cendrex","url":"https:\/\/cendrex.com\/en\/","logo":{"@type":"ImageObject","inLanguage":"fr-CA","@id":"https:\/\/cendrex.com\/en\/#\/schema\/logo\/image\/","url":"https:\/\/cendrex.com\/wp-content\/uploads\/2021\/09\/Cendrex-logo-2018-PMS-scaled.jpg","contentUrl":"https:\/\/cendrex.com\/wp-content\/uploads\/2021\/09\/Cendrex-logo-2018-PMS-scaled.jpg","width":1200,"height":267,"caption":"Cendrex"},"image":{"@id":"https:\/\/cendrex.com\/en\/#\/schema\/logo\/image\/"}}]}},"_links":{"self":[{"href":"https:\/\/cendrex.com\/fr\/wp-json\/wp\/v2\/pages\/19567","targetHints":{"allow":["GET"]}}],"collection":[{"href":"https:\/\/cendrex.com\/fr\/wp-json\/wp\/v2\/pages"}],"about":[{"href":"https:\/\/cendrex.com\/fr\/wp-json\/wp\/v2\/types\/page"}],"author":[{"embeddable":true,"href":"https:\/\/cendrex.com\/fr\/wp-json\/wp\/v2\/users\/12"}],"replies":[{"embeddable":true,"href":"https:\/\/cendrex.com\/fr\/wp-json\/wp\/v2\/comments?post=19567"}],"version-history":[{"count":3,"href":"https:\/\/cendrex.com\/fr\/wp-json\/wp\/v2\/pages\/19567\/revisions"}],"predecessor-version":[{"id":41226,"href":"https:\/\/cendrex.com\/fr\/wp-json\/wp\/v2\/pages\/19567\/revisions\/41226"}],"wp:attachment":[{"href":"https:\/\/cendrex.com\/fr\/wp-json\/wp\/v2\/media?parent=19567"}],"curies":[{"name":"wp","href":"https:\/\/api.w.org\/{rel}","templated":true}]}}