{"id":44035,"date":"2025-11-05T11:24:49","date_gmt":"2025-11-05T16:24:49","guid":{"rendered":"https:\/\/cendrex.com\/?page_id=44035"},"modified":"2025-11-06T11:26:00","modified_gmt":"2025-11-06T16:26:00","slug":"pro-services-inscription","status":"publish","type":"page","link":"https:\/\/cendrex.com\/en\/pro-services-inscription\/","title":{"rendered":"Pro Services inscription"},"content":{"rendered":"\t\t<div data-elementor-type=\"wp-page\" data-elementor-id=\"44035\" class=\"elementor elementor-44035\" data-elementor-post-type=\"page\">\n\t\t\t\t\t\t<section class=\"elementor-section elementor-top-section elementor-element elementor-element-ac0a9c9 elementor-section-boxed elementor-section-height-default elementor-section-height-default\" data-id=\"ac0a9c9\" data-element_type=\"section\" data-e-type=\"section\">\n\t\t\t\t\t\t<div class=\"elementor-container elementor-column-gap-default\">\n\t\t\t\t\t<div class=\"elementor-column elementor-col-100 elementor-top-column elementor-element elementor-element-0a36242\" data-id=\"0a36242\" data-element_type=\"column\" data-e-type=\"column\">\n\t\t\t<div class=\"elementor-widget-wrap elementor-element-populated\">\n\t\t\t\t\t\t<div class=\"elementor-element elementor-element-6208975 elementor-widget elementor-widget-shortcode\" data-id=\"6208975\" data-element_type=\"widget\" data-e-type=\"widget\" data-widget_type=\"shortcode.default\">\n\t\t\t\t\t\t\t<div class=\"elementor-shortcode\">\n  <div id=\"mc_embed_shell\">\n      <link href=\"\/\/cdn-images.mailchimp.com\/embedcode\/classic-061523.css\" rel=\"stylesheet\" type=\"text\/css\">\n  <style type=\"text\/css\">\n        #mc_embed_signup{background:#fff; false;clear:left; font:14px Helvetica,Arial,sans-serif; width: 600px;}\n        \/* Add your own Mailchimp form style overrides in your site stylesheet or in this style block.\n           We recommend moving this block and the preceding CSS link to the HEAD of your HTML file. *\/\n<\/style>\n<div id=\"mc_embed_signup\">\n    <form action=\"https:\/\/cendrex.us15.list-manage.com\/subscribe\/post?u=07b450f5141d4b98486de9041&amp;id=875222fe12&amp;f_id=00ca70e0f0\" method=\"post\" id=\"mc-embedded-subscribe-form\" name=\"mc-embedded-subscribe-form\" class=\"validate\" target=\"_blank\">\n        <div id=\"mc_embed_signup_scroll\"><h2>Abonner<\/h2>\n            <div class=\"indicates-required\"><span class=\"asterisk\">*<\/span> indicates required<\/div>\n            <div class=\"mc-field-group\"><label for=\"mce-EMAIL\">Email Address\/Adresse courriel <span class=\"asterisk\">*<\/span><\/label><input type=\"email\" name=\"EMAIL\" class=\"required email\" id=\"mce-EMAIL\" required=\"\" value=\"\"><\/div><div class=\"mc-field-group\"><label for=\"mce-MMERGE20\">Company Name <span class=\"asterisk\">*<\/span><\/label><input type=\"text\" name=\"MMERGE20\" class=\"required text\" id=\"mce-MMERGE20\" required=\"\" value=\"\"><\/div><div class=\"mc-field-group\"><label for=\"mce-MMERGE18\">Last Name <span class=\"asterisk\">*<\/span><\/label><input type=\"text\" name=\"MMERGE18\" class=\"required text\" id=\"mce-MMERGE18\" required=\"\" value=\"\"><\/div><div class=\"mc-field-group\"><label for=\"mce-MMERGE19\">First Name <span class=\"asterisk\">*<\/span><\/label><input type=\"text\" name=\"MMERGE19\" class=\"required text\" id=\"mce-MMERGE19\" required=\"\" value=\"\"><\/div><div class=\"mc-field-group\"><label for=\"mce-MMERGE9\">Function <span class=\"asterisk\">*<\/span><\/label><input type=\"text\" name=\"MMERGE9\" class=\"required text\" id=\"mce-MMERGE9\" required=\"\" value=\"\"><\/div><div class=\"mc-field-group\"><label for=\"mce-MMERGE25\">Country <span class=\"asterisk\">*<\/span><\/label><select name=\"MMERGE25\" class=\"required\" id=\"mce-MMERGE25\"><option value=\"\"><\/option><option value=\"canada\">canada<\/option><option value=\"USA\">USA<\/option><\/select><\/div>\n        <div id=\"mce-responses\" class=\"clear\">\n            <div class=\"response\" id=\"mce-error-response\" style=\"display: none;\"><\/div>\n            <div class=\"response\" id=\"mce-success-response\" style=\"display: none;\"><\/div>\n        <\/div><div aria-hidden=\"true\" style=\"position: absolute; left: -5000px;\"><input type=\"text\" name=\"b_07b450f5141d4b98486de9041_875222fe12\" tabindex=\"-1\" value=\"\"><\/div><div class=\"clear\"><input type=\"submit\" name=\"subscribe\" id=\"mc-embedded-subscribe\" class=\"button\" value=\"Subscribe\"><\/div>\n    <\/div>\n<\/form>\n<\/div>\n<script type=\"text\/javascript\" src=\"\/\/s3.amazonaws.com\/downloads.mailchimp.com\/js\/mc-validate.js\"><\/script><script type=\"text\/javascript\">(function($) {window.fnames = new Array(); window.ftypes = new Array();fnames[0]='EMAIL';ftypes[0]='email';fnames[20]='MMERGE20';ftypes[20]='text';fnames[18]='MMERGE18';ftypes[18]='text';fnames[19]='MMERGE19';ftypes[19]='text';fnames[9]='MMERGE9';ftypes[9]='text';fnames[25]='MMERGE25';ftypes[25]='dropdown';fnames[7]='MMERGE7';ftypes[7]='text';fnames[17]='MMERGE17';ftypes[17]='text';fnames[24]='MMERGE24';ftypes[24]='text';fnames[23]='MMERGE23';ftypes[23]='text';fnames[22]='MMERGE22';ftypes[22]='text';fnames[21]='MMERGE21';ftypes[21]='text';fnames[2]='LNAME';ftypes[2]='text';fnames[16]='MMERGE16';ftypes[16]='text';fnames[3]='ADDRESS';ftypes[3]='address';fnames[14]='MMERGE14';ftypes[14]='text';fnames[15]='MMERGE15';ftypes[15]='text';fnames[13]='MMERGE13';ftypes[13]='text';fnames[12]='MMERGE12';ftypes[12]='text';fnames[1]='FNAME';ftypes[1]='text';fnames[10]='MMERGE10';ftypes[10]='text';fnames[8]='MMERGE8';ftypes[8]='text';fnames[6]='MMERGE6';ftypes[6]='text';fnames[5]='MMERGE5';ftypes[5]='text';fnames[4]='PHONE';ftypes[4]='phone';fnames[11]='MMERGE11';ftypes[11]='text';\/*\n * Translated default messages for the $ validation plugin.\n * Locale: FR\n *\/\n$.extend($.validator.messages, {\n        required: \"Ce champ est requis.\",\n        remote: \"Veuillez remplir ce champ pour continuer.\",\n        email: \"Veuillez entrer une adresse email valide.\",\n        url: \"Veuillez entrer une URL valide.\",\n        date: \"Veuillez entrer une date valide.\",\n        dateISO: \"Veuillez entrer une date valide (ISO).\",\n        number: \"Veuillez entrer un nombre valide.\",\n        digits: \"Veuillez entrer (seulement) une valeur num\u00e9rique.\",\n        creditcard: \"Veuillez entrer un num\u00e9ro de carte de cr\u00e9dit valide.\",\n        equalTo: \"Veuillez entrer une nouvelle fois la m\u00eame valeur.\",\n        accept: \"Veuillez entrer une valeur avec une extension valide.\",\n        maxlength: $.validator.format(\"Veuillez ne pas entrer plus de {0} caract\u00e8res.\"),\n        minlength: $.validator.format(\"Veuillez entrer au moins {0} caract\u00e8res.\"),\n        rangelength: $.validator.format(\"Veuillez entrer entre {0} et {1} caract\u00e8res.\"),\n        range: $.validator.format(\"Veuillez entrer une valeur entre {0} et {1}.\"),\n        max: $.validator.format(\"Veuillez entrer une valeur inf\u00e9rieure ou \u00e9gale \u00e0 {0}.\"),\n        min: $.validator.format(\"Veuillez entrer une valeur sup\u00e9rieure ou \u00e9gale \u00e0 {0}.\")\n});}(jQuery));var $mcj = jQuery.noConflict(true);<\/script><\/div>\n<\/div>\n\t\t\t\t\t\t<\/div>\n\t\t\t\t\t<\/div>\n\t\t<\/div>\n\t\t\t\t\t<\/div>\n\t\t<\/section>\n\t\t\t\t<\/div>\n\t\t","protected":false},"excerpt":{"rendered":"<p>Abonner * indicates required Email Address\/Adresse courriel *Company Name *Last Name *First Name *Function *Country *canadaUSA<\/p>\n","protected":false},"author":22,"featured_media":0,"parent":0,"menu_order":0,"comment_status":"closed","ping_status":"closed","template":"","meta":{"_acf_changed":false,"inline_featured_image":false,"footnotes":""},"class_list":["post-44035","page","type-page","status-publish","hentry"],"acf":[],"yoast_head":"<!-- This site is optimized with the Yoast SEO plugin v27.3 - https:\/\/yoast.com\/product\/yoast-seo-wordpress\/ -->\n<title>Pro Services inscription - Cendrex<\/title>\n<meta name=\"robots\" content=\"index, follow, max-snippet:-1, max-image-preview:large, max-video-preview:-1\" \/>\n<link rel=\"canonical\" href=\"https:\/\/cendrex.com\/en\/pro-services-inscription\/\" \/>\n<meta property=\"og:locale\" content=\"en_US\" \/>\n<meta property=\"og:type\" content=\"article\" \/>\n<meta property=\"og:title\" content=\"Pro Services inscription - Cendrex\" \/>\n<meta property=\"og:description\" content=\"Abonner * indicates required Email Address\/Adresse courriel *Company Name *Last Name *First Name *Function *Country *canadaUSA\" \/>\n<meta property=\"og:url\" content=\"https:\/\/cendrex.com\/en\/pro-services-inscription\/\" \/>\n<meta property=\"og:site_name\" content=\"Cendrex\" \/>\n<meta property=\"article:modified_time\" content=\"2025-11-06T16:26:00+00:00\" \/>\n<meta name=\"twitter:card\" content=\"summary_large_image\" \/>\n<meta name=\"twitter:label1\" content=\"Est. reading time\" \/>\n\t<meta name=\"twitter:data1\" content=\"1 minute\" \/>\n<script type=\"application\/ld+json\" class=\"yoast-schema-graph\">{\"@context\":\"https:\\\/\\\/schema.org\",\"@graph\":[{\"@type\":\"WebPage\",\"@id\":\"https:\\\/\\\/cendrex.com\\\/en\\\/pro-services-inscription\\\/\",\"url\":\"https:\\\/\\\/cendrex.com\\\/en\\\/pro-services-inscription\\\/\",\"name\":\"Pro Services inscription - Cendrex\",\"isPartOf\":{\"@id\":\"https:\\\/\\\/cendrex.com\\\/en\\\/#website\"},\"datePublished\":\"2025-11-05T16:24:49+00:00\",\"dateModified\":\"2025-11-06T16:26:00+00:00\",\"inLanguage\":\"en-CA\",\"potentialAction\":[{\"@type\":\"ReadAction\",\"target\":[\"https:\\\/\\\/cendrex.com\\\/en\\\/pro-services-inscription\\\/\"]}]},{\"@type\":\"WebSite\",\"@id\":\"https:\\\/\\\/cendrex.com\\\/en\\\/#website\",\"url\":\"https:\\\/\\\/cendrex.com\\\/en\\\/\",\"name\":\"Cendrex\",\"description\":\"Fabricant de portes d&#039;acc\u00e8s\",\"publisher\":{\"@id\":\"https:\\\/\\\/cendrex.com\\\/en\\\/#organization\"},\"potentialAction\":[{\"@type\":\"SearchAction\",\"target\":{\"@type\":\"EntryPoint\",\"urlTemplate\":\"https:\\\/\\\/cendrex.com\\\/en\\\/?s={search_term_string}\"},\"query-input\":{\"@type\":\"PropertyValueSpecification\",\"valueRequired\":true,\"valueName\":\"search_term_string\"}}],\"inLanguage\":\"en-CA\"},{\"@type\":\"Organization\",\"@id\":\"https:\\\/\\\/cendrex.com\\\/en\\\/#organization\",\"name\":\"Cendrex\",\"url\":\"https:\\\/\\\/cendrex.com\\\/en\\\/\",\"logo\":{\"@type\":\"ImageObject\",\"inLanguage\":\"en-CA\",\"@id\":\"https:\\\/\\\/cendrex.com\\\/en\\\/#\\\/schema\\\/logo\\\/image\\\/\",\"url\":\"https:\\\/\\\/cendrex.com\\\/wp-content\\\/uploads\\\/2021\\\/09\\\/Cendrex-logo-2018-PMS-scaled.jpg\",\"contentUrl\":\"https:\\\/\\\/cendrex.com\\\/wp-content\\\/uploads\\\/2021\\\/09\\\/Cendrex-logo-2018-PMS-scaled.jpg\",\"width\":1200,\"height\":267,\"caption\":\"Cendrex\"},\"image\":{\"@id\":\"https:\\\/\\\/cendrex.com\\\/en\\\/#\\\/schema\\\/logo\\\/image\\\/\"}}]}<\/script>\n<!-- \/ Yoast SEO plugin. -->","yoast_head_json":{"title":"Pro Services inscription - Cendrex","robots":{"index":"index","follow":"follow","max-snippet":"max-snippet:-1","max-image-preview":"max-image-preview:large","max-video-preview":"max-video-preview:-1"},"canonical":"https:\/\/cendrex.com\/en\/pro-services-inscription\/","og_locale":"en_US","og_type":"article","og_title":"Pro Services inscription - Cendrex","og_description":"Abonner * indicates required Email Address\/Adresse courriel *Company Name *Last Name *First Name *Function *Country *canadaUSA","og_url":"https:\/\/cendrex.com\/en\/pro-services-inscription\/","og_site_name":"Cendrex","article_modified_time":"2025-11-06T16:26:00+00:00","twitter_card":"summary_large_image","twitter_misc":{"Est. reading time":"1 minute"},"schema":{"@context":"https:\/\/schema.org","@graph":[{"@type":"WebPage","@id":"https:\/\/cendrex.com\/en\/pro-services-inscription\/","url":"https:\/\/cendrex.com\/en\/pro-services-inscription\/","name":"Pro Services inscription - Cendrex","isPartOf":{"@id":"https:\/\/cendrex.com\/en\/#website"},"datePublished":"2025-11-05T16:24:49+00:00","dateModified":"2025-11-06T16:26:00+00:00","inLanguage":"en-CA","potentialAction":[{"@type":"ReadAction","target":["https:\/\/cendrex.com\/en\/pro-services-inscription\/"]}]},{"@type":"WebSite","@id":"https:\/\/cendrex.com\/en\/#website","url":"https:\/\/cendrex.com\/en\/","name":"Cendrex","description":"Fabricant de portes d&#039;acc\u00e8s","publisher":{"@id":"https:\/\/cendrex.com\/en\/#organization"},"potentialAction":[{"@type":"SearchAction","target":{"@type":"EntryPoint","urlTemplate":"https:\/\/cendrex.com\/en\/?s={search_term_string}"},"query-input":{"@type":"PropertyValueSpecification","valueRequired":true,"valueName":"search_term_string"}}],"inLanguage":"en-CA"},{"@type":"Organization","@id":"https:\/\/cendrex.com\/en\/#organization","name":"Cendrex","url":"https:\/\/cendrex.com\/en\/","logo":{"@type":"ImageObject","inLanguage":"en-CA","@id":"https:\/\/cendrex.com\/en\/#\/schema\/logo\/image\/","url":"https:\/\/cendrex.com\/wp-content\/uploads\/2021\/09\/Cendrex-logo-2018-PMS-scaled.jpg","contentUrl":"https:\/\/cendrex.com\/wp-content\/uploads\/2021\/09\/Cendrex-logo-2018-PMS-scaled.jpg","width":1200,"height":267,"caption":"Cendrex"},"image":{"@id":"https:\/\/cendrex.com\/en\/#\/schema\/logo\/image\/"}}]}},"_links":{"self":[{"href":"https:\/\/cendrex.com\/en\/wp-json\/wp\/v2\/pages\/44035","targetHints":{"allow":["GET"]}}],"collection":[{"href":"https:\/\/cendrex.com\/en\/wp-json\/wp\/v2\/pages"}],"about":[{"href":"https:\/\/cendrex.com\/en\/wp-json\/wp\/v2\/types\/page"}],"author":[{"embeddable":true,"href":"https:\/\/cendrex.com\/en\/wp-json\/wp\/v2\/users\/22"}],"replies":[{"embeddable":true,"href":"https:\/\/cendrex.com\/en\/wp-json\/wp\/v2\/comments?post=44035"}],"version-history":[{"count":8,"href":"https:\/\/cendrex.com\/en\/wp-json\/wp\/v2\/pages\/44035\/revisions"}],"predecessor-version":[{"id":44104,"href":"https:\/\/cendrex.com\/en\/wp-json\/wp\/v2\/pages\/44035\/revisions\/44104"}],"wp:attachment":[{"href":"https:\/\/cendrex.com\/en\/wp-json\/wp\/v2\/media?parent=44035"}],"curies":[{"name":"wp","href":"https:\/\/api.w.org\/{rel}","templated":true}]}}